{"id":63,"date":"2011-05-09T09:33:50","date_gmt":"2011-05-09T09:33:50","guid":{"rendered":""},"modified":"2014-04-25T10:30:59","modified_gmt":"2014-04-25T10:30:59","slug":"welt-grostiere","status":"publish","type":"page","link":"https:\/\/www.big-animals.com\/de\/","title":{"rendered":"Die gr\u00f6\u00dften Tiere der Welt"},"content":{"rendered":"<p><span class=\"gts_text\" id=\"gts_text_1\">Das Ziel dieser Website ist es, Informationen \u00fcber die gr\u00f6\u00dften Tiere der Welt zusammenzutragen &#8211; die h\u00f6chsten, schwersten, l\u00e4ngsten und gr\u00f6\u00dften Tiere, mit faszinierenden Tatsachen \u00fcber jedes einzelne Tier!<\/span><\/p>\n<p><span class=\"gts_text\" id=\"gts_text_2\">M\u00f6chtest du wissen, welche Spinne die Gr\u00f6\u00dfte der Welt ist?<\/span> <span class=\"gts_text\" id=\"gts_text_3\">Oder welche Krabbe die Schwerste ist?<\/span> <span class=\"gts_text\" id=\"gts_text_4\">Oder etwas \u00fcber die gr\u00f6\u00dften Fische \u00fcberhaupt herausfinden?<\/span><\/p>\n<p><span class=\"gts_text\" id=\"gts_text_5\">Es gibt mehrere M\u00f6glichkeiten, diese Website zu erkunden\u2026<\/span><\/p>\n<ul>\n<li><span class=\"gts_text\" id=\"gts_text_6\">Du kannst eine <a title=\"Eine alphabetische Liste der gr\u00f6\u00dften Tiere der Welt\" href=\"http:\/\/www.big-animals.com\/de\/eine-alphabetische-liste-der-groessten-tiere-der-welt\/\">alphabetische Liste<\/a> aller Tiere auf dieser Website anschauen und gleich zum Tier deines Interesses \u00fcbergehen.<\/span><\/li>\n<li><span class=\"gts_text\" id=\"gts_text_7\">Du kannst\u00a0eine <a title=\"Eine Liste der gr\u00f6\u00dften Tiere der Welt, sortiert nach Art\" href=\"http:\/\/www.big-animals.com\/de\/eine-liste-der-groessten-tiere-der-welt-sortiert-nach-art\/\">Liste aller verschiedenen <em>Tierarten<\/em><\/a> sehen und runterscrollen zu der <em>Tierart<\/em> (S\u00e4ugetiere, Wirbeltiere, Spinnen, usw.), die dich interessiert.<\/span><\/li>\n<li><span class=\"gts_text\" id=\"gts_text_8\">Du kannst\u00a0gleich die <a title=\"Die gr\u00f6\u00dften Tiere der Welt!\" href=\"http:\/\/www.big-animals.com\/de\/die-groessten-tiere-der-welt\/\">Hauptseite \u00fcber die Tiere<\/a> anklicken, lesen was an ihnen so speziell ist und die Links, die du dort findest der Reihe nach durchklicken.<\/span><\/li>\n<\/ul>\n<p><span class=\"gts_text\" id=\"gts_text_10\">Ich hoffe, dass diese Website ein faszinierender Ort sein wird, um die gr\u00f6\u00dften Tiere des Tierreichs zu erforschen!<\/span><\/p>\n","protected":false},"excerpt":{"rendered":"<p>Das Ziel dieser Website ist es, Informationen \u00fcber die gr\u00f6\u00dften Tiere der Welt zusammenzutragen &#8211; die h\u00f6chsten, schwersten, l\u00e4ngsten und gr\u00f6\u00dften Tiere, mit faszinierenden Tatsachen \u00fcber jedes einzelne Tier! M\u00f6chtest du wissen, welche Spinne die Gr\u00f6\u00dfte der Welt ist? Oder welche Krabbe die Schwerste ist? Oder etwas \u00fcber die gr\u00f6\u00dften Fische \u00fcberhaupt herausfinden? Es gibt &hellip; <a href=\"https:\/\/www.big-animals.com\/de\/\" class=\"more-link\">Continue reading <span class=\"screen-reader-text\">Die gr\u00f6\u00dften Tiere der Welt<\/span><\/a><\/p>\n","protected":false},"author":1,"featured_media":0,"parent":0,"menu_order":0,"comment_status":"closed","ping_status":"open","template":"","meta":{"_acf_changed":false,"footnotes":""},"acf":[],"_links":{"self":[{"href":"https:\/\/www.big-animals.com\/de\/wp-json\/wp\/v2\/pages\/63"}],"collection":[{"href":"https:\/\/www.big-animals.com\/de\/wp-json\/wp\/v2\/pages"}],"about":[{"href":"https:\/\/www.big-animals.com\/de\/wp-json\/wp\/v2\/types\/page"}],"author":[{"embeddable":true,"href":"https:\/\/www.big-animals.com\/de\/wp-json\/wp\/v2\/users\/1"}],"replies":[{"embeddable":true,"href":"https:\/\/www.big-animals.com\/de\/wp-json\/wp\/v2\/comments?post=63"}],"version-history":[{"count":7,"href":"https:\/\/www.big-animals.com\/de\/wp-json\/wp\/v2\/pages\/63\/revisions"}],"predecessor-version":[{"id":501,"href":"https:\/\/www.big-animals.com\/de\/wp-json\/wp\/v2\/pages\/63\/revisions\/501"}],"wp:attachment":[{"href":"https:\/\/www.big-animals.com\/de\/wp-json\/wp\/v2\/media?parent=63"}],"curies":[{"name":"wp","href":"https:\/\/api.w.org\/{rel}","templated":true}]}}