{"id":64,"date":"2011-05-09T11:26:22","date_gmt":"2011-05-09T11:26:22","guid":{"rendered":""},"modified":"2014-05-14T12:08:26","modified_gmt":"2014-05-14T12:08:26","slug":"fledermaeuse","status":"publish","type":"page","link":"https:\/\/www.big-animals.com\/de\/fledermaeuse\/","title":{"rendered":"Felderm\u00e4use"},"content":{"rendered":"<p><span class=\"gts_text\" id=\"gts_text_1\">Flederm\u00e4use sind fliegende <a title=\"Die gr\u00f6\u00dften S\u00e4ugetiere der Welt!\" href=\"http:\/\/www.big-animals.com\/the-worlds-biggest-mammals\/\">S\u00e4ugetiere<\/a>. Sie sind die zweitgr\u00f6\u00dfte Gruppe von S\u00e4ugetieren. Sie geh\u00f6ren zu ungef\u00e4hr 1100 Fledermausspezies auf der Welt, sind aber eher<\/span><span class=\"gts_text\" id=\"gts_text_3\"> <a title=\"Nagetiere\" href=\"http:\/\/www.big-animals.com\/de\/nagetiere\/\">Nagetiere<\/a> als Flederm\u00e4use. Sie sind die einzigen S\u00e4ugetiere, die fliegen k\u00f6nnen. Ihre Vordergliedma\u00dfen sind schwimmh\u00e4utig und entwickelten sich zu Fl\u00fcgeln. Flederm\u00e4use flattern mit ihren Fl\u00fcgeln und fliegen wie V\u00f6gel. Es gibt jedoch auch andere S\u00e4ugetiere, die aussehen als k\u00f6nnten sie fliegen, sowie Flugh\u00f6rnchen und Gleith\u00f6rnchenbeutler. Diese fliegen normalerweise nicht, gleiten aber wie ein Drachen durch die Luft.<br \/>\n<\/span><\/p>\n<h3><span class=\"gts_text\" id=\"gts_text_9\">Flederm\u00e4use &#8211; Fakten<\/span><\/h3>\n<p>Die Fl\u00fcgel einer Fledermaus sind aus zwei d\u00fcnnen Schichten von Haut gemacht, die sich \u00fcber den Arm und die Finger der Fledermaus erstrecken. Die Fingerknochen der Flederm\u00e4use sind viel d\u00fcnner als die eines Vogels. Dies hat den Flederm\u00e4usen dabei geholfen, sich in der Luft schneller und akkurater als ein Vogel zu schl\u00e4ngeln und zu drehen. Ihre d\u00fcnnen Fl\u00fcgel sind empfindlich und k\u00f6nnen leicht zerrissen werden. Gl\u00fccklicherweise kann die d\u00fcnne Hautschicht, welche f\u00fcr die Fl\u00fcgel zust\u00e4ndig ist, nachwachsen. Also k\u00f6nnen kleine Risse schnell heilen.<\/p>\n<p>Flederm\u00e4use haben einen Daumen und 4 Finger so wie wir. Die Finger einer Fledermaus sind sehr lang im Vergleich zu ihrem K\u00f6rper. Ihre Fl\u00fcgel k\u00f6nnen halbwegs bis runter zu den Beinen reichen. Wenn sie fliegen, bewegen sie ihre Fl\u00fcgel nicht einfach auf und ab so wie V\u00f6gel. Sie breiten ihre Fl\u00fcgel aus und ziehen sich selbst durch die Luft, so als w\u00fcrden sie Butterfly schwimmen. Die Fl\u00fcgel werden ebenfalls dazu benutzt, Insekten und Fr\u00fcchte zu w\u00e4hrend der Futterzeit zu halten. Auf den Fl\u00fcgeln kannst du kleine Unebenheiten erkennen, die sehr empfindlich auf Bewegung reagiren &#8211; \u00e4hnlich dem, was wir an unseren Fingerspitzen haben. Jede Unebenheit hat ein winziges H\u00e4rchen in der Mitte. Diese sensiblen Unebenheiten helfen den Flederm\u00e4usen dabei, zu f\u00fchlen wie die Luft an ihren Fl\u00fcgen vorbeizieht. Somit k\u00f6nnen sie die Form ihrer Fl\u00fcgel \u00e4ndern, um effektiver zu fliegen.<\/p>\n<figure id=\"attachment_785\" aria-describedby=\"caption-attachment-785\" style=\"width: 300px\" class=\"wp-caption alignright\"><a href=\"http:\/\/www.big-animals.com\/wp-content\/uploads\/2011\/03\/Myotis_Bechsteinii.jpg\"><img loading=\"lazy\" decoding=\"async\" class=\"size-medium wp-image-785\" title=\"Ein Schl\u00e4ger-im Flug - Bild-Kredit Dietmar Nill, Computerbiologie PLoS\" alt=\"Ein Schl\u00e4ger-im Flug - Foto-Kredit Dietmar Nill, Computerbiologie PLoS\" src=\"http:\/\/www.big-animals.com\/wp-content\/uploads\/2011\/03\/Myotis_Bechsteinii-300x193.jpg\" width=\"300\" height=\"193\" \/><\/a><figcaption id=\"caption-attachment-785\" class=\"wp-caption-text\">Eine Fledermaus im Flug &#8211; Bild bereitgestellt von Dietmar Nill, PLoS Computational Biology<\/figcaption><\/figure>\n<p><span class=\"gts_text\" id=\"gts_text_27\">Was fressen Flederm\u00e4use?<\/span><\/p>\n<p>Flederm\u00e4use k\u00f6nnen in den meisten Teilen der Welt gefunden werden, ausser an den k\u00e4ltesten Orten. Du kannst sie in W\u00e4ldern, W\u00fcsten, Dschungeln und St\u00e4dten finden. Um die 70% diese Flederm\u00e4use fressen haupts\u00e4chlich Insekten. Diese Gruppe von Flederm\u00e4usen jagt ihre Beute, indem sie Schallwellen von sich gibt und auf das Echo h\u00f6rt um die Beute zu orten. Jede Fledermaus ist typischerweise in der Lage jede Nacht ein Drittel ihres K\u00f6rpergewichts Insekten zu fressen. Eine Gruppe von Flederm\u00e4usen kann jedes Jahr Tonnen von Insekten fressen! G\u00e4be es also nicht mehr Flederm\u00e4use, w\u00fcrden wir Probleme mit zuvielen Insekten haben.<\/p>\n<h3><span class=\"gts_text\" id=\"gts_text_35\">Flughunde<\/span><\/h3>\n<p>Viele Flederm\u00e4use fressen Fr\u00fcchte. Diese fruchtfressenden Flederm\u00e4use ern\u00e4hren sich von s\u00fc\u00dfem Fruchtnektar. Sie ziehen die Fr\u00fcchte eines Baumes mit ihren Z\u00e4hnen herunter und fliegen dann zur\u00fcck zu ihrem Ruheplatz mit der Frucht in ihrem Mund. Sie brechen dann die Frucht auf und fressen diese. Die Samen und das Fruchtfleich werden auf den Boden gespuckt. Diese Samen fangen an Wurzeln zu schlagen und wachsen zu neuen Fruchtb\u00e4umen heran. Einige Flederm\u00e4use ern\u00e4hren sich von Nektar. Diese haben lange M\u00e4uler und k\u00f6nnen ihre Zungen sehr weit ausstrecken. W\u00e4hrend sie am Nektar von Blumen nippen, bleiben Pollen an ihrem Fell h\u00e4ngen. Wenn die Flederm\u00e4use zum Flug abheben, werden die Pollen abgestreift. Auf diesem Wege helfen Flederm\u00e4use bei der Best\u00e4ubung von Pflanzen. Obwohl einige der fruchtfressenden Flederm\u00e4use die Pest f\u00fcr Farmer die Fruchtplantagen besitzen sind, spielen die Flederm\u00e4use, ob sie es wollen oder nicht, eine wichtige Rolle bei der Verbreitung der Fruchtsamen indem sie Blumen best\u00e4uben und die Insektenpopulation unter Kontrolle halten. Viele tropische Pflanzen sind komplett auf Flederm\u00e4use angewiesen, um ihre Samen zu verbreiten.<\/p>\n<h3><span class=\"gts_text\" id=\"gts_text_49\">Vampirflederm\u00e4use<\/span><\/h3>\n<p>Nur 3 Fledermausspezies ern\u00e4hren sich von Blut. Zum Beispiel die gemeine Vampirfledermaus, der Wei\u00dffl\u00fcgelvampir und der Kammzahnvampir. Die gemeine Vampirfledermaus saugt das Blut von S\u00e4ugetieren wie K\u00fchen und Pferden. Der Kammzahnvampir und der Wei\u00dffl\u00fcgelvampir saugt das Blut von V\u00f6geln. Sie verwandeln sich nicht in Graf Drakula, also sind wir sicher! Diese blutsaugenden Flederm\u00e4use sind die einzigen Parasiten, die es unter S\u00e4ugetieren gibt. Manche Spezies fressen sogar Wirbeltiere. Zum Beispiel die Blattnasen in Zentralamerika, S\u00fcdamerika und den zwei Arten von Hasenm\u00e4ul-Flederm\u00e4usen, die sich von Fisch ern\u00e4hren. Diese Arten von Flederm\u00e4usen k\u00f6nnen auf fast allen Kontinenten gefunden werden. Sie benutzen Echoortung, um winzige Ver\u00e4nderungen auf der Wasseroberfl\u00e4che zu entdecken. Auf diese Weise orten sie Fische. Wenn sie die kleinen Wellen \u201esehen\u201c, st\u00fcrzen sich die Flederm\u00e4use herunter nahe des Wassers und benutzen die Klauen an ihren Hinterbeinen, um die Fische aus dem Wasser greifen. Die Flederm\u00e4use nehmen die Fische dann zu ihrem Ruheplatz mit, um diese zu fressen. Zwei Fledermausspezies fressen Flederm\u00e4use. Zum Beispiel die amerikanische Gro\u00dfblattnase und die australische Gespenstfledermaus. Eine Spezies namens Riesenabendsegler f\u00e4ngt und frisst kleine V\u00f6gel in der Luft. Einige der Feinde von Flederm\u00e4usen sind Fledermausaare und Fledermausfalken.<\/p>\n<h3><span class=\"gts_text\" id=\"gts_text_65\">Die kleinsten und gr\u00f6\u00dften Flederm\u00e4use<\/span><\/h3>\n<p><span class=\"gts_text\" id=\"gts_text_66\">Die kleinste Fledermaus ist die Schweinsnasenfledermaus. Sie ist um die 29 zu 34mm lang, 15cm entlang der Fl\u00fcgel und wiegt ungef\u00e4hr 2-2,6 Gramm. Die gr\u00f6\u00dfte Fledermausspezies ist der<\/span><span class=\"gts_text\" id=\"gts_text_68\"> <a title=\"Goldkronen-Flughund\" href=\"http:\/\/www.big-animals.com\/de\/goldkronen-flughund\/\">Goldkronen-Flughund<\/a>, welcher 34 cm lang ist. Er hat eine Fl\u00fcgelspannweite von 1,5 m, was ungef\u00e4hr die durchschnittlich H\u00f6he eines Menschens ist. <\/span><span class=\"gts_text\" id=\"gts_text_69\"><\/span><\/p>\n<h3><span class=\"gts_text\" id=\"gts_text_70\">Fledermausspezies<\/span><\/h3>\n<p><span class=\"gts_text\" id=\"gts_text_71\">Es gibt zwei Hauptgruppen von Flederm\u00e4usen. Die gro\u00dfen, fruchtfressenden Flederm\u00e4use sind bekannt als Flughunde und die kleineren Flederm\u00e4use sind bekannt als <em>Flederm\u00e4use<\/em>. Flederm\u00e4use fressen Insekten, Blut, Fisch, Echsen, V\u00f6gel, Pollen und Nektar. Nicht alle Flughunde sind gr\u00f6\u00dfer als Flederm\u00e4use. Der Hauptunterschied zwischen diesen zwei Gruppen sind.<\/span><span class=\"gts_text\" id=\"gts_text_74\"><\/span><\/p>\n<ul>\n<li>Flederm\u00e4use sind in der Lage, Schallwellen von sich zu geben und mithilfe der Echos, Objekte zu orten. Die Ger\u00e4usche treffen auf Gegenst\u00e4nde und werden zur\u00fcckgeworfen. Die Fledermaus h\u00f6rt das Echo und kann somit feststellen, wo das Objekt ist. Die meisten Flughunde k\u00f6nnen dies nicht, Flughunde haben jedoch eine sehr gute Sicht um ihre Beute zu jagen.<\/li>\n<li>Flederm\u00e4use haben keine Krallen an ihren zweiten Zehen der Vordergliedma\u00dfen. Flughunde jedoch schon.<\/li>\n<li>Die Ohren von Flederm\u00e4usen schliessen sich nicht, um einen Ring zu formen.<\/li>\n<li>Das Fell von Flederm\u00e4usen ist anders als das von einem Flughund.<\/li>\n<li>Flederm\u00e4use leben \u00fcberall auf der Welt ausser der Antarktis und den meisten Teilen der Arktis. Flughunde werden meistens in den Tropen gesichtet.<\/li>\n<li>Die Mehrheit der Flederm\u00e4use dieser Welt sind <em>Microchiroptera<\/em>. Es gibt um die 200 Spezies von Flughunden.<\/li>\n<\/ul>\n<p><span class=\"gts_text\" id=\"gts_text_87\">Flederm\u00e4use haben normalerweise kleine Augen und k\u00f6nnen nicht gut sehen &#8211; jedoch ist keine von ihnen blind. Flederm\u00e4use benutzen ihre Sicht, wenn sie unf\u00e4hig sind Objekte mithilfe des Echos aufgrund von langer Distanzen zu orten. Flederm\u00e4use haben einen guten Geruchs- und Geh\u00f6rsinn. Sie jagen nachts um Konkurrenz mit V\u00f6geln zu vermeiden und reisen bis zu 800 Kilometer nur um nach Nahrung zu suchen. Flederm\u00e4use haben das beste Geh\u00f6r von allen Lands\u00e4ugetieren. Sie haben oft gro\u00dfe Ohren im Vergleich zur Gr\u00f6\u00dfe ihrer K\u00f6rper.<\/span><span class=\"gts_text\" id=\"gts_text_92\"><br \/>\n<\/span><\/p>\n<figure id=\"attachment_795\" aria-describedby=\"caption-attachment-795\" style=\"width: 300px\" class=\"wp-caption aligncenter\"><a href=\"http:\/\/www.big-animals.com\/wp-content\/uploads\/2011\/03\/Brown_bats.jpg\"><img loading=\"lazy\" decoding=\"async\" class=\"size-medium wp-image-795\" title=\"Versteckende Braune Flederm\u00e4use - public- domainphotographie durch Jim Konrad\" alt=\"Versteckende Braune Flederm\u00e4use - public- domainphotographie durch Jim Konrad\" src=\"http:\/\/www.big-animals.com\/wp-content\/uploads\/2011\/03\/Brown_bats-300x113.jpg\" width=\"300\" height=\"113\" \/><\/a><figcaption id=\"caption-attachment-795\" class=\"wp-caption-text\">Braune Flederm\u00e4use beim Verstecken<\/figcaption><\/figure>\n<p><span class=\"gts_text\" id=\"gts_text_93\">Mehr Informationen \u00fcber Flederm\u00e4use<\/span><\/p>\n<p><span class=\"gts_text\" id=\"gts_text_94\">Flederm\u00e4use sind nachtaktiv. Die meisten Flederm\u00e4use reisen Hunderte von Meilen, um zu \u00fcberwintern. Sie jagen nur wenn das Wetter warm genug f\u00fcr die Aktivit\u00e4t der Insekten ist. Manche Flederm\u00e4use halten sogar 6 Monate Winterschlaf in H\u00f6hlen. Flederm\u00e4use fliegen selten im Regen, weil er es schwerer macht die Echos zu h\u00f6ren. Somit w\u00fcrden sie nicht in der Lage sein Nahrung im Regen zu finden. Manche Flederm\u00e4use leben allein und andere leben mit gro\u00dfen Gruppen in H\u00f6hlen. Wissenschaflter haben herausgefunden, dass Flederm\u00e4use viele verschiedene Arten von Ger\u00e4uschen machen um miteinander zu kommunizieren.<\/span><span class=\"gts_text\" id=\"gts_text_100\"><br \/>\n<\/span><\/p>\n<p>Die meisten Flederm\u00e4use haben eine Brutzeit die im Fr\u00fchling f\u00fcr diejenigen Spezies ist, welche in einem gem\u00e4\u00dfigtem Klima leben. Flederm\u00e4use haben 1 bis 3 Babys in einer Saison, abh\u00e4ngig von der Spezies und ob es Nahrung in Kombination mit Ruhepl\u00e4tzen gibt. Die M\u00fctter neigen dazu, nur ein Baby zur gleichen Zeit zu erziehen, weil sie w\u00e4hrend der Schwangerschaft gleichzeitig fliegen und jagen muss. Sie stillt ihr Baby mit Milch, bis es fast erwachsen ist. Dies ist so, weil eine junge Fledermaus nicht selbst\u00e4ndig jagen kann, ohne seine Fl\u00fcgel vollst\u00e4ndig entwickelt zu haben. Seine Fl\u00fcgel sind zu klein zum Fliegen. Junge Flederm\u00e4use werden im Alter von 6 bis 8 Wochen unabh\u00e4ngig, die Flughunde jedoch werden bis zum Alter von 4 Monaten nicht unabh\u00e4ngig. Eine einzelne Fledermaus kann \u00fcber 20 Jahre lang leben.<\/p>\n<h3><span class=\"gts_text\" id=\"gts_text_109\">Fledermausguano<br \/>\n<\/span><\/h3>\n<p>Fledermauskot (Fledermausf\u00e4kalien) ist sehr reich an N\u00e4hrstoffen. In einigen Orten wird es von H\u00f6hlen aufgesammelt, eingepackt und an Farmer zur Nutzung als D\u00fcnger verkauft. Ob du es glaubst oder nicht, der Dung wurde im Sezessionskrieg sogar dazu verwendet Schie\u00dfpulver herzustellen! Flederm\u00e4use fressen so viel Nahrung wie ihr K\u00f6rper aufnehmen kann, bevor sie \u00fcberwintern. Bis dahin werden sie sehr fett. Im Winterschlaf erhalten ihre K\u00f6rper die ganze Energie die sie brauchen von diesem Fett. Nichtsdestotrotz brauchen sie zu dieser Zeit nicht viel Energie, da die Fledermaus zu dem Zeitpunkt sehr inaktiv ist. Die Versorgung mit Fett reicht bis zur Fr\u00fchlingssaison.<\/p>\n<h3><span class=\"gts_text\" id=\"gts_text_118\">Erhaltung von Flederm\u00e4usen<br \/>\n<\/span><\/h3>\n<p>Organisationen f\u00fcr den Schutz von Flederm\u00e4usen haben eine Menge getan, um Leuten beizubringen wie wichtig Flederm\u00e4use im Bezug auf die Kontrolle von Insektenplagen und Umweltverschmutzung sind. In Gro\u00dfbritannien sind alle Flederm\u00e4use gesch\u00fctzt. Flederm\u00e4use k\u00f6nnen auch eine Touristenattraktion sein. Zum Beispiel besuchen um die 100000 Touristen pro Jahr die Congress Avenue Bridge in Austin, Texas um Mitternacht, so dass sie die Flederm\u00e4use dabei beobachten k\u00f6nnen wie sie ihren Ruheplatz verlassen.<\/p>\n","protected":false},"excerpt":{"rendered":"<p>Flederm\u00e4use sind fliegende S\u00e4ugetiere. Sie sind die zweitgr\u00f6\u00dfte Gruppe von S\u00e4ugetieren. Sie geh\u00f6ren zu ungef\u00e4hr 1100 Fledermausspezies auf der Welt, sind aber eher Nagetiere als Flederm\u00e4use. Sie sind die einzigen S\u00e4ugetiere, die fliegen k\u00f6nnen. Ihre Vordergliedma\u00dfen sind schwimmh\u00e4utig und entwickelten sich zu Fl\u00fcgeln. Flederm\u00e4use flattern mit ihren Fl\u00fcgeln und fliegen wie V\u00f6gel. Es gibt jedoch &hellip; <a href=\"https:\/\/www.big-animals.com\/de\/fledermaeuse\/\" class=\"more-link\">Continue reading <span class=\"screen-reader-text\">Felderm\u00e4use<\/span><\/a><\/p>\n","protected":false},"author":1,"featured_media":0,"parent":0,"menu_order":0,"comment_status":"closed","ping_status":"open","template":"","meta":{"_acf_changed":false,"footnotes":""},"acf":[],"_links":{"self":[{"href":"https:\/\/www.big-animals.com\/de\/wp-json\/wp\/v2\/pages\/64"}],"collection":[{"href":"https:\/\/www.big-animals.com\/de\/wp-json\/wp\/v2\/pages"}],"about":[{"href":"https:\/\/www.big-animals.com\/de\/wp-json\/wp\/v2\/types\/page"}],"author":[{"embeddable":true,"href":"https:\/\/www.big-animals.com\/de\/wp-json\/wp\/v2\/users\/1"}],"replies":[{"embeddable":true,"href":"https:\/\/www.big-animals.com\/de\/wp-json\/wp\/v2\/comments?post=64"}],"version-history":[{"count":2,"href":"https:\/\/www.big-animals.com\/de\/wp-json\/wp\/v2\/pages\/64\/revisions"}],"predecessor-version":[{"id":535,"href":"https:\/\/www.big-animals.com\/de\/wp-json\/wp\/v2\/pages\/64\/revisions\/535"}],"wp:attachment":[{"href":"https:\/\/www.big-animals.com\/de\/wp-json\/wp\/v2\/media?parent=64"}],"curies":[{"name":"wp","href":"https:\/\/api.w.org\/{rel}","templated":true}]}}