{"id":65,"date":"2011-05-09T11:27:40","date_gmt":"2011-05-09T11:27:40","guid":{"rendered":""},"modified":"2011-05-09T11:27:40","modified_gmt":"2011-05-09T11:27:40","slug":"frosch","status":"publish","type":"page","link":"https:\/\/www.big-animals.com\/de\/frosch\/","title":{"rendered":"Frosch"},"content":{"rendered":"<p><span id=\"gts_text_1\" class=\"gts_text\">Fr\u00f6sche sind <a title=\"Amphibie\" href=\"http:\/\/www.big-animals.com\/amphibian\/\">Amphibien<\/a>.<\/span> <span id=\"gts_text_2\" class=\"gts_text\">Ein Frosch verbringt Teil seines Lebens im Wasser als Kaulquappe und Teil auf dem Land als Frosch.<\/span> <span id=\"gts_text_3\" class=\"gts_text\">Sie haben 2 lang und leistungsf\u00e4hige hintere Beine, die sie Meisterpullover machen.<\/span> <span id=\"gts_text_4\" class=\"gts_text\">Sie haben 2 kurze Eisbeine, die helfen, den Frosch oben zu st\u00fctzen, wenn er fertig zu springen sitzt oder wird.<\/span> <span id=\"gts_text_5\" class=\"gts_text\">Die Froschl\u00e4nder auf seinen Eisbeinen.<\/span> <span id=\"gts_text_6\" class=\"gts_text\">Die meisten Fr\u00f6sche haben einen kurzen K\u00f6rper und vernetzten Zehen, also sind sie auch gro\u00dfe Schwimmer!<\/span> <span id=\"gts_text_7\" class=\"gts_text\">So k\u00f6nnen Sie sehen, dass Fr\u00f6sche Meisterathleten sind &#8211; sind nicht nur sie gut im Weitsprungsereignis, sie sind auch gut in Schwimmwettbewerb.<\/span> <span id=\"gts_text_8\" class=\"gts_text\">Sie haben kein Endst\u00fcck.<\/span> <span id=\"gts_text_9\" class=\"gts_text\">Ihre Augen und Nase sind auf ihren Kopf.<\/span> <span id=\"gts_text_10\" class=\"gts_text\">So wenn sie unter dem Wasser sind, sind sie noch in der Lage, offenbar zu atmen und zu sehen.<\/span> <span id=\"gts_text_11\" class=\"gts_text\">Sie haben 2 ausbauchende Augen.<\/span> <span id=\"gts_text_12\" class=\"gts_text\">Glauben Sie oder nicht, sie in der Lage sind, ihre Augen in und aus ihren Sockeln gehen zu lassen!<\/span> <span id=\"gts_text_13\" class=\"gts_text\">Ihre Ohren sind auf den Seiten ihres Kopfes, gerade hinter den Augen.<\/span> <span id=\"gts_text_14\" class=\"gts_text\">Ihre lange klebrige Zunge wird zur Front ihres Munds befestigt.<\/span><\/p>\n<p><span id=\"gts_text_15\" class=\"gts_text\">Froschstrecke an Gr\u00f6\u00dfe vom kleinen 10mm (0,4 Zoll) brasilianischen Goldfrosch zum <a href=\"http:\/\/www.big-animals.com\/goliath-frog\/\">enormen 30 cm (1 Fu\u00df) Goliath Frosch<\/a>.<\/span><\/p>\n<figure id=\"attachment_898\" aria-describedby=\"caption-attachment-898\" style=\"width: 300px\" class=\"wp-caption alignright\"><a href=\"http:\/\/www.big-animals.com\/wp-content\/uploads\/2011\/04\/Sitting_Frog.jpg\"><img loading=\"lazy\" decoding=\"async\" class=\"size-medium wp-image-898\" title=\"Fr\u00f6sche sind die bekanntesten Amphibien\" src=\"http:\/\/www.big-animals.com\/wp-content\/uploads\/2011\/04\/Sitting_Frog-300x150.jpg\" alt=\"Fr\u00f6sche sind die bekanntesten Amphibien\" width=\"300\" height=\"150\" \/><\/a><figcaption id=\"caption-attachment-898\" class=\"wp-caption-text\">Frogs are the best-known amphibians<\/figcaption><\/figure>\n<p><span id=\"gts_text_16\" class=\"gts_text\">Wie alle Amphibien sind Fr\u00f6sche kaltbl\u00fctige Wirbeltiere, also ist ihre K\u00f6rpertemperatur die selbe wie die umgebende Temperatur.<\/span> <span id=\"gts_text_17\" class=\"gts_text\">Ihre Haut l\u00e4sst Fl\u00fcssigkeit oder Gase durch \u00fcberschreiten.<\/span> <span id=\"gts_text_18\" class=\"gts_text\">Sie m\u00fcssen sie feucht halten.<\/span> <span id=\"gts_text_19\" class=\"gts_text\">Sie trinken Wasser nicht durch ihren Mund, wie wir, sie Wasser durch ihre Haut absorbieren!<\/span> <span id=\"gts_text_20\" class=\"gts_text\">Deshalb leben sie h\u00e4ufig in oder nahe der Sumpfgebiete wie Seen, Teiche und Str\u00f6me.<\/span> <span id=\"gts_text_21\" class=\"gts_text\">Diese Lebensr\u00e4ume helfen, ihre Haut feucht zu halten.<\/span> <span id=\"gts_text_22\" class=\"gts_text\">Es gibt einiges, das sogar in den B\u00e4umen leben.<\/span> <span id=\"gts_text_23\" class=\"gts_text\">Anders als Kaulquappen die Kiemen benutzen, um zu atmen, haben die Fr\u00f6sche die Lungen, zu atmen und sie atmen auch durch ihre Haut.<\/span> <span id=\"gts_text_24\" class=\"gts_text\">Sie legen Eier in den Pf\u00fctzen, in den Teichen oder in den Seen.<\/span> <span id=\"gts_text_25\" class=\"gts_text\">Die Eier br\u00fcten in die Larven aus, genannt Kaulquappen.<\/span><\/p>\n<p><span id=\"gts_text_26\" class=\"gts_text\">Sie k\u00f6nnen Fr\u00f6sche von den Tropen zu den subarktischen Regionen finden.<\/span> <span id=\"gts_text_27\" class=\"gts_text\">Der einzige Platz, dem Sie Fr\u00f6sche nicht finden k\u00f6nnen, ist in der Antarktis und auf Inseln mitten in dem Meer.<\/span> <span id=\"gts_text_28\" class=\"gts_text\">Es gibt sogar Fr\u00f6sche, die in den W\u00fcsten leben!<\/span> <span id=\"gts_text_29\" class=\"gts_text\">Jedoch werden die meisten Spezies in den tropischen Regenw\u00e4ldern gefunden.<\/span> <span id=\"gts_text_30\" class=\"gts_text\">Es gibt mehr als 5000 Spezies von Fr\u00f6schen.<\/span> <span id=\"gts_text_31\" class=\"gts_text\">Leider sind einige Spezies des Frosches in der Abnahme wegen der Verschmutzung, des Klimawandels, der Zerst\u00f6rung von Sumpfgebieten und der Krankheiten.<\/span> <span id=\"gts_text_32\" class=\"gts_text\">Zum Beispiel ist die Goldkr\u00f6te von Costa Rica vor kurzem als ausgestorbenen Spezies klassifiziert worden.<\/span> <span id=\"gts_text_33\" class=\"gts_text\">Viele Bem\u00fchungen sind zu versuchen, die Fr\u00f6sche zu retten begonnen worden.<\/span> <span id=\"gts_text_34\" class=\"gts_text\">Zum Beispiel nannten Zoos und Aquarien auf der ganzen Welt 2008 das Jahr des Frosches, um das Wort an jeder heraus zu gelangen, das Fr\u00f6sche gesch\u00fctzt werden m\u00fcssen.<\/span><\/p>\n<h3><span id=\"gts_text_35\" class=\"gts_text\">Fr\u00f6sche und Kr\u00f6ten<\/span><\/h3>\n<p><span id=\"gts_text_36\" class=\"gts_text\">Ihre Haut kann glatt, klumpig oder gefaltet sein.<\/span> <span id=\"gts_text_37\" class=\"gts_text\">Fr\u00f6sche, deren Haut klumpig und trocken ist, werden Toads genannt.<\/span> <span id=\"gts_text_38\" class=\"gts_text\">Die meisten Fr\u00f6sche haben lange Hinterbeine f\u00fcr das Springen aber Kr\u00f6ten Haben von k\u00fcrzere Hinterbeine.<\/span> <span id=\"gts_text_39\" class=\"gts_text\">Frosch leben normalerweise nahe Sumpfgebieten, aber die Kr\u00f6te leben h\u00e4ufig in den trockeneren Bereichen.<\/span> <span id=\"gts_text_40\" class=\"gts_text\">Jedoch zieht die Feuer-aufgebl\u00e4hte Kr\u00f6te, die Haut hat, die etwas warty ist, es vor, nahe dem Sumpfgebiet zu bleiben.<\/span> <span id=\"gts_text_41\" class=\"gts_text\">Fr\u00f6sche sind aktiver Tag oder Nacht, aber Kr\u00f6ten sind normalerweise nachts aktiv.<\/span> <span id=\"gts_text_42\" class=\"gts_text\">Frosch gehen unter Wasser, wenn er Gefahr riecht, aber Kr\u00f6ten graben gew\u00f6hnlich im Boden.<\/span> <span id=\"gts_text_43\" class=\"gts_text\">Die Augen eines Frosches haften heraus.<\/span> <span id=\"gts_text_44\" class=\"gts_text\">Eine Kr\u00f6te hat Giftdr\u00fcsen gerade hinter ihren Augen.<\/span> <span id=\"gts_text_45\" class=\"gts_text\">Die meisten Froschlageeier in den Gruppen aber in den Kr\u00f6ten legen normalerweise Eier in den langen Ketten.<\/span><\/p>\n<h3><span id=\"gts_text_46\" class=\"gts_text\">Baum-Fr\u00f6sche<\/span><\/h3>\n<figure id=\"attachment_899\" aria-describedby=\"caption-attachment-899\" style=\"width: 300px\" class=\"wp-caption alignleft\"><a href=\"http:\/\/www.big-animals.com\/wp-content\/uploads\/2011\/04\/Tree_Frog.jpg\"><img loading=\"lazy\" decoding=\"async\" class=\"size-medium wp-image-899\" title=\"Baum-Fr\u00f6sche haben die speziellen Zehen, zum sie zu helfen zu klettern\" src=\"http:\/\/www.big-animals.com\/wp-content\/uploads\/2011\/04\/Tree_Frog-300x197.jpg\" alt=\"Baum-Fr\u00f6sche haben die speziellen Zehen, zum sie zu helfen zu klettern\" width=\"300\" height=\"197\" \/><\/a><figcaption id=\"caption-attachment-899\" class=\"wp-caption-text\">Tree Frogs have special toes to help them climb<\/figcaption><\/figure>\n<p><span id=\"gts_text_47\" class=\"gts_text\">Viele Fr\u00f6sche haben vernetzte Zehen, und Fr\u00f6sche, die mehr Zeit im Wasser verbringen, haben v\u00f6llig vernetzte Zehen.<\/span> <span id=\"gts_text_48\" class=\"gts_text\">Zum Beispiel verbringt der afrikanische zwergartige Frosch sein ganzes Leben im Wasser und hat v\u00f6llig vernetzte Zehen.<\/span> <span id=\"gts_text_49\" class=\"gts_text\">Aber der Baum-Frosch des Wei\u00df, der in den B\u00e4umen lebt, hat nur H\u00e4lfte-vernetzte oder Viertel-vernetzte Zehen.<\/span> <span id=\"gts_text_50\" class=\"gts_text\">Fr\u00f6sche, die in den B\u00e4umen leben, haben die Zeheauflagen, zum sie zu helfen zu klettern.<\/span> <span id=\"gts_text_51\" class=\"gts_text\">Diese klebrigen Auflagen haften nicht, wenn sie sehr na\u00df sind.<\/span> <span id=\"gts_text_52\" class=\"gts_text\">Diese Baumfr\u00f6sche haben H\u00fcftgelenke, die sie h\u00fcpfen und gehen lassen.<\/span> <span id=\"gts_text_53\" class=\"gts_text\">Einige Fr\u00f6sche, die hoch in den B\u00e4umen leben, haben sehr vernetzte Zehen, obwohl sie nicht im Wasser leben.<\/span> <span id=\"gts_text_54\" class=\"gts_text\">Diese Haut zwischen ihren Zehen hilft ihnen, um von einem Baum zu einem anderen Baum w\u00fcrdevoll zu gleiten!<\/span><\/p>\n<p><span id=\"gts_text_55\" class=\"gts_text\">Fr\u00f6sche, die aus den Grund leben, haben kleinere Zeheauflagen.<\/span> <span id=\"gts_text_56\" class=\"gts_text\">Einige haben keine Zeheauflagen und nicht viel von Netz.<\/span> <span id=\"gts_text_57\" class=\"gts_text\">Einige grabende Fr\u00f6sche haben eine Zeheerweiterung, die ihnen hilft, um in den Boden zu graben.<\/span> <span id=\"gts_text_58\" class=\"gts_text\">Die Fr\u00f6sche, die aus den Grund bleiben, haben muskul\u00f6sere Hinterbeine als die, die in oder nahe des Wassers und in den B\u00e4umen leben.<\/span><\/p>\n<h3><span id=\"gts_text_59\" class=\"gts_text\">Das Springen nebelt ein<\/span><\/h3>\n<p><span id=\"gts_text_60\" class=\"gts_text\">Fr\u00f6sche sind die besten Pullover aller <a title=\"Die gr\u00f6\u00dften Wirbeltiere der Welt!\" href=\"http:\/\/www.big-animals.com\/the-worlds-biggest-vertebrates\/\">Wirbeltiere<\/a>.<\/span> <span id=\"gts_text_61\" class=\"gts_text\">Zum Beispiel kann der australische Rocket-Frosch in 50mal seine K\u00f6rperl\u00e4nge springen!<\/span> <span id=\"gts_text_62\" class=\"gts_text\">Der ist ein Sprung \u00fcber 2 Metern (fast 7 Fu\u00df) durch eine tierischekleinere als eine Hand!<\/span> <span id=\"gts_text_63\" class=\"gts_text\">Je gr\u00f6\u00dfer der Frosch, desto weiter er springen kann &#8211; wenn Sie vergleicht Fr\u00f6sche der gleichen Spezies.<\/span> <span id=\"gts_text_64\" class=\"gts_text\">Jedoch wenn Sie unterschiedliche Spezies, je vergleichen, kleinere Fr\u00f6sche bessere Pullover als sind m\u00f6glicherweise desto gr\u00f6\u00dfere Fr\u00f6sche.<\/span><\/p>\n<p><span id=\"gts_text_65\" class=\"gts_text\">Fr\u00f6sche erleiden Wasserverlust durch ihre Haut.<\/span> <span id=\"gts_text_66\" class=\"gts_text\">Ihre Haut l\u00e4sst Wasser und Sauerstoff sie durchlaufen.<\/span> <span id=\"gts_text_67\" class=\"gts_text\">Die etwas Haut der Baumfr\u00f6sche hat eine wasserdichte Schicht, zu helfen, das Wasser im K\u00f6rper zu halten.<\/span> <span id=\"gts_text_68\" class=\"gts_text\">Einige Froschspezies stehen in den gro\u00dfen Gruppen, jede still, welche die Haut von den anderen ber\u00fchrt.<\/span> <span id=\"gts_text_69\" class=\"gts_text\">Dieses verringert die Menge der Haut, die der Luft oder trockenen Oberfl\u00e4chen herausgestellt wird.<\/span> <span id=\"gts_text_70\" class=\"gts_text\">Deshalb hilft diese Position den Fr\u00f6schen, Wasserverlust zu verringern.<\/span> <span id=\"gts_text_71\" class=\"gts_text\">Diese Anpassungen sind f\u00fcr Fr\u00f6sche nur passend, die in den B\u00e4umen leben und sind nicht f\u00fcr Fr\u00f6sche passend, die in den extrem trockenen Pl\u00e4tzen leben.<\/span> <span id=\"gts_text_72\" class=\"gts_text\">Verlassen Sie Fr\u00f6sche, zum Beispiel wenden Sie andere Methoden an, um ihr Wasser zu konservieren.<\/span><\/p>\n<h3><span id=\"gts_text_73\" class=\"gts_text\">Mehr Frosch-Tatsachen<\/span><\/h3>\n<figure id=\"attachment_902\" aria-describedby=\"caption-attachment-902\" style=\"width: 300px\" class=\"wp-caption alignright\"><a href=\"http:\/\/www.big-animals.com\/wp-content\/uploads\/2011\/04\/Giant_Tree_Frog.jpg\"><img loading=\"lazy\" decoding=\"async\" class=\"size-medium wp-image-902\" title=\"Der riesige Baum-Frosch\" src=\"http:\/\/www.big-animals.com\/wp-content\/uploads\/2011\/04\/Giant_Tree_Frog-300x230.jpg\" alt=\"Der riesige Baum-Frosch\" width=\"300\" height=\"230\" \/><\/a><figcaption id=\"caption-attachment-902\" class=\"wp-caption-text\">The Giant Tree Frog<\/figcaption><\/figure>\n<p><span id=\"gts_text_74\" class=\"gts_text\">Fr\u00f6sche sind in der Lage, Farbe zu \u00e4ndern und in den Hintergrund zu mischen, um sich vor ihren Feinden zu sch\u00fctzen.<\/span> <span id=\"gts_text_75\" class=\"gts_text\">Die meisten dieser Arten der Fr\u00f6sche sind nachts aktiv und sie sind in der Lage, sich in der Dunkelheit gut zu verstecken.<\/span> <span id=\"gts_text_76\" class=\"gts_text\">Einige Fr\u00f6sche haben nur die F\u00e4higkeit, zwischen ein oder zwei Farben zu \u00e4ndern.<\/span> <span id=\"gts_text_77\" class=\"gts_text\">Zum Beispiel kann der Baum-Frosch des Wei\u00df \u00e4ndern, um zu gr\u00fcnen oder zu br\u00fcnieren.<\/span> <span id=\"gts_text_78\" class=\"gts_text\">Die Temperatur, die Gesundheit, die Feuchtigkeit und die Farbe ihrer Umgebungen k\u00f6nnen beeinflussen, Baumfrosch eines welches Farbe Wei\u00df ist.<\/span> <span id=\"gts_text_79\" class=\"gts_text\">Baumfr\u00f6sche haben normalerweise glatte Haut, die ihnen helfen, um sich unter den Bl\u00e4ttern effektiv zu verstecken.<\/span> <span id=\"gts_text_80\" class=\"gts_text\">Einige Fr\u00f6sche \u00e4ndern Farbe zwischen Nacht und Tag.<\/span><\/p>\n<p><span id=\"gts_text_81\" class=\"gts_text\">Die meisten Fr\u00f6sche haben milde Gifte, die sie vor ihren Fleischfressern sch\u00fctzen.<\/span> <span id=\"gts_text_82\" class=\"gts_text\">Kr\u00f6ten haben gro\u00dfe Giftdr\u00fcsen hinter ihren Augen, gerade auf die Oberseite des Kopfes.<\/span> <span id=\"gts_text_83\" class=\"gts_text\">Die Gift-Pfeilfr\u00f6sche ist so giftig, dass der Ureinwohner von S\u00fcdamerika die Fr\u00f6sche f\u00e4ngt, sie kocht und ihre Waffen in ihnen f\u00fcr die Jagd eintaucht.<\/span><\/p>\n<p><span id=\"gts_text_84\" class=\"gts_text\">Wenn ein Frosch Unterwasser ist, \u00fcberschreitet Sauerstoff durch seine Haut f\u00fcr die Atmung.<\/span> <span id=\"gts_text_85\" class=\"gts_text\">Auf dem Land benutzen erwachsene Fr\u00f6sche ihre Lungen, um zu atmen.<\/span> <span id=\"gts_text_86\" class=\"gts_text\">Sie atmen, indem sie Luft durch ihre Nasenl\u00f6cher nehmen.<\/span> <span id=\"gts_text_87\" class=\"gts_text\">Einige Spezies des Frosches k\u00f6nnen in den Pl\u00e4tzen \u00fcberleben, der sehr kleinen Sauerstoff im Wasser hat.<\/span> <span id=\"gts_text_88\" class=\"gts_text\">Zum Beispiel kann der Titicaca-See Frosch im schlecht oxydierten Wasser von Titicaca-See \u00fcberleben.<\/span> <span id=\"gts_text_89\" class=\"gts_text\">Er hat runzlige Haut &#8211; dieser bedeutet, dass es mehr Haut gibt, die dem Wasser ausgesetzt wird, also es mehr Sauerstoff absorbieren kann.<\/span><\/p>\n<p><span id=\"gts_text_90\" class=\"gts_text\">Das Verdauungssystem des Frosches beginnt am Mund.<\/span> <span id=\"gts_text_91\" class=\"gts_text\">Fr\u00f6sche haben Z\u00e4hne entlang ihrem oberen Kiefer.<\/span> <span id=\"gts_text_92\" class=\"gts_text\">Die Z\u00e4hne werden, um ihre Nahrung zu greifen und benutzt ihre Nahrung auch zu reiben, bevor sie sie schlucken.<\/span> <span id=\"gts_text_93\" class=\"gts_text\">Diese Z\u00e4hne sind sehr schwach und k\u00f6nnen nicht verwendet werden, um sich schnell bewegendes Opfer zu fangen oder zu sch\u00e4digen.<\/span> <span id=\"gts_text_94\" class=\"gts_text\">Die Fr\u00f6sche benutzen ihre klebrige Zunge stattdessen, um sich schnell bewegendes Opfer zu fangen.<\/span> <span id=\"gts_text_95\" class=\"gts_text\">Kr\u00f6ten haben k\u00fcrzere Zungen als ein typischer Frosch.<\/span><\/p>\n<h3><span id=\"gts_text_96\" class=\"gts_text\">Frosch-Lebenszyklus<\/span><\/h3>\n<figure id=\"attachment_901\" aria-describedby=\"caption-attachment-901\" style=\"width: 296px\" class=\"wp-caption alignleft\"><a href=\"http:\/\/www.big-animals.com\/wp-content\/uploads\/2011\/04\/Tadpole1.jpg\"><img loading=\"lazy\" decoding=\"async\" class=\"size-full wp-image-901\" title=\"Die Eier der Fr\u00f6sche br\u00fcten in Kaulquappen aus, die langsam in Fr\u00f6sche \u00e4ndern\" src=\"http:\/\/www.big-animals.com\/wp-content\/uploads\/2011\/04\/Tadpole1.jpg\" alt=\"Die Eier der Fr\u00f6sche br\u00fcten in Kaulquappen aus, die langsam in Fr\u00f6sche \u00e4ndern\" width=\"296\" height=\"115\" \/><\/a><figcaption id=\"caption-attachment-901\" class=\"wp-caption-text\">Frogs&#038;#39; eggs hatch into tadpoles, which slowly change into frogs<\/figcaption><\/figure>\n<p><span id=\"gts_text_97\" class=\"gts_text\">Der Lebenszyklus eines Frosches beginnt mit einem Ei.<\/span> <span id=\"gts_text_98\" class=\"gts_text\">Die weiblichen Fr\u00f6sche legt Tausenden Eier im Wasser.<\/span> <span id=\"gts_text_99\" class=\"gts_text\">Die B\u00fcschel von Eiern werden mit Gelee bedeckt, das, die Eier sicher zu halten von den Fleischfressern hilft und Feuchtigkeit zu behalten.<\/span> <span id=\"gts_text_100\" class=\"gts_text\">Einige Spezies, wie die Stock-Kr\u00f6te, giftige Eier der Lage, damit nichts sie isst.<\/span> <span id=\"gts_text_101\" class=\"gts_text\">Die L\u00e4nge des Eistadiums h\u00e4ngt von den Spezies und von der Umwelt ab.<\/span> <span id=\"gts_text_102\" class=\"gts_text\">Die Eier, die in Wasser br\u00fcten gelegt werden im Allgemeinen, innerhalb einer Woche aus.<\/span><\/p>\n<p><span id=\"gts_text_103\" class=\"gts_text\">Eier br\u00fcten in Kaulquappen aus.<\/span> <span id=\"gts_text_104\" class=\"gts_text\">Eine Kaulquappe hat einen ovalgeschnittenen K\u00f6rper und ein langes flaches Endst\u00fcck f\u00fcr das Schwimmen.<\/span> <span id=\"gts_text_105\" class=\"gts_text\">Die meisten Kaulquappen leben im Wasser.<\/span> <span id=\"gts_text_106\" class=\"gts_text\">Sie haben nicht Augenlider, und sie haben Kiemen f\u00fcr die Atmung.<\/span> <span id=\"gts_text_107\" class=\"gts_text\">Die Kiemen sind auf den Seiten von den Haupt Kaulquappen.<\/span> <span id=\"gts_text_108\" class=\"gts_text\">Einige Spezies legen Eier, die nicht in Kaulquappen ausbr\u00fcten.<\/span> <span id=\"gts_text_109\" class=\"gts_text\">Sie br\u00fcten in kleine Fr\u00f6sche sofort aus.<\/span> <span id=\"gts_text_110\" class=\"gts_text\">Diese kleinen Fr\u00f6sche haben nicht Kiemen, aber sie haben die spezielle Haut, zum sie zu helfen zu atmen.<\/span> <span id=\"gts_text_111\" class=\"gts_text\">Sie haben einen Mund ohne Z\u00e4hne.<\/span> <span id=\"gts_text_112\" class=\"gts_text\">Die meisten ihnen essen Algen und kleine Wasserpflanzen, aber einige essen Insekten, kleinere Kaulquappen und kleine Fische.<\/span><\/p>\n<p><span id=\"gts_text_113\" class=\"gts_text\">Viele Kaulquappen werden durch Fische und V\u00f6gel wie Eisv\u00f6gel gegessen.<\/span> <span id=\"gts_text_114\" class=\"gts_text\">Es gibt giftige Kaulquappen wie Stock-Kr\u00f6tenkaulquappen.<\/span> <span id=\"gts_text_115\" class=\"gts_text\">Das Kaulquappestadium ist m\u00f6glicherweise so kurz wie eine Woche.<\/span> <span id=\"gts_text_116\" class=\"gts_text\">Gegenw\u00e4rtig beginnen die Kiemen zu verschwinden und die Eisbeine erscheinen.<\/span> <span id=\"gts_text_117\" class=\"gts_text\">Ihre Hinterbeine wachsen zuerst.<\/span> <span id=\"gts_text_118\" class=\"gts_text\">Ihre Kiefer erhalten gr\u00f6\u00dfer.<\/span> <span id=\"gts_text_119\" class=\"gts_text\">Sie fingen an, Augenlider zu haben.<\/span> <span id=\"gts_text_120\" class=\"gts_text\">Ihr Endst\u00fcck erh\u00e4lt k\u00fcrzer und k\u00fcrzer bis schlie\u00dflich haben sie nicht mehr Endst\u00fcck.<\/span> <span id=\"gts_text_121\" class=\"gts_text\">Ihre Lungen erhalten gr\u00f6\u00dfer und bald k\u00f6nnen sie durch ihre Lungen atmen und auf das Land gehen, aber einige fahren fort, im Wasser als Erwachsene zu leben.<\/span><\/p>\n<p><span id=\"gts_text_122\" class=\"gts_text\">Einige Spezies des Gift-Pfeilfrosches legen Eier auf den Waldboden anstelle in des Wassers.<\/span> <span id=\"gts_text_123\" class=\"gts_text\">Um die Eier zu sch\u00fctzen, sch\u00fctzt der weibliche Frosch ihre Eier und das Halten sie feucht.<\/span> <span id=\"gts_text_124\" class=\"gts_text\">Sie pinkelt auf den Eiern, wenn sie zu trocken werden!<\/span> <span id=\"gts_text_125\" class=\"gts_text\">Andere Fr\u00f6sche tragen die Eier und die Kaulquappen auf ihren Hinterbeinen oder R\u00fcckseite zum Beispiel die Hebamme-Kr\u00f6ten.<\/span> <span id=\"gts_text_126\" class=\"gts_text\">Einige Fr\u00f6sche sch\u00fctzen sogar ihre Babys, indem sie sie Innere ihre eigenen K\u00f6rper setzen!<\/span> <span id=\"gts_text_127\" class=\"gts_text\">Zum Beispiel hat der m\u00e4nnliche Australier Pouched-Frosch Beutel entlang seiner Seite.<\/span> <span id=\"gts_text_128\" class=\"gts_text\">Die Kaulquappen bleiben innerhalb dieser Beutel, bis sie Fr\u00f6sche werden.<\/span><\/p>\n<h3><span id=\"gts_text_129\" class=\"gts_text\">Froschschenkel<\/span><\/h3>\n<p><span id=\"gts_text_130\" class=\"gts_text\">Fast alle Spezies von Fr\u00f6schen sind als Erwachsene Fleisch fressend.<\/span> <span id=\"gts_text_131\" class=\"gts_text\">Sie essen Insekten und W\u00fcrmer.<\/span> <span id=\"gts_text_132\" class=\"gts_text\">Einige gr\u00f6\u00dfere Spezies essen m\u00f6glicherweise Fische und kleinere Fr\u00f6sche.<\/span> <span id=\"gts_text_133\" class=\"gts_text\">Es gibt einige Spezies von Fr\u00f6schen, die nur Anlagen essen.<\/span> <span id=\"gts_text_134\" class=\"gts_text\">Erwachsenfr\u00f6sche werden durch V\u00f6gel, gro\u00dfe Fische, Schlangen, Otter, F\u00fcchse und andere Tiere gegessen.<\/span> <span id=\"gts_text_135\" class=\"gts_text\">Fr\u00f6sche erhalten auch durch Leute gegessen.<\/span> <span id=\"gts_text_136\" class=\"gts_text\">Froschschenkel sind eine Zartheit in China, Frankreich und die Philippinen &#8211; die Fr\u00f6sche, die f\u00fcr das Kochen benutzt werden, werden Handels- gez\u00fcchtet.<\/span> <span id=\"gts_text_137\" class=\"gts_text\">Fr\u00f6sche und Kr\u00f6ten k\u00f6nnen jahrelang leben.<\/span> <span id=\"gts_text_138\" class=\"gts_text\">Die sichernde Fr\u00f6sche und Kr\u00f6ten sind 40 Jahren gerecht werden alt notiert worden.<\/span> <span id=\"gts_text_139\" class=\"gts_text\">Fr\u00f6sche halten durch den Winter Winterschlaf, und es gibt 4 Spezies, die sogar K\u00f6rper w\u00e4hrend des Winters einfrieren!<\/span><\/p>\n<h3><span id=\"gts_text_140\" class=\"gts_text\">Frosch-Anrufe<\/span><\/h3>\n<p><span id=\"gts_text_141\" class=\"gts_text\">Einige Froschanrufe sind sehr laut.<\/span> <span id=\"gts_text_142\" class=\"gts_text\">Jede Spezies des Grogs haben einen anderen Anruf.<\/span> <span id=\"gts_text_143\" class=\"gts_text\">Sie nennen, um einen Kameraden anzuziehen.<\/span> <span id=\"gts_text_144\" class=\"gts_text\">Viel Speziesanruf, zum ihres Gebiets zu markieren und anderer M\u00e4nner weg zu jagen.<\/span> <span id=\"gts_text_145\" class=\"gts_text\">Tropischer Speziesanruf vor einem Regenschauer.<\/span> <span id=\"gts_text_146\" class=\"gts_text\">Alle diese Anrufe werden durch die Fr\u00f6sche gemacht, wenn ihre M\u00fcnder geschlossen sind.<\/span> <span id=\"gts_text_147\" class=\"gts_text\">Nicht ist das interessant?<\/span> <span id=\"gts_text_148\" class=\"gts_text\">Aber, wenn es Gefahr gibt, machen einige Fr\u00f6sche einen anderen Anruf mit ihrem Mund offen.<\/span><\/p>\n<p><span id=\"gts_text_149\" class=\"gts_text\">\u00a0<\/span><\/p>\n","protected":false},"excerpt":{"rendered":"<p>Fr\u00f6sche sind Amphibien. Ein Frosch verbringt Teil seines Lebens im Wasser als Kaulquappe und Teil auf dem Land als Frosch. Sie haben 2 lang und leistungsf\u00e4hige hintere Beine, die sie Meisterpullover machen. Sie haben 2 kurze Eisbeine, die helfen, den Frosch oben zu st\u00fctzen, wenn er fertig zu springen sitzt oder wird. Die Froschl\u00e4nder auf &hellip; <a href=\"https:\/\/www.big-animals.com\/de\/frosch\/\" class=\"more-link\">Continue reading <span class=\"screen-reader-text\">Frosch<\/span><\/a><\/p>\n","protected":false},"author":1,"featured_media":0,"parent":0,"menu_order":0,"comment_status":"closed","ping_status":"open","template":"","meta":{"_acf_changed":false,"footnotes":""},"acf":[],"_links":{"self":[{"href":"https:\/\/www.big-animals.com\/de\/wp-json\/wp\/v2\/pages\/65"}],"collection":[{"href":"https:\/\/www.big-animals.com\/de\/wp-json\/wp\/v2\/pages"}],"about":[{"href":"https:\/\/www.big-animals.com\/de\/wp-json\/wp\/v2\/types\/page"}],"author":[{"embeddable":true,"href":"https:\/\/www.big-animals.com\/de\/wp-json\/wp\/v2\/users\/1"}],"replies":[{"embeddable":true,"href":"https:\/\/www.big-animals.com\/de\/wp-json\/wp\/v2\/comments?post=65"}],"version-history":[{"count":0,"href":"https:\/\/www.big-animals.com\/de\/wp-json\/wp\/v2\/pages\/65\/revisions"}],"wp:attachment":[{"href":"https:\/\/www.big-animals.com\/de\/wp-json\/wp\/v2\/media?parent=65"}],"curies":[{"name":"wp","href":"https:\/\/api.w.org\/{rel}","templated":true}]}}