{"id":66,"date":"2011-05-09T11:27:52","date_gmt":"2011-05-09T11:27:52","guid":{"rendered":""},"modified":"2014-02-20T14:35:35","modified_gmt":"2014-02-20T14:35:35","slug":"krokodile","status":"publish","type":"page","link":"https:\/\/www.big-animals.com\/de\/krokodile\/","title":{"rendered":"Krokodile"},"content":{"rendered":"<p><span class=\"gts_text\" id=\"gts_text_1\">Krokodile erschienen vor vielen Jahren w\u00e4hrend der Zeit der Dinosaurier.<\/span> <span class=\"gts_text\" id=\"gts_text_2\">Die Krokodile sind eine Gruppe von gro\u00dfen Reptilien, die Alligatoren, Krokodile und Gaviale umfasst.<\/span><\/p>\n<h3><span class=\"gts_text\" id=\"gts_text_3\">Das Salzwasserkrokodil<\/span><\/h3>\n<p><span class=\"gts_text\" id=\"gts_text_4\">Das gr\u00f6\u00dfte Krokodil der Welt ist auch das gr\u00f6\u00dfte <a title=\"Die gr\u00f6\u00dften Reptilien der Welt!\" href=\"..\/the-worlds-biggest-reptiles\/\">Reptil<\/a> der Welt, das <a title=\"Das Leistenkrokodil - das gr\u00f6\u00dfte Reptil des Wortes\" href=\"..\/the-saltwater-crocodile-the-words-biggest-reptile\/\">Salzwasserkrokodil<\/a>.<\/span><\/p>\n<figure id=\"attachment_634\" aria-describedby=\"caption-attachment-634\" style=\"width: 300px\" class=\"wp-caption alignleft\"><a href=\"http:\/\/www.big-animals.com\/wp-content\/uploads\/2011\/03\/SaltwaterCrocodileMaximo.jpg\"><img loading=\"lazy\" decoding=\"async\" class=\"size-medium wp-image-634\" title=\"Das Leistenkrokodil ist das gr\u00f6\u00dfte Reptil der Welt\" alt=\"Das Leistenkrokodil ist das gr\u00f6\u00dfte Reptil der Welt\" src=\"http:\/\/www.big-animals.com\/wp-content\/uploads\/2011\/03\/SaltwaterCrocodileMaximo-300x198.jpg\" width=\"300\" height=\"198\" \/><\/a><figcaption id=\"caption-attachment-634\" class=\"wp-caption-text\">Das Salzwasserkrokodil ist das gr\u00f6\u00dfte Reptil der Welt<\/figcaption><\/figure>\n<p><span class=\"gts_text\" id=\"gts_text_5\">Krokodile haben eine flexible \u201eFlach-auf-dem-Bauch\u201c Lage.<\/span> <span class=\"gts_text\" id=\"gts_text_6\">Um zu gehen, halten sie ihre Beine direkt unter sich, um einen \u201ehohen Gang\u201c durchzuf\u00fchren.<\/span> <span class=\"gts_text\" id=\"gts_text_7\">Die K\u00f6rperhaltung macht es den Krokodilen einfach auf dem Land zu gallopieren, wenn sie es brauchen.<br \/>\n<\/span><\/p>\n<p><span class=\"gts_text\" id=\"gts_text_8\">Krokodile sind kaltbl\u00fctige Gesch\u00f6pfe.<\/span> <span class=\"gts_text\" id=\"gts_text_9\">Sie werden in hei\u00dfen, tropischen Pl\u00e4tzen auf der ganzen Welt gefunden.<\/span> <span class=\"gts_text\" id=\"gts_text_10\">Alle Krokodile haben Z\u00e4hne, die sich in kn\u00f6chigen Zahnf\u00e4cher befinden.<\/span> In dieser Hinsicht trifft es die Krokodile besser als uns, weil ihre Z\u00e4hne regelm\u00e4\u00dfig w\u00e4hrend ihrer Lebenszeit ersetzt werden<span class=\"gts_text\" id=\"gts_text_11\">.<\/span> <span class=\"gts_text\" id=\"gts_text_12\">Junge Crocodilians ersetzen Z\u00e4hne mit Gr\u00f6\u00dferen mit einer Rate so hoch wie ein neuer Zahn jeden Monat.<\/span> <span class=\"gts_text\" id=\"gts_text_13\">Wenn sie erwachsen sind, werden die Z\u00e4hne bei einer langsameren Rate von ungef\u00e4hr einmal alle zwei Jahre oder l\u00e4nger ersetzt.<\/span> <span class=\"gts_text\" id=\"gts_text_14\">Wenn sie sehr alt sind, kriegen sie eventuell keine neuen Z\u00e4hne mehr, so werden sie zahnlose, alte Krokodile sein. <\/span><span class=\"gts_text\" id=\"gts_text_15\">Ein Krokodil oder Alligator erh\u00e4lt mindestens 3000 Z\u00e4hne w\u00e4hrend seiner Lebenszeit.<\/span> <span class=\"gts_text\" id=\"gts_text_16\">Jeder Zahn ist hohl.<\/span> <span class=\"gts_text\" id=\"gts_text_17\">Der neue Zahn w\u00e4chst innerhalb des Alten.<\/span> <span class=\"gts_text\" id=\"gts_text_18\">Bei dieser Art von Natur, erlaubt es einem neuen Zahn zu wachsen, wenn der alte Zahn kaputt ist.<\/span><\/p>\n<p><span class=\"gts_text\" id=\"gts_text_19\">Krokodile haben einen zweiten Bereich in ihren M\u00e4ulern, der sie atmen l\u00e4sst, selbst wenn sie einen Mund voll Wasser haben.<\/span> <span class=\"gts_text\" id=\"gts_text_20\">Sie haben zus\u00e4tzliche Nasenl\u00f6cher in der R\u00fcckseite ihrer Kehle, wo ein spezieller Teil der Zunge, der das \u201epalatale Ventil\u201c genannt wird, sich schlie\u00dft, sodass sie nicht ersticken oder ertrinken, wenn sie ihren Mund unter Wasser \u00f6ffnen.<br \/>\n<\/span><\/p>\n<p><span class=\"gts_text\" id=\"gts_text_21\">Krokodile und Gaviale besitzen ver\u00e4nderte Salzdr\u00fcsen auf ihrer Zunge, die dazu benutzt werden, \u00fcbersch\u00fcssiges Salz von ihrem K\u00f6rper zu entfernen.<\/span> <span class=\"gts_text\" id=\"gts_text_22\">Alligatoren und Kaimane haben ebenfalls Salzdr\u00fcsen, aber leider funktionieren sie nicht.<\/span> <span class=\"gts_text\" id=\"gts_text_23\">Deshalb bevorzugen Alligatoren das S\u00fc\u00dfwasser sehr, das Krokodil jedoch bevorzugt Meerwasser.<\/span><\/p>\n<p><span class=\"gts_text\" id=\"gts_text_24\">Krokodile neigen dazu ihren Mund zu \u00f6ffnen, wenn sie sich entspannen.<\/span> <span class=\"gts_text\" id=\"gts_text_25\">Wir nannten dieses Verhalten \u201eAufsperren\u201c.<\/span> <span class=\"gts_text\" id=\"gts_text_26\">Sie tun das, um sich an heissen Tagen k\u00fchl zu halten.<\/span> <span class=\"gts_text\" id=\"gts_text_27\">Aber manchmal nachts, wenn es regnet, \u00f6ffnen sie ihren Mund.<\/span> <span class=\"gts_text\" id=\"gts_text_28\">M\u00f6glicherweise bedeutet \u201eden Mund aufsperren\u201c\u00a0 ihren Verwandtern und Freunden etwas.<\/span><\/p>\n<figure id=\"attachment_635\" aria-describedby=\"caption-attachment-635\" style=\"width: 300px\" class=\"wp-caption alignright\"><a href=\"http:\/\/www.big-animals.com\/wp-content\/uploads\/2011\/03\/Alligator.jpg\"><img loading=\"lazy\" decoding=\"async\" class=\"size-medium wp-image-635\" title=\"Alligatoren bevorzugen S\u00fc\u00dfwasser und haben eine breitere Schnauze\" alt=\"Alligatoren bevorzugen S\u00fc\u00dfwasser und haben eine breitere Schnauze\" src=\"http:\/\/www.big-animals.com\/wp-content\/uploads\/2011\/03\/Alligator-300x235.jpg\" width=\"300\" height=\"235\" \/><\/a><figcaption id=\"caption-attachment-635\" class=\"wp-caption-text\">Alligatoren bevorzugen S\u00fc\u00dfwasser und haben eine gr\u00f6\u00dfere Schnauze<\/figcaption><\/figure>\n<p><span class=\"gts_text\" id=\"gts_text_29\">Krokodilm\u00e4nnchen sind territoriale Tiere, genauso wie der m\u00e4nnliche Komodowaran.<\/span> <span class=\"gts_text\" id=\"gts_text_30\">Sie sch\u00fctzen ihr Gebiet mit allen Mitteln vor anderen m\u00e4nnlichen Eindringlingen.<\/span> <span class=\"gts_text\" id=\"gts_text_31\">Ein Mutterkrokodil legt ungef\u00e4hr 50-80 Eier in einem Nest auf dem Land.<\/span> <span class=\"gts_text\" id=\"gts_text_32\">Sie baut ihr Nest nahe eines Flusses. Das Nest wird aus Bl\u00e4ttern, Schlamm und anderer Vegetation erbaut<\/span><span class=\"gts_text\" id=\"gts_text_33\">.<\/span> <span class=\"gts_text\" id=\"gts_text_34\">Diese Bl\u00e4tter halten die Eier warm und feucht.<\/span> <span class=\"gts_text\" id=\"gts_text_35\">Die Mutter k\u00fcmmert sich um die Babykrokodile, nachdem sie ausgebr\u00fctet sind.<\/span> <span class=\"gts_text\" id=\"gts_text_36\">Sie ist f\u00fcr sie das, bis sie genug gro\u00df sind, sich selbst zu besch\u00fctzen.<\/span> <span class=\"gts_text\" id=\"gts_text_37\">Bei vielen Spezies der Krokodile tr\u00e4gt die Mutter ihre Babys mit dem Mund!<\/span> Ich w\u00fcrde nicht in das Maul eines hungrigen Alligators hineingelangen wollen<span class=\"gts_text\" id=\"gts_text_38\">!<\/span> <span class=\"gts_text\" id=\"gts_text_39\">Diese Babykrokodile ern\u00e4hren sich von Krabben, Garnelen und Insekten.<\/span><span class=\"gts_text\" id=\"gts_text_41\"> Gehen Sie w\u00e4hrend der Brutzeit niemals in die N\u00e4he eines Krokodils. Sie sind sehr besch\u00fctzerisch, was ihre Eier angeht und extrem b\u00f6sartig.<br \/>\n<\/span><\/p>\n<p><span class=\"gts_text\" id=\"gts_text_42\">Wenn die Nesttemperatur 30C\u00b0 betr\u00e4gt, schl\u00fcpft ein weibliches Krokodil und wenn die Temperatur \u00fcber 34C\u00b0 ist, schl\u00fcpft ein m\u00e4nnliches Krokodil.<\/span> Krokodile erreichen ihre optimale K\u00f6rpertemperatur, indem sie in der Sonne baden, wenn das Wetter kalt ist und ruhen sich im Schatten aus, wenn das Wetter heiss ist<span class=\"gts_text\" id=\"gts_text_43\">.<\/span><\/p>\n<p><span class=\"gts_text\" id=\"gts_text_44\">Krokodile haben ein verh\u00e4ltnism\u00e4\u00dfig kleines Gehirn, aber es ist fortgeschritter als das anderer kaltbl\u00fctige Tiere.<\/span> <span class=\"gts_text\" id=\"gts_text_45\">Krokodile haben tags\u00fcber eine gute Sicht und k\u00f6nnen m\u00f6glicherweise sogar Farbsehen.<\/span> <span class=\"gts_text\" id=\"gts_text_46\">Sie haben vertikale, katzenartige Pupillen, welche ihnen eine gute Nachtsicht verleiht.<\/span><span class=\"gts_text\" id=\"gts_text_49\"> Jedoch sind sie nicht in der Lage gut unter Wasser zu sehen, weil sie s\u00edch nicht konzentrieren k\u00f6nnen, wenn sie Unterwasser sind. Ihre Trommelfelle befinden sich hinter den Augen und sind von einem Lappen aus Haut bedeckt. Der Lappen, die Nasenl\u00f6chern und Augen schliessen sich wenn sie tauchen, um das Wasser davon abzuhalten reinzugelangen.<br \/>\n<\/span><\/p>\n<p><span class=\"gts_text\" id=\"gts_text_50\">Krokodile sind in der Lage, auf die geringf\u00fcgigste Bewegung auf der Oberfl\u00e4che des Wassers zu reagieren.<\/span> <span class=\"gts_text\" id=\"gts_text_51\">Deshalb sind sie in der Lage, ihre Beute ausfindig zu machen und ihren Gegnern aus dem Weg gehen, sogar in v\u00f6lliger Dunkelheit.<\/span> <span class=\"gts_text\" id=\"gts_text_52\">Ihre Haut ist mit Schuppen bedeckt, die einzeln verteilt sind.<\/span> <span class=\"gts_text\" id=\"gts_text_53\">Sie haben eine lange Schnauze, einen muskul\u00f6sen Schwanz und einen stromlinienf\u00f6rmigen K\u00f6rper.<\/span> <span class=\"gts_text\" id=\"gts_text_54\">Ihre Augen und Nasenl\u00f6cher befinden sich auf der Oberseite des Kopfes, sodass sie fast komplett Unterwasser bleiben k\u00f6nnen und nicht gesehen werden, w\u00e4hrend sie geduldig auf ihr Essen warten, dass ihnen entgegenschwimmt.<\/span> <span class=\"gts_text\" id=\"gts_text_55\">Sie haben superstarke Kiefer.<\/span> <span class=\"gts_text\" id=\"gts_text_56\">Sie kauen ihre\u00a0Nahrung nicht &#8211; sie schlucken sie in gro\u00dfen St\u00fccken wie eine Schlange.<\/span> <span class=\"gts_text\" id=\"gts_text_57\">Sie sind Fleischfresser.<\/span> <span class=\"gts_text\" id=\"gts_text_58\">Sie essen V\u00f6gel, kleine S\u00e4ugetiere und Fische.<\/span><\/p>\n<h3>Unterschiede zwischen Alligatoren und Krokodilen<\/h3>\n<figure id=\"attachment_633\" aria-describedby=\"caption-attachment-633\" style=\"width: 300px\" class=\"wp-caption alignleft\"><a href=\"http:\/\/www.big-animals.com\/wp-content\/uploads\/2011\/03\/Ghairul.jpg\"><img loading=\"lazy\" decoding=\"async\" class=\"size-medium wp-image-633\" title=\"Das Ghairul hat eine sehr d\u00fcnne Schnauze. Fotografie durch Jonathon Zander\" alt=\"Das Ghairul hat eine sehr d\u00fcnne Schnauze. Fotografie durch Jonathon Zander\" src=\"http:\/\/www.big-animals.com\/wp-content\/uploads\/2011\/03\/Ghairul-300x124.jpg\" width=\"300\" height=\"124\" \/><\/a><figcaption id=\"caption-attachment-633\" class=\"wp-caption-text\">Der Ghairul hat eine sehr schmale Schnauze. Foto von Jonathon Zander<\/figcaption><\/figure>\n<p><span class=\"gts_text\" id=\"gts_text_60\">Alligatoren haben eine breitere Schnauze.<\/span> <span class=\"gts_text\" id=\"gts_text_61\">Krokodile haben l\u00e4ngere, schmalere Schnauzen als Alligatoren.<\/span> <span class=\"gts_text\" id=\"gts_text_62\">Der Oberkiefer des Alligators ist breiter als sein Unterkiefer und die Z\u00e4hne im unteren Kiefer passen in die Eindellung des Oberkiefers<\/span><span class=\"gts_text\" id=\"gts_text_68\">. Der obere und untere Kiefer der Krokodile haben die gleiche Breite und die Z\u00e4hne im Unterkiefer sind ausserhalb des Oberkiefers, wenn sie ihr Maul schlie\u00dfen. Das ist der Grund warum die gro\u00dfen Z\u00e4hne im Unterkiefer bei einem Krokodil gesehen werden k\u00f6nnen, jedoch nicht bei einem Alligator. Alligatoren neigen dazu dunkler in der Farbe zu sein als Krokodile. Alligatoren sind fast schwarz. Krokodile sind aggressiver als Alligatoren. Ghairuls haben eine sehr schmale Schnauze.<br \/>\n<\/span><\/p>\n<p><span class=\"gts_text\" id=\"gts_text_69\">\u00a0<\/span><\/p>\n","protected":false},"excerpt":{"rendered":"<p>Krokodile erschienen vor vielen Jahren w\u00e4hrend der Zeit der Dinosaurier. Die Krokodile sind eine Gruppe von gro\u00dfen Reptilien, die Alligatoren, Krokodile und Gaviale umfasst. Das Salzwasserkrokodil Das gr\u00f6\u00dfte Krokodil der Welt ist auch das gr\u00f6\u00dfte Reptil der Welt, das Salzwasserkrokodil. Krokodile haben eine flexible \u201eFlach-auf-dem-Bauch\u201c Lage. Um zu gehen, halten sie ihre Beine direkt unter &hellip; <a href=\"https:\/\/www.big-animals.com\/de\/krokodile\/\" class=\"more-link\">Continue reading <span class=\"screen-reader-text\">Krokodile<\/span><\/a><\/p>\n","protected":false},"author":1,"featured_media":0,"parent":0,"menu_order":0,"comment_status":"closed","ping_status":"open","template":"","meta":{"_acf_changed":false,"footnotes":""},"acf":[],"_links":{"self":[{"href":"https:\/\/www.big-animals.com\/de\/wp-json\/wp\/v2\/pages\/66"}],"collection":[{"href":"https:\/\/www.big-animals.com\/de\/wp-json\/wp\/v2\/pages"}],"about":[{"href":"https:\/\/www.big-animals.com\/de\/wp-json\/wp\/v2\/types\/page"}],"author":[{"embeddable":true,"href":"https:\/\/www.big-animals.com\/de\/wp-json\/wp\/v2\/users\/1"}],"replies":[{"embeddable":true,"href":"https:\/\/www.big-animals.com\/de\/wp-json\/wp\/v2\/comments?post=66"}],"version-history":[{"count":3,"href":"https:\/\/www.big-animals.com\/de\/wp-json\/wp\/v2\/pages\/66\/revisions"}],"predecessor-version":[{"id":377,"href":"https:\/\/www.big-animals.com\/de\/wp-json\/wp\/v2\/pages\/66\/revisions\/377"}],"wp:attachment":[{"href":"https:\/\/www.big-animals.com\/de\/wp-json\/wp\/v2\/media?parent=66"}],"curies":[{"name":"wp","href":"https:\/\/api.w.org\/{rel}","templated":true}]}}