{"id":67,"date":"2011-05-09T11:29:30","date_gmt":"2011-05-09T11:29:30","guid":{"rendered":""},"modified":"2011-05-09T11:29:30","modified_gmt":"2011-05-09T11:29:30","slug":"leedsichthys-problematicus-d-gros-fisch-dort-uberhaupt-war","status":"publish","type":"page","link":"https:\/\/www.big-animals.com\/de\/leedsichthys-problematicus-d-gros-fisch-dort-uberhaupt-war\/","title":{"rendered":"Leedsichthys Problematicus &#8211; der gr\u00f6\u00dfte Fisch dort war \u00fcberhaupt!"},"content":{"rendered":"<p><span id=\"gts_text_1\" class=\"gts_text\">Das Leedshichthys war ein enormer Fisch, die gr\u00f6\u00dften <a href=\"\/Fish.html\">Fische,<\/a> zum der Meere vermutlich \u00fcberhaupt zu schwimmen!<\/span> <span id=\"gts_text_2\" class=\"gts_text\">Seine versteinerten Knochen wurden in England im Jahre 1889 durch einen versteinerten Kollektor, Alfred Leeds entdeckt.<\/span> <span id=\"gts_text_3\" class=\"gts_text\">Der volle wissenschaftliche Name, <em>Leedsichthys Problematicus<\/em>, ist eine Mischung von lateinischem und von griechischem.<\/span><\/p>\n<ul>\n<li><span id=\"gts_text_4\" class=\"gts_text\"><em>Leedsichthys<\/em> bedeutet <em>Leeds Fische<\/em> &#8211; das griechische Wort f\u00fcr <em>Fische<\/em> ist <em>Ichthys<\/em>.<\/span><\/li>\n<li><span id=\"gts_text_5\" class=\"gts_text\"><em>Problematicus<\/em> ist f\u00fcr <em>problematisches<\/em> lateinisch, das das <em>Aufwerfen eines Problems<\/em> bedeutet.<\/span><\/li>\n<\/ul>\n<p><span id=\"gts_text_6\" class=\"gts_text\">So ist <em>Leedsichthys Problematicus Problem-Verursachender Fisch Alfreds Leeds<\/em>.<\/span> <span id=\"gts_text_7\" class=\"gts_text\">Es verwirrte zu den Wissenschaftlern, um sich vorzustellen, wie ein Fisch so gro\u00df sein k\u00f6nnte!<\/span> <span id=\"gts_text_8\" class=\"gts_text\">Ich nehme an, dass Leedsichthys ein anderes Problem zu Alfred Leeds, n\u00e4mlich aufwarf:<\/span><\/p>\n<ul>\n<li><span id=\"gts_text_9\" class=\"gts_text\"><em>Wo bin ich Gehen, alle diese enormen Knochen zu halten???<\/em><\/span><\/li>\n<\/ul>\n<p><span id=\"gts_text_10\" class=\"gts_text\"><strong>War Leedsichthys wie gro\u00df?<\/strong><\/span><\/p>\n<p><span id=\"gts_text_11\" class=\"gts_text\">Weil niemand \u00fcberhaupt ein komplettes Leedsichthys-Skelett gefunden hat, ist es nicht klar, wie gro\u00df genau Leedsichthys Problematicus wuchs.<\/span> <span id=\"gts_text_12\" class=\"gts_text\">Moderne Sch\u00e4tzungen setzten es bei 50 bis 75 Fu\u00df lang (16 bis 22 Meter) und \u00fcberhaupt machten es die gr\u00f6\u00dften Fische &#8211; gr\u00f6\u00dfer als der <a href=\"\/Whale-Shark.html\">Walhai<\/a> oder das <a href=\"\/Megalodon-Shark.html\">Megalodon<\/a>!<\/span> <span id=\"gts_text_13\" class=\"gts_text\">Nicht jeder stimmt, jedoch zu.<\/span> <span id=\"gts_text_14\" class=\"gts_text\">Einige Wissenschaftler argumentieren, dass Leedsichthys \u201esich nur\u201c zu eine L\u00e4nge von neun Metern entwickelte (27 Fu\u00df).<\/span> <span id=\"gts_text_15\" class=\"gts_text\">Das ist noch l\u00e4nger als zwei Autos und 50%, das als die Wei\u00dfen Haie l\u00e4nger ist, gemacht ber\u00fchmt durch Steven Spielbergs <em>Kiefer<\/em>filme.<\/span><\/p>\n<p><span id=\"gts_text_16\" class=\"gts_text\">Leedsichthys war ein nicht Haifisch, aber eine Art <em>Knochenfisch<\/em>.<\/span> <span id=\"gts_text_17\" class=\"gts_text\">Es hatte Knochen, wie die meisten anderen Fische.<\/span> <span id=\"gts_text_18\" class=\"gts_text\">Haifische haben Knorpel stattdessen.<\/span> <span id=\"gts_text_19\" class=\"gts_text\">Obgleich es der gr\u00f6\u00dfte <a href=\"\/Fish.html\">Fisch<\/a> war, war es nicht das gr\u00f6\u00dfte <a href=\"\/Vertebrates.html\">Wirbeltier<\/a> &#8211; diese Ehre geht zum <a href=\"\/Blue-Whale.html\">Blauwal<\/a>.<\/span><\/p>\n<p><span id=\"gts_text_20\" class=\"gts_text\"><strong>Was a\u00df Leedsichthys?<\/strong><\/span><\/p>\n<p><span id=\"gts_text_21\" class=\"gts_text\">Leedsichthys hatte 40000 Z\u00e4hne.<\/span> <span id=\"gts_text_22\" class=\"gts_text\">Es w\u00fcrde nicht der Spa\u00df gewesen sein, zum ein Leedsichthys-Zahnarzt zu sein!<\/span> <span id=\"gts_text_23\" class=\"gts_text\">Aber<img loading=\"lazy\" decoding=\"async\" title=\"Leedsichthys Problematicus\" src=\"http:\/\/ba.dr-mikes-maths.com\/\/wp-content\/themes\/twentyten\/images\/ba\/leedsichthys-small.jpg\" alt=\"Leedsichthys Problematicus, das angegriffen wird\" width=\"450\" height=\"318\" align=\"right\" \/> <\/span><span id=\"gts_text_24\" class=\"gts_text\">trotz dieses und seiner enormen Gr\u00f6\u00dfe, Leedsichthys w\u00fcrde harmlos gewesen sein.<\/span> <span id=\"gts_text_25\" class=\"gts_text\">Wie der Walhai und der Blauwal lebte Leedsichthys h\u00f6chstwahrscheinlich auf Plankton.<\/span> <span id=\"gts_text_26\" class=\"gts_text\">Es w\u00fcrde nahe der Oberfl\u00e4che des Meeres schwimmen und trinken w\u00fcrde enorme Schlucke des Wassers, und das Plankton mit zwei kn\u00f6chernen Platten an der R\u00fcckseite seiner Kehle herausfiltert.<\/span> <span id=\"gts_text_27\" class=\"gts_text\">Wenn es lebendiger heutiger Tag war, w\u00fcrde es der H\u00f6hepunkt der Karriere eines Sporttauchers sein, zum mit einer zu schwimmen!<\/span><\/p>\n<p><span id=\"gts_text_28\" class=\"gts_text\"><strong>Leedsichthys-Bilder<\/strong><\/span><\/p>\n<p><span id=\"gts_text_29\" class=\"gts_text\">Wie weil Leeds problematischer Fisch nur von den Fossilien bekannt, k\u00f6nnen Leute nicht sicher genau sein, was es aussah.<\/span> <span id=\"gts_text_30\" class=\"gts_text\">Das Bild hier (wegen Bogdanov) zeigt die eine Idee des K\u00fcnstlers.<\/span> <span id=\"gts_text_31\" class=\"gts_text\">Es zeigt ein erschrockenes Leedsichthys, das von einem anderen ausgestorbenen Gesch\u00f6pf, ein Reptil angegriffen wird, das ein Liopleurodon genannt wird.<\/span> <span id=\"gts_text_32\" class=\"gts_text\">Sie k\u00f6nnen eine <a href=\"http:\/\/commons.wikimedia.org\/wiki\/Image:Leedsi%26Liopl_DB.jpg\" target=\"_blank\">gr\u00f6\u00dfere Version hier<\/a> finden.<\/span><\/p>\n","protected":false},"excerpt":{"rendered":"<p>Das Leedshichthys war ein enormer Fisch, die gr\u00f6\u00dften Fische, zum der Meere vermutlich \u00fcberhaupt zu schwimmen! Seine versteinerten Knochen wurden in England im Jahre 1889 durch einen versteinerten Kollektor, Alfred Leeds entdeckt. Der volle wissenschaftliche Name, Leedsichthys Problematicus, ist eine Mischung von lateinischem und von griechischem. Leedsichthys bedeutet Leeds Fische &#8211; das griechische Wort f\u00fcr &hellip; <a href=\"https:\/\/www.big-animals.com\/de\/leedsichthys-problematicus-d-gros-fisch-dort-uberhaupt-war\/\" class=\"more-link\">Continue reading <span class=\"screen-reader-text\">Leedsichthys Problematicus &#8211; der gr\u00f6\u00dfte Fisch dort war \u00fcberhaupt!<\/span><\/a><\/p>\n","protected":false},"author":1,"featured_media":0,"parent":0,"menu_order":0,"comment_status":"closed","ping_status":"open","template":"","meta":{"_acf_changed":false,"footnotes":""},"acf":[],"_links":{"self":[{"href":"https:\/\/www.big-animals.com\/de\/wp-json\/wp\/v2\/pages\/67"}],"collection":[{"href":"https:\/\/www.big-animals.com\/de\/wp-json\/wp\/v2\/pages"}],"about":[{"href":"https:\/\/www.big-animals.com\/de\/wp-json\/wp\/v2\/types\/page"}],"author":[{"embeddable":true,"href":"https:\/\/www.big-animals.com\/de\/wp-json\/wp\/v2\/users\/1"}],"replies":[{"embeddable":true,"href":"https:\/\/www.big-animals.com\/de\/wp-json\/wp\/v2\/comments?post=67"}],"version-history":[{"count":1,"href":"https:\/\/www.big-animals.com\/de\/wp-json\/wp\/v2\/pages\/67\/revisions"}],"predecessor-version":[{"id":338,"href":"https:\/\/www.big-animals.com\/de\/wp-json\/wp\/v2\/pages\/67\/revisions\/338"}],"wp:attachment":[{"href":"https:\/\/www.big-animals.com\/de\/wp-json\/wp\/v2\/media?parent=67"}],"curies":[{"name":"wp","href":"https:\/\/api.w.org\/{rel}","templated":true}]}}