{"id":68,"date":"2011-05-09T11:29:45","date_gmt":"2011-05-09T11:29:45","guid":{"rendered":""},"modified":"2014-05-15T11:51:36","modified_gmt":"2014-05-15T11:51:36","slug":"megalodon-der-groesste-haifisch-ueberhaupt","status":"publish","type":"page","link":"https:\/\/www.big-animals.com\/de\/megalodon-der-groesste-haifisch-ueberhaupt\/","title":{"rendered":"Megalodon &#8211; der gr\u00f6\u00dfte Haifisch \u00fcberhaupt!"},"content":{"rendered":"<p><span class=\"gts_text\" id=\"gts_text_1\"><strong>Megalodon &#8211; Fakten:<\/strong> Der Megalodon, oder auch Riesenzahn-Hai, ist haupts\u00e4chlich f\u00fcr seine versteinerten Z\u00e4hne und seine R\u00fcckenwirbel bekannt &#8211; da er ein Knorpelfisch\u00a0 ware, hatte er keine richtigen Knochen und deswegen sind die Megalodons nicht gut als Fossilien erhalten. Wissenschaftler sch\u00e4tzen, dass er 16 bis 20 Meter lang wuchs mit einem Gewicht von vielleicht 55000 kg.<\/span><span class=\"gts_text\" id=\"gts_text_2\"><br \/>\n<\/span><\/p>\n<p><span class=\"gts_text\" id=\"gts_text_3\"><strong>Was hat der Megalodon gefressen?<\/strong> <img decoding=\"async\" alt=\"\" src=\"http:\/\/ba.dr-mikes-maths.com\/\/wp-content\/themes\/twentyten\/images\/ba\/megalodon-tooth.jpg\" \/><span class=\"gts_text\" id=\"gts_text_4\"><\/span> Der <\/span><span class=\"gts_text\" id=\"gts_text_7\">Megalodon war ein Fleischfresser. Ein Megalodonzahn ist ungef\u00e4hr 17 cm lang! Zusammen mit diesem Fakt und seiner enormen Gr\u00f6\u00dfe, war seine Lieblingsnahrung sehr wahrscheinlich Wal. Er dem weissen Hai wahrscheinlich sehr \u00e4hnlich &#8211; nur viermal so gross!<br \/>\n<\/span><\/p>\n<p><span class=\"gts_text\" id=\"gts_text_8\">Der Megallodon war ein <a title=\"Die gr\u00f6\u00dften Haifische der Welt!\" href=\"http:\/\/www.big-animals.com\/de\/die-groessten-haifische-der-welt\/\">Haifisch<\/a>.<\/span> Er geh\u00f6rte zu einer Familie von Haifischen namens Makrelenhaiartige oder weisse Haie (Lamnidae). Diese Haifische sind schnellschwimmende Haie, die es lieben Fleisch zu fressen. Trotz ihres Rufes greifen nur die Wenigsten Menschen an, auch wenn es sich um besonders aggressive Haie handelt. Sie bevorzugen Fische, Robben und andere Meeresbewohner. Da der Megalodon ein Lamnidae war, folgt daraus dass er der<span class=\"gts_text\" id=\"gts_text_13\"> <a title=\"Die gr\u00f6\u00dften Knorpelfische der Welt!\" href=\"http:\/\/www.big-animals.com\/de\/die-groessten-knorpelfische-der-welt\/\">weltgr\u00f6\u00dfte Knorpelfisch der Welt \u00fcberhaupt<\/a> war, sowie,<\/span><\/p>\n<ul>\n<li><span class=\"gts_text\" id=\"gts_text_14\">Der gr\u00f6\u00dfte Makrelenhaiartige \u00fcberhaupt,<\/span><\/li>\n<li><span class=\"gts_text\" id=\"gts_text_15\">Der gr\u00f6\u00dfte <a title=\"Die gr\u00f6\u00dften Haifische der Welt!\" href=\"http:\/\/www.big-animals.com\/de\/die-groessten-haifische-der-welt\/\">Haifisch<\/a> der Welt \u00fcberhaupt,<\/span><\/li>\n<\/ul>\n<p><span class=\"gts_text\" id=\"gts_text_17\">Danach jedoch, erscheint der Megalodon nicht mehr so oft in den Rekordb\u00fcchern. Der weltgr\u00f6\u00dfte Fisch war der <a title=\"Leedsichthys Problematicus \u2013 der gr\u00f6\u00dfte Fisch dort war \u00fcberhaupt!\" href=\"http:\/\/www.big-animals.com\/de\/leedsichthys-problematicus-d-gros-fisch-dort-uberhaupt-war\/\">Leedsichthys<\/a> und das weltgr\u00f6\u00dfte <a title=\"Die gr\u00f6\u00dften Tiere der Welt!\" href=\"http:\/\/www.big-animals.com\/de\/die-groessten-tiere-der-welt\/\">Tier<\/a> sowie weltgr\u00f6\u00dfte <a title=\"Die gr\u00f6\u00dften Wirbeltiere der Welt!\" href=\"http:\/\/www.big-animals.com\/de\/die-groessten-wirbeltiere-der-welt\/\">Wirbeltier<\/a> \u00fcberhaupt ist der <a title=\"Der Blauwal \u2013 das gr\u00f6\u00dfte Tier \u00fcberhaupt!\" href=\"http:\/\/www.big-animals.com\/de\/der-blauwal-das-groesste-tier-ueberhaupt\/\">Blauwal<\/a> (welcher ein <em>Wal<\/em> ist, und kein Hai!).<\/span><\/p>\n<p><em>Megalodon<\/em> bedeutet \u201egro\u00dfer Zahn\u201c. Der wisscnschaftliche Name f\u00fcr den Megalodon ist unter Wissenschaftlern immer noch umstritten. Manche sind der Meinung es sollte <em>Carcharodon megalodon<\/em> sein, da er dem weissen Hai (<em>Carcharodon carcharias<\/em>) \u00e4hnlich ist. Andere sind der Meinung, dass er sich genug unterscheidet um seine eigene \u201eGattung\u201c zu haben und schlagen den Namen <em>Carcharocles megalodon<\/em> vor.<\/p>\n<p><span class=\"gts_text\" id=\"gts_text_22\"><strong>Bild eines Megalodons:<\/strong> Da der Megalodon ausgestorben ist, k\u00f6nnen wir uns nur vorstellen wie er aussah. Eine<\/span><span class=\"gts_text\" id=\"gts_text_23\"> <a href=\"https:\/\/www.google.de\/search?hl=de&amp;site=imghp&amp;tbm=isch&amp;source=hp&amp;q=megalodon&amp;oq=megalodon\">Google-Bildsuche<\/a> f\u00fchrt dich zu einigen Vorstellungen wie er ausgesehen haben k\u00f6nnte, sowie auch viele reale Fotos von versteinerten Megalodonz\u00e4hnen.<br \/>\n<\/span><\/p>\n<p><span class=\"gts_text\" id=\"gts_text_24\"><strong>Lebendige Megalodon-Haifische:<\/strong> Nat\u00fcrlich inspiriert so ein riesiges Raubtier manche dazu, sich das Ganze noch weiter vorzustellen &#8211; es gibt viele Ger\u00fcchte von Sichtungen des Megalodon. Jedoch beweist die Ermittlung normalerweise, dass die Zeugen nur einen sehr gro\u00dfen weissen Hai gesehen haben. Nat\u00fcrlich hat in der Zwischenzeit dieses riesige Raubtier eine Menge von <\/span><span class=\"gts_text\" id=\"gts_text_26\"><a href=\"http:\/\/www.amazon.de\/s\/field-keywords=megalodon\">Megalodon B\u00fcchern und Filmen inspiriert<\/a>. Warnung! Nichts f\u00fcr schwache Nerven! <\/span><span class=\"gts_text\" id=\"gts_text_28\"><\/span><\/p>\n","protected":false},"excerpt":{"rendered":"<p>Megalodon &#8211; Fakten: Der Megalodon, oder auch Riesenzahn-Hai, ist haupts\u00e4chlich f\u00fcr seine versteinerten Z\u00e4hne und seine R\u00fcckenwirbel bekannt &#8211; da er ein Knorpelfisch\u00a0 ware, hatte er keine richtigen Knochen und deswegen sind die Megalodons nicht gut als Fossilien erhalten. Wissenschaftler sch\u00e4tzen, dass er 16 bis 20 Meter lang wuchs mit einem Gewicht von vielleicht 55000 &hellip; <a href=\"https:\/\/www.big-animals.com\/de\/megalodon-der-groesste-haifisch-ueberhaupt\/\" class=\"more-link\">Continue reading <span class=\"screen-reader-text\">Megalodon &#8211; der gr\u00f6\u00dfte Haifisch \u00fcberhaupt!<\/span><\/a><\/p>\n","protected":false},"author":1,"featured_media":0,"parent":0,"menu_order":0,"comment_status":"closed","ping_status":"open","template":"","meta":{"_acf_changed":false,"footnotes":""},"acf":[],"_links":{"self":[{"href":"https:\/\/www.big-animals.com\/de\/wp-json\/wp\/v2\/pages\/68"}],"collection":[{"href":"https:\/\/www.big-animals.com\/de\/wp-json\/wp\/v2\/pages"}],"about":[{"href":"https:\/\/www.big-animals.com\/de\/wp-json\/wp\/v2\/types\/page"}],"author":[{"embeddable":true,"href":"https:\/\/www.big-animals.com\/de\/wp-json\/wp\/v2\/users\/1"}],"replies":[{"embeddable":true,"href":"https:\/\/www.big-animals.com\/de\/wp-json\/wp\/v2\/comments?post=68"}],"version-history":[{"count":3,"href":"https:\/\/www.big-animals.com\/de\/wp-json\/wp\/v2\/pages\/68\/revisions"}],"predecessor-version":[{"id":540,"href":"https:\/\/www.big-animals.com\/de\/wp-json\/wp\/v2\/pages\/68\/revisions\/540"}],"wp:attachment":[{"href":"https:\/\/www.big-animals.com\/de\/wp-json\/wp\/v2\/media?parent=68"}],"curies":[{"name":"wp","href":"https:\/\/api.w.org\/{rel}","templated":true}]}}