{"id":69,"date":"2011-05-09T11:30:18","date_gmt":"2011-05-09T11:30:18","guid":{"rendered":""},"modified":"2014-05-19T10:55:26","modified_gmt":"2014-05-19T10:55:26","slug":"midgardia-xandaros-der-grosste-seestern-der-welt","status":"publish","type":"page","link":"https:\/\/www.big-animals.com\/de\/midgardia-xandaros-der-grosste-seestern-der-welt\/","title":{"rendered":"Midgardia Xandaros &#8211; der gr\u00f6\u00dfte Seestern der Welt"},"content":{"rendered":"<p><span class=\"gts_text\" id=\"gts_text_1\"><strong>Was ist Midgardia Xandaros?<\/strong><\/span><\/p>\n<p>Midgardia Xandaros ist ein Seestern, dessen Arme l\u00e4nger sind als die eines jeden anderen Seesterns auf der ganzen Welt! Er ist Mitglied einer Gruppe von Seesternen namens <em>Brisingd<\/em> Seesternen. Manche besondere Eigenschaften von Brisingd Seesternen sind<\/p>\n<ul>\n<li><span class=\"gts_text\" id=\"gts_text_5\">Sie haben normalerweise mehr als 5 Arme &#8211; <em>Midgardia Xandaros<\/em> kann bis zu zw\u00f6lf haben!<\/span><\/li>\n<li><span class=\"gts_text\" id=\"gts_text_6\">Sie leben normalerweise in sehr tiefem Wasser &#8211; <em>Midgardia<\/em> wurde \u00fcber 600 Meter tief im Golf von Mexiko gefunden.\u00a0<\/span> <span class=\"gts_text\" id=\"gts_text_7\">Der Weltrekord f\u00fcr einen Sporttaucher ist nur die H\u00e4lfte davon, also wie du dir vorstellen kannst, ist es schwer Bilder von lebendigen <em>Midgardia<\/em> zu ergattern.<br \/>\n<\/span><\/li>\n<li><span class=\"gts_text\" id=\"gts_text_8\">Brisingd Seesterne fressen indem sie einige ihrer Beinchen emporheben &#8211; dann, fangen klettverschlussartige H\u00e4rchen kleine, fressbare Partikel auf.<br \/>\n<\/span><\/li>\n<\/ul>\n<p><span class=\"gts_text\" id=\"gts_text_9\">Weil Midgardia Xandaros der weltgr\u00f6\u00dfte Seestern ist, ist er ebenfalls der weltgr\u00f6\u00dfte Brisingd Seestern. Tats\u00e4chlich ist er der gr\u00f6\u00dfte<\/span><span class=\"gts_text\" id=\"gts_text_10\"> <a title=\"Die gr\u00f6\u00dften Stachelh\u00e4uter der Welt!\" href=\"http:\/\/www.big-animals.com\/de\/die-groessten-stachelhaeuter-der-welt\/\">Stachelh\u00e4uter<\/a> der Welt, egal von was f\u00fcr einer Art!<br \/>\n<\/span><\/p>\n<p><span class=\"gts_text\" id=\"gts_text_11\"><strong>Wie gro\u00df ist Midgardia Xandaros?<\/strong><\/span><\/p>\n<p>Midgardia hat sehr lange Arme &#8211; und einen winzigen K\u00f6rper! Obwohl jeder Arm 67cm lang ist, hat sein K\u00f6rper nur eine Gr\u00f6\u00dfe von 2,6cm durchgehend! Deswegen erh\u00e4lt der Midgardia nicht den Rekord f\u00fcr den schwersten Seestern &#8211; dieser Rekord geht an Catalas Seestern, auch bekannt als der fette Seestern. Trotzdem w\u00e4re es immer noch ein besonderer Anblick, da Midgardia von einer Seite zur n\u00e4chsten durchgehend 4 Fu\u00df gro\u00df ist!<\/p>\n<p><span class=\"gts_text\" id=\"gts_text_16\"><strong>Was ist sonst noch bekannt \u00fcber Midgardia Xandaros?<\/strong><\/span><\/p>\n<p>Midgardia wurde 1970 im Golf von Mexiko entdeckt, jedoch ist nur sehr wenig \u00fcber seine Gewohnheiten, Lebenszyklus oder Anzahl bekannt, ausser das man erraten kann dass es sich hier um einen Brisingid Seestern handelt. Er hat nicht mal einen gew\u00f6hnlichen Namen &#8211; er besitzt nur einen wissenschaftlichen den wissenschaftlichen Namen, <em>Midgardia Xandaros<\/em>. Niemand hat versucht Midgardia zu untersuchen oder war in der Lage ein lebendiges Exemplar zu fangen oder in der nat\u00fcrlichen Umgebung zu filmen. Dies ist so, weil Midgardie so tief im Ozean lebt, dass es schwierig ist ihn zu studieren. Erstaunlicherweise sind viele Teile des Ozeans genauso tief oder noch tiefer. Die Tatsache, dass wir nur so wenig \u00fcber diesen rekordbrechenden Seestern wissen, zeigt dass wir nur sehr wenigt \u00fcber das Meiste im Ozean wissen. Vielleicht gibt es sogar noch gr\u00f6\u00dfere Seesterne, die darauf warten entdeckt zu werden?<\/p>\n","protected":false},"excerpt":{"rendered":"<p>Was ist Midgardia Xandaros? Midgardia Xandaros ist ein Seestern, dessen Arme l\u00e4nger sind als die eines jeden anderen Seesterns auf der ganzen Welt! Er ist Mitglied einer Gruppe von Seesternen namens Brisingd Seesternen. Manche besondere Eigenschaften von Brisingd Seesternen sind Sie haben normalerweise mehr als 5 Arme &#8211; Midgardia Xandaros kann bis zu zw\u00f6lf haben! &hellip; <a href=\"https:\/\/www.big-animals.com\/de\/midgardia-xandaros-der-grosste-seestern-der-welt\/\" class=\"more-link\">Continue reading <span class=\"screen-reader-text\">Midgardia Xandaros &#8211; der gr\u00f6\u00dfte Seestern der Welt<\/span><\/a><\/p>\n","protected":false},"author":1,"featured_media":0,"parent":0,"menu_order":0,"comment_status":"closed","ping_status":"open","template":"","meta":{"_acf_changed":false,"footnotes":""},"acf":[],"_links":{"self":[{"href":"https:\/\/www.big-animals.com\/de\/wp-json\/wp\/v2\/pages\/69"}],"collection":[{"href":"https:\/\/www.big-animals.com\/de\/wp-json\/wp\/v2\/pages"}],"about":[{"href":"https:\/\/www.big-animals.com\/de\/wp-json\/wp\/v2\/types\/page"}],"author":[{"embeddable":true,"href":"https:\/\/www.big-animals.com\/de\/wp-json\/wp\/v2\/users\/1"}],"replies":[{"embeddable":true,"href":"https:\/\/www.big-animals.com\/de\/wp-json\/wp\/v2\/comments?post=69"}],"version-history":[{"count":2,"href":"https:\/\/www.big-animals.com\/de\/wp-json\/wp\/v2\/pages\/69\/revisions"}],"predecessor-version":[{"id":545,"href":"https:\/\/www.big-animals.com\/de\/wp-json\/wp\/v2\/pages\/69\/revisions\/545"}],"wp:attachment":[{"href":"https:\/\/www.big-animals.com\/de\/wp-json\/wp\/v2\/media?parent=69"}],"curies":[{"name":"wp","href":"https:\/\/api.w.org\/{rel}","templated":true}]}}