{"id":7,"date":"2011-05-09T08:54:30","date_gmt":"2011-05-09T08:54:30","guid":{"rendered":""},"modified":"2014-03-03T13:50:07","modified_gmt":"2014-03-03T13:50:07","slug":"echsen","status":"publish","type":"page","link":"https:\/\/www.big-animals.com\/de\/echsen\/","title":{"rendered":"Echsen"},"content":{"rendered":"<p><span class=\"gts_text\" id=\"gts_text_1\">Echsen sind <a title=\"Die gr\u00f6\u00dften Reptilien der Welt!\" href=\"http:\/\/www.big-animals.com\/the-worlds-biggest-reptiles\/\">Reptilien<\/a>. Es gibt fast 3800 verschiedene Arten von Echsen auf der Welt. Da sie kaltbl\u00fctige Gesch\u00f6pfe sind, kannst du sie in allen Kontinenten finden, besonders in den Kontinenten mit w\u00e4rmeren Klima. Sie k\u00f6nnen nicht in der Antarktis und den meisten ozeanischen Inseln gefunden werden.<\/span> <span class=\"gts_text\" id=\"gts_text_3\"><\/span><\/p>\n<p><span class=\"gts_text\" id=\"gts_text_4\">Echsen haben schuppige Haut, die durchs Jahr abgeworfen wird. Sie werfen ihre Haut nicht in einem Zug ab, wie Schlangen. Manche Echsen fressen nur Fleisch, andere fressen nur Pflanzen und weitere fressen Fleisch und Pflanzen. Sie haben Gliedma\u00dfen und \u00e4u\u00dfere Ohren. Die meisten Echsen legen ihren Schwanz ab, wenn sie gefangen werden, so dass die Echse entflieht, w\u00e4hrend der J\u00e4ger nur den Schwanz zum Fressen kriegt. Sie kommunizieren miteinander mit Hilfe von K\u00f6rpersprache oder hellen Farben auf ihren K\u00f6rpern.<br \/>\n<\/span><span class=\"gts_text\" id=\"gts_text_9\"><\/span><\/p>\n<p><span class=\"gts_text\" id=\"gts_text_10\">Echsen gibt es in verschiedenen Gr\u00f6\u00dfen. Die Kleinste ist nur ein paar Zentimeter (ein paar Zoll), so wie Cham\u00e4leons oder Geckos. Die L\u00e4ngsten wachsen bis zu fast 3 Meter! Die gr\u00f6\u00dfte lebende Echse ist der fleischfressende<\/span><span class=\"gts_text\" id=\"gts_text_13\"> <a title=\"Komodowaran\" href=\"http:\/\/www.big-animals.com\/komodo-dragon\/\">Komodowaran<\/a>.<\/span> Es gibt sogar noch riesigere ausgestorbene Echsen, wie den meeresliebenden\u00a0<span class=\"gts_text\" id=\"gts_text_14\"> <a title=\"Tylosaurus\" href=\"http:\/\/www.big-animals.com\/tylosaurus\/\">Tylosaurus,<\/a> welcher ungef\u00e4hr um die 17 Meter lang war und der <a title=\"Megalania\" href=\"http:\/\/www.big-animals.com\/megalania\/\">Megalania<\/a>, ein gigantischer Waran um die 7 Meter in der L\u00e4nge.<br \/>\n<\/span><\/p>\n<figure id=\"attachment_571\" aria-describedby=\"caption-attachment-571\" style=\"width: 300px\" class=\"wp-caption alignright\"><a href=\"http:\/\/www.big-animals.com\/wp-content\/uploads\/2011\/02\/Chamaleon.jpg\"><img loading=\"lazy\" decoding=\"async\" class=\"size-medium wp-image-571\" title=\"Cham\u00e4leone sind ber\u00fchmt, damit ihre F\u00e4higkeit Farbe \u00e4ndert\" alt=\"Cham\u00e4leone sind ber\u00fchmt, damit ihre F\u00e4higkeit Farbe \u00e4ndert\" src=\"http:\/\/www.big-animals.com\/wp-content\/uploads\/2011\/02\/Chamaleon-300x194.jpg\" width=\"300\" height=\"194\" \/><\/a><figcaption id=\"caption-attachment-571\" class=\"wp-caption-text\">Cham\u00e4leons sind ber\u00fchmt f\u00fcr ihre F\u00e4higkeit, K\u00f6rperfarbe zu wechseln<\/figcaption><\/figure>\n<p><span class=\"gts_text\" id=\"gts_text_15\">Sehverm\u00f6gen ist sehr wichtig f\u00fcr die meisten Echsen. Sie benutzen ihre Sicht um nach Beute zu jagen und mit anderen Echsen zu kommunizieren. Die meisten Echsen haben ein gutes Farbsehen. Sie sind sehr abh\u00e4ngig von K\u00f6rpersprache. Zum Beispiel benutzen sie bestimmte K\u00f6rperhaltungen, Gesten und Bewegungen um ihr Territorium klarzustellen und K\u00e4mpfe untereinander zu kl\u00e4ren. Manche Echsen haben sehr hellfarbene Haut. Manche k\u00f6nnen die Farbe ihrer Haut wechseln &#8211; eine hellfarbige Echse platziert auf dunklen Steinen, wird sogar noch dunkler. Manche, wie der Sceloporus occidentalis, haben sogar Haut die jenachdem aus welchem Winkel man sie anschaut, anders aussieht!<\/span><span class=\"gts_text\" id=\"gts_text_22\"><br \/>\n<\/span><\/p>\n<p><span class=\"gts_text\" id=\"gts_text_23\">Wenn eine Zurschaustellung n\u00f6tig ist, heben manche Echsen einen bestimmten Knochen in ihrer Kehle an, was dazu f\u00fchrt, dass ein gro\u00dfer vertikaler Lappen farbiger Haut unterhalb des Kopfes auf eine wundervolle Weise erscheint, um f\u00fcr die Kommunikation benutzt zu werden. Anoles oder Cham\u00e4leone sind f\u00fcr diese sch\u00f6ne Zurschaustellung bekannt. Jede Spezies von Cham\u00e4leonen hat viele verschiedene Farben. Sie haben sogar Muster, die nur unter ultraviolettem Licht gesehen werden k\u00f6nnen und somit k\u00f6nnen Echsen oft selbst ultraviolette Farbe sehen.<\/span><span class=\"gts_text\" id=\"gts_text_26\"><br \/>\n<\/span><\/p>\n<p><span class=\"gts_text\" id=\"gts_text_27\">Die meisten Echsen sind f\u00fcr den Menschen harmlos. Nur die gr\u00f6\u00dferen Echsenspezies k\u00f6nnten gef\u00e4hrlich sein. Zum Beispiel lauert der Komodowaran Menschen auf, attackiert sie und t\u00f6tet sie auch manchmal. Das Gift von Gila-Krustenechsen und der Skorpion-Krustenechse ist normalerweise nicht t\u00f6dlich, aber sie besitzen kr\u00e4ftige Kiefer, welche schnell zubeissen k\u00f6nnen und halten sich mit aller Kraft am Opfer fest. Ihr Biss ist extrem schmerzhaft.<\/span><span class=\"gts_text\" id=\"gts_text_31\"><\/span><\/p>\n<p><span class=\"gts_text\" id=\"gts_text_32\">Viele Echsen werden aufgrund ihrer Sch\u00f6nheit als Haustiere gehalten. Zum Beispiel werden gr\u00fcne Leguane als exotische Haustiere gehalten.<\/span><span class=\"gts_text\" id=\"gts_text_33\"><\/span><\/p>\n","protected":false},"excerpt":{"rendered":"<p>Echsen sind Reptilien. Es gibt fast 3800 verschiedene Arten von Echsen auf der Welt. Da sie kaltbl\u00fctige Gesch\u00f6pfe sind, kannst du sie in allen Kontinenten finden, besonders in den Kontinenten mit w\u00e4rmeren Klima. Sie k\u00f6nnen nicht in der Antarktis und den meisten ozeanischen Inseln gefunden werden. Echsen haben schuppige Haut, die durchs Jahr abgeworfen wird. &hellip; <a href=\"https:\/\/www.big-animals.com\/de\/echsen\/\" class=\"more-link\">Continue reading <span class=\"screen-reader-text\">Echsen<\/span><\/a><\/p>\n","protected":false},"author":1,"featured_media":0,"parent":0,"menu_order":0,"comment_status":"closed","ping_status":"open","template":"","meta":{"_acf_changed":false,"footnotes":""},"acf":[],"_links":{"self":[{"href":"https:\/\/www.big-animals.com\/de\/wp-json\/wp\/v2\/pages\/7"}],"collection":[{"href":"https:\/\/www.big-animals.com\/de\/wp-json\/wp\/v2\/pages"}],"about":[{"href":"https:\/\/www.big-animals.com\/de\/wp-json\/wp\/v2\/types\/page"}],"author":[{"embeddable":true,"href":"https:\/\/www.big-animals.com\/de\/wp-json\/wp\/v2\/users\/1"}],"replies":[{"embeddable":true,"href":"https:\/\/www.big-animals.com\/de\/wp-json\/wp\/v2\/comments?post=7"}],"version-history":[{"count":2,"href":"https:\/\/www.big-animals.com\/de\/wp-json\/wp\/v2\/pages\/7\/revisions"}],"predecessor-version":[{"id":439,"href":"https:\/\/www.big-animals.com\/de\/wp-json\/wp\/v2\/pages\/7\/revisions\/439"}],"wp:attachment":[{"href":"https:\/\/www.big-animals.com\/de\/wp-json\/wp\/v2\/media?parent=7"}],"curies":[{"name":"wp","href":"https:\/\/api.w.org\/{rel}","templated":true}]}}