{"id":70,"date":"2011-05-09T11:33:50","date_gmt":"2011-05-09T11:33:50","guid":{"rendered":""},"modified":"2014-04-25T12:47:16","modified_gmt":"2014-04-25T12:47:16","slug":"die-giraffe-das-hoechste-tier-der-welt","status":"publish","type":"page","link":"https:\/\/www.big-animals.com\/de\/die-giraffe-das-hoechste-tier-der-welt\/","title":{"rendered":"Die Giraffe &#8211; das h\u00f6chste Tier der Welt!"},"content":{"rendered":"<p><span class=\"gts_text\" id=\"gts_text_1\">Die Giraffe ist das welth\u00f6chste lebende <a title=\"Die gr\u00f6\u00dften Tiere der Welt!\" href=\"http:\/\/www.big-animals.com\/de\/die-groessten-tiere-der-welt\/\">Tier<\/a> &#8211; eine m\u00e4nnliche Giraffe w\u00e4chst bis zu 4,9 &#8211; 5,5 Meter hoch. Die h\u00f6chste Giraffe \u00fcberhaupt war 19,2 Fuss gro\u00df! Wissenschaftler nennen die Giraffe <em>Giraffa Camelopardus, <\/em>Das Wort \u201eGiraffe\u201c kommt vom arabischen Wort f\u00fcr \u201ehoch\u201c. In alten Zeiten wurde die Giraffe ein \u201eKamel-leopard\u201c genannt, da es Flecken wie ein Leopard hatte, aber ein bisschen ging wie ein Kamel. Weil die Giraffe so hoch ist, hat es einige besondere Eigenschaften.<\/span><em><span class=\"gts_text\" id=\"gts_text_6\"><\/span><\/em><\/p>\n<figure id=\"attachment_1074\" aria-describedby=\"caption-attachment-1074\" style=\"width: 222px\" class=\"wp-caption alignleft\"><a href=\"http:\/\/www.big-animals.com\/wp-content\/uploads\/2008\/12\/Giraffe.jpg\"><img loading=\"lazy\" decoding=\"async\" class=\"size-medium wp-image-1074\" title=\"Die Giraffe ist das h\u00f6chste Tier der Welt\" alt=\"Die Giraffe ist das h\u00f6chste Tier der Welt\" src=\"http:\/\/www.big-animals.com\/wp-content\/uploads\/2008\/12\/Giraffe-222x300.jpg\" width=\"222\" height=\"300\" \/><\/a><figcaption id=\"caption-attachment-1074\" class=\"wp-caption-text\">Die Giraffe ist das h\u00f6chste Tier der Welt<\/figcaption><\/figure>\n<p><span class=\"gts_text\" id=\"gts_text_7\">Vorweg, um Blut den ganzen Weg hoch entlang des Nackens zu pumpen, braucht die Giraffe ein sehr starkes Herz. Tats\u00e4chlich wiegt sein Herz 12kg, was es zum gr\u00f6\u00dften Herz im Tierreich macht! Ebenfalls hat es besondere Blutgef\u00e4sse in seinem Kopf um es vor Ohnmacht zu sch\u00fctzen, wenn es seinen Kopf pl\u00f6tzlich hebt!<br \/>\n<\/span><span class=\"gts_text\" id=\"gts_text_9\"><\/span><\/p>\n<p><span class=\"gts_text\" id=\"gts_text_10\">Wenn eine Giraffe im Zoo gehalten wird, ist es manchmal das h\u00f6chste Ding im gesamten Zoo. Das bedeutet, dass es mit allerh\u00f6chster Wahrscheinlichkeit von einem Blitz getroffen wird, w\u00e4hrend eines Gewitters! In der Wildnis, leben Giraffen zwischen B\u00e4umen die gr\u00f6\u00dfer sind als sie &#8211; und nebenbei gibt es in den Orten an denen sie leben viel weniger Gewitter als in den meisten anderen Orten der Welt.<br \/>\n<\/span><span class=\"gts_text\" id=\"gts_text_12\"><\/span><\/p>\n<p><span class=\"gts_text\" id=\"gts_text_13\">Das Bild unten zeigt wie gross eine Giraffe relativ zu einem Menschen ist.<br \/>\n<\/span><\/p>\n<h3><span class=\"gts_text\" id=\"gts_text_14\">Der Hals der Giraffe<\/span><\/h3>\n<p><span class=\"gts_text\" id=\"gts_text_15\">Die Giraffe hat einen sehr langen Hals, aber die gleiche Anzahl an Halsknochen wie ein Mensch &#8211; sieben. Das ist die H\u00e4lfte der Knochen eines Kolibris! Jedoch sind die Gelenke zwischen den Knochen sehr flexibel.<br \/>\n<\/span><span class=\"gts_text\" id=\"gts_text_17\"><\/span><\/p>\n<p><span class=\"gts_text\" id=\"gts_text_18\">Giraffen reiben manchmal ihre H\u00e4lse aneinander. Dies kann eine freundliche Geste sein, oder auch ein Teil eines Kampfes.<br \/>\n<\/span><\/p>\n<figure id=\"attachment_1077\" aria-describedby=\"caption-attachment-1077\" style=\"width: 198px\" class=\"wp-caption alignright\"><a href=\"http:\/\/www.big-animals.com\/wp-content\/uploads\/2008\/12\/giraffe-and-human1.png\"><img loading=\"lazy\" decoding=\"async\" class=\"size-medium wp-image-1077\" title=\"Giraffe und Mensch\" alt=\"Giraffe und Mensch\" src=\"http:\/\/www.big-animals.com\/wp-content\/uploads\/2008\/12\/giraffe-and-human1-198x300.png\" width=\"198\" height=\"300\" \/><\/a><figcaption id=\"caption-attachment-1077\" class=\"wp-caption-text\">Giraffe und Mensch<\/figcaption><\/figure>\n<h3><span class=\"gts_text\" id=\"gts_text_20\">Die Zunge der Giraffe<\/span><\/h3>\n<p><span class=\"gts_text\" id=\"gts_text_21\">Die Giraffenzunge ist bemerkenswert &#8211; zuerst einmal ist sie sehr lang &#8211; um 45-50cm. Wenn seine langen Beine und sein langer Hals nicht wirklich lang genug sind, benutzt es seine Zunge um ihm dabei zu helfen die Bl\u00e4tter weit oben zu erreichen. Es findet seine Zunge auch f\u00fcr das Verjagen von K\u00e4fern auf seinem Gesicht n\u00fctzlich.<\/span><span class=\"gts_text\" id=\"gts_text_23\"><br \/>\n<\/span><\/p>\n<p><span class=\"gts_text\" id=\"gts_text_24\">Die Giraffe mag alle Arten von Pflanzen, aber manch Favoriten sind sehr dornig. Deswegen ist auch seine Zunge sehr sehr widerstandsf\u00e4hig, sodass die Zunge nicht w\u00e4hrend dem Essen verletzt wird.<br \/>\n<\/span><span class=\"gts_text\" id=\"gts_text_25\"><\/span><\/p>\n<h3><span class=\"gts_text\" id=\"gts_text_26\">Die H\u00f6rner der Giraffe<\/span><\/h3>\n<p><span class=\"gts_text\" id=\"gts_text_27\">Die H\u00f6rner der Giraffe sind aus geh\u00e4rtetem <em>Knorpelgewebe<\/em> gemacht &#8211; wie das Material das unserer Nase Form verleight, jedoch h\u00e4rter. Die H\u00f6rner sind mit Haut bedeckt. Die H\u00f6rner einer weiblichen Giraffe sind k\u00fcrzer als die eines M\u00e4nnchens und neigen dazu Haare an der Spitze zu haben.<\/span><span class=\"gts_text\" id=\"gts_text_29\"><br \/>\n<\/span><\/p>\n<h3><span class=\"gts_text\" id=\"gts_text_30\">Giraffen Lebensraum und Di\u00e4t<\/span><\/h3>\n<p><span class=\"gts_text\" id=\"gts_text_31\">Giraffen m\u00f6gen offene Gebiete mit vereinzelten B\u00e4umen &#8211; besonders Akazienb\u00e4ume. Sie fressen die Bl\u00e4tter von B\u00e4umen, verdauen sie f\u00fcr eine Weile, dann (wie K\u00fche) erbrechen sie die halbverdauten Bl\u00e4tter (\u201edas wiedergek\u00e4ute Futter\u201c), sodass sie es etwas mehr kauen k\u00f6nnen und in einem anderen teil ihres Bauches verdauen k\u00f6nnen. Aufgrund dieser Angewohnheit, sind Giraffen (und K\u00fche) als \u201eWiederk\u00e4uer\u201c klassifiziert.<\/span><span class=\"gts_text\" id=\"gts_text_33\"><br \/>\n<\/span><\/p>\n<p><span class=\"gts_text\" id=\"gts_text_34\">Giraffen k\u00f6nnen in den selben Orten leben wie Nutztiere, da Giraffen es bevorzugen, Bl\u00e4tter zu fressen, welche die Farmtiere nicht erreichen k\u00f6nnen. Wenn jedoch die Bauern alle B\u00e4ume eines Bereiches entfernen, ist die Giraffe in Schwierigkeiten. Obwohl Giraffen als Spezies sicher sind, geht die Anzahl in manchen Teilen Afrikas runter.<br \/>\n<\/span><span class=\"gts_text\" id=\"gts_text_36\"><\/span><\/p>\n<h3><span class=\"gts_text\" id=\"gts_text_37\">Andere Giraffen Tatsachen und Informationen<\/span><\/h3>\n<p><span class=\"gts_text\" id=\"gts_text_38\">Die Giraffe braucht sehr wenig Schlaf &#8211; nur um die 2 Stunden am Tag, mit ganz kleinen Schl\u00e4fchen zwischendurch. Obwohl Giraffen sehr leise scheinen, machen sie in der Tat alle m\u00f6glichen Ger\u00e4usche &#8211; Husten, Grunzen, Bl\u00f6ken, Pfeifen &#8211; und eine Menge anderer Ger\u00e4usche die zu tief sind, als das wir sie h\u00f6ren k\u00f6nnten.<br \/>\n<\/span><span class=\"gts_text\" id=\"gts_text_39\"><\/span><\/p>\n<p><span class=\"gts_text\" id=\"gts_text_40\"><\/span><span class=\"gts_text\" id=\"gts_text_42\"> Wissenschaftler tuen Giraffen in eine Familie von S\u00e4ugetieren namens <em>Giraffidae<\/em>. Es gibt heutzutage nur zwei lebende Giraffidae, die Giraffe selbst und das Okapi (ein wundersch\u00f6n aussehendes Tier und das einzige S\u00e4ugetier das seine eigenen Ohren lecken kann). Giraffidae hingegen sind Wiederk\u00e4uer, welche wiederum in der \u201eOrdnung\u201c names <em>Artiodactyla<\/em> sind oder \u201e<a title=\"Paarhufer\" href=\"http:\/\/www.big-animals.com\/de\/paarhufer\/\">Paarhufer<\/a>\u201c.<\/span><\/p>\n<p><span class=\"gts_text\" id=\"gts_text_43\">Somit sind Giraffen<\/span><\/p>\n<ul>\n<li><span class=\"gts_text\" id=\"gts_text_44\">Die weltgr\u00f6\u00dften Giraffenartigen &#8211; da sie gr\u00f6\u00dfer sind als Okapis<\/span><\/li>\n<li><span class=\"gts_text\" id=\"gts_text_45\">Die weltgr\u00f6\u00dften Wiederk\u00e4uer &#8211; das bedeutet, die Gr\u00f6\u00dften unter den fast 200 Arten von Tieren, die ihr wiedergek\u00e4utes Futter wiederk\u00e4uen<br \/>\n<\/span><\/li>\n<li><span class=\"gts_text\" id=\"gts_text_46\">Die Weltgr\u00f6\u00dften von den fast 230 Arten der \u201ePaarhufer\u201c &#8211; jedoch nicht die schwersten, da ein <a title=\"Nilpferd\" href=\"http:\/\/www.big-animals.com\/de\/nilpferd\/\">Nilpferd<\/a> ungef\u00e4hr das Gleiche wie eine Giraffe wiegt<\/span><\/li>\n<li><span class=\"gts_text\" id=\"gts_text_47\">Die Weltgr\u00f6\u00dfen von den 5400 Arten von <a title=\"Proboscidea\" href=\"http:\/\/www.big-animals.com\/de\/proboscidea\/\">S\u00e4ugetieren<\/a><\/span><\/li>\n<\/ul>\n<p><span class=\"gts_text\" id=\"gts_text_48\">sowie das h\u00f6chste lebende <a title=\"Die gr\u00f6\u00dften Tiere der Welt!\" href=\"http:\/\/www.big-animals.com\/de\/die-groessten-tiere-der-welt\/\">Tier<\/a> der Welt.<\/span><\/p>\n<p><span class=\"gts_text\" id=\"gts_text_49\">W<\/span><span class=\"gts_text\" id=\"gts_text_53\">enn eine Giraffe laufen will, kann sie sehr schnell laufen. Dank seiner langen Beine, kann es Geschwindigkeiten von 55 km\/h erreichen. Die meisten vierbeinigen Tiere, bewegen ihre vorderen rechten Beine und hinteren linken Beine zusammen nach vorn und dann ihre vorderen linken Beine und hinteren rechten Beine. Wenn eine Giraffe das versuchen w\u00fcrde, k\u00f6nnte es hinfallen! Also stattdessen bewegt es seine beiden linken Beine vorw\u00e4rts und dann seine beiden rechten Beine &#8211; mit Schritten die bis zu 5 Meter lang sind.<br \/>\n<\/span><\/p>\n<div style=\"text-align: center\">\n<figure id=\"attachment_1078\" aria-describedby=\"caption-attachment-1078\" style=\"width: 475px\" class=\"wp-caption aligncenter\"><a href=\"http:\/\/www.big-animals.com\/wp-content\/uploads\/2008\/12\/GiraffeHead.jpg\"><img loading=\"lazy\" decoding=\"async\" class=\"size-large wp-image-1078   \" title=\"Diese Giraffen-Fotografie ist durch Michigan-Fotograf Cody-Hough\" alt=\"Diese Giraffen-Fotografie ist durch Michigan-Fotograf Cody-Hough\" src=\"http:\/\/www.big-animals.com\/wp-content\/uploads\/2008\/12\/GiraffeHead-791x1024.jpg\" width=\"475\" height=\"614\" \/><\/a><figcaption id=\"caption-attachment-1078\" class=\"wp-caption-text\">Dieses Giraffenfoto ist vom Michigan Fotografen Cody Hough<\/figcaption><\/figure>\n<\/div>\n","protected":false},"excerpt":{"rendered":"<p>Die Giraffe ist das welth\u00f6chste lebende Tier &#8211; eine m\u00e4nnliche Giraffe w\u00e4chst bis zu 4,9 &#8211; 5,5 Meter hoch. Die h\u00f6chste Giraffe \u00fcberhaupt war 19,2 Fuss gro\u00df! Wissenschaftler nennen die Giraffe Giraffa Camelopardus, Das Wort \u201eGiraffe\u201c kommt vom arabischen Wort f\u00fcr \u201ehoch\u201c. In alten Zeiten wurde die Giraffe ein \u201eKamel-leopard\u201c genannt, da es Flecken wie &hellip; <a href=\"https:\/\/www.big-animals.com\/de\/die-giraffe-das-hoechste-tier-der-welt\/\" class=\"more-link\">Continue reading <span class=\"screen-reader-text\">Die Giraffe &#8211; das h\u00f6chste Tier der Welt!<\/span><\/a><\/p>\n","protected":false},"author":1,"featured_media":0,"parent":0,"menu_order":0,"comment_status":"closed","ping_status":"open","template":"","meta":{"_acf_changed":false,"footnotes":""},"acf":[],"_links":{"self":[{"href":"https:\/\/www.big-animals.com\/de\/wp-json\/wp\/v2\/pages\/70"}],"collection":[{"href":"https:\/\/www.big-animals.com\/de\/wp-json\/wp\/v2\/pages"}],"about":[{"href":"https:\/\/www.big-animals.com\/de\/wp-json\/wp\/v2\/types\/page"}],"author":[{"embeddable":true,"href":"https:\/\/www.big-animals.com\/de\/wp-json\/wp\/v2\/users\/1"}],"replies":[{"embeddable":true,"href":"https:\/\/www.big-animals.com\/de\/wp-json\/wp\/v2\/comments?post=70"}],"version-history":[{"count":4,"href":"https:\/\/www.big-animals.com\/de\/wp-json\/wp\/v2\/pages\/70\/revisions"}],"predecessor-version":[{"id":522,"href":"https:\/\/www.big-animals.com\/de\/wp-json\/wp\/v2\/pages\/70\/revisions\/522"}],"wp:attachment":[{"href":"https:\/\/www.big-animals.com\/de\/wp-json\/wp\/v2\/media?parent=70"}],"curies":[{"name":"wp","href":"https:\/\/api.w.org\/{rel}","templated":true}]}}