{"id":71,"date":"2011-05-09T11:34:03","date_gmt":"2011-05-09T11:34:03","guid":{"rendered":""},"modified":"2014-04-25T12:49:47","modified_gmt":"2014-04-25T12:49:47","slug":"die-japanische-seespinne","status":"publish","type":"page","link":"https:\/\/www.big-animals.com\/de\/die-japanische-seespinne\/","title":{"rendered":"Die japanische Seespinne"},"content":{"rendered":"<h3><span class=\"gts_text\" id=\"gts_text_1\">Was ist die japanische Seespinne?<\/span><\/h3>\n<p><span class=\"gts_text\" id=\"gts_text_2\">Der weltgr\u00f6\u00dfte <a title=\"Die gr\u00f6\u00dften Gliederf\u00fc\u00dfer der Welt\" href=\"http:\/\/www.big-animals.com\/de\/die-groessten-gliederfuesser-der-welt\/\">Gliederf\u00fc\u00dfer<\/a> ist die japanische Seespinne. Sie werden Seespinne genannt, weil ihre langen, d\u00fcnnen Beine sie wie Spinnen aussehen lassen! Du kannst ein Bild von einem hier sehen. <\/span><span class=\"gts_text\" id=\"gts_text_4\"><\/span><\/p>\n<div style=\"text-align: center\"><img decoding=\"async\" class=\" gts_attribute gts_attribute_1_alt\" style=\"width: 500px;height: 405px\" alt=\"Japanische Seespinne in der Singapur-Unterwasserwelt in Sentosa-Insel\" src=\"http:\/\/ba.dr-mikes-maths.com\/\/wp-content\/themes\/twentyten\/images\/ba\/japanese-spider-crab-in-singapore.jpg\" \/><br \/>\n<span style=\"font-weight: bold\"><span class=\"gts_text\" id=\"gts_text_5\">Die japanische Seespinne ist das weltgr\u00f6\u00dfte <a title=\"Die gr\u00f6\u00dften Krebstiere der Welt!\" href=\"http:\/\/www.big-animals.com\/de\/die-groessten-krebstiere-der-welt\/\">Krebstier<\/a> und der weltgr\u00f6\u00dfte Arthropode.<br \/>\nDieses Foto wurde bei der Singapore Underwater World in Sentosa gemacht.\u00a0 <\/span><span class=\"gts_text\" id=\"gts_text_6\"><\/span><\/span><\/div>\n<p><span class=\"gts_text\" id=\"gts_text_7\">Die japanische Seespinne kann bis zu 20kg wiegen und misst im voll ausgestreckten Zustand 4 Meter von einer Fu\u00dfspitze zur Anderen! Ihr K\u00f6rper ist klein in Vergleich mit ihren Beinen, jedoch k\u00f6nnen sie immer noch 60cm erreichen. Sie haben 10 Beine &#8211; die vorderen zwei Beine werden als Scheren f\u00fcr die Nahrungsbeschaffung benutzt. Obwohl es das weltgr\u00f6\u00dfte <\/span><span class=\"gts_text\" id=\"gts_text_10\"><a title=\"Die gr\u00f6\u00dften Krebstiere der Welt!\" href=\"http:\/\/www.big-animals.com\/de\/die-groessten-krebstiere-der-welt\/\">Krebstier<\/a>, ist es nicht das Weltschwerste &#8211; der <a title=\"Der amerikanische Hummer \u2013 der schwerste Gliederf\u00fc\u00dfer der Welt\" href=\"http:\/\/www.big-animals.com\/de\/der-amerikanische-hummer-der-schwerste-gliederfuesser-der-welt\/\">amerikanische Hummer<\/a> wiegt mehr.<\/span><\/p>\n<h3><span class=\"gts_text\" id=\"gts_text_11\">Wo lebt die japanische Seespinne?<\/span><\/h3>\n<p><span class=\"gts_text\" id=\"gts_text_12\">Die japanische Seespinne kann im pazifischen Ozean um Japan gefunden werden. Sie verbringen ihre meiste Zeit unter Wasser &#8211; sie k\u00f6nnen in Wasser leben, dass bis zu 200-300m tief ist. Sie k\u00f6nnen bis zu 100 Jahre leben. Sie haben einen orangenen K\u00f6rper mit weissen Stellen an ihren d\u00fcnnen Beinen. Ihre Augen befinden sich auf der Vorderseite und zwei Dornen gucken zwischen ihnen heraus. W\u00e4hrend der Fr\u00fchlingszeit legen sie Eier in Wasser, das so tief ist wie 50 m. Sie fressen Pflanzen, Algen und kleine Fische. Ihre langen Beine helfen ihnen, sich schnell zu bewegen um ihre Beute zu fassen.<br \/>\n<\/span><span class=\"gts_text\" id=\"gts_text_19\"><\/span><\/p>\n<h3><span class=\"gts_text\" id=\"gts_text_20\">Was ist eine Seespinne?<\/span><\/h3>\n<p><span class=\"gts_text\" id=\"gts_text_21\">Es gibt um die 700 Arten von Seespinnen in der Welt &#8211; sie haben Schalen mit einem Punkt auf der Vorderseite und haben oft lange Beine. Es handelt sich hierbei um die 10% der bekannten Krabbenspezies &#8211; Wissenschaftler nennen sie <em>Brachyura<\/em>, was \u201ekurzer Schwanz\u201c bedeutet. Krabben sind Krebstiere mit einem oder gar keinem Schwanz. Die Krabben sind gemeinsam mit Hummern und Shrimps in einer Gruppe namens <em>Decapod<\/em>en eingeteilt (Zehnfu\u00df), und dann nochmal in eine gr\u00f6\u00dfere Gruppe von Krebstieren mit um die 22000 Spezies. \u00dcberraschenderweise, bedeutet der Name (<em>Malacostrata<\/em>) dieser gr\u00f6\u00dferen Gruppe eigentlich \u201eweiche Schale\u201c! Malacostrata sind Krebstiere und die Krebstiere sind gemeinsam mit Spinnen, Insekten, Hundertf\u00fc\u00dflern und Skorpionen in einem Stamm names <em>Arthropoden<\/em> gruppiert.<br \/>\n<\/span><span class=\"gts_text\" id=\"gts_text_34\"><\/span><\/p>\n<p><span class=\"gts_text\" id=\"gts_text_35\">So ist die japanische Seespinne nicht nur der weltgr\u00f6\u00dfte Arthropode, sondern auch<br \/>\n<\/span><\/p>\n<ul>\n<li><span class=\"gts_text\" id=\"gts_text_36\">Das weltgr\u00f6\u00dfte <a title=\"Die gr\u00f6\u00dften Krebstiere der Welt!\" href=\"http:\/\/www.big-animals.com\/de\/die-groessten-krebstiere-der-welt\/\">Krebstier<\/a><em>,<\/em><br \/>\n<\/span><\/li>\n<li><span class=\"gts_text\" id=\"gts_text_37\">Das weltgr\u00f6\u00dfte Malacostrata,<br \/>\n<\/span><\/li>\n<li><span class=\"gts_text\" id=\"gts_text_38\">Der weltgr\u00f6\u00dfte Decapode,<\/span><\/li>\n<li><span class=\"gts_text\" id=\"gts_text_39\">Die weltgr\u00f6\u00dfte und schwerste Krabbe und<br \/>\n<\/span><\/li>\n<li><span class=\"gts_text\" id=\"gts_text_40\">Die weltgr\u00f6\u00dfte und schwerste Seespinne<br \/>\n<\/span><\/li>\n<\/ul>\n<p><span class=\"gts_text\" id=\"gts_text_41\">Es ist nicht der schwerste Arthropode, das schwerste Krebstier oder der schwerste Decapode &#8211; diese Ehre geht an den amerikanischen Hummer, welcher die japanische Seespinne um 2kg \u00fcbertrifft.<br \/>\n<\/span><\/p>\n<h3><span class=\"gts_text\" id=\"gts_text_42\">Japanische Seespinnen und Menschen<\/span><\/h3>\n<p><span class=\"gts_text\" id=\"gts_text_43\">Menschen essen japanische Seespinnen. Sie werden als Delikatesse in verschiedenen Teilen Japans angesehen, wo es gesalzen und ged\u00fcnsted wird. Ungl\u00fccklicherweise, haben die Leute in manchen Teilen der Erde zu viele gefangen und die Anzahl der japanischen Seespinnen sinkt. Zur heutigen Zeit gibt man sich M\u00fche, die japanische Seespinne zu sch\u00fctzen, so dass sie nicht v\u00f6llig ausstirbt &#8211; zum Beispiel ist es Fischern nicht erlaubt sie w\u00e4hrend des Fr\u00fchlings zu fangen, wenn sie ihre Eier legen. Japanische Seespinnen sind sehr sanftm\u00fctig und popul\u00e4r in gro\u00dfen Aquarien.<\/span><span class=\"gts_text\" id=\"gts_text_47\"><br \/>\n<\/span><\/p>\n","protected":false},"excerpt":{"rendered":"<p>Was ist die japanische Seespinne? Der weltgr\u00f6\u00dfte Gliederf\u00fc\u00dfer ist die japanische Seespinne. Sie werden Seespinne genannt, weil ihre langen, d\u00fcnnen Beine sie wie Spinnen aussehen lassen! Du kannst ein Bild von einem hier sehen. Die japanische Seespinne ist das weltgr\u00f6\u00dfte Krebstier und der weltgr\u00f6\u00dfte Arthropode. Dieses Foto wurde bei der Singapore Underwater World in Sentosa &hellip; <a href=\"https:\/\/www.big-animals.com\/de\/die-japanische-seespinne\/\" class=\"more-link\">Continue reading <span class=\"screen-reader-text\">Die japanische Seespinne<\/span><\/a><\/p>\n","protected":false},"author":1,"featured_media":0,"parent":0,"menu_order":0,"comment_status":"closed","ping_status":"open","template":"","meta":{"_acf_changed":false,"footnotes":""},"acf":[],"_links":{"self":[{"href":"https:\/\/www.big-animals.com\/de\/wp-json\/wp\/v2\/pages\/71"}],"collection":[{"href":"https:\/\/www.big-animals.com\/de\/wp-json\/wp\/v2\/pages"}],"about":[{"href":"https:\/\/www.big-animals.com\/de\/wp-json\/wp\/v2\/types\/page"}],"author":[{"embeddable":true,"href":"https:\/\/www.big-animals.com\/de\/wp-json\/wp\/v2\/users\/1"}],"replies":[{"embeddable":true,"href":"https:\/\/www.big-animals.com\/de\/wp-json\/wp\/v2\/comments?post=71"}],"version-history":[{"count":4,"href":"https:\/\/www.big-animals.com\/de\/wp-json\/wp\/v2\/pages\/71\/revisions"}],"predecessor-version":[{"id":523,"href":"https:\/\/www.big-animals.com\/de\/wp-json\/wp\/v2\/pages\/71\/revisions\/523"}],"wp:attachment":[{"href":"https:\/\/www.big-animals.com\/de\/wp-json\/wp\/v2\/media?parent=71"}],"curies":[{"name":"wp","href":"https:\/\/api.w.org\/{rel}","templated":true}]}}