{"id":72,"date":"2011-05-09T11:34:18","date_gmt":"2011-05-09T11:34:18","guid":{"rendered":""},"modified":"2014-04-25T12:24:12","modified_gmt":"2014-04-25T12:24:12","slug":"der-netzpython","status":"publish","type":"page","link":"https:\/\/www.big-animals.com\/de\/der-netzpython\/","title":{"rendered":"Der Netzpython"},"content":{"rendered":"<p><span class=\"gts_text\" id=\"gts_text_1\">Die Netzpython ist die weltl\u00e4ngste <a title=\"Schlangen\" href=\"http:\/\/www.big-animals.com\/de\/schlangen\/\">Schlange<\/a> und das l\u00e4ngste <a title=\"Die gr\u00f6\u00dften Reptilien der Welt!\" href=\"http:\/\/www.big-animals.com\/de\/die-groessten-reptilien-der-welt\/\">Reptil<\/a>. Allerdings ist sie nicht die schwerste Schlange der Welt. Die schweste Schlange der Welt ist die Anakonda. Die erwachsene Netzpython kann bis \u00fcber 8,7 Meter in der L\u00e4nge wachsen. Im Durchschnitt wachsen sie bis um 3-6 Meter. Sie sind schlank und schm\u00e4chtig.<\/span> <span class=\"gts_text\" id=\"gts_text_2\"><\/span><span class=\"gts_text\" id=\"gts_text_6\"><\/span><\/p>\n<figure id=\"attachment_466\" aria-describedby=\"caption-attachment-466\" style=\"width: 300px\" class=\"wp-caption alignleft\"><a href=\"http:\/\/www.big-animals.com\/wp-content\/uploads\/2011\/02\/ReticulatedPythonSingaporeZoo.jpg\"><img loading=\"lazy\" decoding=\"async\" class=\"size-medium wp-image-466\" title=\"Retikulierte Pythonschlange an Singapur-Zoo\" alt=\"Retikulierte Pythonschlange an Singapur-Zoo\" src=\"http:\/\/www.big-animals.com\/wp-content\/uploads\/2011\/02\/ReticulatedPythonSingaporeZoo-300x217.jpg\" width=\"300\" height=\"217\" \/><\/a><figcaption id=\"caption-attachment-466\" class=\"wp-caption-text\">Netzpython im Singapore Zoo<\/figcaption><\/figure>\n<p><span class=\"gts_text\" id=\"gts_text_7\"><em>Retikuliert<\/em> bedeutet <em>Netzwerk<\/em> und bezieht sich auf die Farben und Muster auf seinen Schuppen. Diese Farben und Muster erlauben der Netzpython sich sehr gut mit Hilfe der Bl\u00e4tter der Regenw\u00e4lder zu tarnen. Diese Muster auf den Schuppen sind ein kompliziertes geometrisches Muster mit verschiedenen Farben. Die Farben enthalten hellbraun, cremefarben, gelb, dunkelbraun oder sogar schwarz. Der Kopf einer Netzpython ist gelblich mit einer d\u00fcnnen, dunklen Linie. Ihre B\u00e4uche sind gelb oder weiss.<\/span><span class=\"gts_text\" id=\"gts_text_12\"><\/span><em><span class=\"gts_text\" id=\"gts_text_12\"><br \/>\n<\/span><\/em><\/p>\n<p><span class=\"gts_text\" id=\"gts_text_13\">Sie sind nicht giftig, sind jedoch riesige <em>W\u00fcrgeschlangen<\/em>. Das bedeutet, dass sie sich um ihre Beute wickeln und es solange erdr\u00fccken, bis es nicht mehr in der Lage ist zu atmen. Am 21. Januar 2009, wurde ein 3 Jahre alter Junge in Las Vegas von einer 5,5 Meter Netzpython gew\u00fcrgt, bis sich das Gesicht des Jungen blau f\u00e4rbte. Gl\u00fccklicherweise konnte seine Mutter ihn retten, in dem sie die Python mit einem Messer erstach. Tats\u00e4chlich half seine Mutter ihrer Freundin dabei die Python zu babysitten! Babysitten Sie niemals eine Python, ausser Sie wissen wie man vern\u00fcnftig damit umgeht! Pythons greifen normalerweise keine Menschen an, aber sie werden Menschen w\u00fcrgen, wenn sie ihn mit Futter verwechseln oder wenn der Mensch sie bedroht.<br \/>\n<\/span><span class=\"gts_text\" id=\"gts_text_18\"><\/span><\/p>\n<p><span class=\"gts_text\" id=\"gts_text_19\">Die Netzpythons leben in Regenw\u00e4ldern. Sie lieben Fl\u00fcsse, Str\u00f6me und Seen. Sie sind gute Schwimmer. Sie k\u00f6nnen sie weit auf dem Meer oder sogar auf kleinen Inseln finden. Sie k\u00f6nnen in S\u00fcdostasien von den Nikobaren (nahe Sri Lanka), Bangladesch, Myanmar, Thailand, Laos, Kambodscha, Vietnam, Malaysien, Singapur und auf vielen Inseln von Indonesien und den Phillipinen gefunden werden.<\/span><span class=\"gts_text\" id=\"gts_text_23\"><br \/>\n<\/span><\/p>\n<figure id=\"attachment_468\" aria-describedby=\"caption-attachment-468\" style=\"width: 300px\" class=\"wp-caption alignright\"><a href=\"http:\/\/www.big-animals.com\/wp-content\/uploads\/2011\/02\/Reticulated_Python_And_Human1.png\"><img loading=\"lazy\" decoding=\"async\" class=\"size-medium wp-image-468\" title=\"Retikulierte Pythonschlange und Mensch\" alt=\"Retikulierte Pythonschlange und Mensch\" src=\"http:\/\/www.big-animals.com\/wp-content\/uploads\/2011\/02\/Reticulated_Python_And_Human1-300x224.png\" width=\"300\" height=\"224\" \/><\/a><figcaption id=\"caption-attachment-468\" class=\"wp-caption-text\">Netzpython und Mensch<\/figcaption><\/figure>\n<p><span class=\"gts_text\" id=\"gts_text_24\">Sie ern\u00e4hren sich von S\u00e4ugetieren und manchmal jagen sie nach V\u00f6geln. Sie sind Fleischfresser. Kleine Netzpythons um 3-4 Meter lang essen Ratten und gr\u00f6\u00dfere Netzpythons lauern auf Schweine, Enten, Rehe und selten sind Menschen auf ihrem Speisemen\u00fc. Wenn sie l\u00e4nger als 5 Meter lang sind, haben sie die F\u00e4higkeit einen Menschen zu t\u00f6ten und zu fressen. Die Netzpython ist dazu f\u00e4hig, Tiere zu verschlucken, die gr\u00f6\u00dfer sind als ihr eigener Kopf, weil ihre Sch\u00e4delknochen und der Unterkiefer lose mit Ligamenten verbunden ist. Dies erlaubt dem Kiefer und den Knochen weit ge\u00f6ffnet zu werden, w\u00e4hrend die Beute verschluckt wird. Ebenso kann sich ihre haut erweitern. Also wenn eine Netzpython ein Schwein verschluckt, k\u00f6nnen Sie einen gro\u00dfen Knoten in dem K\u00f6rper der Python sehen, bis das Schwein verdaut ist. Alles in einem k\u00f6nnen diese Netzpythons Beute verschlucken, die 1\/4 ihrer eigenen Gr\u00f6\u00dfe entspricht und so schwer ist wie sie.<\/span><span class=\"gts_text\" id=\"gts_text_32\"><br \/>\n<\/span><\/p>\n<p><span class=\"gts_text\" id=\"gts_text_33\">Eine weibliche Netzpython legt zwischen 15 zu 80 Eiern. Die optimale Inkubationstemperatur ist 31C\u00b0 &#8211; 32C\u00b0. Sie umklammert ihre Eier und zittert, um sicher zu gehen dass die perfekte Temperatur aufrechterhalten wird. Die Eier brauchen im Durchschnitt 88 Tage um zu schl\u00fcpfen. Die jungen Netzpythons brechen das Ei auf, indem sie einen Schlitz in ihre Eierschale schneiden mit ihren Eierz\u00e4hnen. Die Schl\u00fcpflinge sind mindestens 60 Zentimeter in der L\u00e4nge.<\/span><span class=\"gts_text\" id=\"gts_text_38\"><br \/>\n<\/span><\/p>\n<p><span class=\"gts_text\" id=\"gts_text_39\">Es gibt eine zunehmende Nachfrage von Netzpythons, weil manche Leute sie als Haustiere halten wollen. Ausserdem ist deren Haut sehr popul\u00e4r f\u00fcr Lederprodukte wie Geldb\u00f6rsen, G\u00fcrtel und Schuhe und es wird auch f\u00fcr sein Fleisch gejagt. Die Halter einer Netzpython sollten vorhergehende Erfahrung mit dem Umgang dieser gro\u00dfen Schlange haben. Wenn sie nicht vorsichtig sind, kann die Netzpython aus seinem K\u00e4fig fliehen und dies bringt den Halter in Gefahr, die Nachbarn und andere Haustiere.<\/span><span class=\"gts_text\" id=\"gts_text_41\"><br \/>\n<\/span><\/p>\n","protected":false},"excerpt":{"rendered":"<p>Die Netzpython ist die weltl\u00e4ngste Schlange und das l\u00e4ngste Reptil. Allerdings ist sie nicht die schwerste Schlange der Welt. Die schweste Schlange der Welt ist die Anakonda. Die erwachsene Netzpython kann bis \u00fcber 8,7 Meter in der L\u00e4nge wachsen. Im Durchschnitt wachsen sie bis um 3-6 Meter. Sie sind schlank und schm\u00e4chtig. Retikuliert bedeutet Netzwerk &hellip; <a href=\"https:\/\/www.big-animals.com\/de\/der-netzpython\/\" class=\"more-link\">Continue reading <span class=\"screen-reader-text\">Der Netzpython<\/span><\/a><\/p>\n","protected":false},"author":1,"featured_media":0,"parent":0,"menu_order":0,"comment_status":"closed","ping_status":"open","template":"","meta":{"_acf_changed":false,"footnotes":""},"acf":[],"_links":{"self":[{"href":"https:\/\/www.big-animals.com\/de\/wp-json\/wp\/v2\/pages\/72"}],"collection":[{"href":"https:\/\/www.big-animals.com\/de\/wp-json\/wp\/v2\/pages"}],"about":[{"href":"https:\/\/www.big-animals.com\/de\/wp-json\/wp\/v2\/types\/page"}],"author":[{"embeddable":true,"href":"https:\/\/www.big-animals.com\/de\/wp-json\/wp\/v2\/users\/1"}],"replies":[{"embeddable":true,"href":"https:\/\/www.big-animals.com\/de\/wp-json\/wp\/v2\/comments?post=72"}],"version-history":[{"count":4,"href":"https:\/\/www.big-animals.com\/de\/wp-json\/wp\/v2\/pages\/72\/revisions"}],"predecessor-version":[{"id":510,"href":"https:\/\/www.big-animals.com\/de\/wp-json\/wp\/v2\/pages\/72\/revisions\/510"}],"wp:attachment":[{"href":"https:\/\/www.big-animals.com\/de\/wp-json\/wp\/v2\/media?parent=72"}],"curies":[{"name":"wp","href":"https:\/\/api.w.org\/{rel}","templated":true}]}}