{"id":73,"date":"2011-05-09T11:34:30","date_gmt":"2011-05-09T11:34:30","guid":{"rendered":""},"modified":"2014-02-25T07:51:13","modified_gmt":"2014-02-25T07:51:13","slug":"der-strauss-der-groesste-vogel-der-welt","status":"publish","type":"page","link":"https:\/\/www.big-animals.com\/de\/der-strauss-der-groesste-vogel-der-welt\/","title":{"rendered":"Der Strau\u00df &#8211; der gr\u00f6\u00dfte Vogel der Welt!"},"content":{"rendered":"<h3><span class=\"gts_text\" id=\"gts_text_1\">Wie gro\u00df ist ein Strau\u00df?<\/span><\/h3>\n<p><span class=\"gts_text\" id=\"gts_text_2\">Der afrikanische Strauss ist in jeder Hinsicht der weltgr\u00f6\u00dfte <a href=\"http:\/\/www.big-animals.com\/de\/die-groessten-voegel-der-welt\/\">Vogel<\/a>. Die gr\u00f6\u00dften Strau\u00dfe leben im Norden Afrikas und wachsen bis um die 2,75 Meter hoch. Sie k\u00f6nnen \u00fcber 150 kg wiegen. <\/span><span class=\"gts_text\" id=\"gts_text_4\"><img decoding=\"async\" style=\"width: 389px;height: 417px\" title=\"ein typischer Mensch nahe bei einem typischen Strau\u00df\" alt=\"ein Bild, das den Verwandten Gr\u00f6\u00dfen eines Menschen und des Strau\u00dfes zeigt\" src=\"http:\/\/ba.dr-mikes-maths.com\/\/wp-content\/themes\/twentyten\/images\/ba\/ostrich-and-human.png\" \/><\/span><\/p>\n<p><span class=\"gts_text\" id=\"gts_text_4\">Sowie sie die gr\u00f6\u00dften V\u00f6gel sind, legen sie auch gr\u00f6\u00dfere Eier als jeder andere Vogel &#8211; ein einziges Straussenei wiegt so viel wie zwei Dutzend H\u00fchnereier! Das Bild hier zeigt wie gro\u00df ein Strau\u00df im Vergleich mit einem durchschnittlichen Menschen ist. <\/span><span class=\"gts_text\" id=\"gts_text_6\"><\/span><\/p>\n<h3><span class=\"gts_text\" id=\"gts_text_7\">Strau\u00df &#8211; Tatsachen und Mythen<\/span><\/h3>\n<p><span class=\"gts_text\" id=\"gts_text_8\">Strau\u00dfe hat man mindestens seit der r\u00f6mischen Zeit gekannt &#8211; immerhin w\u00fcrde es schwer sein, so einen gro\u00dfen Vogel auf den grasigen Landschaften von Afrika zu \u00fcbersehen! Sie wurden lange wegen ihres Fleisches und ihrer Federn gejagt. Tats\u00e4chlich sind sie im 18ten Jahrhundert fast ausgestorben. Heutzutage kommen Produkte wie Strau\u00dffleisch, Strau\u00dfleder und Strau\u00dffedern von Strau\u00dffarmen &#8211; die wilden Strau\u00dfe werden die meiste Zeit alleine gelassen.<br \/>\n<\/span><span class=\"gts_text\" id=\"gts_text_11\"><\/span><\/p>\n<p><span class=\"gts_text\" id=\"gts_text_12\">Strau\u00dfe begraben ihren Kopf nicht im Sand, wenn sie ver\u00e4ngstigt sind. Was sie jedoch <em>tun<\/em> ist, dass wenn sie nicht weglaufen k\u00f6nnen, sich flach hinlegen und ihren Nacken und Kopf auf den Boden legen. Dann sehen sie von einer gro\u00dfen Distanz aus, als w\u00e4ren sie ein normaler Teil der Landschaft. Sie waren auch bekannt daf\u00fcr Sand und Kiesel zu fressen &#8211; vielleicht hilft ihnen dies, ihr Futter zu verdauen. Vielleicht sahen einige Leute einen Strau\u00df diese Dinge tun und missverstanden, was sie sahen.<br \/>\n<\/span><span class=\"gts_text\" id=\"gts_text_16\"><\/span><\/p>\n<p><span class=\"gts_text\" id=\"gts_text_17\">Strau\u00dfe k\u00f6nnen ebenfalls sehr schnell laufen &#8211; 70 km\/h in kleinen Spr\u00fcngen. Das ist schneller als ein Pferd! Und sie k\u00f6nnen Geschwindigkeiten von 50 km\/h f\u00fcr 30 Minuten halten, wenn sie m\u00fcssen. Zuguterletzt, wenn alles andere fehlschl\u00e4gt, hat ein Strau\u00df eine lange Klaue an seinen Zehen und kann kraftvoll genug treten um einen L\u00f6wen zu t\u00f6ten!<br \/>\n<\/span><span class=\"gts_text\" id=\"gts_text_20\"><\/span><\/p>\n<p><img loading=\"lazy\" decoding=\"async\" title=\"Strau\u00df und K\u00fcken\" alt=\"Strau\u00df und K\u00fcken\" src=\"http:\/\/ba.dr-mikes-maths.com\/\/wp-content\/themes\/twentyten\/images\/ba\/ostrich_and_chick.jpg\" width=\"297\" height=\"404\" \/><br \/>\n<span style=\"float: left;text-align: center;font-size: 8px\"><span class=\"gts_text\" id=\"gts_text_21\">Strau\u00df und K\u00fcken &#8211; Foto von \u201eBMK\u201c<\/span><\/span><\/p>\n<p><span class=\"gts_text\" id=\"gts_text_25\">Wissenschaftler nennen den Strau\u00df <em>Struthio Camelus<\/em>, was \u201eStrau\u00dfkamel\u201c bedeutet. Das ist so, weil die Art wie ein es geht, fr\u00fche Wissenschaftler an ein Kamel erinnerte. Strau\u00dfe sind die einzig lebenden Mitglieder der Mitglieder von der Vogel \u201eFamilie\u201c <em>Struthionidae. Sie geh\u00f6ren auch zu der Vogel \u201eOrdnung\u201c Struthioniformes<\/em>. V\u00f6gel, die in dieser Ordnung sind werden auch <a title=\"Laufv\u00f6gel\" href=\"http:\/\/www.big-animals.com\/de\/laufvoegel\/\">Ratite oder Laufv\u00f6gel<\/a> genannt &#8211; das hat mit Ratten nichts zu tun, das Wort <em>Ratite<\/em> kommt von dem lateinischen Wort f\u00fcr \u201eFlo\u00df\u201c. Der Brustknochen eines Laufvogels ist flach wie ein Flo\u00df. Die meisten V\u00f6gel haben eine besonderen Kamm, der aus ihrem Brustknochen herausragt &#8211; ihre starken Fl\u00fcgekmuskeln befestigen sich an diesem Kamm. <\/span><span class=\"gts_text\" id=\"gts_text_27\"><\/span><\/p>\n<p><span class=\"gts_text\" id=\"gts_text_28\">Sowie der Strau\u00df der weltgr\u00f6\u00dfte <a href=\"http:\/\/www.big-animals.com\/de\/die-groessten-voegel-der-welt\/\">Vogel<\/a> ist, sind Strau\u00dfe<\/span><\/p>\n<ul>\n<li><span class=\"gts_text\" id=\"gts_text_29\">Die gr\u00f6\u00dften Laufv\u00f6gel der Welt<\/span><\/li>\n<li><span class=\"gts_text\" id=\"gts_text_30\">Der gr\u00f6\u00dfte (und kleinste und einzigste) <span style=\"font-style: italic\">Struthionidae<\/span> der Welt.<\/span><\/li>\n<\/ul>\n<p><span class=\"gts_text\" id=\"gts_text_31\">Der Strau\u00df frisst fast alles, aber seine nat\u00fcrliche Di\u00e4t sind Gr\u00e4ser und Pflanzen, ab und zu gibt es mal ein Insekt oder einen Salamander.<br \/>\n<\/span><\/p>\n<h3><span class=\"gts_text\" id=\"gts_text_32\">Strau\u00dffarmen<\/span><\/h3>\n<p><span class=\"gts_text\" id=\"gts_text_33\">Strau\u00dfe werden nicht mehr gejagt. Stattdessen werden sie auf Strau\u00dffarmen oder Strau\u00dfranches gez\u00fcchtet. Strau\u00dfe sind nutzvoll wegen ihres Fleisches, der Federn, der Haut und sogar ihrer Eierschale! Strau\u00dffarmen sind ebenfalls eine Touristenattraktion in vielen Orten &#8211; ich besuchte mal einen Strau\u00dfpark in Malaysien und es gab sogar f\u00fcr Kinder die M\u00f6glichkeit, Strau\u00dfritte zu erleben!<br \/>\n<\/span><span class=\"gts_text\" id=\"gts_text_36\"><\/span><\/p>\n<h3><span class=\"gts_text\" id=\"gts_text_37\">Strau\u00dfeier<\/span><\/h3>\n<p><img loading=\"lazy\" decoding=\"async\" title=\"ein Strau\u00dfei verglich mit dem Ei eines Huhns\" alt=\"ein Strau\u00dfei verglich mit dem Ei eines Huhns\" src=\"http:\/\/ba.dr-mikes-maths.com\/\/wp-content\/themes\/twentyten\/images\/ba\/ostrichegg.jpg\" width=\"400\" height=\"300\" \/><\/p>\n<p><span class=\"gts_text\" id=\"gts_text_39\"><\/span><span class=\"gts_text\" id=\"gts_text_43\"> Strau\u00dfeier sind riesig! Das Bild rechts zeigt ein Strau\u00dfenei neben einem H\u00fchnerei. Die Eierschale ist sehr dick und stark. Es muss viel aushalten, wenn ein Tier, dass ein Sechstel einer Tonne wiegt, darauf sitzen soll! Strau\u00dfeierschalen werden f\u00fcr Kunst verwendet &#8211; Sie k\u00f6nnen\u00a0 zum Beispiel geschnitzte Strau\u00dfeierlampen und viele andere Sachen kaufen. Sie k\u00f6nnen viele sch\u00f6ne Beipiele bei einer <a href=\"http:\/\/images.google.com\/images?q=ostrich%20egg%20art&amp;ie=UTF-8&amp;oe=utf-8&amp;rls=org.mozilla:en-US:official&amp;client=firefox-a&amp;um=1&amp;sa=N&amp;tab=wi\" target=\"_blank\">Google-Bildsuche<\/a> sehen.<\/span><\/p>\n<h3><span class=\"gts_text\" id=\"gts_text_44\">Strau\u00dffleisch<\/span><\/h3>\n<p><span class=\"gts_text\" id=\"gts_text_45\">Strau\u00dffleisch hat eine rote Farbe.<\/span> <span class=\"gts_text\" id=\"gts_text_46\">Es ist auch sehr gesundes Fleisch &#8211; es hat einen niedrigen Fettgehalt und einen hohen Gehalt an Mineralien wie Eisen und Kalzium.<\/span> <span class=\"gts_text\" id=\"gts_text_47\">Wenn Sie daran interessiert sind, es zu probieren, k\u00f6nnten Sie es m\u00f6glicherweise im Supermarkt kaufen!<\/span><\/p>\n<h3><span class=\"gts_text\" id=\"gts_text_48\">Strau\u00dffedern<\/span><\/h3>\n<p><span class=\"gts_text\" id=\"gts_text_49\">Strau\u00dfe lassen ihre Federn nat\u00fcrlicherweise zu einer bestimmten Zeit jedes Jahres fallen.<\/span> <span class=\"gts_text\" id=\"gts_text_50\">Strau\u00dfhalter k\u00f6nnen die Federn sammeln, ohne dem Vogel zu schaden.<\/span> <span class=\"gts_text\" id=\"gts_text_51\">Strau\u00dffedern werden benutzt, um sehr gute Federstaubt\u00fccher herzustellen.<\/span><\/p>\n<h3><span class=\"gts_text\" id=\"gts_text_52\">Strau\u00dfleder<\/span><\/h3>\n<p><span class=\"gts_text\" id=\"gts_text_53\">Die Haut eines Strau\u00dfes macht sehr starkes Leder aus, das zu Geldb\u00f6rsen, Handtaschen, Stiefel, Gurte und vielen anderen Dingen gemacht werden kann.<\/span><\/p>\n<h3><span class=\"gts_text\" id=\"gts_text_54\">Strau\u00dflaufen<\/span><\/h3>\n<p><span class=\"gts_text\" id=\"gts_text_55\">Das Strau\u00dflaufen f\u00fchrt in der heutigen Zeit eher zu Stirnrunzeln, war aber einst sehr popul\u00e4r.<\/span> <span class=\"gts_text\" id=\"gts_text_56\">Das folgende Bild zeigt eine alte Postkarte mit einem Strau\u00dfwagenrennl\u00e4ufer.<\/span><\/p>\n<div style=\"text-align: center\"><img decoding=\"async\" title=\"Eine alte Postkarte mit einem Strau\u00dfwagenrennl\u00e4ufer\" alt=\"Eine alte Postkarte mit einem Strau\u00dfwagenrennl\u00e4ufer\" src=\"http:\/\/ba.dr-mikes-maths.com\/\/wp-content\/themes\/twentyten\/images\/ba\/ostrichcartjacksonville.jpg\" \/><\/div>\n","protected":false},"excerpt":{"rendered":"<p>Wie gro\u00df ist ein Strau\u00df? Der afrikanische Strauss ist in jeder Hinsicht der weltgr\u00f6\u00dfte Vogel. Die gr\u00f6\u00dften Strau\u00dfe leben im Norden Afrikas und wachsen bis um die 2,75 Meter hoch. Sie k\u00f6nnen \u00fcber 150 kg wiegen. Sowie sie die gr\u00f6\u00dften V\u00f6gel sind, legen sie auch gr\u00f6\u00dfere Eier als jeder andere Vogel &#8211; ein einziges Straussenei &hellip; <a href=\"https:\/\/www.big-animals.com\/de\/der-strauss-der-groesste-vogel-der-welt\/\" class=\"more-link\">Continue reading <span class=\"screen-reader-text\">Der Strau\u00df &#8211; der gr\u00f6\u00dfte Vogel der Welt!<\/span><\/a><\/p>\n","protected":false},"author":1,"featured_media":0,"parent":0,"menu_order":0,"comment_status":"closed","ping_status":"open","template":"","meta":{"_acf_changed":false,"footnotes":""},"acf":[],"_links":{"self":[{"href":"https:\/\/www.big-animals.com\/de\/wp-json\/wp\/v2\/pages\/73"}],"collection":[{"href":"https:\/\/www.big-animals.com\/de\/wp-json\/wp\/v2\/pages"}],"about":[{"href":"https:\/\/www.big-animals.com\/de\/wp-json\/wp\/v2\/types\/page"}],"author":[{"embeddable":true,"href":"https:\/\/www.big-animals.com\/de\/wp-json\/wp\/v2\/users\/1"}],"replies":[{"embeddable":true,"href":"https:\/\/www.big-animals.com\/de\/wp-json\/wp\/v2\/comments?post=73"}],"version-history":[{"count":4,"href":"https:\/\/www.big-animals.com\/de\/wp-json\/wp\/v2\/pages\/73\/revisions"}],"predecessor-version":[{"id":324,"href":"https:\/\/www.big-animals.com\/de\/wp-json\/wp\/v2\/pages\/73\/revisions\/324"}],"wp:attachment":[{"href":"https:\/\/www.big-animals.com\/de\/wp-json\/wp\/v2\/media?parent=73"}],"curies":[{"name":"wp","href":"https:\/\/api.w.org\/{rel}","templated":true}]}}