{"id":74,"date":"2011-05-09T11:34:52","date_gmt":"2011-05-09T11:34:52","guid":{"rendered":""},"modified":"2014-04-25T12:40:51","modified_gmt":"2014-04-25T12:40:51","slug":"das-diprotodon-das-groesste-beuteltier-ueberhaupt","status":"publish","type":"page","link":"https:\/\/www.big-animals.com\/de\/das-diprotodon-das-groesste-beuteltier-ueberhaupt\/","title":{"rendered":"Das Diprotodon &#8211; das gr\u00f6\u00dfte Beuteltier \u00fcberhaupt!"},"content":{"rendered":"<h3><span class=\"gts_text\" id=\"gts_text_1\">Wie gro\u00df war das Diprotodon?<\/span><\/h3>\n<p><span class=\"gts_text\" id=\"gts_text_2\">Bevor Menschen in Australien ankamen, gab es viele grosse Tiere, die jetzt ausgestorben sind.<\/span> <span class=\"gts_text\" id=\"gts_text_3\">Es gab riesige Koalas zweimal so gro\u00df wie die lebenden netten, riesigen K\u00e4ngurus und mehr.<\/span> <span class=\"gts_text\" id=\"gts_text_4\">Das Gr\u00f6\u00dfte von allem diese war ein pflanzenfressendes Tier in der Gr\u00f6\u00dfe eines <a title=\"Nilpferd\" href=\"http:\/\/www.big-animals.com\/de\/nilpferd\/\">Nilpferds<\/a>, genannt das <span style=\"font-style: italic\">Diprotodon<\/span>.<\/span> <span class=\"gts_text\" id=\"gts_text_5\">Das Diprotodon war das gr\u00f6\u00dfte <a title=\"Die gr\u00f6\u00dften Beuteltiere der Welt!\" href=\"http:\/\/www.big-animals.com\/de\/die-groessten-beuteltiere-der-welt\/\">Beuteltier<\/a> \u00fcberhaupt.<\/span> <span class=\"gts_text\" id=\"gts_text_6\">Es war ungef\u00e4hr 3 Meter lang, 2 Meter hoch und wog m\u00f6glicherweise \u00fcber 2 Tonnen.<\/span> <span class=\"gts_text\" id=\"gts_text_7\">Es w\u00fcrde wie ein enormer Wombat ausgesehen haben.<\/span><br \/>\n<img loading=\"lazy\" decoding=\"async\" alt=\"Das Diprotodon und der Mensch.\" src=\"http:\/\/ba.dr-mikes-maths.com\/\/wp-content\/themes\/twentyten\/images\/ba\/diprotodon-and-human.png\" width=\"557\" height=\"232\" \/><\/p>\n<h3><span class=\"gts_text\" id=\"gts_text_8\">Warum ist es ausgestorben?<\/span><\/h3>\n<p><span class=\"gts_text\" id=\"gts_text_9\">Wissenschaftler sind nicht sicher, warum genau <span style=\"font-style: italic\">Diprotodon<\/span> ausgestorben ist.<\/span> <span class=\"gts_text\" id=\"gts_text_10\">Wir wissen, dass es kurz nach der Ankunft von Menschen geschah, also wurde dieses friedliche Lebewesen eventuell bis zum Tod gejagt.<\/span> <span class=\"gts_text\" id=\"gts_text_11\">Jedoch \u00e4nderten die fr\u00fchen Australier auch die Landschaft und das Klima Australiens &#8211; die W\u00e4lder wurden trockener, mit weniger Unterholz geeignet f\u00fcr eine gro\u00dfen, sich langsam bewegenden Pflanzenfresser.<\/span><\/p>\n<p><span class=\"gts_text\" id=\"gts_text_12\">Heute stellen viele Museen Skelette des Diprotodon aus.<\/span> Abgesehen davon<span class=\"gts_text\" id=\"gts_text_13\"> ist der einzige Hinweis darauf, wie es aussah der <a title=\"Google Deutschland - Diprotodon Bildersuche\" href=\"http:\/\/images.google.de\/images?q=diprotodon\" target=\"_blank\">Fantasie von K\u00fcnstlern<\/a> entsprungen.<\/span><\/p>\n<h3><span class=\"gts_text\" id=\"gts_text_14\">Diprotodon Fakten<br \/>\n<\/span><\/h3>\n<p><span class=\"gts_text\" id=\"gts_text_15\">Wissenschaftler sind nicht genau sicher, wieviele verschiedenen Arten von Diprotodon es gab.<\/span> <span class=\"gts_text\" id=\"gts_text_16\">Einige sagen, dass es \u00fcber 20 Arten gab, andere argumentieren dar\u00fcber, dass es nur eine gab.<\/span> <span class=\"gts_text\" id=\"gts_text_17\">Diese eine Art &#8211; oder alle &#8211; bilden eine <span style=\"font-style: italic\">Familie<\/span> von S\u00e4ugetieren, die <span style=\"font-style: italic\">Diprotodontidae<\/span> genannt wird, welche wiederum zu einer <em>Ordnung<\/em> der S\u00e4ugetiere namens <em>Diprodontia<\/em> geh\u00f6rt..<\/span> <span class=\"gts_text\" id=\"gts_text_18\">Alle diese Namen bedeuten das Gleiche &#8211; \u201ezwei Vorderz\u00e4hne\u201c.<\/span> <span class=\"gts_text\" id=\"gts_text_19\">Alle der bekanntesten Beuteltiere &#8211; K\u00e4ngurus, Wallabys, Koalas und so weiter &#8211; geh\u00f6ren zu der gleichen <span style=\"font-style: italic\">Ordnung<\/span> wie Diprotodon, sie befinden sich jedoch in verschiedenen Familien.<\/span><\/p>\n<p><span class=\"gts_text\" id=\"gts_text_20\">Deshalb ist das Diprotodon<\/span><\/p>\n<ul>\n<li><span class=\"gts_text\" id=\"gts_text_21\">Das gr\u00f6\u00dfte <span style=\"font-style: italic\">Diprotodontidae<\/span> der Welt\u00a0\u00fcberhaupt und<\/span><\/li>\n<li><span class=\"gts_text\" id=\"gts_text_22\">Das gr\u00f6\u00dfte <span style=\"font-style: italic\">Diprotodontia<\/span> der Welt \u00fcberhaupt,<\/span><\/li>\n<\/ul>\n<p><span class=\"gts_text\" id=\"gts_text_23\">sowie das gr\u00f6\u00dfte Beuteltier der Welt \u00fcberhaupt.<\/span> <span class=\"gts_text\" id=\"gts_text_24\">Es ist nicht das Gr\u00f6\u00dfte oder sogar das gr\u00f6\u00dfte <a title=\"Proboscidea\" href=\"http:\/\/www.big-animals.com\/de\/proboscidea\/\">S\u00e4ugetier<\/a> \u00fcberhaupt.<\/span> <span class=\"gts_text\" id=\"gts_text_25\">Diese Ehre bleibt dem <a title=\"Der Blauwal \u2013 das gr\u00f6\u00dfte Tier \u00fcberhaupt!\" href=\"http:\/\/www.big-animals.com\/de\/der-blauwal-das-groesste-tier-ueberhaupt\/\">Blauwal<\/a> vorbehalten.<\/span><\/p>\n<h3><span class=\"gts_text\" id=\"gts_text_26\">Das Diprotodon und das Bunyip<\/span><\/h3>\n<p><span class=\"gts_text\" id=\"gts_text_27\">Australische Folklore erz\u00e4hlt Geschichten eines furchterregenden Gesch\u00f6pfs, das <span style=\"font-style: italic\">Bunyip<\/span> genannt wird.<\/span> Es hie\u00df, das es in der N\u00e4he von Seen lebte und ein schreckliches dr\u00f6hnendes Ger\u00e4usch machte<span class=\"gts_text\" id=\"gts_text_30\">. Interessanterweise, wurden bestimmten Mitgliedern eines australischen Stamms Knochen eines Diprotodon gezeigt und sie identifizierten die Knochen als \u201eBunyipknochen\u201c. Es ist m\u00f6glich, dass der Mythos des Bunyip auf dem sehr realen &#8211; jedoch jetzt ausgestorbenem &#8211; Diprotodon basiert.<br \/>\n<\/span><\/p>\n","protected":false},"excerpt":{"rendered":"<p>Wie gro\u00df war das Diprotodon? Bevor Menschen in Australien ankamen, gab es viele grosse Tiere, die jetzt ausgestorben sind. Es gab riesige Koalas zweimal so gro\u00df wie die lebenden netten, riesigen K\u00e4ngurus und mehr. Das Gr\u00f6\u00dfte von allem diese war ein pflanzenfressendes Tier in der Gr\u00f6\u00dfe eines Nilpferds, genannt das Diprotodon. Das Diprotodon war das &hellip; <a href=\"https:\/\/www.big-animals.com\/de\/das-diprotodon-das-groesste-beuteltier-ueberhaupt\/\" class=\"more-link\">Continue reading <span class=\"screen-reader-text\">Das Diprotodon &#8211; das gr\u00f6\u00dfte Beuteltier \u00fcberhaupt!<\/span><\/a><\/p>\n","protected":false},"author":1,"featured_media":0,"parent":0,"menu_order":0,"comment_status":"closed","ping_status":"open","template":"","meta":{"_acf_changed":false,"footnotes":""},"acf":[],"_links":{"self":[{"href":"https:\/\/www.big-animals.com\/de\/wp-json\/wp\/v2\/pages\/74"}],"collection":[{"href":"https:\/\/www.big-animals.com\/de\/wp-json\/wp\/v2\/pages"}],"about":[{"href":"https:\/\/www.big-animals.com\/de\/wp-json\/wp\/v2\/types\/page"}],"author":[{"embeddable":true,"href":"https:\/\/www.big-animals.com\/de\/wp-json\/wp\/v2\/users\/1"}],"replies":[{"embeddable":true,"href":"https:\/\/www.big-animals.com\/de\/wp-json\/wp\/v2\/comments?post=74"}],"version-history":[{"count":3,"href":"https:\/\/www.big-animals.com\/de\/wp-json\/wp\/v2\/pages\/74\/revisions"}],"predecessor-version":[{"id":519,"href":"https:\/\/www.big-animals.com\/de\/wp-json\/wp\/v2\/pages\/74\/revisions\/519"}],"wp:attachment":[{"href":"https:\/\/www.big-animals.com\/de\/wp-json\/wp\/v2\/media?parent=74"}],"curies":[{"name":"wp","href":"https:\/\/api.w.org\/{rel}","templated":true}]}}