{"id":75,"date":"2011-05-09T11:35:00","date_gmt":"2011-05-09T11:35:00","guid":{"rendered":""},"modified":"2014-02-25T08:50:40","modified_gmt":"2014-02-25T08:50:40","slug":"der-walhai","status":"publish","type":"page","link":"https:\/\/www.big-animals.com\/de\/der-walhai\/","title":{"rendered":"Der Walhai"},"content":{"rendered":"<p><span class=\"gts_text\" id=\"gts_text_1\"><strong>Walhai Informationen:<\/strong> Der gr\u00f6\u00dfte Walhai der jemals dokumentiert wurde war 12 Meter lang &#8211; obwohl es unzuverl\u00e4ssige Berichte eines 18 Meter Walhais gibt. Abgesehen davon, dass sie so gro\u00df sind, sind Walhaie v\u00f6llig harmlos f\u00fcr Menschen. Walhaie sind sehr einfach an ihrer riesigen Gr\u00f6\u00dfe zu identifizieren und anhand der Punkte, die ihren K\u00f6rper verzieren.<\/span><span class=\"gts_text\" id=\"gts_text_3\"><\/span><\/p>\n<p><span class=\"gts_text\" id=\"gts_text_4\"><strong>Was fressen Walhaie?<\/strong><\/span> Wie alle Haie, hat der Walhai 300 Reihen von klitzkleinen Z\u00e4hnen. Wie auch immer, es benutzt seine Z\u00e4hne nie zum Fressen, da es nur mikroskopisches Plankton wie Krill, Algen und andere klitzekleine Kreaturen die herumschwimmen mit seinem weitoffenen Mund frisst. Wenn ich weit sage, dann meine ich weit! Wenn es einen Schluck von Krillen aufschl\u00fcrft, \u00f6ffnet es den Mund um die 1,5 Meter.<span class=\"gts_text\" id=\"gts_text_8\"><\/span><\/p>\n<figure id=\"attachment_1483\" aria-describedby=\"caption-attachment-1483\" style=\"width: 300px\" class=\"wp-caption alignright\"><a href=\"http:\/\/www.big-animals.com\/wp-content\/uploads\/2008\/04\/whale-shark-1.jpg\"><img loading=\"lazy\" decoding=\"async\" class=\"size-medium wp-image-1483 gts_attribute gts_attribute_1_alt gts_attribute_3_title\" title=\"Walhai\" alt=\"Walhai\" src=\"http:\/\/www.big-animals.com\/wp-content\/uploads\/2008\/04\/whale-shark-1-300x224.jpg\" width=\"300\" height=\"224\" \/><\/a><figcaption id=\"caption-attachment-1483\" class=\"wp-caption-text\"><span class=\"gts_text\" id=\"gts_text_9\">Walhai<\/span><\/figcaption><\/figure>\n<p><span class=\"gts_text\" id=\"gts_text_10\">Der Walhai ist ein Haifisch und kein Wal. Es geh\u00f6rt zu der Familie von Haifischen, genannt die Teppichhaiartige. Sie haben ihren Namen von ihren ungew\u00f6hnlichen Farbmustern. Da der Walhai ein\u00a0 <\/span><span class=\"gts_text\" id=\"gts_text_14\">ist, folgt zudem dass es der <a class=\" gts_attribute gts_attribute_4_title\" title=\"Die gr\u00f6\u00dften Fische der Welt!\" href=\"http:\/\/www.big-animals.com\/the-worlds-biggest-fish\/\">gr\u00f6\u00dfte Fisch der Welt ist<\/a>,<\/span><\/p>\n<ul>\n<li><span class=\"gts_text\" id=\"gts_text_15\">Der weltgr\u00f6\u00dfte Teppichhaiartige ist der Walhai,<\/span><\/li>\n<li><span class=\"gts_text\" id=\"gts_text_16\">Der weltgr\u00f6\u00dfte Hai ist der Walhai<br \/>\n<\/span><\/li>\n<li><span class=\"gts_text\" id=\"gts_text_17\">Der weltgr\u00f6\u00dfte <a class=\" gts_attribute gts_attribute_5_title\" title=\"Der gr\u00f6\u00dfte Knorpelfisch der Welt!\" href=\"http:\/\/www.big-animals.com\/the-worlds-biggest-cartilaginous-fish\/\">Knorpelfisch<\/a> ist der Walhai,<\/span><\/li>\n<\/ul>\n<p><span class=\"gts_text\" id=\"gts_text_18\">Wie auch immer, danach machte der Walhai den Platz in den Rekordb\u00fcchern frei als weltgr\u00f6\u00dftes <a class=\" gts_attribute gts_attribute_6_title\" title=\"Die gr\u00f6\u00dften Tiere der Welt!\" href=\"http:\/\/www.big-animals.com\/the-worlds-biggest-animals\/\">Tier<\/a> und <a class=\" gts_attribute gts_attribute_7_title\" title=\"Die gr\u00f6\u00dften Wirbeltiere der Welt!\" href=\"http:\/\/www.big-animals.com\/the-worlds-biggest-vertebrates\/\">Wirbeltier<\/a>, der <a class=\" gts_attribute gts_attribute_8_title\" title=\"Der Blauwal - das gr\u00f6\u00dfte Tier \u00fcberhaupt!\" href=\"http:\/\/www.big-animals.com\/de\/der-blauwal-das-groesste-tier-ueberhaupt\/\">Blauwal<\/a> (der ein <em>Wal<\/em> ist!).<\/span><\/p>\n<p><span class=\"gts_text\" id=\"gts_text_19\">Der wissenschaftliche Name f\u00fcr den Walhai ist <em>Rhincodon Typus<\/em>. <em>Rhincodon<\/em> bedeutet \u201eRaspelzahn\u201c und <em>Typus<\/em> bedeutet \u201eBeispiel\u201c. Richtig gelesen, der Walhai wird \u201eein Beispiel eines Rhincodon\u201c genannt, die einzige Spezies von Rhincodon der Welt seiend.<\/span><span class=\"gts_text\" id=\"gts_text_21\"><br \/>\n<\/span><\/p>\n<p><span class=\"gts_text\" id=\"gts_text_22\"><strong>Tatsachen \u00fcber Walhaie: <\/strong>Der Walhai verwendet meist seiner Zeit im offenen Meer. Es erscheint oft in der N\u00e4he der K\u00fcste an diesen Zeiten des Jahres, wenn es erwartet dort viel Futter zu finden. Es kann sein Futter riechen und schwimmt durch das Wasser, wo die Menge an Futter am h\u00f6chsten ist. Babywalhaie schl\u00fcpfen aus Eiern, aber die Eier br\u00fcten aus, bevor sie gelegt werden, also geb\u00e4rt der Mutterwalhai lebendige Babyhaie &#8211; 300 auf einmal! <\/span><span class=\"gts_text\" id=\"gts_text_25\"><\/span><\/p>\n<figure id=\"attachment_1485\" aria-describedby=\"caption-attachment-1485\" style=\"width: 300px\" class=\"wp-caption aligncenter\"><a href=\"http:\/\/www.big-animals.com\/wp-content\/uploads\/2008\/04\/whale-shark-2.gif\"><img loading=\"lazy\" decoding=\"async\" class=\"size-medium wp-image-1485 gts_attribute gts_attribute_2_alt gts_attribute_9_title\" title=\"Walhai und Mensch\" alt=\"Walhai und Mensch\" src=\"http:\/\/www.big-animals.com\/wp-content\/uploads\/2008\/04\/whale-shark-2-300x115.gif\" width=\"300\" height=\"115\" \/><\/a><figcaption id=\"caption-attachment-1485\" class=\"wp-caption-text\"><span class=\"gts_text\" id=\"gts_text_26\">Walhai und Mensch<\/span><\/figcaption><\/figure>\n<p><span class=\"gts_text\" id=\"gts_text_27\"><strong>Tauchen mit Walhaien:<\/strong> Der Walhai ist f\u00fcr Menschen harmlos und ein sehr langsamer Schwimmer. Seine Durchschnittsgeschwindigkeit ist nur um die 5 km\/h. Deswegen und weil es so ein seltenes und sch\u00f6nes (und riesiges!) Tier ist, ist Tauchen mit Walhaien eine beliebte Attraktion f\u00fcr erfahrene Sporttaucher und Schnorchler. Der Hai wird oft in Thailand, den Malediven, dem roten Meer, im westlichen Australien (Ningaloo K\u00fcste), Gladden Spit Marine Reservat in Belize und auf den Galapagos Inseln gesehen. Sie werden regelm\u00e4\u00dfig von Dezember bis Mai in den Phillipinen (Donsol) gesehen. Gl\u00fcckliche Taucher stie\u00dfen auch auf Walhaie in den Seychellen und in Puerto Rico. Zwischen Dezember und September, sind sie bekannt daf\u00fcr entlang der K\u00fcste von La Paz im mexikanischen Baja California zu schwimmen. Das Bild oben zeigt, wie gro\u00df der Hai verglichen mit einem Sporttaucher ist.<\/span><span class=\"gts_text\" id=\"gts_text_34\"><\/span><\/p>\n<p><span class=\"gts_text\" id=\"gts_text_35\"><strong>Walhaifotos und -bilder:<\/strong> Der beste Weg um einen Stapel von wirklich guten Walhaibildern zu erhalten ist die <a href=\"http:\/\/images.google.com\/images?q=whale%20shark\" target=\"new\">Google-Bildersuche<\/a>.<\/span> <span class=\"gts_text\" id=\"gts_text_36\">Insbesondere hat das <a href=\"http:\/\/www.flmnh.ufl.edu\/fish\/Gallery\/Descript\/Whaleshark\/whaleshark.html\" target=\"new\">Florida-Museum der Naturgeschichte<\/a> eine detaillierte Beschreibung der Lebensart des Walhais, mit vielen sch\u00f6nen Fotos und Diagrammen.<br \/>\n<\/span><\/p>\n","protected":false},"excerpt":{"rendered":"<p>Walhai Informationen: Der gr\u00f6\u00dfte Walhai der jemals dokumentiert wurde war 12 Meter lang &#8211; obwohl es unzuverl\u00e4ssige Berichte eines 18 Meter Walhais gibt. Abgesehen davon, dass sie so gro\u00df sind, sind Walhaie v\u00f6llig harmlos f\u00fcr Menschen. Walhaie sind sehr einfach an ihrer riesigen Gr\u00f6\u00dfe zu identifizieren und anhand der Punkte, die ihren K\u00f6rper verzieren. Was &hellip; <a href=\"https:\/\/www.big-animals.com\/de\/der-walhai\/\" class=\"more-link\">Continue reading <span class=\"screen-reader-text\">Der Walhai<\/span><\/a><\/p>\n","protected":false},"author":1,"featured_media":0,"parent":0,"menu_order":0,"comment_status":"closed","ping_status":"open","template":"","meta":{"_acf_changed":false,"footnotes":""},"acf":[],"_links":{"self":[{"href":"https:\/\/www.big-animals.com\/de\/wp-json\/wp\/v2\/pages\/75"}],"collection":[{"href":"https:\/\/www.big-animals.com\/de\/wp-json\/wp\/v2\/pages"}],"about":[{"href":"https:\/\/www.big-animals.com\/de\/wp-json\/wp\/v2\/types\/page"}],"author":[{"embeddable":true,"href":"https:\/\/www.big-animals.com\/de\/wp-json\/wp\/v2\/users\/1"}],"replies":[{"embeddable":true,"href":"https:\/\/www.big-animals.com\/de\/wp-json\/wp\/v2\/comments?post=75"}],"version-history":[{"count":3,"href":"https:\/\/www.big-animals.com\/de\/wp-json\/wp\/v2\/pages\/75\/revisions"}],"predecessor-version":[{"id":337,"href":"https:\/\/www.big-animals.com\/de\/wp-json\/wp\/v2\/pages\/75\/revisions\/337"}],"wp:attachment":[{"href":"https:\/\/www.big-animals.com\/de\/wp-json\/wp\/v2\/media?parent=75"}],"curies":[{"name":"wp","href":"https:\/\/api.w.org\/{rel}","templated":true}]}}