{"id":77,"date":"2011-05-09T11:35:50","date_gmt":"2011-05-09T11:35:50","guid":{"rendered":""},"modified":"2014-10-01T21:14:37","modified_gmt":"2014-10-01T21:14:37","slug":"die-groessten-voegel-der-welt","status":"publish","type":"page","link":"https:\/\/www.big-animals.com\/de\/die-groessten-voegel-der-welt\/","title":{"rendered":"Die gr\u00f6\u00dften V\u00f6gel der Welt!"},"content":{"rendered":"<p>&nbsp;<\/p>\n<h3><span class=\"gts_text\" id=\"gts_text_1\">Was ist ein Vogel?<\/span><\/h3>\n<p><span class=\"gts_text\" id=\"gts_text_4\">Wir wissen nat\u00fcrlich alle was V\u00f6gel sind! Hier spreche ich dar\u00fcber, inwiefern V\u00f6gel ins Tierreich geh\u00f6ren &#8211; mit welchen Tieren sie etwas gemeinsam haben und wie sich mit anderen Tieren \u00e4hneln bzw. unterschiedlich sind. V\u00f6gel sind <a href=\"http:\/\/www.big-animals.com\/de\/die-groessten-wirbeltiere-der-welt\/\">Wirbeltiere<\/a> &#8211; sie haben Knochen in ihren K\u00f6rpern, so wie wir. Die meisten V\u00f6gel haben hohle Knochen. Diese machen sie leichter &#8211; wenn ein Vogel solchen Knochen wie wir h\u00e4tte, w\u00e4re es nicht in der Lage zu fliegen.<\/span><span class=\"gts_text\" id=\"gts_text_6\"><\/span><\/p>\n<p><span class=\"gts_text\" id=\"gts_text_7\">V\u00f6gel sind ebenfalls \u201ewarmbl\u00fctig\u201c, was bedeutet, dass sie ihren K\u00f6rper bei einer stetigen Temperatur halten k\u00f6nnen (so wie es S\u00e4ugetiere machen). Dies ist anders bei anderen Wirbeltieren wie Reptilien, Amphibien und Fischen.<\/span><span class=\"gts_text\" id=\"gts_text_8\"><\/span><\/p>\n<p><span class=\"gts_text\" id=\"gts_text_9\">Der wissenschaftliche Name f\u00fcr diese Gruppe von V\u00f6geln ist einfach nur das lateinische Wort f\u00fcr \u201eVogel\u201c &#8211; <em>Aves<\/em>. Es liegt an diesem Wort, dass wir englische W\u00f6rter wie aviary und aviator haben. Ein Wissenschaftler, der V\u00f6gel untersucht wird <em>Ornithologen<\/em> genannt.<br \/>\n<\/span><span class=\"gts_text\" id=\"gts_text_14\"><\/span><\/p>\n<h3><span class=\"gts_text\" id=\"gts_text_15\">Was macht V\u00f6gel besonders?<\/span><\/h3>\n<p><span class=\"gts_text\" id=\"gts_text_16\">Die meisten Wirbeltiere auf Land haben vier F\u00fc\u00dfe. V\u00f6gel haben stattdessen zwei F\u00fc\u00dfe und zwei Fl\u00fcgel. Die meisten V\u00f6gel k\u00f6nnen mit ihren Fl\u00fcgeln fliegen &#8211; manche Ausnahmen beinhalten Pinguine, den ausgestorbenen Dodo und den weltgr\u00f6\u00dften lebenden Vogel, den<\/span><span class=\"gts_text\" id=\"gts_text_18\"> <a href=\"http:\/\/www.big-animals.com\/de\/der-strauss-der-groesste-vogel-der-welt\/\">Strau\u00df<\/a>.<\/span> Nur V\u00f6gel haben Federn &#8211; die Federn eines Vogels halten es warm und helfen ihm beim Fliegen. V\u00f6gel haben einen Schnabel und keine Z\u00e4hne. Du kannst oft erraten was f\u00fcr eine Art von Futter ein Vogel zu fressen mag anhand der Form seines Schnabels &#8211; ein Papagei der es mag Kerne zu fressen hat einen kurzen, starken Schnabel und ein Kolibri, der Nektar aus Bl\u00fcten schl\u00fcrft, hat einen langen, d\u00fcnnen Schnabel. Ausserdem legen alle V\u00f6gel Eier! Vogeleier haben eine harte Schale, ungleich die Eier, welche von Reptilien, Amphibien oder Fischen gelegt werden. Diese haben normalerweise weiche Schalen &#8211; manchmal so weich, dass du sie kaum noch als Schalen bezeichnen kannst!<span style=\"float: right\"><img loading=\"lazy\" decoding=\"async\" class=\" gts_attribute gts_attribute_1_alt\" alt=\"Eine Feder des Vogels h\u00e4lt ihn warm und hilft ihm zu fliegen\" src=\"http:\/\/ba.dr-mikes-maths.com\/\/wp-content\/themes\/twentyten\/images\/ba\/feather.jpg\" width=\"225\" height=\"300\" \/><\/span><span class=\"gts_text\" id=\"gts_text_19\"><\/span><span class=\"gts_text\" id=\"gts_text_24\"><\/span><\/p>\n<p><span class=\"gts_text\" id=\"gts_text_25\">V\u00f6gel haben keine Stimmb\u00e4nder wie wir. Sie machen Ger\u00e4usche in einem Teil ihrer Kehle namens <em>Syrinx<\/em>. Wenn Luft es durchstr\u00f6mt, vibrieren die Seiten der Syrinx und erzeugen so Ger\u00e4usche. Manche V\u00f6gel k\u00f6nnen die beiden Seiten der Syrinx unabh\u00e4ngig voneinander kontrollieren und somit zwei verschiedene Lieder zur selben Zeit singen!<br \/>\n<\/span><span class=\"gts_text\" id=\"gts_text_28\"><\/span><\/p>\n<h3><span class=\"gts_text\" id=\"gts_text_29\">Welche Arten von V\u00f6geln gibt es?<\/span><\/h3>\n<p><span class=\"gts_text\" id=\"gts_text_30\">Es gibt \u00fcber 10000 verschiedene Arten von V\u00f6geln. V\u00f6gel formen eine Gruppe von Tieren (Wissenschaftler w\u00fcrden <em>Klasse<\/em> dazu sagen) genannt <em>Aves<\/em>, welches das lateinische Wort f\u00fcr \u201eVogel\u201c ist. Diese <em>Klasse<\/em> ist in kleinere Gruppen eingeteilt,<em> Ordnungen<\/em> genannt. Wissenschaftler debatieren immer noch dar\u00fcber, welche diese Gruppen sein sollen und welche V\u00f6gel in jeder Gruppe sind. Wie auch immer eine gew\u00f6hnlich Liste ist die folgende:<br \/>\n<\/span><span class=\"gts_text\" id=\"gts_text_34\"><\/span><\/p>\n<ol>\n<li><span class=\"gts_text\" id=\"gts_text_35\">Die <em>Accipitriformes<\/em> enthalten die meisten Greifv\u00f6gel, die am Tag jagen<\/span><span class=\"gts_text\" id=\"gts_text_38\">. Das bedeutet, V\u00f6gel wie Fischadler, Geier und Falken sind alle in dieser Ordnung. Manche Wissenschaftler glauben stattdessen, dass all diese V\u00f6gel als <em>Falconiformes<\/em> gez\u00e4hlt werden sollen. Es gibt um die 220 Spezies von Accipitriformes.<br \/>\n<\/span><\/li>\n<li><span class=\"gts_text\" id=\"gts_text_39\">Die <a class=\" gts_attribute gts_attribute_3_title\" title=\"Wasserv\u00f6gel\" href=\"http:\/\/www.big-animals.com\/de\/wasservoegel\/\"><em>G\u00e4nsev\u00f6gel<\/em><\/a> enthalten um die 150 Spezies (Arten) von V\u00f6geln. Sie haben schwimmh\u00e4utige F\u00fc\u00dfe und sind sehr gl\u00fcclich im Wasser. Sie beinhalten &#8211; du hast es erraten &#8211; Enten! Ebenfalls G\u00e4nse, Schw\u00e4ne und viele andere<\/span><span class=\"gts_text\" id=\"gts_text_42\"> <a class=\" gts_attribute gts_attribute_4_title\" title=\"Wasserv\u00f6gel\" href=\"http:\/\/www.big-animals.com\/de\/wasservoegel\/\">Wasserv\u00f6gel<\/a>.<\/span><\/li>\n<li><span class=\"gts_text\" id=\"gts_text_43\">Es gibt fast 450 verschiedene Spezies von <em>Apodiformes<\/em> &#8211; diese sind schnellfliegende, kleine V\u00f6gel, wie Kolibris und Mauerschwalben. <em>Apodiformes<\/em> bedeutet \u201efu\u00dflos\u201c &#8211; obwohl diese V\u00f6gel F\u00fc\u00dfe haben, sind die F\u00fc\u00dfe sehr klein und werden nicht oft benutzt, ausser zum niedersetzen.<\/span><span class=\"gts_text\" id=\"gts_text_44\"><\/span><\/li>\n<li><span class=\"gts_text\" id=\"gts_text_45\"><em>Die Caprimulgiformes <\/em>schlafen w\u00e4hrend des Tages und sind nachts wach. Sie fressen Insekten, jedoch dachten die Leute einst, dass sie sich von Ziegen ern\u00e4hren! Das Wirt <em>Caprimulgiformes<\/em><\/span><em><span class=\"gts_text\" id=\"gts_text_48\"><\/span><\/em> bedeutet \u201eZiegenmelker\u201c! Die Nachtschwalbe ist ein typischer Caprimulgiforme.<\/li>\n<li><span class=\"gts_text\" id=\"gts_text_49\">Die <a class=\" gts_attribute gts_attribute_5_title\" title=\"Stelzv\u00f6gel\" href=\"http:\/\/www.big-animals.com\/waders\/\"><em>Charadriiformes<\/em><\/a> leben meistens nahe dem Meer, schnappen sich Krebstiere von den Felsen oder graben im Schlamm. Manche Beispiele sind M\u00f6wen und Alkenv\u00f6gel.<\/span><span class=\"gts_text\" id=\"gts_text_50\"><\/span><\/li>\n<li><span class=\"gts_text\" id=\"gts_text_51\">Die <em>Ciconiiformes<\/em> enthalten Reiher, Storche, L\u00f6ffler und \u00e4hnliche V\u00f6gel. Manche Wissenschaflter glauben, dass die amerikanischen Geier und Kondore ebenfalls in diese Gruppe geh\u00f6ren, jedoch stimmen nicht alle zu.<\/span><span class=\"gts_text\" id=\"gts_text_52\"><\/span><\/li>\n<li><span class=\"gts_text\" id=\"gts_text_53\">Die <em>Coliiformes,<\/em> oder Mausv\u00f6gel, leben alle in Afrika. Sie sind relativ kleine V\u00f6gel, welche durch B\u00e4ume vorbeihuschen wie M\u00e4use, wenn sie auf der Suche nach Beeren von Baum zu Baum flitzen.<\/span><span class=\"gts_text\" id=\"gts_text_54\"><\/span><\/li>\n<li><span class=\"gts_text\" id=\"gts_text_55\">Die <a class=\" gts_attribute gts_attribute_6_title\" title=\"Columbidae\" href=\"http:\/\/www.big-animals.com\/columbidae\/\"><em>Columbiformes<\/em><\/a> beinhalten Tauben, sowie auch den jetzt ausgestorbenen <a class=\" gts_attribute gts_attribute_7_title\" title=\"Dodo\" href=\"http:\/\/www.big-animals.com\/dodo\/\">Dodo<\/a>. Ungleich der meisten anderen V\u00f6gel, sind Tauben dazu f\u00e4hig, zu trinken indem sie Wasser aufnehmen.<\/span><span class=\"gts_text\" id=\"gts_text_57\"><\/span><\/li>\n<li><span class=\"gts_text\" id=\"gts_text_58\">Die <em>Coraciiformes<\/em> sind farbenfrohe V\u00f6gel inklusive Azurfischer, Wiedehopfe, Bienenfresser und andere. Das Wort Coraciiformes kommt von dem lateinischen Wort \u201eraben\u00e4hnlich\u201c, obwohl Raben nicht in dieser Gruppe sind.<\/span><span class=\"gts_text\" id=\"gts_text_59\"><\/span><\/li>\n<li><span class=\"gts_text\" id=\"gts_text_60\">D<em>ie Cuculiformes<\/em> schliessen Kuckucke und andere V\u00f6gel wie Turakos (Bananenfresser) und ein ungew\u00f6hnlicher Vogel namens Hoatzin, welche ziemlich sch\u00f6n aussieht und in den tropischen S\u00fcmpfen lebt.<br \/>\n<\/span><\/li>\n<li><span class=\"gts_text\" id=\"gts_text_61\">Die <em>Falconiformes<\/em> enthalten, du hast es erraten, Falken! Manche Wissenschaftler sagen, dass die <em>Accipitriformes<\/em> (Falken, Adler und andere) ebenfalls als <em>Falconiformes<\/em> gez\u00e4hlt werden sollen. Wenn du <em>Accipitriformes<\/em> nicht einschliesst, gibt es um die 60 Spezies von <em>Falconiformes<\/em>.<\/span><span class=\"gts_text\" id=\"gts_text_63\"><\/span><\/li>\n<li><span class=\"gts_text\" id=\"gts_text_64\">Die <a class=\" gts_attribute gts_attribute_8_title\" title=\"Galliformes\" href=\"http:\/\/www.big-animals.com\/galliformes\/\"><em>Galliformes<\/em><\/a><span class=\" gts_attribute gts_attribute_8_title\"> sind um die 250 verschiedene Spezies von H\u00fchnern, Truth\u00fchnern, Wachteln und \u00e4hnlichen V\u00f6geln. Alle k\u00f6nnen fliegen, die meisten jedoch k\u00f6nnen es nicht sehr gut.<\/span> <\/span><span class=\"gts_text\" id=\"gts_text_65\"><\/span><\/li>\n<li><span class=\"gts_text\" id=\"gts_text_66\">Der <em>Gaviiformes<\/em> ist die Ordnung, welche 5 Spezies (Arten) von Seetauchern oder Schnabeltauchern zugeteilt wird. Diese V\u00f6gel sehen ein bisschen aus wie Enten, aber ihr Schnabel ist spitz geformt. Sie jagen Fisch, indem sie in aller Ruhe an der Oberfl\u00e4che schwimmen, pl\u00f6tzlich untertauchen, einen Fisch oder Frosch fangen und es im Ganzen verschlucken.<\/span><span class=\"gts_text\" id=\"gts_text_68\"><\/span><\/li>\n<li><span class=\"gts_text\" id=\"gts_text_69\"><em>Gruiformes<\/em> bedeutet \u201ekranichartig\u201c. Dies ist eine merkw\u00fcrdige Gruppierung von V\u00f6geln &#8211; manche Mitglieder sehen ziemlich anders als Andere, ihre innere Anatomie jedoch funktioniert \u00e4hnlich. In der Vergangenheit wurden einige V\u00f6gel Gruiformes genannt, einfach nur weil sie in keine andere Gruppe passten. Deswegen, debatieren Wissenschaftler immer noch dar\u00fcber, welche V\u00f6gel genau zu den Gruiformes geh\u00f6ren. <\/span><span class=\"gts_text\" id=\"gts_text_72\"><\/span><\/li>\n<li><span class=\"gts_text\" id=\"gts_text_73\">Die <em>Passeriformes<\/em> sind die gr\u00f6\u00dfte Gruppe von V\u00f6geln mit \u00fcber 5000 verschiedenen Arten (Spezies). Sie werden auch <em>Passerines<\/em> oder Sperlingsv\u00f6gel genannt.<\/span><span class=\"gts_text\" id=\"gts_text_76\"><\/span><\/li>\n<li><span class=\"gts_text\" id=\"gts_text_77\">Die <em>Pelecaniformes<\/em> sind mittelgro\u00dfte Wasserv\u00f6gel. Sie haben eine Schwimmhaut, die alle vier ihrer Zehen bedeckt und sie atmen durch ihre M\u00fcnder, weil sie nicht durch ihre Nasenl\u00f6cher atmen k\u00f6nnen. Manche besserbekannte <em>Pelecaniformes<\/em> sind Pelikane und Kormorane.<\/span><span class=\"gts_text\" id=\"gts_text_79\"><\/span><\/li>\n<li><span class=\"gts_text\" id=\"gts_text_80\">Der Name von <a class=\" gts_attribute gts_attribute_9_title\" title=\"Flamingos\" href=\"http:\/\/www.big-animals.com\/flamingos\/\"><em>Phoenicopteriformes<\/em><\/a> bedeutet ph\u00f6nixartig. Diese sind um die halbe Dutzend Spezies von<\/span><span class=\"gts_text\" id=\"gts_text_81\"> <a class=\" gts_attribute gts_attribute_10_title\" title=\"Flamingos\" href=\"http:\/\/www.big-animals.com\/flamingos\/\">Flamingos<\/a>.<\/span><\/li>\n<li><span class=\"gts_text\" id=\"gts_text_82\">Die <em>Piciformes<\/em> sind Spechte, Tukane und \u00e4hnlich V\u00f6gel. Die meisten Piciformes leben in B\u00e4umen und fressen Insekten. <\/span><span class=\"gts_text\" id=\"gts_text_83\"><\/span><span style=\"float: right\"><img loading=\"lazy\" decoding=\"async\" class=\" gts_attribute gts_attribute_2_alt\" alt=\"Ein Taucher, sitzend auf seinem Nest.\" src=\"http:\/\/ba.dr-mikes-maths.com\/\/wp-content\/themes\/twentyten\/images\/ba\/grebe.jpg\" width=\"250\" height=\"233\" \/><\/span><\/li>\n<li><span class=\"gts_text\" id=\"gts_text_84\">Die <em>Podicipediformes<\/em> enthalten nur 22 Spezies von V\u00f6geln, genannt Lappentaucher<\/span><span class=\"gts_text\" id=\"gts_text_87\">. Lappentaucher sind in der Gr\u00f6\u00dfe mittel bis gro\u00df und leben nahe des Wassers. Sie fliegen nicht sehr gut, also wenn sie fl\u00fcchten wollen, tauchen sie stattdessen unterwasser. Rechts ist ein Bild von einem Lappentaucher.<br \/>\n<\/span><\/li>\n<li><span class=\"gts_text\" id=\"gts_text_88\">Die <em>Procellariiformes<\/em> beinhalten Sturmv\u00f6gel und Albatrosse, insbesondere den gr\u00f6\u00dften (aber nicht schwersten) fliegenden Vogel, der <a href=\"\/Wandering-Albatross.html\">Wanderalbatros<\/a>.<\/span><\/li>\n<li><span class=\"gts_text\" id=\"gts_text_89\">Die <a class=\" gts_attribute gts_attribute_11_title\" title=\"Papageien\" href=\"http:\/\/www.big-animals.com\/parrots\/\"><em>Psittaciformes<\/em><\/a> sind <a class=\" gts_attribute gts_attribute_12_title\" title=\"Papageien\" href=\"http:\/\/www.big-animals.com\/parrots\/\">Papageien und Kakadus<\/a>.<\/span> <span class=\"gts_text\" id=\"gts_text_90\">Diese Ordnung enth\u00e4lt manche der intelligentesten V\u00f6gel von allen!<br \/>\n<\/span><\/li>\n<li><span class=\"gts_text\" id=\"gts_text_91\">Es gibt nur 16 Arten von <em>Pteroclidiformes<\/em> &#8211; die Flugh\u00fchner. Diese robusten, starken Flieger leben auf Flachland in Spanien, Portugal, Afrika und Indien.<\/span><span class=\"gts_text\" id=\"gts_text_92\"><\/span><\/li>\n<li><span class=\"gts_text\" id=\"gts_text_93\">Die <a class=\" gts_attribute gts_attribute_13_title\" title=\"Pinguine\" href=\"http:\/\/www.big-animals.com\/penguins\/\"><em>Sphenisciformes<\/em><\/a> sind die 17 bis 20 verschiedenen Spezies des <a class=\" gts_attribute gts_attribute_14_title\" title=\"Pinguine\" href=\"http:\/\/www.big-animals.com\/penguins\/\">Pinguins<\/a>.<\/span> <span class=\"gts_text\" id=\"gts_text_94\">Pinguine leben nur in der s\u00fcdlichen Hemisph\u00e4re &#8211; also genau genommen, treffen Eisb\u00e4ren niemals auf Penguine. Nicht alle Pinguine leben in schneereichen Gebiete &#8211; es gibt sogar einen, der auf den Galapagos Inseln in den Tropen lebt!<\/span><span class=\"gts_text\" id=\"gts_text_95\"><\/span><\/li>\n<li><span class=\"gts_text\" id=\"gts_text_96\">Die <a class=\" gts_attribute gts_attribute_15_title\" title=\"Eulen\" href=\"http:\/\/www.big-animals.com\/owls\/\">Eulen<\/a> werden <a class=\" gts_attribute gts_attribute_16_title\" title=\"Eulen\" href=\"http:\/\/www.big-animals.com\/owls\/\"><em>Strigiformes<\/em><\/a> genannt.<\/span> <span class=\"gts_text\" id=\"gts_text_97\">Die meisten Eulen schlafen w\u00e4hrend des Tages, jagen nachts und haben Augen, die nach vorne zeigen. Wie auch immer (wie die meisten V\u00f6gel) k\u00f6nnen sie ihre Augen nicht drehen, um sich umzusehen, m\u00fcssen sie ihren ganzen Kopf bewegen.<\/span><span class=\"gts_text\" id=\"gts_text_98\"><\/span><\/li>\n<li><span class=\"gts_text\" id=\"gts_text_99\"><a class=\" gts_attribute gts_attribute_17_title\" title=\"Laufv\u00f6gel\" href=\"http:\/\/www.big-animals.com\/ratites\/\"><em>Struthioniformes<\/em><\/a> bedeutet<\/span><span class=\"gts_text\" id=\"gts_text_102\"> \u201estrau\u00dfen\u00e4hnlich\u201c. Diese V\u00f6gel k\u00f6nnen nicht fliegen und k\u00f6nnten es auch nicht, sogar wenn sie gro\u00dfe Fl\u00fcgel h\u00e4tten. Das ist so, weil ihr Brustknochen flach ist &#8211; er hat keinen Platz f\u00fcr deren Fl\u00fcgelmuskeln, um sich zu befestigen. Deswegen werden diese V\u00f6gel auch \u201e<a class=\" gts_attribute gts_attribute_18_title\" title=\"Laufv\u00f6gel\" href=\"http:\/\/www.big-animals.com\/ratites\/\">Laufv\u00f6gel<\/a>\u201c genannt, nach dem lateinischen Wort f\u00fcr \u201eFlo\u00df\u201c. Der weltgr\u00f6\u00dfte lebende Vogel &#8211; der<\/span><span class=\"gts_text\" id=\"gts_text_103\"> <a href=\"\/Ostrich.html\">Strau\u00df<\/a> &#8211; ist ein Laufvogel. Zudem waren die h\u00f6chsten und schwersten V\u00f6gel \u00fcberhaupt<\/span><span class=\"gts_text\" id=\"gts_text_106\"> (der <a href=\"\/Giant-Moa.html\">riesige Moa<\/a> und der <a class=\" gts_attribute gts_attribute_19_title\" title=\"Elefant-Vogel\" href=\"http:\/\/www.big-animals.com\/elephant-bird-2\/\">Elefantenvogel<\/a><span class=\" gts_attribute gts_attribute_19_title\">), ebenfalls Laufv\u00f6gel.<\/span><br \/>\n<\/span><\/li>\n<li><span class=\"gts_text\" id=\"gts_text_107\">Die <em>Tinamiformes<\/em> beinhalten um die 47 Arten von landlebenden V\u00f6geln, die Wachteln \u00e4hnlich sehen. Sie leben in S\u00fcdamerika und Mexiko und werden Stei\u00dfh\u00fchner genannt.<\/span><span class=\"gts_text\" id=\"gts_text_108\"><\/span><\/li>\n<li><span class=\"gts_text\" id=\"gts_text_109\">Der Name <em>Trogoniformes<\/em> kommt von dem griechischen Wort <em>trogon<\/em>, was \u201eKnabbern\u201c bedeutet. Diese V\u00f6gel, genannt Trogone oder Quetzals, haben ihren Namen von ihrer Gewohnheit L\u00f6cher in B\u00e4ume zu nagen, um ihre Nester zu bauen.<\/span><span class=\"gts_text\" id=\"gts_text_112\"><\/span><\/li>\n<li><span class=\"gts_text\" id=\"gts_text_113\">Die <em>Turniciformes <\/em>sind eine weiter Gruppe von V\u00f6geln, die wie Wachteln aussehen. Sie werden auch Laufh\u00fchnchen genannt. Sie leben in Afrika, Asien und Australien.<\/span><em><span class=\"gts_text\" id=\"gts_text_114\"><\/span><\/em><\/li>\n<\/ol>\n<h3><span class=\"gts_text\" id=\"gts_text_115\">Was ist der gr\u00f6\u00dfte Vogel der Welt?<\/span><\/h3>\n<p><span class=\"gts_text\" id=\"gts_text_116\">Der weltgr\u00f6\u00dfte leben Vogel ist der <a href=\"\/Ostrich.html\">Strau\u00df<\/a>. Strau\u00dfe sind in Afrika einheimisch, jetzt aber werden sie auf der ganzen Welt gehalten. Es kann bis zu 2,7 Meter hoch wachsen und 155 Kilogramm wiegen. Ein Strau\u00dfenei wiegt soviel wie zwei Dutzend H\u00fchnereier!<\/span> <span class=\"gts_text\" id=\"gts_text_117\"><\/span><span class=\"gts_text\" id=\"gts_text_119\"><\/span><\/p>\n<p><span class=\"gts_text\" id=\"gts_text_120\">De<\/span><span class=\"gts_text\" id=\"gts_text_121\">r Strau\u00df hat f\u00fcr seine Gr\u00f6\u00dfte kleine Fl\u00fcgel und kann nicht fliegen. Der Vogel mit den gr\u00f6\u00dften Fl\u00fcgeln ist der <a href=\"\/Wandering-Albatross.html\">Wanderalbatros<\/a>.<\/span> Die durchschnittliche Fl\u00fcgelspannweite ist 3,1 Meter, manche jedoch reichen bis 3,7 Meter. Weil sein Fl\u00fcgel so gro\u00df sind, ist es dazu f\u00e4hig, f\u00fcr Stunden durch die Luft zu gleiten!<span class=\"gts_text\" id=\"gts_text_122\"> <\/span><span class=\"gts_text\" id=\"gts_text_123\"><\/span><\/p>\n<p><span class=\"gts_text\" id=\"gts_text_124\">Junge Albatrosse wiegen um die 16 Kilogramm, das bedeutet, 35 Pfund w\u00e4hrend ihrer ersten Fl\u00fcge &#8211; und sie verlieren schnell einen gro\u00dfen Teil dieses Gewichts. Dies macht den Wanderalbatros viel leichter als den schwersten, fliegenden Vogel, sei es die Riesentrappe\u00a0 oder die Gro\u00dftrappe. Diese Trappen k\u00f6nnen 20 Kilogramm erreichen. Obwohl sie fliegen k\u00f6nnen, vermeiden sie es so gut es geht!<\/span><span class=\"gts_text\" id=\"gts_text_127\"><\/span><\/p>\n<p><span class=\"gts_text\" id=\"gts_text_128\">Der schwerste Vogel <em>\u00fcberhaupt<\/em> war eine Art von <\/span><span class=\"gts_text\" id=\"gts_text_130\"><a class=\" gts_attribute gts_attribute_20_title\" title=\"Elefant-Vogel\" href=\"http:\/\/www.big-animals.com\/elephant-bird-2\/\">Elefantenvogel<\/a><span class=\" gts_attribute gts_attribute_20_title\"> namens <em>Aepyornis<\/em>, die in Madagaskar lebte. Es wuchs bis zu \u00fcber 3 Meter hoch und wog vielleicht 450 kg! Es wird geglaubt, dass Menschen m\u00f6glicherweise sein Aussterben vor 400-500 Jahren verursacht haben.<\/span> <\/span><span class=\"gts_text\" id=\"gts_text_132\"><\/span><\/p>\n<p><span class=\"gts_text\" id=\"gts_text_133\">Jedoch war der<a href=\"\/Giant-Moa.html\"> riesige Moa<\/a> sogar h\u00f6her. Die Weibchen wuchsen bis zu \u00fcber 4 Meter hoch, wogen aber \u201enur\u201c 240 Kilogramm oder vielleicht bis zu 280kg. Ungl\u00fccklicherweise, nachdem Leute in Neuseeland ankamen, jagten wir sie und zerst\u00f6rten die W\u00e4lder f\u00fcr die Bewirtschaftung bis der letzte Moa im 15ten Jahrhundert starb.<\/span><span class=\"gts_text\" id=\"gts_text_135\"><\/span><\/p>\n<p>&nbsp;<\/p>\n","protected":false},"excerpt":{"rendered":"<p>&nbsp; Was ist ein Vogel? Wir wissen nat\u00fcrlich alle was V\u00f6gel sind! Hier spreche ich dar\u00fcber, inwiefern V\u00f6gel ins Tierreich geh\u00f6ren &#8211; mit welchen Tieren sie etwas gemeinsam haben und wie sich mit anderen Tieren \u00e4hneln bzw. unterschiedlich sind. V\u00f6gel sind Wirbeltiere &#8211; sie haben Knochen in ihren K\u00f6rpern, so wie wir. Die meisten V\u00f6gel &hellip; <a href=\"https:\/\/www.big-animals.com\/de\/die-groessten-voegel-der-welt\/\" class=\"more-link\">Continue reading <span class=\"screen-reader-text\">Die gr\u00f6\u00dften V\u00f6gel der Welt!<\/span><\/a><\/p>\n","protected":false},"author":1,"featured_media":0,"parent":0,"menu_order":0,"comment_status":"closed","ping_status":"open","template":"","meta":{"_acf_changed":false,"footnotes":""},"acf":[],"_links":{"self":[{"href":"https:\/\/www.big-animals.com\/de\/wp-json\/wp\/v2\/pages\/77"}],"collection":[{"href":"https:\/\/www.big-animals.com\/de\/wp-json\/wp\/v2\/pages"}],"about":[{"href":"https:\/\/www.big-animals.com\/de\/wp-json\/wp\/v2\/types\/page"}],"author":[{"embeddable":true,"href":"https:\/\/www.big-animals.com\/de\/wp-json\/wp\/v2\/users\/1"}],"replies":[{"embeddable":true,"href":"https:\/\/www.big-animals.com\/de\/wp-json\/wp\/v2\/comments?post=77"}],"version-history":[{"count":5,"href":"https:\/\/www.big-animals.com\/de\/wp-json\/wp\/v2\/pages\/77\/revisions"}],"predecessor-version":[{"id":597,"href":"https:\/\/www.big-animals.com\/de\/wp-json\/wp\/v2\/pages\/77\/revisions\/597"}],"wp:attachment":[{"href":"https:\/\/www.big-animals.com\/de\/wp-json\/wp\/v2\/media?parent=77"}],"curies":[{"name":"wp","href":"https:\/\/api.w.org\/{rel}","templated":true}]}}