{"id":79,"date":"2011-05-09T11:37:01","date_gmt":"2011-05-09T11:37:01","guid":{"rendered":""},"modified":"2014-10-01T21:20:43","modified_gmt":"2014-10-01T21:20:43","slug":"die-groessten-beuteltiere-der-welt","status":"publish","type":"page","link":"https:\/\/www.big-animals.com\/de\/die-groessten-beuteltiere-der-welt\/","title":{"rendered":"Die gr\u00f6\u00dften Beuteltiere der Welt"},"content":{"rendered":"<h3><span id=\"gts_text_1\" class=\"gts_text\">Was ist ein Beuteltier?<\/span><\/h3>\n<p><span id=\"gts_text_2\" class=\"gts_text\">Die Beuteltiere sind eine besondere Gruppe von <a href=\"\/Mammals.html\">S\u00e4ugetieren<\/a>.<\/span> Sie leben meistens in Australien und S\u00fcdamerika und schliessen K\u00e4ngurus, Koalas, Beutelratten und Opossums ein und viele mehr. Wie alle S\u00e4ugetiere,<\/p>\n<ul>\n<li><span id=\"gts_text_5\" class=\"gts_text\">Geben Beuteltiere ihren Babys Milch,<\/span><\/li>\n<li><span id=\"gts_text_6\" class=\"gts_text\">Haben Beuteltiere Haut und Haar,<\/span><\/li>\n<li><span id=\"gts_text_7\" class=\"gts_text\">Halten Beuteltiere ihren K\u00f6rper bei einer (mehr oder weniger) konstanten Temperatur.<\/span><\/li>\n<\/ul>\n<p><span id=\"gts_text_8\" class=\"gts_text\">Der Unterschied zwischen Beuteltieren und anderen Arten von S\u00e4ugetieren ist wie sie auf ihre Babys aufpassen. Die meisten S\u00e4ugetiere sind <em>plazentale<\/em> S\u00e4ugetiere &#8211; wenn die Mutter Babies in ihrem K\u00f6rper hat, w\u00e4chst ihr eine Plazenta um bei der Ern\u00e4hrung des Babys zu helfen, w\u00e4hrend es noch in ihrem K\u00f6rper ist. Als Resultat wachsen viele Babys\u00e4ugetiere ein ganzes St\u00fcck bevor sie geboren sind &#8211; zum Beispiel kann die <\/span><span id=\"gts_text_10\" class=\"gts_text\"><a href=\"\/Giraffe.html\">Babygiraffe<\/a> nach der Geburt nur ein paar Stunden gehen.<br \/>\n<\/span><\/p>\n<p><span id=\"gts_text_11\" class=\"gts_text\">Beuteltiere sind anders. Wenn ein Beuteltier geboren wird, macht es sich sofort auf den Weg zum Beutel seiner Mutter. Wenn es dort nicht hingelangt, wird es nicht \u00fcberleben. Es lebt komplett innerhalb des Beutels bis es bereit ist sich der Aussenwelt zu stellen &#8211; Wochen oder Monate sp\u00e4ter. Alle Beuteltiere haben einen Beutel, nicht nur das K\u00e4nguru.<\/span><span id=\"gts_text_15\" class=\"gts_text\"><br \/>\n<\/span><\/p>\n<p><span id=\"gts_text_16\" class=\"gts_text\">Die dritte Gruppe von S\u00e4ugetieren, die Kloakentiere legen tats\u00e4chlich Eier!<br \/>\n<\/span><\/p>\n<h3><span id=\"gts_text_17\" class=\"gts_text\">Was ist das gr\u00f6\u00dfte Beuteltier der Welt?<\/span><\/h3>\n<p><span id=\"gts_text_18\" class=\"gts_text\">Das weltgr\u00f6\u00dfte lebende Beuteltier ist das <a href=\"\/Red-Kangaroo.html\">rote Riesenk\u00e4nguru<\/a>, welches \u00fcberall in den W\u00fcsten von Australien lebt. Im Durchschnitt, wachsen die M\u00e4nnchen bis zu 1,4 Meter land und wiegen 85 kg, die Weibchen bis zu 1,1 Meeter &#8211; aber gro\u00dfe Exemplare k\u00f6nnen 50% gr\u00f6\u00dfer sein!<\/span><span id=\"gts_text_19\" class=\"gts_text\"><\/span><\/p>\n<p><span id=\"gts_text_21\" class=\"gts_text\">Das gr\u00f6\u00dfte Beuteltier \u00fcberhaupt war eine riesige wombat-\u00e4hnliche Kreatur, stehend 2 Meter hoch und wiegend \u00fcber 2,5 Tonnen schwer. Wissenschaftler nennen es heute <a href=\"\/Diprotodon.html\"><span style=\"font-style: italic\">Diprotodon<\/span><\/a>, was \u201ezwei Vorderz\u00e4hne\u201c bedeutet.<br \/>\n<\/span><\/p>\n<h3><span id=\"gts_text_22\" class=\"gts_text\">Welche Arten von Beuteltieren gibt es?<\/span><\/h3>\n<p><span id=\"gts_text_23\" class=\"gts_text\">Es gibt um die 334 verschiedene Arten von Beuteltieren, gruppiert in sieben Gruppen, \u201eOrdnungen\u201c genannt (es gibt noch zwei Ordnungen die v\u00f6llig ausgestorben sind und die es nicht mehr gibt)<br \/>\n<\/span><\/p>\n<ul>\n<li><span id=\"gts_text_24\" class=\"gts_text\">Die Opossums von S\u00fcdamerika, genannt <span style=\"font-style: italic\">Didelphimorphia<\/span>, leben in B\u00e4umen und fressen alles. Sie haben ein starkes Immunsystem und k\u00f6nnen sogar den Biss einer Rasselschlange \u00fcberleben! Sie haben ausserdem mehr Z\u00e4hne als jedes andere Lands\u00e4ugetier.<\/span><span id=\"gts_text_26\" class=\"gts_text\"><br \/>\n<\/span><\/li>\n<li><span id=\"gts_text_27\" class=\"gts_text\">Die Spitzmaus-Opossums, genannt <span style=\"font-style: italic\">Paucituberculata<\/span>, wohnen ebenfalls in S\u00fcdamerika.<\/span> <span id=\"gts_text_28\" class=\"gts_text\">Sie sehen wie kleine Opossums aus.<\/span><\/li>\n<li><span id=\"gts_text_29\" class=\"gts_text\">Der Monito Del Monte (was <em>kleiner Gebirgsaffe<\/em> bedeutet), ist das einzige lebende Tier in der Ordnung <span style=\"font-style: italic\">Microbiotheria<\/span>.<\/span> Es ist ungef\u00e4hr in der Gr\u00f6\u00dfe einer Maus, aber mit einem l\u00e4ngeren, dickeren und n\u00fctzlicheren Schwanz und einem anders geformten Kopf.<\/li>\n<li><span id=\"gts_text_31\" class=\"gts_text\"><span style=\"font-style: italic\">Dasyuromorphia<\/span> bedeutet \u201ehaariges Endst\u00fcck\u201c.<\/span> Diese Gruppe beinhaltet viele fleischfressende Beuteltiere aus Australien, darunter Beutelmarder, Numbats, der ausgestorbene tasmanische Tiger (oder Thylacine) und der gef\u00e4hrdete tasmanische Teufel.<\/li>\n<li><span id=\"gts_text_33\" class=\"gts_text\">Es gibt nur zwei Spezies von <span style=\"font-style: italic\">Notoryctemorphia<\/span>, oder kleiner Beutelmull. Sie sind sehr schwer zu unterscheiden. Ihre Beutel zeigen nach hinten, sodass sie nicht mit Sand gef\u00fcllt werden, wenn sie sich durch die W\u00fcstend\u00fcnen von Australien graben.<\/span><span id=\"gts_text_35\" class=\"gts_text\"><\/span><\/li>\n<li><span id=\"gts_text_36\" class=\"gts_text\">Das Bilby und die 19 Arten des Beuteldachses geh\u00f6ren zu einer Gruppe namens <span style=\"font-style: italic\">Peramelemorphia.<\/span><br \/>\n<\/span><\/li>\n<li><span id=\"gts_text_37\" class=\"gts_text\">Das <span style=\"font-style: italic\">Diprotodontia<\/span> enth\u00e4lt alle ber\u00fchmtesten australischen beuteltiere &#8211; die K\u00e4ngurus und Koalas, sowie die Wallabys, Opossums und Wombats. Sie haben ihren Namen von den griechischen W\u00f6rtern f\u00fcr \u201ezwei Vorderz\u00e4hne\u201c. Das weltgr\u00f6\u00dfte Beuteltier das<\/span><span id=\"gts_text_39\" class=\"gts_text\"> <a href=\"\/Red-Kangaroo.html\">rote Riesenk\u00e4nguru<\/a>, sowie das gr\u00f6\u00dfte Beuteltier \u00fcberhaupt, der <a href=\"\/Diprotodon.html\"><span style=\"font-style: italic\">Diprotodon<\/span><\/a>, beide geh\u00f6ren dieser Ordnung an.<br \/>\n<\/span><\/li>\n<\/ul>\n","protected":false},"excerpt":{"rendered":"<p>Was ist ein Beuteltier? Die Beuteltiere sind eine besondere Gruppe von S\u00e4ugetieren. Sie leben meistens in Australien und S\u00fcdamerika und schliessen K\u00e4ngurus, Koalas, Beutelratten und Opossums ein und viele mehr. Wie alle S\u00e4ugetiere, Geben Beuteltiere ihren Babys Milch, Haben Beuteltiere Haut und Haar, Halten Beuteltiere ihren K\u00f6rper bei einer (mehr oder weniger) konstanten Temperatur. Der &hellip; <a href=\"https:\/\/www.big-animals.com\/de\/die-groessten-beuteltiere-der-welt\/\" class=\"more-link\">Continue reading <span class=\"screen-reader-text\">Die gr\u00f6\u00dften Beuteltiere der Welt<\/span><\/a><\/p>\n","protected":false},"author":1,"featured_media":0,"parent":0,"menu_order":0,"comment_status":"closed","ping_status":"open","template":"","meta":{"_acf_changed":false,"footnotes":""},"acf":[],"_links":{"self":[{"href":"https:\/\/www.big-animals.com\/de\/wp-json\/wp\/v2\/pages\/79"}],"collection":[{"href":"https:\/\/www.big-animals.com\/de\/wp-json\/wp\/v2\/pages"}],"about":[{"href":"https:\/\/www.big-animals.com\/de\/wp-json\/wp\/v2\/types\/page"}],"author":[{"embeddable":true,"href":"https:\/\/www.big-animals.com\/de\/wp-json\/wp\/v2\/users\/1"}],"replies":[{"embeddable":true,"href":"https:\/\/www.big-animals.com\/de\/wp-json\/wp\/v2\/comments?post=79"}],"version-history":[{"count":4,"href":"https:\/\/www.big-animals.com\/de\/wp-json\/wp\/v2\/pages\/79\/revisions"}],"predecessor-version":[{"id":599,"href":"https:\/\/www.big-animals.com\/de\/wp-json\/wp\/v2\/pages\/79\/revisions\/599"}],"wp:attachment":[{"href":"https:\/\/www.big-animals.com\/de\/wp-json\/wp\/v2\/media?parent=79"}],"curies":[{"name":"wp","href":"https:\/\/api.w.org\/{rel}","templated":true}]}}