{"id":80,"date":"2011-05-09T11:37:17","date_gmt":"2011-05-09T11:37:17","guid":{"rendered":""},"modified":"2014-02-27T13:43:52","modified_gmt":"2014-02-27T13:43:52","slug":"die-groessten-mollusken-der-welt","status":"publish","type":"page","link":"https:\/\/www.big-animals.com\/de\/die-groessten-mollusken-der-welt\/","title":{"rendered":"Die gr\u00f6\u00dften Mollusken der Welt!"},"content":{"rendered":"<h3><span class=\"gts_text\" id=\"gts_text_1\">Was Mollusken sind<\/span><\/h3>\n<p><span class=\"gts_text\" id=\"gts_text_2\">Mollusken sind <a href=\"\/Animals.html\">Tiere<\/a>.<\/span> Es gibt um die 93000 bekannte Spezien von Mollusken. Es gibt Mollusken die im Meer, S\u00fc\u00dfwasser oder auf dem land leben. Mollusken leben nicht nur in verschiedenen Orten, es gibt sie auch in verschiedenen Gr\u00f6\u00dfen und Farben und sie verhalten sich auf viele verschiedenen Weisen. Sie sind in zehn Klassen aufgeteilt, zwei denen welche ausgestorben sind.<span class=\"gts_text\" id=\"gts_text_3\"><\/span><span class=\"gts_text\" id=\"gts_text_6\"><\/span><\/p>\n<p><span class=\"gts_text\" id=\"gts_text_7\">Der weltgr\u00f6\u00dfte Molluske ist der <a title=\"Kolossaler Kalmar\" href=\"http:\/\/www.big-animals.com\/colossal-squid\/\">Koloss-Kalmar<\/a>, welcher erst vor kurzem entdeckt wurde. Davor dachten die Leute, der Riesenkalmar w\u00e4re der weltgr\u00f6\u00dfte Molluske.<\/span><span class=\"gts_text\" id=\"gts_text_8\"><\/span><\/p>\n<h3><span class=\"gts_text\" id=\"gts_text_9\">Welche Arten von Mollusken gibt es?<\/span><\/h3>\n<p><span class=\"gts_text\" id=\"gts_text_10\">Die gr\u00f6\u00dfte Gruppen von Mollusken sind die Gastropoden, oder Schnecken und Nacktschnecken. Manche Schnecken und Nacktschnecken leben auf dem Land, manche im Meer oder im S\u00fc\u00dfwasser. Diese Klasse enth\u00e4lt 80% der gesamten Mollusk Spezies. Mitglieder der n\u00e4chstgr\u00f6\u00dferen Gruppe werden <em>Cephalopods<\/em> genannt und enthalten Tintenfische, Oktopusse und Sepien. Der weltgr\u00f6\u00dfte Molluske ist ein Cephalopod, der <\/span><span class=\"gts_text\" id=\"gts_text_14\"><a title=\"Kolossaler Kalmar\" href=\"http:\/\/www.big-animals.com\/colossal-squid\/\">kolossale Kalmar<\/a>, welcher in der Tat das gr\u00f6\u00dftbekannte wirbellose Tier ist. Es kann bis zu 39-46 Fu\u00df wachsen, beziehungsweise 12-14 Meter. Das ist l\u00e4nger als ein Schulbus! Drittens gibt es die zweischaligen Weichtiere (Klaffmuscheln, Austern, Jakobsmuscheln und Miesmuscheln). Diese machen alle leckere Gerichte her! Einige andere Klassen von Mollusken beinhalten den \u201eKahnf\u00fc\u00dfer\u201c, welche eine lange kurvige Schale haben, K\u00e4ferschnecken, deren Schale mehrere Platten formt, wie eine R\u00fcstung. Es gibt noch die Monoplacophoren, welche erst 1952 entdeckt wurden und die Caudofauveata und Aplacophoren welche sich selbst im Schlamm am Boden von Seen und dem Meer vergraben.<\/span><span class=\"gts_text\" id=\"gts_text_19\"><\/span><\/p>\n<h3><span class=\"gts_text\" id=\"gts_text_20\">F\u00fcr was benutzen wir Mollusken?<\/span><\/h3>\n<p><span class=\"gts_text\" id=\"gts_text_21\">Abgesehen davon dass wir sie essen, erhalten wir auch wertvolle luxuri\u00f6se Waren aus einigen Mollusken, wie z.B. Perlen, violetter Farbstoff (welcher sehr teuer ist) und Muschelseide, welche dazu benutzt wird um gute Seidenkleidung herzustellen. Ihre Schalen wurden in der Vergangenheit an einigen Orten als Geld benutzt. Andererseits, sind Mollusken f\u00fcr uns die Pest. Schnecken und Nacktschnecken greifen Gem\u00fcse an. Ein Biss des blaugeringelten Kraken oder einer Kugelschnecke k\u00f6nnte dich t\u00f6ten, ausser du begibst dich in ein Krankenhaus!<br \/>\n<\/span><span class=\"gts_text\" id=\"gts_text_25\"><\/span><\/p>\n<h3><span class=\"gts_text\" id=\"gts_text_26\">Der Fu\u00df einer Molluske<\/span><\/h3>\n<p><span class=\"gts_text\" id=\"gts_text_27\">Es gibt einen bestimmten Fu\u00df unterhalb des K\u00f6rpers eines Mollusken. Verschieden Mollusken benutzen diesen Fu\u00df f\u00fcr verschiedene Sachen. Eine Schnecke oder Nacktschnecke bewegt sich langsam auf seinem Fu\u00df. Es gibt ein Schleimsekret ab um auf der Oberfl\u00e4che kleben zu bleiben und dahinzugleiten. Eine Schnecke ist f\u00e4hig entlang einer Rasierklinge zu gleiten, ohne geschnitten zu werden! Bei zweischaligen Weichtieren wie Klaffmuscheln, ist der Fu\u00df dazu da, um sich ins Sediment einzugraben. Die gr\u00f6\u00dfte Klaffmuschel in der Welt ist die Elefantenr\u00fcsselmuschel. Bei Cephalopoden wird der Fu\u00df f\u00fcr den Strahlantrieb verwendet und die Arme sind eigentlich Teil seines Fu\u00dfes. Sie treiben sich vorw\u00e4rts, indem sie Wasser von ihrem K\u00f6rper wegstossen. Zum Beispiel st\u00f6sst der Tintenfisch durch eine Einh\u00f6hlung innerhalb seines K\u00f6rpers Wasser ab. Die Jakobsmuschel kennt einen \u00e4hnlichen Trick und kann sich selbst vorantreiben, indem es seine Schale ganz schnell, wieder und wieder schliesst!<\/span><span class=\"gts_text\" id=\"gts_text_35\"><br \/>\n<\/span><\/p>\n<p><span class=\"gts_text\" id=\"gts_text_36\">Die<\/span><span class=\"gts_text\" id=\"gts_text_39\"> meisten Mollusken haben nur ein Paar Kiemen oder sogar nur einen Kiemen, mit dem es atmet. Der Kiemen sieht federig aus. Viele von ihnen haben muskul\u00e4re M\u00fcnder mit Zungen und Z\u00e4hnen. Die Z\u00e4hne werden benutzt um Bakterien und Algen von den Steinen zu kratzen.<br \/>\n<\/span><\/p>\n","protected":false},"excerpt":{"rendered":"<p>Was Mollusken sind Mollusken sind Tiere. Es gibt um die 93000 bekannte Spezien von Mollusken. Es gibt Mollusken die im Meer, S\u00fc\u00dfwasser oder auf dem land leben. Mollusken leben nicht nur in verschiedenen Orten, es gibt sie auch in verschiedenen Gr\u00f6\u00dfen und Farben und sie verhalten sich auf viele verschiedenen Weisen. Sie sind in zehn &hellip; <a href=\"https:\/\/www.big-animals.com\/de\/die-groessten-mollusken-der-welt\/\" class=\"more-link\">Continue reading <span class=\"screen-reader-text\">Die gr\u00f6\u00dften Mollusken der Welt!<\/span><\/a><\/p>\n","protected":false},"author":1,"featured_media":0,"parent":0,"menu_order":0,"comment_status":"closed","ping_status":"open","template":"","meta":{"_acf_changed":false,"footnotes":""},"acf":[],"_links":{"self":[{"href":"https:\/\/www.big-animals.com\/de\/wp-json\/wp\/v2\/pages\/80"}],"collection":[{"href":"https:\/\/www.big-animals.com\/de\/wp-json\/wp\/v2\/pages"}],"about":[{"href":"https:\/\/www.big-animals.com\/de\/wp-json\/wp\/v2\/types\/page"}],"author":[{"embeddable":true,"href":"https:\/\/www.big-animals.com\/de\/wp-json\/wp\/v2\/users\/1"}],"replies":[{"embeddable":true,"href":"https:\/\/www.big-animals.com\/de\/wp-json\/wp\/v2\/comments?post=80"}],"version-history":[{"count":2,"href":"https:\/\/www.big-animals.com\/de\/wp-json\/wp\/v2\/pages\/80\/revisions"}],"predecessor-version":[{"id":423,"href":"https:\/\/www.big-animals.com\/de\/wp-json\/wp\/v2\/pages\/80\/revisions\/423"}],"wp:attachment":[{"href":"https:\/\/www.big-animals.com\/de\/wp-json\/wp\/v2\/media?parent=80"}],"curies":[{"name":"wp","href":"https:\/\/api.w.org\/{rel}","templated":true}]}}