{"id":81,"date":"2011-05-09T11:37:35","date_gmt":"2011-05-09T11:37:35","guid":{"rendered":""},"modified":"2014-08-08T10:02:16","modified_gmt":"2014-08-08T10:02:16","slug":"titanoboa-die-groesste-schlange-ueberhaupt","status":"publish","type":"page","link":"https:\/\/www.big-animals.com\/de\/titanoboa-die-groesste-schlange-ueberhaupt\/","title":{"rendered":"Titanoboa &#8211; die gr\u00f6\u00dfte Schlange \u00fcberhaupt"},"content":{"rendered":"<figure id=\"attachment_446\" aria-describedby=\"caption-attachment-446\" style=\"width: 300px\" class=\"wp-caption alignright\"><a href=\"http:\/\/www.big-animals.com\/wp-content\/uploads\/2011\/02\/Titanoboa_And_Human.png\"><img loading=\"lazy\" decoding=\"async\" class=\"size-medium wp-image-446\" title=\"Titanoboa und Mensch\" src=\"http:\/\/www.big-animals.com\/wp-content\/uploads\/2011\/02\/Titanoboa_And_Human-300x201.png\" alt=\"Titanoboa und Mensch\" width=\"300\" height=\"201\" \/><\/a><figcaption id=\"caption-attachment-446\" class=\"wp-caption-text\">Titanoboa und Mensch<\/figcaption><\/figure>\n<p><span id=\"gts_text_3\" class=\"gts_text\">Titanoboa bedeutet Titanboa. Es handelt sich hier um eine pr\u00e4historische Schlange die ungef\u00e4hr vor 60 bis 58 Millionen Jahren lebte, nach dem Aussterben der Dinosaurier. Dieses Reptil &#8211; die weltgr\u00f6\u00dfte <a title=\"Schlangen\" href=\"http:\/\/www.big-animals.com\/de\/schlangen\/\">Schlange<\/a> \u00fcberhaupt\u00a0\u2013 war zwischen 12 bis 15 Meter lang, ungef\u00e4hr die L\u00e4nge eines Busses! Sie wog so viel wie ein kleines Auto\u00a0\u2013 um die 1135 Kilogramm. Der dickste Teil ihres K\u00f6rpers war ungef\u00e4hr 1 Meter stark. <\/span><span id=\"gts_text_5\" class=\"gts_text\"><\/span><\/p>\n<p>Die Fossilien der Titanoboa wurden in einer Steinschicht bei einem Kohlebergwerk in Kolumbien, S\u00fcdamerika gefunden. Sie lebte im Regenwald des nord\u00f6stlichen Kolumbien. Die Gr\u00f6\u00dfe der Titanoboa sagt uns, dass das Klima der Urw\u00e4lder w\u00e4rmer als heute gewesen sein muss &#8211; um die 30\u00b0C. Das w\u00e4rmere Klima der Erde w\u00e4hrend dieser Zeit machte es m\u00f6glich, dass kaltbl\u00fctige Schlangen gr\u00f6\u00dfer waren als die Schlangen der heutigen Zeit. Die l\u00e4ngsten und schwersten Schlangen heutzutage zum Beispiel, sind Netzpythons mit einer L\u00e4nge von 8,7 Meter und die Anakonda, welche ungef\u00e4hr 5,2 Meter misst. Derzeit neigen kaltbl\u00fctige Tiere in den w\u00e4rmeren Tropen dazu, gr\u00f6\u00dfer zu sein als kaltbl\u00fctige Tiere in k\u00fchleren Klimagebieten.<\/p>\n","protected":false},"excerpt":{"rendered":"<p>Titanoboa bedeutet Titanboa. Es handelt sich hier um eine pr\u00e4historische Schlange die ungef\u00e4hr vor 60 bis 58 Millionen Jahren lebte, nach dem Aussterben der Dinosaurier. Dieses Reptil &#8211; die weltgr\u00f6\u00dfte Schlange \u00fcberhaupt\u00a0\u2013 war zwischen 12 bis 15 Meter lang, ungef\u00e4hr die L\u00e4nge eines Busses! Sie wog so viel wie ein kleines Auto\u00a0\u2013 um die 1135 &hellip; <a href=\"https:\/\/www.big-animals.com\/de\/titanoboa-die-groesste-schlange-ueberhaupt\/\" class=\"more-link\">Continue reading <span class=\"screen-reader-text\">Titanoboa &#8211; die gr\u00f6\u00dfte Schlange \u00fcberhaupt<\/span><\/a><\/p>\n","protected":false},"author":1,"featured_media":0,"parent":0,"menu_order":0,"comment_status":"closed","ping_status":"open","template":"","meta":{"_acf_changed":false,"footnotes":""},"acf":[],"_links":{"self":[{"href":"https:\/\/www.big-animals.com\/de\/wp-json\/wp\/v2\/pages\/81"}],"collection":[{"href":"https:\/\/www.big-animals.com\/de\/wp-json\/wp\/v2\/pages"}],"about":[{"href":"https:\/\/www.big-animals.com\/de\/wp-json\/wp\/v2\/types\/page"}],"author":[{"embeddable":true,"href":"https:\/\/www.big-animals.com\/de\/wp-json\/wp\/v2\/users\/1"}],"replies":[{"embeddable":true,"href":"https:\/\/www.big-animals.com\/de\/wp-json\/wp\/v2\/comments?post=81"}],"version-history":[{"count":3,"href":"https:\/\/www.big-animals.com\/de\/wp-json\/wp\/v2\/pages\/81\/revisions"}],"predecessor-version":[{"id":559,"href":"https:\/\/www.big-animals.com\/de\/wp-json\/wp\/v2\/pages\/81\/revisions\/559"}],"wp:attachment":[{"href":"https:\/\/www.big-animals.com\/de\/wp-json\/wp\/v2\/media?parent=81"}],"curies":[{"name":"wp","href":"https:\/\/api.w.org\/{rel}","templated":true}]}}