{"id":82,"date":"2011-05-09T11:37:47","date_gmt":"2011-05-09T11:37:47","guid":{"rendered":""},"modified":"2014-02-26T07:19:07","modified_gmt":"2014-02-26T07:19:07","slug":"die-groessten-stummelfuessler-der-welt","status":"publish","type":"page","link":"https:\/\/www.big-animals.com\/de\/die-groessten-stummelfuessler-der-welt\/","title":{"rendered":"Die gr\u00f6\u00dften Stummelf\u00fc\u00dfer der Welt!"},"content":{"rendered":"<h3><span class=\"gts_text\" id=\"gts_text_1\">Was ist ein Stummelf\u00fc\u00dfler?<\/span><\/h3>\n<p><span class=\"gts_text\" id=\"gts_text_4\">Stummelf\u00fc\u00dfer haben Beine wie eine Raupe. Jedes Bein kann von internen Muskeln verk\u00fcrzt und gebogen werden. Ist das nicht cool? Stummelf\u00fc\u00dfer sind so verschieden von anderen Wesen, das sie ihren eigenen Stamm bekommen haben (ein Stamm ist die weitm\u00f6glichste Gruppe von \u00e4hnlichen <a href=\"\/Animals.html\">Tieren)<\/a> &#8211; Wissenschaftler nennen diese Onychophora. Sie leben in W\u00e4ldern und sind sehr farbenfroh. Meistens sind sie nur 3-5cm lang. Die Stummelf\u00fc\u00dfer sind der einzige Stamm, die kein Mitglied enthalten, dass f\u00e4hig ist im Wasser zu leben! Manche Stummelf\u00fc\u00dfer legen Eier, andere nicht. Sie atmen durch ihre K\u00f6rperoberfl\u00e4che. Sie haben zwei Antennen. Manche Spezies der Stummelf\u00fc\u00dfer haben nur ein Auge. Es sind \u00fcber 100 verschieden Arten von Stummelf\u00fc\u00dfern bekannt und Wissenschaftler entdecken andauernd mehr. <\/span><span class=\"gts_text\" id=\"gts_text_12\"><\/span><\/p>\n<div style=\"text-align: center\"><img decoding=\"async\" style=\"width: 600px;height: 228px\" alt=\"Ein typischer Samtwurm\" src=\"http:\/\/ba.dr-mikes-maths.com\/\/wp-content\/themes\/twentyten\/images\/ba\/velvet-worm.jpg\" \/><br \/>\n<span class=\"gts_text\" id=\"gts_text_13\"><span style=\"font-weight: bold\">Ein typischer Stummelf\u00fc\u00dfer &#8211; Fotografie von<\/span> <a href=\"http:\/\/www.flickr.com\/people\/12964067@N00\" rel=\"nofollow\">Bruno Vellutini<\/a><\/span><\/div>\n<h3><span class=\"gts_text\" id=\"gts_text_14\">Was ist der gr\u00f6\u00dfte Stummelf\u00fc\u00dfer?<\/span><\/h3>\n<p><span class=\"gts_text\" id=\"gts_text_15\">Die gr\u00f6\u00dften Stummelf\u00fc\u00dfer geh\u00f6ren zu einer Spezies welche <a href=\"\/Giant-Velvet-Worm.html\">nicht einmal einen Namen hat<\/a>!<\/span> Es w\u00e4chst bis zu 22 cm lang und lebt in den Dschungeln von Costa Rica. Das Neugeborene dieses Stummelf\u00fc\u00dfers ist gr\u00f6\u00dfer als die Erwachsenen der meisten Spezies! Der riesige Stummelf\u00fc\u00dfer legt keine Eier.<span class=\"gts_text\" id=\"gts_text_18\"><\/span><\/p>\n<h3><span class=\"gts_text\" id=\"gts_text_19\">Was essen Stummelf\u00fc\u00dfer?<\/span><\/h3>\n<p><span class=\"gts_text\" id=\"gts_text_20\">Stummelf\u00fc\u00dfer sind J\u00e4ger &#8211; sie schleichen sich an ein leckeres Insekt heran und verspr\u00fchen einen klebrigen Schleim um es f\u00fcr sein Essen zu fangen. Sie sind in der Lage den Schleim bis zu einer Distanz von bis zu 30 cm zu spritzen &#8211; das ist 1 Fu\u00df! Sie haben feine Z\u00e4hnchen, welche sie dazu benutzen um ihr Futter durchzukauen. Untersch\u00e4tze sie nicht wegen ihrer Gr\u00f6\u00dfe! Sie k\u00f6nnen sogar gro\u00dfe Schnecken zerkauen.<\/span><span class=\"gts_text\" id=\"gts_text_24\"><br \/>\n<\/span><\/p>\n<h3><span class=\"gts_text\" id=\"gts_text_25\">Wo leben Stummelf\u00fc\u00dfer?<\/span><\/h3>\n<p><span class=\"gts_text\" id=\"gts_text_26\">Stummelf\u00fc\u00dfer bevorzugen dunkle, feuchte Orte. Sie werden in tropischen Regenw\u00e4ldern und s\u00fcdlich bei Tasmanien gefunden. Zwei Spezies leben in den Spalten von H\u00f6hlen. Manche Leute m\u00f6gen es sogar, Stummelf\u00fc\u00dfer als Haustiere zu halten!<br \/>\n<\/span><span class=\"gts_text\" id=\"gts_text_29\"><\/span><\/p>\n","protected":false},"excerpt":{"rendered":"<p>Was ist ein Stummelf\u00fc\u00dfler? Stummelf\u00fc\u00dfer haben Beine wie eine Raupe. Jedes Bein kann von internen Muskeln verk\u00fcrzt und gebogen werden. Ist das nicht cool? Stummelf\u00fc\u00dfer sind so verschieden von anderen Wesen, das sie ihren eigenen Stamm bekommen haben (ein Stamm ist die weitm\u00f6glichste Gruppe von \u00e4hnlichen Tieren) &#8211; Wissenschaftler nennen diese Onychophora. Sie leben in &hellip; <a href=\"https:\/\/www.big-animals.com\/de\/die-groessten-stummelfuessler-der-welt\/\" class=\"more-link\">Continue reading <span class=\"screen-reader-text\">Die gr\u00f6\u00dften Stummelf\u00fc\u00dfer der Welt!<\/span><\/a><\/p>\n","protected":false},"author":1,"featured_media":0,"parent":0,"menu_order":0,"comment_status":"closed","ping_status":"open","template":"","meta":{"_acf_changed":false,"footnotes":""},"acf":[],"_links":{"self":[{"href":"https:\/\/www.big-animals.com\/de\/wp-json\/wp\/v2\/pages\/82"}],"collection":[{"href":"https:\/\/www.big-animals.com\/de\/wp-json\/wp\/v2\/pages"}],"about":[{"href":"https:\/\/www.big-animals.com\/de\/wp-json\/wp\/v2\/types\/page"}],"author":[{"embeddable":true,"href":"https:\/\/www.big-animals.com\/de\/wp-json\/wp\/v2\/users\/1"}],"replies":[{"embeddable":true,"href":"https:\/\/www.big-animals.com\/de\/wp-json\/wp\/v2\/comments?post=82"}],"version-history":[{"count":1,"href":"https:\/\/www.big-animals.com\/de\/wp-json\/wp\/v2\/pages\/82\/revisions"}],"predecessor-version":[{"id":413,"href":"https:\/\/www.big-animals.com\/de\/wp-json\/wp\/v2\/pages\/82\/revisions\/413"}],"wp:attachment":[{"href":"https:\/\/www.big-animals.com\/de\/wp-json\/wp\/v2\/media?parent=82"}],"curies":[{"name":"wp","href":"https:\/\/api.w.org\/{rel}","templated":true}]}}