{"id":83,"date":"2011-05-09T21:56:35","date_gmt":"2011-05-09T21:56:35","guid":{"rendered":""},"modified":"2014-05-19T11:43:16","modified_gmt":"2014-05-19T11:43:16","slug":"suedlicher-see-elefant","status":"publish","type":"page","link":"https:\/\/www.big-animals.com\/de\/suedlicher-see-elefant\/","title":{"rendered":"S\u00fcdlicher See-Elefant"},"content":{"rendered":"<p><span class=\"gts_text\" id=\"gts_text_1\">Die s\u00fcdlichen See-Elfanten sind die gr\u00f6\u00dften lebendigen <a title=\"Raubtiere\" href=\"http:\/\/www.big-animals.com\/de\/raubtiere\/\">Raubtiere<\/a>. Sie werden See-Elefanten genannt, weil sie so riesig sind und die M\u00e4nnchen sto\u00dfzahnartige Nasen haben. Sie sto\u00dfzahnartigen Nasen werden dazu verwendet, laute, r\u00f6hrende Ger\u00e4usche zu machen.<\/span> <span class=\"gts_text\" id=\"gts_text_3\"><\/span><\/p>\n<p>Der s\u00fcdliche See-Elefant ist gr\u00f6\u00dfer als der n\u00f6rdliche See-Elefant. Er hat eine breitere sto\u00dfzahnartige Nase. Der n\u00f6rdliche See-Elefant kann in und um Kalifornien gefunden werden. Er lebt haupts\u00e4chlich auf Inseln fernab der K\u00fcste. Der s\u00fcdliche See-Elefant lebt haupts\u00e4chlich um die Antarktis herum.<\/p>\n<figure id=\"attachment_776\" aria-describedby=\"caption-attachment-776\" style=\"width: 300px\" class=\"wp-caption alignleft\"><a href=\"http:\/\/www.big-animals.com\/wp-content\/uploads\/2011\/03\/Southern_Elephant_Seal_And_Human.png\"><img loading=\"lazy\" decoding=\"async\" class=\"size-medium wp-image-776\" title=\"See-Elefant und Mensch\" alt=\"See-Elefant und Mensch\" src=\"http:\/\/www.big-animals.com\/wp-content\/uploads\/2011\/03\/Southern_Elephant_Seal_And_Human-300x177.png\" width=\"300\" height=\"177\" \/><\/a><figcaption id=\"caption-attachment-776\" class=\"wp-caption-text\">S\u00fcdlicher See-Elefant und Mensch<\/figcaption><\/figure>\n<p>Der m\u00e4nnliche, s\u00fcdliche See-Elefant ist um die 5 bis 6 Mal gr\u00f6\u00dfter als das Weibchen. Das Weibchen wiegt ungef\u00e4hr 400 bis 900 Kilogramm und ist um die 2,6 bis 3 Meter lang. Im Gegensatz wiegen die M\u00e4nnchen ungef\u00e4hr 2200 bis 4000 Kilogramm und sind um die 4,2 bis 5 Meter lang. Ihre Welpen wiegen\u00a0 bei der Geburt 40 Kilogramm und trinken die Milch der Mutter nur f\u00fcr\u00a0 ungef\u00e4hr 3 Wochen. Bis dahin frisst die Mutter nichts, sodass beide, die Mutter als auch das Kind von der Energie leben, die in der dicken Fettschicht der Mutter gelagert ist. Nach fast einem Monat Fasten verliert die Mutter eine Menge an Gewicht!<\/p>\n<p>Ihre Augen sind gro\u00df, rund und schwarz. Diese Augen sind bei der Jag wichtig. Sie haben Hintergliedma\u00dfen, die als Schwanzflosse benutzt werden. Jede der Gliedma\u00dfen hat 5 lange, verwobene Finger. Die Flossen, welche an jeder Seite angebracht sind, werden beim Schwimmen nicht oft genutzt. Sie werden stattdessen dazu benutzt, um sich an Land fortzubewegen. Sie sind in der Lage sich schnell fortzubewegen &#8211; so gut wie 8 Kilometer pro Stunden bei kurzen Distanzen. Obwohl sie unbeholfen aussehen wenn sie sich an Land bewegen, macht sie ihre Spitzengeschwindigkeit gef\u00e4hrlich, wenn sie gest\u00f6rt werden.<\/p>\n<p>Der See-Elefant braucht sich nicht lange an der Oberfl\u00e4che des Wassers auszuruhen. Sie brauchen nur ein paar Minuten um genug Luft f\u00fcr den n\u00e4chsten Tauchgang einzuatmen. Sie tauchen wiederholt, jedes Mal f\u00fcr mehr als 20 Minuten und bis hin zu 2 Stunden, auf der jag nach Beute wie Tintenfisch und Fischen. Sie sind die am tiefsten tauchenden Robben auf der Welt. Sie sind in der Lage so tief wie 400 Meter zu tauchen.<\/p>\n<figure id=\"attachment_778\" aria-describedby=\"caption-attachment-778\" style=\"width: 300px\" class=\"wp-caption alignright\"><a href=\"http:\/\/www.big-animals.com\/wp-content\/uploads\/2011\/03\/Male_Southern_Elephant_Seal.jpg\"><img loading=\"lazy\" decoding=\"async\" class=\"size-medium wp-image-778\" title=\"M\u00e4nnlicher See-Elefant - Photgraph durch Bruno Navez\" alt=\"M\u00e4nnlicher See-Elefant - Photgraph durch Bruno Navez\" src=\"http:\/\/www.big-animals.com\/wp-content\/uploads\/2011\/03\/Male_Southern_Elephant_Seal-300x300.jpg\" width=\"300\" height=\"300\" \/><\/a><figcaption id=\"caption-attachment-778\" class=\"wp-caption-text\">S\u00fcdliches See-Elefant M\u00e4nnchen &#8211; Fotografie von Bruno Navez<\/figcaption><\/figure>\n<p>Ihr K\u00f6rper ist wie ein Torpedo geformt, was ihnen dabei hilft gute Schwimmer zu sein. Ausserdem sind ihre K\u00f6rper f\u00e4hig eine Menge Blut zu speichern &#8211; gut f\u00fcr das Transportieren von Sauerstoff. Sie besitzen sogar extra Pl\u00e4tze in ihrem K\u00f6rper um zus\u00e4tzliches Blut zu lagern! All dies hilft ihnen dabei, brilliante Taucher zu sein &#8211; sie k\u00f6nnen Luft einatmen und diese f\u00fcr lange, lange Zeit anhalten.<\/p>\n<p>In den Ozeanen leben die Robben allein. Die meisten weiblichen See-Elefanten tauchen fast bis an den Grund des meers. Die m\u00e4nnlichen See-Elefanten nicht zur bis zum Grund des Meers, sondern bis zu den tiefsten Teilen des Meers! Sie kehren jedes Jahr zum gleichen Jagdort zur\u00fcck. Ihre Hauptnahrungsquelle ist der Rand der Antarktis. W\u00e4hrend sie in dunklen Ozeanen jagen, hilft das Licht, welches von einigen Beutetieren emittiert wird den See-Elefanten dabei, sie leicht zu fangen. Die See-Elefanten reagieren sensibel auf Vibrationen. Diese Sensibilit\u00e4t assistiert ihnen beim Fang ihrer Beute. Ihr Hauptfeind ist der Killerwal.<\/p>\n<p>See-Elefanten k\u00f6nnen f\u00fcr eine lange Zeit an Land bleiben. Sie k\u00f6nnen dies f\u00fcr mehrere Wochen jedes Jahr machen. M\u00e4nnliche See-Elefanten verteidigen ihre Territorien. Manchmal gibt es brutale K\u00e4mpfe zwischen den M\u00e4nnchen, gl\u00fccklicherweise jedoch, t\u00f6ten sie sich nur selten gegenseitig. W\u00e4hrend sie ihre Territorien verteidigen, verbringen sie Wochen ohne etwas zu fressen, manchmal bis zu 3 Monaten. Sie leben dann einfach von der Energie, die im K\u00f6rperfett gespeichert ist. Das besiegt See-Elefant M\u00e4nnchen flieht, nachdem es massive Risse und Kratzer erleidet.<\/p>\n<p>M\u00e4nnliche s\u00fcdliche See-Elefanten machen Ger\u00e4usche wie ein hustendes Gr\u00f6hlen, um andere wissen zu lassen wer sie sind und wie gro\u00df sie sind. K\u00e4mpfe zwischen M\u00e4nnchen werden oft dadurch gel\u00f6st mithilfe einer Postur zu zeigen wer der Boss ist und durch Angr\u00f6hlen als sich gegenseitig mit ihren Sto\u00dfz\u00e4hnen und Z\u00e4hnen zu bek\u00e4mpfen.<\/p>\n<p>Baby See-Elefanten die aufgeh\u00f6rt haben, Muttermilch zu sich zu nehmen, versammeln sich zusammen bis sie das Fell verlieren mit dem sie geboren wurden. Dieser fellartige, schwarze Mantel ist f\u00fcrs Schimmen nicht geeignet, h\u00e4lt sie jedoch im Kalten warm. Nachdem sie ihre Geburtsm\u00e4ntel verlieren, kann ihr Fell grau und braun werden, abh\u00e4ngig von der St\u00e4rke und Feuchtigkeit der Haare. Die \u00e4lteren, m\u00e4nnlichen See-Elefanten besitzen Haut, die aussieht wie dickes Leder, die oft nach einem See-Elefanten-Kampf zerkratzt ist.<\/p>\n<figure id=\"attachment_777\" aria-describedby=\"caption-attachment-777\" style=\"width: 300px\" class=\"wp-caption aligncenter\"><a href=\"http:\/\/www.big-animals.com\/wp-content\/uploads\/2011\/03\/Baby_Southern_Elephant_Seal.jpg\"><img loading=\"lazy\" decoding=\"async\" class=\"size-medium wp-image-777\" title=\"Baby-See-Elefant - Fotografie durch Serge Ouach\u00e9e\" alt=\"Baby-See-Elefant - Fotografie durch Serge Ouach\u00e9e\" src=\"http:\/\/www.big-animals.com\/wp-content\/uploads\/2011\/03\/Baby_Southern_Elephant_Seal-300x206.jpg\" width=\"300\" height=\"206\" \/><\/a><figcaption id=\"caption-attachment-777\" class=\"wp-caption-text\">S\u00fcdliches See-Elefant Baby &#8211; Fotografie von Serge Ouach\u00e9e<\/figcaption><\/figure>\n<p>See-Elefanten wurden einst f\u00fcr ihr Fett gejagt. Sie wurden im 19ten Jahrhundert fast ausgerottet. Gl\u00fccklicherweise wurden Gesetze verabschiedet um sie zu sch\u00fctzen und ihre Brutst\u00e4tten ebenfalls, also haben diese Ma\u00dfnahmen dazu gef\u00fchrt, sicherzustellen, dass der s\u00fcdliche See-Elefant nicht mehr gef\u00e4hrdet ist.<\/p>\n","protected":false},"excerpt":{"rendered":"<p>Die s\u00fcdlichen See-Elfanten sind die gr\u00f6\u00dften lebendigen Raubtiere. Sie werden See-Elefanten genannt, weil sie so riesig sind und die M\u00e4nnchen sto\u00dfzahnartige Nasen haben. Sie sto\u00dfzahnartigen Nasen werden dazu verwendet, laute, r\u00f6hrende Ger\u00e4usche zu machen. Der s\u00fcdliche See-Elefant ist gr\u00f6\u00dfer als der n\u00f6rdliche See-Elefant. Er hat eine breitere sto\u00dfzahnartige Nase. Der n\u00f6rdliche See-Elefant kann in und &hellip; <a href=\"https:\/\/www.big-animals.com\/de\/suedlicher-see-elefant\/\" class=\"more-link\">Continue reading <span class=\"screen-reader-text\">S\u00fcdlicher See-Elefant<\/span><\/a><\/p>\n","protected":false},"author":1,"featured_media":0,"parent":0,"menu_order":0,"comment_status":"closed","ping_status":"open","template":"","meta":{"_acf_changed":false,"footnotes":""},"acf":[],"_links":{"self":[{"href":"https:\/\/www.big-animals.com\/de\/wp-json\/wp\/v2\/pages\/83"}],"collection":[{"href":"https:\/\/www.big-animals.com\/de\/wp-json\/wp\/v2\/pages"}],"about":[{"href":"https:\/\/www.big-animals.com\/de\/wp-json\/wp\/v2\/types\/page"}],"author":[{"embeddable":true,"href":"https:\/\/www.big-animals.com\/de\/wp-json\/wp\/v2\/users\/1"}],"replies":[{"embeddable":true,"href":"https:\/\/www.big-animals.com\/de\/wp-json\/wp\/v2\/comments?post=83"}],"version-history":[{"count":2,"href":"https:\/\/www.big-animals.com\/de\/wp-json\/wp\/v2\/pages\/83\/revisions"}],"predecessor-version":[{"id":546,"href":"https:\/\/www.big-animals.com\/de\/wp-json\/wp\/v2\/pages\/83\/revisions\/546"}],"wp:attachment":[{"href":"https:\/\/www.big-animals.com\/de\/wp-json\/wp\/v2\/media?parent=83"}],"curies":[{"name":"wp","href":"https:\/\/api.w.org\/{rel}","templated":true}]}}