{"id":85,"date":"2011-05-14T22:25:11","date_gmt":"2011-05-14T22:25:11","guid":{"rendered":""},"modified":"2011-05-14T22:25:11","modified_gmt":"2011-05-14T22:25:11","slug":"nilpferd","status":"publish","type":"page","link":"https:\/\/www.big-animals.com\/de\/nilpferd\/","title":{"rendered":"Nilpferd"},"content":{"rendered":"<p><span id=\"gts_text_1\" class=\"gts_text\">Das Namennilpferd kommt von einigen altgriechischen W\u00f6rtern.<\/span> <span id=\"gts_text_2\" class=\"gts_text\"><em>Flusspferd<\/em> bedeutet <em>Pferde-<\/em> und <em>potamus<\/em>durchschnitt<em>flu\u00df<\/em>.<\/span> <span id=\"gts_text_3\" class=\"gts_text\">Deshalb bedeutet Nilpferd Flusspferd.<\/span> <span id=\"gts_text_4\" class=\"gts_text\">Sie verbringen die meisten ihrer Zeit im Fluss, aber sie sind eher wie ein Schwein als ein Pferd.<\/span><\/p>\n<p><span id=\"gts_text_5\" class=\"gts_text\">Nilpferd ist das F\u00fcnftel &#8211; gr\u00f6\u00dftes lebendes Land<a title=\"Die gr\u00f6\u00dften S\u00e4ugetiere der Welt!\" href=\"http:\/\/www.big-animals.com\/the-worlds-biggest-mammals\/\">s\u00e4ugetier<\/a>, nach den drei Arten des <a title=\"Afrikaner-Bush-Elefant - das gr\u00f6\u00dfte das Land-Tier der Welt!\" href=\"http:\/\/www.big-animals.com\/the-african-bush-elephant-the-worlds-biggest-land-animal\/\">Elefanten<\/a> und des <a title=\"Wei\u00dfes Nashorn\" href=\"http:\/\/www.big-animals.com\/white-rhinoceros\/\">wei\u00dfen Nashorns<\/a>.<\/span> <span id=\"gts_text_6\" class=\"gts_text\">Sie sind der schwerste <a title=\"Gleichm\u00e4\u00dfig-ausgewichener Ungulate\" href=\"http:\/\/www.big-animals.com\/even-toed-ungulate\/\">Paarhufer<\/a>.<\/span> <span id=\"gts_text_7\" class=\"gts_text\">Ihr Fell allein kann H\u00e4lfte ein Tonne wiegen.<\/span> <span id=\"gts_text_8\" class=\"gts_text\">Sie wiegen zwischen 1,5 und 3 Tonnen f\u00fcr ein m\u00e4nnliches Flusspferd.<\/span> <span id=\"gts_text_9\" class=\"gts_text\">Das weibliche Flusspferd wiegt ungef\u00e4hr 1,5 Tonnen.<\/span> <span id=\"gts_text_10\" class=\"gts_text\">\u00c4ltere m\u00e4nnliche Flusspferde k\u00f6nnen viel gr\u00f6\u00dfer erhalten und mindestens 3,2 Tonnen erreichen und manchmal k\u00f6nnen sie 4,5 Tonnen sogar wiegen.<\/span> <span id=\"gts_text_11\" class=\"gts_text\">M\u00e4nnliche Flusspferde scheinen w\u00e4hrend, ihrer Leben zu wachsen fortzufahren.<\/span> <span id=\"gts_text_12\" class=\"gts_text\">Jedoch stoppen weibliche Flusspferde, um ungef\u00e4hr 25 Jahre zu wachsen alt.<\/span> <span id=\"gts_text_13\" class=\"gts_text\">Das wei\u00dfe Nashorn ist ungef\u00e4hr 1,5 bis 3,5 Tonnen und die drei Spezies von Elefanten sind ungef\u00e4hr 3 bis 9 Tonnen.\u00a0\u00a0Deshalb ist das Nilpferd eins der gr\u00f6\u00dften 4 mit Beinen versehenen S\u00e4ugetiere.<\/span> <span id=\"gts_text_14\" class=\"gts_text\">Die meisten Flusspferde werden gewogen, wenn sie get\u00f6tet werden.<\/span> <span id=\"gts_text_15\" class=\"gts_text\">Es ist sehr hart, sie zu wiegen, wenn sie wegen ihrer enormen Gr\u00f6\u00dfe lebendig sind.<\/span><\/p>\n<figure id=\"attachment_1124\" aria-describedby=\"caption-attachment-1124\" style=\"width: 300px\" class=\"wp-caption aligncenter\"><img loading=\"lazy\" decoding=\"async\" class=\"size-medium wp-image-1124\" title=\"Das Nilpferd ist eins der gef\u00e4hrlichsten Tiere in Afrika!\" src=\"http:\/\/www.big-animals.com\/wp-content\/uploads\/2011\/05\/Hippopotamus-300x82.jpg\" alt=\"Das Nilpferd ist eins der gef\u00e4hrlichsten Tiere in Afrika!\" width=\"300\" height=\"82\" \/><figcaption id=\"caption-attachment-1124\" class=\"wp-caption-text\">The Hippopotamus is one of the most dangerous animals in Africa!<\/figcaption><\/figure>\n<p><span id=\"gts_text_17\" class=\"gts_text\">Obgleich das Nilpferd schwer errichtet und kurze Beine hat wird, kann es leicht schneller laufen als Menschen auf Land.<\/span> <span id=\"gts_text_18\" class=\"gts_text\">Es kann an 30km\/h (18 Meilen pro Stunde) \u00fcber kurzen Entfernungen laufen.<\/span> <span id=\"gts_text_19\" class=\"gts_text\">Sie sind ungef\u00e4hr 3,3 bis 5,2 Meter (11 bis 17 Fu\u00df), einschlie\u00dflich ein Endst\u00fcck ungef\u00e4hr 56 Zentimeter (22 Zoll) lang lang.<\/span> <span id=\"gts_text_20\" class=\"gts_text\">Sie sind halb-Wassergesch\u00f6pfe.<\/span> <span id=\"gts_text_21\" class=\"gts_text\">Sie leben in den Fl\u00fcssen und in den Seen in der Zentrale und im s\u00fcdlichen Afrika.<\/span> <span id=\"gts_text_22\" class=\"gts_text\">Tansania und Sambia haben die gr\u00f6\u00dften Bev\u00f6lkerungen von Flusspferden.<\/span> <span id=\"gts_text_23\" class=\"gts_text\">Sie sind eins der aggressivsten Gesch\u00f6pfe in der Welt, besonders wenn ihre jungen K\u00e4lber mit ihnen sind.<\/span> <span id=\"gts_text_24\" class=\"gts_text\">Sie werden h\u00e4ufig als eins der gef\u00e4hrlichsten Tiere in Afrika angesehen.<\/span> <span id=\"gts_text_25\" class=\"gts_text\">Sie sind gef\u00e4hrlich, nahe zu gehen, weil sie Menschen ob in den Booten oder auf Land angreifen.<\/span> <span id=\"gts_text_26\" class=\"gts_text\">Ihre Bev\u00f6lkerung ist das Schwinden wegen der illegalen Jagd f\u00fcr ihr Fleisch und ihre Elfenbeineckz\u00e4hne, auch wegen des Lebensraumverlustes.<\/span> <span id=\"gts_text_27\" class=\"gts_text\">Flusspferde k\u00f6nnen 40 Jahren im wilden und 50 Jahren in der Gefangenschaft gerecht werden.<\/span><\/p>\n<p><span id=\"gts_text_28\" class=\"gts_text\">Die Flusspferde haben einen zylinderf\u00f6rmigen Torso, einen enormen Mund, der 1,2 Meter (4 Fu\u00df) weit \u00f6ffnen kann.<\/span> <span id=\"gts_text_29\" class=\"gts_text\">Sie haben Z\u00e4hne auf dem unteren Kiefer.<\/span> <span id=\"gts_text_30\" class=\"gts_text\">Sein graulicher K\u00f6rper hat ein dickes Fell, das fast unbehaart ist.<\/span> <span id=\"gts_text_31\" class=\"gts_text\">Ihre Lippen sind fast 70 Zentimeter lang (27 Zoll).<\/span> <span id=\"gts_text_32\" class=\"gts_text\">Es ist ungef\u00e4hr 1,5 Meter (5 Fu\u00df) an der Schulter hoch.<\/span> <span id=\"gts_text_33\" class=\"gts_text\">Es hat ein kurzes Endst\u00fcck und kleinen Augen.<\/span> <span id=\"gts_text_34\" class=\"gts_text\">Augen, Ohren und Nasenl\u00f6cher sind auf dem Oberteil des Kopfes, also bleiben sie wirklich im Wasser oder im Schlamm und noch sehen, h\u00f6ren und atmen leicht, ohne durch Fleischfresser bemerkt zu werden oder erhalten br\u00e4unt.<\/span><\/p>\n<p><span id=\"gts_text_35\" class=\"gts_text\">Ein m\u00e4nnliches Flusspferd wird einen Stier genannt und ein weibliches Flusspferd wird eine Kuh genannt und ihr Baby wird ein Kalb angerufen.<\/span> <span id=\"gts_text_36\" class=\"gts_text\">\u00a0Sie sind Herbivore und ziehen es vor, kurze Gr\u00e4ser von afrikanischen Ebenen zu essen.<\/span> <span id=\"gts_text_37\" class=\"gts_text\">W\u00e4hrend des Tages bleiben sie k\u00fchl, indem sie im Wasser oder im Schlamm bleiben.<\/span> <span id=\"gts_text_38\" class=\"gts_text\">Sie bleiben f\u00fcr bis 5 bis 6 Minuten Unterwasser, aber junge Flusspferde bleiben f\u00fcr nur ungef\u00e4hr H\u00e4lfte ein Minute Unterwasser.<\/span> <span id=\"gts_text_39\" class=\"gts_text\">Mutterflusspferde entbinden im Wasser &#8211; also kann ein Babyflusspferd den Moment wirklich schwimmen, den sie geboren sind!<\/span> <span id=\"gts_text_40\" class=\"gts_text\">Sie werden unter Wasser auch gepflegt.<\/span> <span id=\"gts_text_41\" class=\"gts_text\">Sie pflegen nur (Getr\u00e4nkmilch) auf dem Land, wenn ihre Mutter sich entscheidet, das Wasser zu lassen.<\/span> <span id=\"gts_text_42\" class=\"gts_text\">Sie sind ungef\u00e4hr 25 &#8211; 45 Kilogramm (55-100 lbs) an der Geburt und haben eine Durchschnittsl\u00e4nge 125cm (50 Zoll).<\/span> <span id=\"gts_text_43\" class=\"gts_text\">Das Mutterflusspferd hilft ihrem Kalb zur Oberfl\u00e4che, ihren ersten Atem zu nehmen und ihn zu unterrichten, um zu schwimmen.<\/span> <span id=\"gts_text_44\" class=\"gts_text\">Die Mutter sch\u00fctzt auch ihr Kalb vor Krokodilen, L\u00f6wen und auch m\u00e4nnlichen Flusspferden.<\/span> <span id=\"gts_text_45\" class=\"gts_text\">M\u00e4nnliche Flusspferde nicht normalerweise nehmen in Angriff, das Kalb auf Land aber nehmen manchmal das Kalb im Wasser in Angriff.<\/span> <span id=\"gts_text_46\" class=\"gts_text\">Ein Kalb f\u00e4ngt an, Gras zu essen, wenn es 3 Wochen alt ist, aber seine Mutter f\u00e4hrt fort, ihm Milch f\u00fcr ein ungef\u00e4hr Jahr zu geben.<\/span> <span id=\"gts_text_47\" class=\"gts_text\">Das Kalb ist in der Lage, einen tiefen Atem, einen Abschluss seine Nasenl\u00f6cher und Ohren zu nehmen und unter Wasser zu tauchen, um die seine Muttermilch zu erhalten.<\/span> <span id=\"gts_text_48\" class=\"gts_text\">Eine Mutter entbindet nur einem gut entwickelten Kalb normalerweise auf einmal, obgleich manchmal sie Zwillinge hat.<\/span> <span id=\"gts_text_49\" class=\"gts_text\">Das Kalb steht h\u00e4ufig auf der R\u00fcckseite seiner Mutter still, wenn das Wasser f\u00fcr es zu tief ist.<\/span><\/p>\n<p><span id=\"gts_text_50\" class=\"gts_text\">Flusspferde waren einmal wahrscheinlich in der Lage, Blut zu schwitzen.<\/span> <span id=\"gts_text_51\" class=\"gts_text\">Die Wahrheit ist die Flusspferde nicht wirklich schwitzen Blut, aber sie sondern eine r\u00f6tliche \u00f6lige Fl\u00fcssigkeit ab, die ihre Haut gegen Hitze und Sonne &#8211; eine nat\u00fcrliche Lichtschutzlotion sch\u00fctzt, zum ihrer Haut im hei\u00dfen afrikanischen Klima feucht zu halten.<\/span><\/p>\n<figure id=\"attachment_1125\" aria-describedby=\"caption-attachment-1125\" style=\"width: 300px\" class=\"wp-caption aligncenter\"><img loading=\"lazy\" decoding=\"async\" class=\"size-medium wp-image-1125\" title=\"Das Nilpferd ist das F\u00fcnftel - gr\u00f6\u00dftes Landtier\" src=\"http:\/\/www.big-animals.com\/wp-content\/uploads\/2011\/05\/Hippopotamus_And_Human-300x128.png\" alt=\"Das Nilpferd ist das F\u00fcnftel - gr\u00f6\u00dftes Landtier\" width=\"300\" height=\"128\" \/><figcaption id=\"caption-attachment-1125\" class=\"wp-caption-text\">The Hippopotamus is the fifth largest living land animal<\/figcaption><\/figure>\n<p><span id=\"gts_text_53\" class=\"gts_text\">Flusspferde haben einen drei-mit Kammern versehenen Magen und sie kauen nicht ihr wiedergek\u00e4utes Futter.<\/span> <span id=\"gts_text_54\" class=\"gts_text\">Sie ziehen nachts ein.<\/span> <span id=\"gts_text_55\" class=\"gts_text\">Sie lassen und leiten das Wasser an der gleichen Stelle ein und lassen 4 bis 5 Stunden lang weiden.<\/span> <span id=\"gts_text_56\" class=\"gts_text\">Sie gingen m\u00f6glicherweise oben bis 8km (5 Meilen) gerade nach Nahrung suchen.<\/span> <span id=\"gts_text_57\" class=\"gts_text\">Sie essen \u00fcber 70kg (150 lbs) der Nahrung jede Nacht.<\/span> <span id=\"gts_text_58\" class=\"gts_text\">Sie h\u00e4ngen von den kleinen Organismen im Magen ab, um die Anlagen zu verdauen, die sie essen.<\/span><\/p>\n<p><span id=\"gts_text_59\" class=\"gts_text\">Flusspferde k\u00f6nnen unten sinken, dann entlang die Unterseite von einem Fluss gehen oder laufen.<\/span> <span id=\"gts_text_60\" class=\"gts_text\">Die F\u00fc\u00dfe des Flusspferds sind teilweise vernetzt, aber tats\u00e4chlich ist das Flusspferd kein guter Schwimmer, und nicht in der Lage zu schwimmen.<\/span> <span id=\"gts_text_61\" class=\"gts_text\">Die Flusspferde, die Sie im Wasser sehen, im Allgemeinen gerade stehen in der Untiefe &#8211; oder, wahrscheinlicher, liegen unten.<\/span> <span id=\"gts_text_62\" class=\"gts_text\">Wenn das Flusswasser tief ist, treibt sich Flusspferd normalerweise durch Spr\u00fcnge an &#8211; dr\u00fcckend weg von der Unterseite wie einem \u00fcberladenen Ballettt\u00e4nzer.<\/span> <span id=\"gts_text_63\" class=\"gts_text\">Sie ziehen an beschleunigen zu 8km\/h (5 MPH) im Wasser um.<\/span> <span id=\"gts_text_64\" class=\"gts_text\">Aber die junge Flusspferde oder K\u00e4lber <em>sind in der Lage,<\/em> zu schwimmen und normalerweise sich zu bewegen, indem sie schwimmen und mit Tritten ihrer Hinterbeine sich antreiben.<\/span> <span id=\"gts_text_65\" class=\"gts_text\">Erwachsene Flusspferde kommen normalerweise f\u00fcr Luft alle 3-5 Minuten auf.<\/span> <span id=\"gts_text_66\" class=\"gts_text\">Die jungen Flusspferde m\u00fcssen alle 2-3 Minuten atmen.<\/span> <span id=\"gts_text_67\" class=\"gts_text\">Erstaunlich ist der Prozess der Erneuerung zu atmen automatisch.<\/span> <span id=\"gts_text_68\" class=\"gts_text\">Die Flusspferde tun sogar es beim Schlafen!<\/span> <span id=\"gts_text_69\" class=\"gts_text\">Die erwachsenen Flusspferde schlie\u00dfen ihre Nasenl\u00f6cher und dr\u00fccken ihre Ohren flach gegen die Seiten ihrer K\u00f6pfe, wenn sie im Wasser sind.<\/span><\/p>\n<p><span id=\"gts_text_70\" class=\"gts_text\">Flusspferde scheinen, durch Grunzen und B\u00e4lge m\u00fcndlich in Verbindung zu stehen.<\/span> <span id=\"gts_text_71\" class=\"gts_text\">Sie haben einzigartige F\u00e4higkeit, ihren Kopf \u00fcber dem Wasser teilweise zu halten und einen Schrei auszusenden, der durch Wasser und Luft reist.<\/span> <span id=\"gts_text_72\" class=\"gts_text\">Andere Flusspferde \u00fcber und unter dem Wasser reagieren auf diesen Schrei.<\/span> <span id=\"gts_text_73\" class=\"gts_text\">Sie t\u00f6ten sich selten, sogar in den territorialen K\u00e4mpfen.<\/span> <span id=\"gts_text_74\" class=\"gts_text\">Die Stiere k\u00e4mpfen mit einander unter Verwendung ihrer enormen Eckz\u00e4hne.<\/span> <span id=\"gts_text_75\" class=\"gts_text\">Wenn ihr Lebensraum gedr\u00e4ngt wird, t\u00f6ten die Stiere manchmal die K\u00e4lber, aber dieses Verhalten ist selten.<\/span> <span id=\"gts_text_76\" class=\"gts_text\">Manchmal es gibt Flusspferde, die andere Flusspferde t\u00f6ten und essen, es geschieht, nur wenn dieses bestimmte Flusspferd oder Kranker beunruhigt wird.<\/span><\/p>\n<p><span id=\"gts_text_77\" class=\"gts_text\">\u00a0<\/span><\/p>\n","protected":false},"excerpt":{"rendered":"<p>Das Namennilpferd kommt von einigen altgriechischen W\u00f6rtern. Flusspferd bedeutet Pferde- und potamusdurchschnittflu\u00df. Deshalb bedeutet Nilpferd Flusspferd. Sie verbringen die meisten ihrer Zeit im Fluss, aber sie sind eher wie ein Schwein als ein Pferd. Nilpferd ist das F\u00fcnftel &#8211; gr\u00f6\u00dftes lebendes Lands\u00e4ugetier, nach den drei Arten des Elefanten und des wei\u00dfen Nashorns. Sie sind der &hellip; <a href=\"https:\/\/www.big-animals.com\/de\/nilpferd\/\" class=\"more-link\">Continue reading <span class=\"screen-reader-text\">Nilpferd<\/span><\/a><\/p>\n","protected":false},"author":1,"featured_media":0,"parent":0,"menu_order":0,"comment_status":"closed","ping_status":"open","template":"","meta":{"_acf_changed":false,"footnotes":""},"acf":[],"_links":{"self":[{"href":"https:\/\/www.big-animals.com\/de\/wp-json\/wp\/v2\/pages\/85"}],"collection":[{"href":"https:\/\/www.big-animals.com\/de\/wp-json\/wp\/v2\/pages"}],"about":[{"href":"https:\/\/www.big-animals.com\/de\/wp-json\/wp\/v2\/types\/page"}],"author":[{"embeddable":true,"href":"https:\/\/www.big-animals.com\/de\/wp-json\/wp\/v2\/users\/1"}],"replies":[{"embeddable":true,"href":"https:\/\/www.big-animals.com\/de\/wp-json\/wp\/v2\/comments?post=85"}],"version-history":[{"count":0,"href":"https:\/\/www.big-animals.com\/de\/wp-json\/wp\/v2\/pages\/85\/revisions"}],"wp:attachment":[{"href":"https:\/\/www.big-animals.com\/de\/wp-json\/wp\/v2\/media?parent=85"}],"curies":[{"name":"wp","href":"https:\/\/api.w.org\/{rel}","templated":true}]}}