{"id":86,"date":"2011-05-15T06:03:12","date_gmt":"2011-05-15T06:03:12","guid":{"rendered":""},"modified":"2014-02-17T10:55:50","modified_gmt":"2014-02-17T10:55:50","slug":"laufvoegel","status":"publish","type":"page","link":"https:\/\/www.big-animals.com\/de\/laufvoegel\/","title":{"rendered":"Laufv\u00f6gel"},"content":{"rendered":"<p><span class=\"gts_text\" id=\"gts_text_1\">Die Laufv\u00f6gelfamilie schlie\u00dft <a title=\"Die gr\u00f6\u00dften V\u00f6gel der Welt!\" href=\"http:\/\/www.big-animals.com\/de\/die-groessten-voegel-der-welt\/\">V\u00f6gel mit ein,<\/a> die nicht fliegen k\u00f6nnen.<\/span> <span class=\"gts_text\" id=\"gts_text_2\">Ihr Brustbein ist, ohne Kiel flach.<\/span> <span class=\"gts_text\" id=\"gts_text_3\">Der Kiel des Brustbeins eines Vogels ist, wo die Flugmuskeln an ihr Skelett anschlie\u00dfen.<\/span> <span class=\"gts_text\" id=\"gts_text_4\">Ohne diesen Kiel konnten Laufv\u00f6gel nicht fliegen, selbst wenn sie passende Fl\u00fcgel hatten.<\/span> <span class=\"gts_text\" id=\"gts_text_5\">Die st\u00e4rksten Muskeln der Laufv\u00f6gel sind in ihren Beinen und in Schenkeln.<\/span> <span class=\"gts_text\" id=\"gts_text_6\">Es gibt nur 5 Arten Laufv\u00f6gel in der Welt.<\/span> <span class=\"gts_text\" id=\"gts_text_7\">Sie sind die Kasuare, das Emu, der Strau\u00df, das Rheas und die Kiwis und machen insgesamt 12 Spezies in allen.<\/span> <span class=\"gts_text\" id=\"gts_text_8\">Die gr\u00f6\u00dften \u00fcberhaupt V\u00f6gel sind auch Laufv\u00f6gel &#8211; der <a title=\"Der riesige Moa - der h\u00f6chste Vogel dort war \u00fcberhaupt!\" href=\"http:\/\/www.big-animals.com\/the-giant-moa-the-tallest-bird-there-ever-was\/\">riesige Moa<\/a> ist der h\u00f6chste \u00fcberhaupt Vogel, Laufv\u00f6gel von Neuseeland, und der <a title=\"Elefant-Vogel\" href=\"http:\/\/www.big-animals.com\/elephant-bird-2\/\">Elefant-Vogel<\/a>, Laufv\u00f6gel von Madagaskar, ist der schwerste \u00fcberhaupt Vogel.<\/span> <span class=\"gts_text\" id=\"gts_text_9\">Das Moas und der Elefant-Vogel starben heraus, nachdem Leute auf ihren Inseln ankamen.<\/span><\/p>\n<p><span class=\"gts_text\" id=\"gts_text_10\">Der afrikanische <a title=\"Der Strau\u00df - der gr\u00f6\u00dfte Vogel der Welt!\" href=\"http:\/\/www.big-animals.com\/the-ostrich-the-worlds-biggest-bird\/\">Strau\u00df<\/a> ist die gr\u00f6\u00dften lebenden Laufv\u00f6gel tats\u00e4chlich es ist der gr\u00f6\u00dfte lebende Vogel von allen.<\/span> <span class=\"gts_text\" id=\"gts_text_11\">Sie sind fast 3 Meter (9,8 Fu\u00df) hoch.<\/span> <span class=\"gts_text\" id=\"gts_text_12\">Sie wiegen ungef\u00e4hr 160 Kilogramm (350 lbs).<\/span> <span class=\"gts_text\" id=\"gts_text_13\">Mit ihren leistungsf\u00e4higen Beinen k\u00f6nnen sie schneller laufen als ein Pferd.<\/span> <span class=\"gts_text\" id=\"gts_text_14\">Ostiches haben nur zwei Zehen mit einer, die gr\u00f6\u00dfer als die andere ist.<\/span> <span class=\"gts_text\" id=\"gts_text_15\">Sie haben Fl\u00fcgel, aber sie k\u00f6nnen nicht fliegen.<\/span> <span class=\"gts_text\" id=\"gts_text_16\">Sie haben den sehr langen l\u00e4ngsten Darm, 15 Meter (46 Fu\u00df) lang!<\/span> <span class=\"gts_text\" id=\"gts_text_17\">Sie essen haupts\u00e4chlich Anlagen.<\/span><\/p>\n<figure id=\"attachment_1134\" aria-describedby=\"caption-attachment-1134\" style=\"width: 203px\" class=\"wp-caption alignleft\"><a href=\"http:\/\/www.big-animals.com\/wp-content\/uploads\/2011\/05\/Cassowary.jpg\"><img loading=\"lazy\" decoding=\"async\" class=\"size-medium wp-image-1134\" title=\"Der Kasuar ist bunten Laufv\u00f6gel - Phtograph durch Boaz Wibowo\" alt=\"Der Kasuar ist bunten Laufv\u00f6gel - Phtograph durch Boaz Wibowo\" src=\"http:\/\/www.big-animals.com\/wp-content\/uploads\/2011\/05\/Cassowary-203x300.jpg\" width=\"203\" height=\"300\" \/><\/a><figcaption id=\"caption-attachment-1134\" class=\"wp-caption-text\">The Cassowary is a Colourful Ratite &#8211; Phtograph by Boaz Wibowo<\/figcaption><\/figure>\n<p><span class=\"gts_text\" id=\"gts_text_18\">Das australische Emu ist die zweiten h\u00f6chsten Laufv\u00f6gel nach dem Strau\u00df.<\/span> <span class=\"gts_text\" id=\"gts_text_19\">Es kann bis 2 Meter (6,6 Fu\u00df) erreichen.<\/span> <span class=\"gts_text\" id=\"gts_text_20\">Es ist ungef\u00e4hr 60 Kilogramm (130lb).<\/span> <span class=\"gts_text\" id=\"gts_text_21\">Es kann wie der Strau\u00df schnell laufen.<\/span> <span class=\"gts_text\" id=\"gts_text_22\">Es lebt auf offenen Wiesen und Waldland.<\/span> <span class=\"gts_text\" id=\"gts_text_23\">Es hat eine alles fressendere Di\u00e4t, die mit anderen Laufv\u00f6geln verglichen wird, da es auch Insekten und andere kleine Tiere isst, au\u00dfer Anlagen.<\/span><\/p>\n<p><span class=\"gts_text\" id=\"gts_text_24\">Als N\u00e4chstes es gibt die 3 Spezies des Kasuars, die zu Australien und zu den Inseln zum Norden geb\u00fcrtig sind.<\/span> <span class=\"gts_text\" id=\"gts_text_25\">Sie sind k\u00fcrzer als Emus aber schwerer und fester errichtet.<\/span> <span class=\"gts_text\" id=\"gts_text_26\">Sie ziehen es vor, in den dichten tropischen W\u00e4ldern zu leben.<\/span> <span class=\"gts_text\" id=\"gts_text_27\">Sie m\u00fcssen achtgeben, wenn Sie an sie, weil sie scharfe Greifer des Rasiermessers haben, und ein hartes Wachstum auf ihren Kopf sto\u00dfen.<\/span><\/p>\n<p><span class=\"gts_text\" id=\"gts_text_28\">In S\u00fcdamerika gibt es 2 Spezies von Rhea.<\/span> <span class=\"gts_text\" id=\"gts_text_29\">Sie sind von mittelgro\u00dfen, schnell-laufen lassenv\u00f6geln.<\/span> <span class=\"gts_text\" id=\"gts_text_30\">Sie leben in den s\u00fcdamerikanischen Tiefl\u00e4ndern, zu den gr\u00f6\u00dferen Amerikaner, den, entwickelt sich Rhea ungef\u00e4hr 1,5 Meter (4,9 Fu\u00df), hoch.<\/span> <span class=\"gts_text\" id=\"gts_text_31\">Er wiegen ungef\u00e4hr 20 bis 25 Kilogramm (44-55 lbs).<\/span> <span class=\"gts_text\" id=\"gts_text_32\">Er haben Fl\u00fcgel, aber sie benutzen sie nicht, um zu fliegen.<\/span> <span class=\"gts_text\" id=\"gts_text_33\">Stattdessen benutzen sie sie, um ihre Fleischfresser abzulenken.<\/span> <span class=\"gts_text\" id=\"gts_text_34\">Sie essen haupts\u00e4chlich Anlagen und manchmal Insekten, wenn sie irgendwelche fangen k\u00f6nnen.<\/span> <span class=\"gts_text\" id=\"gts_text_35\">Sie ziehen auf breit-Bl\u00e4tter getriebene Anlagen ein.<\/span><\/p>\n<figure id=\"attachment_1137\" aria-describedby=\"caption-attachment-1137\" style=\"width: 199px\" class=\"wp-caption alignright\"><a href=\"http:\/\/www.big-animals.com\/wp-content\/uploads\/2011\/05\/Kiwi1.jpeg\"><img loading=\"lazy\" decoding=\"async\" class=\"size-medium wp-image-1137\" title=\"Die Kiwi ist die kleinsten Laufv\u00f6gel\" alt=\"Die Kiwi ist die kleinsten Laufv\u00f6gel\" src=\"http:\/\/www.big-animals.com\/wp-content\/uploads\/2011\/05\/Kiwi1-199x300.jpg\" width=\"199\" height=\"300\" \/><\/a><figcaption id=\"caption-attachment-1137\" class=\"wp-caption-text\">The Kiwi is the Smallest Ratite<\/figcaption><\/figure>\n<p><span class=\"gts_text\" id=\"gts_text_36\">Die kleinsten Laufv\u00f6gel sind die 5 Spezies von Kiwis, die nach Neuseeland geb\u00fcrtig sind.<\/span> <span class=\"gts_text\" id=\"gts_text_37\">Kiwis sind nur \u00fcber die Gr\u00f6\u00dfe eines Huhns.<\/span> <span class=\"gts_text\" id=\"gts_text_38\">Sie sind sch\u00fcchtern und sind nachts aktiv.<\/span> <span class=\"gts_text\" id=\"gts_text_39\">Sie haben Vernunft der Anh\u00f6rung und riechen.<\/span> <span class=\"gts_text\" id=\"gts_text_40\">Sie sind die einzigen V\u00f6gel mit den Nasenl\u00f6chern am Ende ihres langen Schnabels.<\/span> <span class=\"gts_text\" id=\"gts_text_41\">Sie sind gut, wenn sie auch nachts sehen.<\/span> <span class=\"gts_text\" id=\"gts_text_42\">\u00a0Sie machen ihr Nest in den tiefen Bauten und sie finden kleine Insekten und Maden im Boden f\u00fcr Nahrung.<\/span> <span class=\"gts_text\" id=\"gts_text_43\">Ihre Eier sind sehr gro\u00df, verglichen mit ihrer K\u00f6rpergr\u00f6\u00dfe.<\/span> <span class=\"gts_text\" id=\"gts_text_44\">Die kleinsten Spezies der Kiwi sind die kleine beschmutzte Kiwi, die nur 1,2 Kilogramm (2.6lb) und 40 Zentimeter (16 Zoll) hoch ist.<\/span> <span class=\"gts_text\" id=\"gts_text_45\">Kiwis haben die k\u00fcrzesten Fl\u00e4chen.<\/span> <span class=\"gts_text\" id=\"gts_text_46\">Sie essen Samen, Fr\u00fcchte, kleine Panzerkrebse, Regenw\u00fcrmer und Insekten.<\/span><\/p>\n<p><span class=\"gts_text\" id=\"gts_text_47\">Die Babys der Laufv\u00f6gel sind in der Lage, bald Geburt nachzulaufen oder zu gehen.<\/span> <span class=\"gts_text\" id=\"gts_text_48\">Die meisten Laufv\u00f6gel teilen ein allgemeines Nest.<\/span> <span class=\"gts_text\" id=\"gts_text_49\">Sie teilen sogar den Job des Haltens der Eier warm, wenn der Mann, h\u00e4lt sie, warm nachts.<\/span> <span class=\"gts_text\" id=\"gts_text_50\">So wird der Vater tut die Nachtschicht des K\u00fcmmerns von um seinen Babys!<\/span> <span class=\"gts_text\" id=\"gts_text_51\">Str\u00e4u\u00dfe sind die einzigen Laufv\u00f6gel, in denen die Frau die Eier ausbr\u00fctet.<\/span> <span class=\"gts_text\" id=\"gts_text_52\">Kiwis sind die einzigen Laufv\u00f6gel, die nur einen Kameraden zu irgendeiner Zeit haben.<\/span><\/p>\n<p><span class=\"gts_text\" id=\"gts_text_53\">Die Eier der Laufv\u00f6gel sind von den Menschen als Wasserbeh\u00e4lter, Schmuck oder andere Kunst und Handwerk benutzt worden.<\/span> <span class=\"gts_text\" id=\"gts_text_54\">Die Federn der m\u00e4nnlichen Str\u00e4u\u00dfe wurden benutzt, um H\u00fcte w\u00e4hrend des 18. Jahrhunderts herzustellen.<\/span> <span class=\"gts_text\" id=\"gts_text_55\">Deshalb wurden Lose Str\u00e4u\u00dfe gejagt und es gab einen starken R\u00fcckgang der Bev\u00f6lkerung von Str\u00e4u\u00dfen w\u00e4hrend dieser Zeit.<\/span> <span class=\"gts_text\" id=\"gts_text_56\">Dieses Ereignis hat zu den Anfang der Strau\u00dflandwirtschaft gef\u00fchrt.<\/span> <span class=\"gts_text\" id=\"gts_text_57\">Str\u00e4u\u00dfe werden f\u00fcr ihre Federn, Felle, Eier und Fleisch geerntet.<\/span> <span class=\"gts_text\" id=\"gts_text_58\">Emus sind f\u00fcr ihr Emu\u00f6l und auch ihr Fleisch, Eier und Federn popul\u00e4r.<\/span> <span class=\"gts_text\" id=\"gts_text_59\">Rheas Federn sind f\u00fcr Staubt\u00fccher und Eier und Fleisch f\u00fcr H\u00fchner und Nahrung f\u00fcr Haustiere in S\u00fcdamerika popul\u00e4r.<\/span> <span class=\"gts_text\" id=\"gts_text_60\">Die Felle der Laufv\u00f6gel werden benutzt, um Lederwaren wie Schuhe zu machen.<\/span><\/p>\n<p><span class=\"gts_text\" id=\"gts_text_61\">\u00a0<\/span><\/p>\n","protected":false},"excerpt":{"rendered":"<p>Die Laufv\u00f6gelfamilie schlie\u00dft V\u00f6gel mit ein, die nicht fliegen k\u00f6nnen. Ihr Brustbein ist, ohne Kiel flach. Der Kiel des Brustbeins eines Vogels ist, wo die Flugmuskeln an ihr Skelett anschlie\u00dfen. Ohne diesen Kiel konnten Laufv\u00f6gel nicht fliegen, selbst wenn sie passende Fl\u00fcgel hatten. Die st\u00e4rksten Muskeln der Laufv\u00f6gel sind in ihren Beinen und in Schenkeln. &hellip; <a href=\"https:\/\/www.big-animals.com\/de\/laufvoegel\/\" class=\"more-link\">Continue reading <span class=\"screen-reader-text\">Laufv\u00f6gel<\/span><\/a><\/p>\n","protected":false},"author":1,"featured_media":0,"parent":0,"menu_order":0,"comment_status":"closed","ping_status":"open","template":"","meta":{"_acf_changed":false,"footnotes":""},"acf":[],"_links":{"self":[{"href":"https:\/\/www.big-animals.com\/de\/wp-json\/wp\/v2\/pages\/86"}],"collection":[{"href":"https:\/\/www.big-animals.com\/de\/wp-json\/wp\/v2\/pages"}],"about":[{"href":"https:\/\/www.big-animals.com\/de\/wp-json\/wp\/v2\/types\/page"}],"author":[{"embeddable":true,"href":"https:\/\/www.big-animals.com\/de\/wp-json\/wp\/v2\/users\/1"}],"replies":[{"embeddable":true,"href":"https:\/\/www.big-animals.com\/de\/wp-json\/wp\/v2\/comments?post=86"}],"version-history":[{"count":1,"href":"https:\/\/www.big-animals.com\/de\/wp-json\/wp\/v2\/pages\/86\/revisions"}],"predecessor-version":[{"id":348,"href":"https:\/\/www.big-animals.com\/de\/wp-json\/wp\/v2\/pages\/86\/revisions\/348"}],"wp:attachment":[{"href":"https:\/\/www.big-animals.com\/de\/wp-json\/wp\/v2\/media?parent=86"}],"curies":[{"name":"wp","href":"https:\/\/api.w.org\/{rel}","templated":true}]}}