{"id":87,"date":"2011-05-21T08:39:23","date_gmt":"2011-05-21T08:39:23","guid":{"rendered":""},"modified":"2014-04-25T12:32:16","modified_gmt":"2014-04-25T12:32:16","slug":"weisses-nashorn","status":"publish","type":"page","link":"https:\/\/www.big-animals.com\/de\/weisses-nashorn\/","title":{"rendered":"Wei\u00dfes Nashorn"},"content":{"rendered":"<p><span class=\"gts_text\" id=\"gts_text_1\">Das wei\u00dfe Nashorn ist ein <a title=\"Unpaarhufer\" href=\"http:\/\/www.big-animals.com\/de\/unpaarhufer\/\">Unpaarhufer<\/a>.<\/span> <span class=\"gts_text\" id=\"gts_text_2\">Es ist das gr\u00f6\u00dfte vom ganzem Unpaarhufer und vierte gr\u00f6\u00dfte lebende Lands\u00e4ugetier nach den <a title=\"Afrikanischer Elefant \u2013 das gr\u00f6\u00dfte Landtier der Welt!\" href=\"http:\/\/www.big-animals.com\/de\/afrikanischer-elefant\/\">Elefanten<\/a>.<\/span> <span class=\"gts_text\" id=\"gts_text_3\">Das gr\u00f6\u00dfte notierte wei\u00dfe Nashorn gewogen ungef\u00e4hr 4530 Kilogramm (9600 lbs).<\/span> <span class=\"gts_text\" id=\"gts_text_4\">Es wiegt normalerweise zwischen 1350 bis 3600 Kilogramm (3000 bis 14000 Pfund).<\/span> <span class=\"gts_text\" id=\"gts_text_5\">Die M\u00e4nner sind etwas schwerer als die Frauen.<\/span> <span class=\"gts_text\" id=\"gts_text_6\">Es hat einen kurzen Hals und einen sehr breiten Kasten.<\/span> <span class=\"gts_text\" id=\"gts_text_7\">Der Kopf und die K\u00f6rperl\u00e4nge ist 3,4 bis 4,2 Meter (11 bis 14 Fu\u00df).<\/span> <span class=\"gts_text\" id=\"gts_text_8\">Das Endst\u00fcck ist ungef\u00e4hr 50 bis 70 Zentimeter (20 bis 27 Zoll).<\/span> <span class=\"gts_text\" id=\"gts_text_9\">Seine Schulterh\u00f6he ist ungef\u00e4hr 1,5 bis 1,9 Meter (60 bis 80 Zoll).<\/span><\/p>\n<figure id=\"attachment_1160\" aria-describedby=\"caption-attachment-1160\" style=\"width: 300px\" class=\"wp-caption alignleft\"><img loading=\"lazy\" decoding=\"async\" class=\"size-medium wp-image-1160\" title=\"Das wei\u00dfe Nashorn\" alt=\"Das wei\u00dfe Nashorn\" src=\"http:\/\/www.big-animals.com\/wp-content\/uploads\/2011\/05\/Rhinoceros1-300x225.jpg\" width=\"300\" height=\"225\" \/><figcaption id=\"caption-attachment-1160\" class=\"wp-caption-text\">The White Rhinoceros<\/figcaption><\/figure>\n<p><span class=\"gts_text\" id=\"gts_text_11\">Auf seiner Schnauze hat es zwei H\u00f6rner, eins hinter dem anderen.<\/span> <span class=\"gts_text\" id=\"gts_text_12\">Das vordere Horn ist gr\u00f6\u00dfer und es ist ungef\u00e4hr 90 Zentimeter (3 Fu\u00df) in der L\u00e4nge.<\/span> <span class=\"gts_text\" id=\"gts_text_13\">Das hintere Horn ist kleiner.<\/span> <span class=\"gts_text\" id=\"gts_text_14\">Es misst ungef\u00e4hr 55 Zentimeter (22 Zoll).<\/span> <span class=\"gts_text\" id=\"gts_text_15\">Ein durchschnittliches Paar H\u00f6rner des wei\u00dfen Nashorns wiegt ungef\u00e4hr 6 Kilogramm (13 Pfund).<\/span> <span class=\"gts_text\" id=\"gts_text_16\">Die H\u00f6rner sind nicht wahre H\u00f6rner wie die H\u00f6rner eines B\u00fcffels, der Antilope oder des Schafs.<\/span> <span class=\"gts_text\" id=\"gts_text_17\">Es w\u00e4chst von der Haut und wird vom gleichen Material wie Haar und Zehenn\u00e4gel gemacht.<\/span> <span class=\"gts_text\" id=\"gts_text_18\">Das wei\u00dfe Nashorn ist das einzige S\u00e4ugetier mit H\u00f6rnern, die keinen Knochen nach innen haben.<\/span> <span class=\"gts_text\" id=\"gts_text_19\">Die H\u00f6rner sind austauschbar &#8211; wenn sie zerrissen erhalten, f\u00e4ngt ein neues Horn an zu wachsen, und in den jungen Rhinos wird es vollst\u00e4ndig ersetzt m\u00f6glicherweise.<\/span> <span class=\"gts_text\" id=\"gts_text_20\">Nicht ist das k\u00fchl?<\/span> <span class=\"gts_text\" id=\"gts_text_21\">Frauen benutzen ihre H\u00f6rner, um ihre jungen Rhinos zu sch\u00fctzen, w\u00e4hrend M\u00e4nner ihre H\u00f6rner in den K\u00e4mpfen mit anderen Rhinos benutzt.<\/span> <span class=\"gts_text\" id=\"gts_text_22\">Die H\u00f6rner werden f\u00fcr traditionelle chinesische Medizin in China, in Taiwan und in S\u00fcdkorea benutzt.<\/span> <span class=\"gts_text\" id=\"gts_text_23\">Leute denken, dass sie Fieber und Kopfschmerzen verringert, obwohl es gerade Zehennagelmaterial ist.<\/span> <span class=\"gts_text\" id=\"gts_text_24\">Es wird auch verwendet, um traditionelle Halsketten zu machen.<\/span> <span class=\"gts_text\" id=\"gts_text_25\">\u00a0Dieses ist ein Grund, warum wei\u00dfe Nash\u00f6rner gejagt werden.<\/span><\/p>\n<p><span class=\"gts_text\" id=\"gts_text_26\">Das wei\u00dfe Nashorn haben auch einen Buckel auf der R\u00fcckseite ihres Halses.<\/span> <span class=\"gts_text\" id=\"gts_text_27\">Der leistungsf\u00e4hige Muskel im Buckel l\u00e4sst das wei\u00dfe Nashorn seinen schweren Kopf oben von der normalen weiden lassenden Position anheben sehr schnell.<\/span> <span class=\"gts_text\" id=\"gts_text_28\">Sie haben nicht Eckz\u00e4hne oder Schneiden, stattdessen benutzen sie ihre breiten quadratischen Lippen, um Gras weg von den offenen Wiesen in S\u00fcdafrika zu bei\u00dfen.<\/span> <span class=\"gts_text\" id=\"gts_text_29\">Sie reiben das Gras zwischen zwei Molaren auf dem Spitzenkiefer und zwei Molaren auf dem unteren Kiefer.<\/span> <span class=\"gts_text\" id=\"gts_text_30\">Sie haben ein gutes Verdauungssystem, zum dieser Gr\u00e4ser der geringen Qualit\u00e4t zu verdauen.<\/span><\/p>\n<p><span class=\"gts_text\" id=\"gts_text_31\">Jeder der 4 gedrungenen F\u00fc\u00dfe des wei\u00dfen Nashorns hat drei Zehen.<\/span> <span class=\"gts_text\" id=\"gts_text_32\">Deshalb sind ihre Abdr\u00fccke wie Kreuzass geformt.<\/span> <span class=\"gts_text\" id=\"gts_text_33\">Sie haben sehr kleines Haar auf ihren K\u00f6rpern, die mit den meisten anderen S\u00e4ugetieren verglichen werden.<\/span> <span class=\"gts_text\" id=\"gts_text_34\">Ihr nur Haar ist auf den Fransen ihrer Ohren und auf ihren Endst\u00fccken.<\/span><\/p>\n<p><span class=\"gts_text\" id=\"gts_text_35\">Sie werden wei\u00dfes Nashorn wegen ihrer breiten quadratischen Lippen genannt.<\/span> <span class=\"gts_text\" id=\"gts_text_36\">Das Wort \u201eWei\u00df\u201c l\u00e4sst nichts yo mit der Farbe ihrer Haut tun, die nicht wei\u00df ist &#8211; stattdessen, ist es, weil das niederl\u00e4ndische Wort f\u00fcr \u201eweit\u201c oder das wijd, wie das englische Wort f\u00fcr \u201eWei\u00df\u201c klingt.<\/span> <span class=\"gts_text\" id=\"gts_text_37\">Sie werden auch das Quadrat-Lippige Nashorn oder <em>Ceratotherium simum<\/em> genannt<em>.<\/em><\/span><\/p>\n<p><span class=\"gts_text\" id=\"gts_text_38\">Ihre Farbe reicht vom gelblichen Braun bis zu Grau.<\/span> <span class=\"gts_text\" id=\"gts_text_39\">Sie sind Herbivore grazers, die Gr\u00e4ser essen.<\/span> <span class=\"gts_text\" id=\"gts_text_40\">Sie ziehen es vor, die k\u00fcrzesten K\u00f6rner zu essen.<\/span> <span class=\"gts_text\" id=\"gts_text_41\">Das wei\u00dfe Nashorn ist eins der gr\u00f6\u00dften Tiere, das gerade Gras isst!<\/span> <span class=\"gts_text\" id=\"gts_text_42\">Es trinkt zweimal t\u00e4glich, wenn Wasser verf\u00fcgbar ist, aber, wenn es eine D\u00fcrre gibt, es 4 bis 5 Tage ohne Wasser in S\u00fcdafrika wohnen kann.<\/span> <span class=\"gts_text\" id=\"gts_text_43\">Sie k\u00f6nnen bis 80 Liter (20 Gallonen) Wasser ein Tag trinken.<\/span> <span class=\"gts_text\" id=\"gts_text_44\">Das wei\u00dfe Nashorn hat keine Schweissdr\u00fcsen.<\/span> <span class=\"gts_text\" id=\"gts_text_45\">An den hei\u00dfen Tagen spielen sie und begraben sich in einer Schlammgrube.<\/span> <span class=\"gts_text\" id=\"gts_text_46\">Der Schlamm h\u00e4lt das wei\u00dfe Nashorn k\u00fchl.<\/span> <span class=\"gts_text\" id=\"gts_text_47\">Der Schlamm treten auch als ein nat\u00fcrliches Wanzenabwehrmittel f\u00fcr das wei\u00dfe Nashorn auf.<\/span> <span class=\"gts_text\" id=\"gts_text_48\">Er sch\u00fctzt das wei\u00dfe Nashorn vor schneidenden Fliegen und tickt.<\/span><\/p>\n<figure id=\"attachment_1162\" aria-describedby=\"caption-attachment-1162\" style=\"width: 300px\" class=\"wp-caption aligncenter\"><img loading=\"lazy\" decoding=\"async\" class=\"size-medium wp-image-1162\" title=\"Wei\u00dfes Nashorn und Mensch\" alt=\"Wei\u00dfes Nashorn und Mensch\" src=\"http:\/\/www.big-animals.com\/wp-content\/uploads\/2011\/05\/White_Rhinoceros_And_Human-300x122.png\" width=\"300\" height=\"122\" \/><figcaption id=\"caption-attachment-1162\" class=\"wp-caption-text\">White Rhinoceros And Human<\/figcaption><\/figure>\n<p><span class=\"gts_text\" id=\"gts_text_50\">Das wei\u00dfe Nashorn hat eine milde und leichte Pers\u00f6nlichkeit.<\/span> <span class=\"gts_text\" id=\"gts_text_51\">Sie neigen, Konflikt zu vermeiden.\u00a0Wei\u00dfes<\/span> <span class=\"gts_text\" id=\"gts_text_52\">Nashorn schaut langsam, wenn sie gehen, aber sie in der Lage sind, in kurzen Entfernungen schnell aufzuladen.<\/span> <span class=\"gts_text\" id=\"gts_text_53\">Das wei\u00dfe Nashorn kann bei 50km pro Abst\u00e4nde der Stunde (30 MPH) kurz laufen.<\/span><\/p>\n<p><span class=\"gts_text\" id=\"gts_text_54\">Wei\u00dfe Nash\u00f6rner sind zu brummen, zu schnauben, squeal wenn Bedr\u00e4ngnis oder Knurren in der Lage, wenn sie bedroht werden.<\/span> <span class=\"gts_text\" id=\"gts_text_55\">Sie leben in einer Herde, die aus bis 14 Tieren besteht.<\/span> <span class=\"gts_text\" id=\"gts_text_56\">Sie sind normalerweise weibliche Rhinos.<\/span> <span class=\"gts_text\" id=\"gts_text_57\">Die meisten erwachsener Mannwei\u00dfen Nash\u00f6rner leben allein.<\/span> <span class=\"gts_text\" id=\"gts_text_58\">Das st\u00e4rkste m\u00e4nnliche wei\u00dfe Nashorn markiert sein Gebiet mit seinem poo und Pipi.<\/span> <span class=\"gts_text\" id=\"gts_text_59\">Der Mist wird in Stapel gelegt.<\/span> <span class=\"gts_text\" id=\"gts_text_60\">Er hat m\u00f6glicherweise 20 bis 30 dieser Stapel des Mists, zum anderen wei\u00dfen Nashorns zu warnen, sein Gebiet nicht einzudringen.<\/span> <span class=\"gts_text\" id=\"gts_text_61\">Nicht dass ist eine einzigartige Weise der Verteidigung eines Gebiets!<\/span> <span class=\"gts_text\" id=\"gts_text_62\">Eine andere Weise der Markierung seines Gebiets wischt seine H\u00f6rner aus B\u00fcsche oder den Grund ab und reibt mit seinen F\u00fc\u00dfen, bevor sie Urin spr\u00fcht.<\/span><\/p>\n<p><span class=\"gts_text\" id=\"gts_text_63\">Das wei\u00dfe Nashorn hat schwache Vision.<\/span> <span class=\"gts_text\" id=\"gts_text_64\">Es ist, einen beweglichen Gegenstand weg zu sehen bis 150 Fu\u00df (45 Meter), aber sie sind nicht imstande, eine Person zu lokalisieren, die noch nur 100 Fu\u00df (30 Meter) weg steht.<\/span> <span class=\"gts_text\" id=\"gts_text_65\">Aber sie haben ausgezeichnete Geruchssinne und Anh\u00f6rung.<\/span><\/p>\n<figure id=\"attachment_1161\" aria-describedby=\"caption-attachment-1161\" style=\"width: 300px\" class=\"wp-caption alignright\"><img loading=\"lazy\" decoding=\"async\" class=\"size-medium wp-image-1161\" title=\"Eine wei\u00dfes Nashorn-Mutter und ein Kalb - Fotografie durch James-Tempel\" alt=\"Eine wei\u00dfes Nashorn-Mutter und ein Kalb - Fotografie durch James-Tempel\" src=\"http:\/\/www.big-animals.com\/wp-content\/uploads\/2011\/05\/White_Rhinoceros_And_Calf-300x177.jpg\" width=\"300\" height=\"177\" \/><figcaption id=\"caption-attachment-1161\" class=\"wp-caption-text\">A White Rhinoceros Mother And Calf &#8211; Photograph by James Temple<\/figcaption><\/figure>\n<p><span class=\"gts_text\" id=\"gts_text_67\">Weibliche Rhinos entbinden normalerweise nur zu einem Babynashorn auf einmal.<\/span> <span class=\"gts_text\" id=\"gts_text_68\">Das Babynashorn wiegt zwischen 40 und 65 Kilogramm (90 bis 140 lbs).<\/span> <span class=\"gts_text\" id=\"gts_text_69\">Das Babynashorn, genannt ein <em>Kalb<\/em>, wird von seiner Mutter gegen alle Fleischfresser gesch\u00fctzt.<\/span> <span class=\"gts_text\" id=\"gts_text_70\">Sie k\u00e4mpft kr\u00e4ftig, um ihr Kalb sicher zu halten.<\/span> <span class=\"gts_text\" id=\"gts_text_71\">Es ist nicht in der Lage, f\u00fcr die ersten 2 bis 3 Tage seines Lebens st\u00e4ndig zu gehen.<\/span> <span class=\"gts_text\" id=\"gts_text_72\">Das Kalb beginnt, auf Gras nach 3 Monaten abzunagen, aber stoppt nur, die seine Muttermilch nach einem Jahr oder mehr zu nehmen.<\/span> <span class=\"gts_text\" id=\"gts_text_73\">Das Kalb squeal, wenn es Milch w\u00fcnscht.<\/span> <span class=\"gts_text\" id=\"gts_text_74\">Die Mutter hat nur ein Kalb jede zwei und H\u00e4lfte zu f\u00fcnf Jahren.<\/span> <span class=\"gts_text\" id=\"gts_text_75\">Bevor sie einem neuen Kalb entbindet, jagt sie zuerst weg ihr gegenw\u00e4rtiges Kalb.\u00a0Das Kalb lebt nicht eigenst\u00e4ndig, bis es ungef\u00e4hr 3 Jahre alt ist.<\/span><\/p>\n<p><span class=\"gts_text\" id=\"gts_text_76\">Erwachsene wei\u00dfe Nash\u00f6rner haben keine nat\u00fcrlichen Fleischfresser wegen ihres gro\u00dfen.<\/span> <span class=\"gts_text\" id=\"gts_text_77\">Sogar die jungen werden selten in Angriff genommen, weil ihre Mutter immer dort sie sch\u00fctzen soll.<\/span> <span class=\"gts_text\" id=\"gts_text_78\">Sowieso w\u00fcrde kein Tier genie\u00dfen, sie wegen ihrer starken Haut zu essen.<\/span><\/p>\n<p><span class=\"gts_text\" id=\"gts_text_79\">Wei\u00dfes Nashorn kann 40 Jahren alt im wilden und bis 50 Jahren gerecht werden alt in der Gefangenschaft.\u00a0Leider schwindet die Bev\u00f6lkerung des wei\u00dfen Nashorns sterben zum illegalen Jagd- und Lebensraumverlust.<\/span> <span class=\"gts_text\" id=\"gts_text_80\">Erhaltungsbem\u00fchungen sind, diese Rhinos vor L\u00f6schung zu sch\u00fctzen durchgef\u00fchrt worden.<\/span><\/p>\n","protected":false},"excerpt":{"rendered":"<p>Das wei\u00dfe Nashorn ist ein Unpaarhufer. Es ist das gr\u00f6\u00dfte vom ganzem Unpaarhufer und vierte gr\u00f6\u00dfte lebende Lands\u00e4ugetier nach den Elefanten. Das gr\u00f6\u00dfte notierte wei\u00dfe Nashorn gewogen ungef\u00e4hr 4530 Kilogramm (9600 lbs). Es wiegt normalerweise zwischen 1350 bis 3600 Kilogramm (3000 bis 14000 Pfund). Die M\u00e4nner sind etwas schwerer als die Frauen. Es hat einen &hellip; <a href=\"https:\/\/www.big-animals.com\/de\/weisses-nashorn\/\" class=\"more-link\">Continue reading <span class=\"screen-reader-text\">Wei\u00dfes Nashorn<\/span><\/a><\/p>\n","protected":false},"author":1,"featured_media":0,"parent":0,"menu_order":0,"comment_status":"closed","ping_status":"open","template":"","meta":{"_acf_changed":false,"footnotes":""},"acf":[],"_links":{"self":[{"href":"https:\/\/www.big-animals.com\/de\/wp-json\/wp\/v2\/pages\/87"}],"collection":[{"href":"https:\/\/www.big-animals.com\/de\/wp-json\/wp\/v2\/pages"}],"about":[{"href":"https:\/\/www.big-animals.com\/de\/wp-json\/wp\/v2\/types\/page"}],"author":[{"embeddable":true,"href":"https:\/\/www.big-animals.com\/de\/wp-json\/wp\/v2\/users\/1"}],"replies":[{"embeddable":true,"href":"https:\/\/www.big-animals.com\/de\/wp-json\/wp\/v2\/comments?post=87"}],"version-history":[{"count":2,"href":"https:\/\/www.big-animals.com\/de\/wp-json\/wp\/v2\/pages\/87\/revisions"}],"predecessor-version":[{"id":515,"href":"https:\/\/www.big-animals.com\/de\/wp-json\/wp\/v2\/pages\/87\/revisions\/515"}],"wp:attachment":[{"href":"https:\/\/www.big-animals.com\/de\/wp-json\/wp\/v2\/media?parent=87"}],"curies":[{"name":"wp","href":"https:\/\/api.w.org\/{rel}","templated":true}]}}