{"id":88,"date":"2011-05-28T22:59:24","date_gmt":"2011-05-28T22:59:24","guid":{"rendered":""},"modified":"2011-05-28T22:59:24","modified_gmt":"2011-05-28T22:59:24","slug":"pinguine","status":"publish","type":"page","link":"https:\/\/www.big-animals.com\/de\/pinguine\/","title":{"rendered":"Pinguine"},"content":{"rendered":"<p><span id=\"gts_text_1\" class=\"gts_text\">Pinguine sind <a title=\"Die gr\u00f6\u00dften V\u00f6gel der Welt!\" href=\"http:\/\/www.big-animals.com\/the-worlds-biggest-birds\/\">V\u00f6gel,<\/a> aber sie sind nicht in der Lage zu fliegen.<\/span> <span id=\"gts_text_2\" class=\"gts_text\">Sie geben die meisten ihrer suchenden Unterwassernahrung der Zeit wie Krill, Fische, Kalmar und andere kleine Seetiere aus.<\/span> <span id=\"gts_text_3\" class=\"gts_text\">Es gibt einen Haken am Ende des Schnabels eines Pinguins, der f\u00fcr ergreifennahrung perfekt ist.<\/span> <span id=\"gts_text_4\" class=\"gts_text\">Sie haben auch r\u00fcckw\u00e4rtige Einfassungshaare auf ihren Zungen, die glatte Nahrung von weg erhalten stoppen!<\/span> <span id=\"gts_text_5\" class=\"gts_text\">Pinguine, die Fische essen, zum Beispiel die Kaiser-Pinguine, haben l\u00e4nger und d\u00fcnnere Schn\u00e4bel.<\/span> <span id=\"gts_text_6\" class=\"gts_text\">Pinguine, die Krill, wie die Makkaronipinguine essen, haben die k\u00fcrzeren und st\u00e4rkeren Schn\u00e4bel.<\/span> <span id=\"gts_text_7\" class=\"gts_text\">Pinguine haben nicht Z\u00e4hne.<\/span> <span id=\"gts_text_8\" class=\"gts_text\">Sie k\u00f6nnen salziges Meerwasser trinken, weil sie spezielle Dr\u00fcsen in ihrem K\u00f6rper haben, zum des Salzes aus ihrem Blutstrom heraus zu nehmen.<\/span> <span id=\"gts_text_9\" class=\"gts_text\">Leute haben nicht Dr\u00fcsen wie diese &#8211; wenn wir Meerwasser trinken, welches das Salz uns durstiger macht und durstiger bis uns sterben Sie.<\/span><\/p>\n<p><span id=\"gts_text_10\" class=\"gts_text\">Wenn Pinguine im Wasser sind, k\u00f6nnen sie herum extrem schnell umziehen.<\/span> <span id=\"gts_text_11\" class=\"gts_text\">Sie benutzen ihre Fl\u00fcgel als Flipper.<\/span> <span id=\"gts_text_12\" class=\"gts_text\">So wenn sie im Wasser sind, flattern sie ihre Fl\u00fcgel, als ob sie in die Luft fliegen.<\/span><\/p>\n<figure id=\"attachment_1198\" aria-describedby=\"caption-attachment-1198\" style=\"width: 216px\" class=\"wp-caption alignright\"><img loading=\"lazy\" decoding=\"async\" class=\"size-medium wp-image-1198\" title=\"Pinguine leben auf jedem Kontinent in der s\u00fcdlichen Hemisph\u00e4re\" src=\"http:\/\/www.big-animals.com\/wp-content\/uploads\/2011\/05\/AfricanPenguins-216x300.jpg\" alt=\"Pinguine leben auf jedem Kontinent in der s\u00fcdlichen Hemisph\u00e4re\" width=\"216\" height=\"300\" \/><figcaption id=\"caption-attachment-1198\" class=\"wp-caption-text\">Penguins Live on Every Continent in the Southern Hemisphere<\/figcaption><\/figure>\n<p><span id=\"gts_text_14\" class=\"gts_text\">Pinguine werden haupts\u00e4chlich in der s\u00fcdlichen Hemisph\u00e4re, die besonders Antarktis gefunden.<\/span> <span id=\"gts_text_15\" class=\"gts_text\">Es gibt fast keine wilden Pinguine in der Nordhalbkugel.<\/span> <span id=\"gts_text_16\" class=\"gts_text\">Es gibt einige Arten Pinguine, die ein m\u00e4\u00dfiges Klima genie\u00dfen, und sogar leben eine Spezies (der Galapagos-Pinguin) diese in den Tropen.<\/span> <span id=\"gts_text_17\" class=\"gts_text\">Gro\u00dfe Bev\u00f6lkerungen von Pinguinen werden in der Antarktis, in Australien, in Neuseeland, in S\u00fcdamerika und in S\u00fcdafrika gefunden.<\/span> <span id=\"gts_text_18\" class=\"gts_text\">Es gibt wirklich nur 17 Spezies des Pinguins in der Welt.<\/span><\/p>\n<p><span id=\"gts_text_19\" class=\"gts_text\">Der gr\u00f6\u00dfte lebende Pinguin, der <a title=\"Kaiser-Pinguin\" href=\"http:\/\/www.big-animals.com\/emperor-penguin\/\">Kaiser-Pinguin<\/a> ist die einzigen Spezies, der in der Antarktis z\u00fcchtet und nistet.<\/span> <span id=\"gts_text_20\" class=\"gts_text\">Ein erwachsener Kaiser-Pinguin kann ungef\u00e4hr 1,1 Meter (3 Fu\u00df 7 stehen herein) hoch und wiegt \u00fcber 35kg (75lb) oder mehr.<\/span> <span id=\"gts_text_21\" class=\"gts_text\">Die kleinsten Pinguinspezies sind der kleine blaue Pinguin alias der feenhafte Pinguin, der ungef\u00e4hr 40cm (16in) hoch ist und ungef\u00e4hr 1 Kilogramm (2.2lb) wiegt.<\/span> <span id=\"gts_text_22\" class=\"gts_text\">Der gr\u00f6\u00dfte Pinguin war <em>\u00fcberhaupt der<\/em> riesige Pinguin, der <a title=\"Anthropornis\" href=\"http:\/\/www.big-animals.com\/anthropornis\/\"><em>Anthropornis<\/em><\/a> genannt wurde.<\/span> <span id=\"gts_text_23\" class=\"gts_text\">Er war so gro\u00df wie ein Mensch!<\/span> <span id=\"gts_text_24\" class=\"gts_text\">Tats\u00e4chlich ist es Namendurchschnitte \u201eMannvogel.\u201c<\/span> <span id=\"gts_text_25\" class=\"gts_text\">K\u00f6nnen dich Sie vorstellen, solch einen enormen vertraulichen Pinguin zu treffen?<\/span> <span id=\"gts_text_26\" class=\"gts_text\">Es war ungef\u00e4hr 1,7 Meter (5 ft 7 herein) und 90kg (200 lbs) im Gewicht hoch.<\/span><\/p>\n<p><span id=\"gts_text_27\" class=\"gts_text\">Pinguine haben die dunklen und wei\u00dfen Schichten Federn, die ihre K\u00f6rper umfassen, die sie vor durch ihre Fleischfresser gesehen werden sch\u00fctzen, w\u00e4hrend sie schwimmen.<\/span> <span id=\"gts_text_28\" class=\"gts_text\">Wenn ein Fleischfresser wie eine Leoparddichtung oben von unterhalb schaut, hat sie Problem, den wei\u00dfen Pinguinbauch gegen die helle Wasseroberfl\u00e4che zu sehen.<\/span> <span id=\"gts_text_29\" class=\"gts_text\">Wenn sie unten von oben schaut, ist die dunklen R\u00fcckseite des Pinguins hart, gegen die d\u00fcsteren Ozeantiefen zu sehen.<\/span> <span id=\"gts_text_30\" class=\"gts_text\">Deshalb um sicher zu bleiben, m\u00fcssen Pinguine ihren Schwarzweiss-Smokingsanzug tragen, wohin sie gehen &#8211; und sind sicher, umgedrehtes nie zu schwimmen!<\/span><\/p>\n<p><span id=\"gts_text_31\" class=\"gts_text\">Innerhalb der glatten Schichten von Federn, gibt es eine Schicht Luft, die den Pinguinen hilft, zu sein, in das Meer zu schwimmen.<\/span> <span id=\"gts_text_32\" class=\"gts_text\">Die Luftschicht isoliert auch die Pinguine im kalten Wasser.<\/span> <span id=\"gts_text_33\" class=\"gts_text\">Abgesehen von dem haben es Torpedo geformte K\u00f6rper, die sie wirklich gut schwimmen lie\u00dfen.<\/span> <span id=\"gts_text_34\" class=\"gts_text\">Es k\u00f6nnen 6 bis 12 Kilometer pro Stunde erreichen (3,7 bis 7,5 Meilen pro Stunde).<\/span> <span id=\"gts_text_35\" class=\"gts_text\">Auf Land benutzen Pinguine ihre Endst\u00fccke und Fl\u00fcgel, um sich zu balancieren, wenn sie aufrecht stehen.<\/span><\/p>\n<p><span id=\"gts_text_36\" class=\"gts_text\">Kleine Pinguine nicht normalerweise tauchen tief.<\/span> <span id=\"gts_text_37\" class=\"gts_text\">Sie fangen ihr Opfer nahe der Oberfl\u00e4che des Meeres.<\/span> <span id=\"gts_text_38\" class=\"gts_text\">Gr\u00f6\u00dfere Pinguine k\u00f6nnen in den Ozean tief tauchen.<\/span> <span id=\"gts_text_39\" class=\"gts_text\">Der Kaiser-Pinguin kann zu einer Tiefe von 560 Metern (1870 Fu\u00df) f\u00fcr bis 22 Minuten tauchen.<\/span> <span id=\"gts_text_40\" class=\"gts_text\">Pinguine k\u00f6nnen nicht unter Wasser atmen, aber sie halten ihren Atem f\u00fcr l\u00e4ngere Zeit, besonders die Kaiser-Pinguine.<\/span> <span id=\"gts_text_41\" class=\"gts_text\">Sie manchmal springen vom Wasser heraus und kommen einen gro\u00dfen Schluck der Luft, bevor sie zur\u00fcck unten zum Meer, zum nach der Nahrung zu suchen tauchen.<\/span><\/p>\n<p><span id=\"gts_text_42\" class=\"gts_text\">Auf Land gehen beeinflussen Pinguine entweder mit den kleinen Schritten und unbeholfen von Seite zu Seite auf ihre kurzen F\u00fc\u00dfe oder schieben auf ihre B\u00e4uche \u00fcber dem Schnee.<\/span> <span id=\"gts_text_43\" class=\"gts_text\">Wurde nicht, das Spa\u00df ist!<\/span> <span id=\"gts_text_44\" class=\"gts_text\">Tats\u00e4chlich hilft das Schieben auf ihre B\u00e4uche ihnen, um Energie zu sparen und schnell sich zu bewegen.<\/span> <span id=\"gts_text_45\" class=\"gts_text\">Sie springen, wenn sie schneller umziehen oder die steilen oder felsigen Klippen kreuzen m\u00f6chten.<\/span> <span id=\"gts_text_46\" class=\"gts_text\">Sie k\u00f6nnen 5 Fu\u00df (1,5 Meter) springen.<\/span> <span id=\"gts_text_47\" class=\"gts_text\">Sie haben sehr kurze F\u00fc\u00dfe, die sie f\u00fcr die Steuerung im Wasser benutzen, wenn sie schwimmen.<\/span> <span id=\"gts_text_48\" class=\"gts_text\">Alle Pinguine haben vernetzte F\u00fc\u00dfe wie die Enten, zum sie zu helfen, um zu schwimmen.<\/span><\/p>\n<p><span id=\"gts_text_49\" class=\"gts_text\">Pinguine sind warmes blooded, gerade wie wir.<\/span> <span id=\"gts_text_50\" class=\"gts_text\">Sie haben auch eine Schicht Fett gerade unter ihrer Haut wie eine Dichtung, zum sie warm und angenehm zu halten.<\/span> <span id=\"gts_text_51\" class=\"gts_text\">Pinguinunebenheits\u00f6l von ihren K\u00f6rpern auf ihre Federn zu helfen, sie wasserdicht und windundurchl\u00e4ssig zu halten.<\/span> <span id=\"gts_text_52\" class=\"gts_text\">Sie k\u00f6nnen den Fluss des Bluts zur Oberfl\u00e4che ihrer K\u00f6rper auch steuern, um die Menge des Bluts, das und abk\u00fchlt der Veranlassung der \u00e4u\u00dferen K\u00f6rper zu verringern einzufrieren.<\/span> <span id=\"gts_text_53\" class=\"gts_text\">Sie stecken h\u00e4ufig zusammen die K\u00f6pfe zusammen, um warm zu halten und Positionen regelm\u00e4\u00dfig auszutauschen, um zu \u00fcberpr\u00fcfen, ob jeder Pinguin eine Drehung in der Mitte des Hitzesatzes erh\u00e4lt.<\/span> <span id=\"gts_text_54\" class=\"gts_text\">So viel wie 5000 Pinguine steckt zusammen die K\u00f6pfe zusammen, um sich zu w\u00e4rmen.<\/span><\/p>\n<p><span id=\"gts_text_55\" class=\"gts_text\">Die Galapagos-Pinguine haben eine total andere Geschichte, zu sagen, weil sie in den Tropen leben, die hei\u00df sind.<\/span> <span id=\"gts_text_56\" class=\"gts_text\">Sie stecken sich nicht die K\u00f6pfe zusammen, zum warm zu halten.<\/span> <span id=\"gts_text_57\" class=\"gts_text\">Sie verbreiten stattdessen heraus ihre Fl\u00fcgel und Flaum heraus ihre Federn, um k\u00fchl stattdessen zu halten.<\/span><\/p>\n<p><span id=\"gts_text_58\" class=\"gts_text\">Pinguin haben keine externen Ohren.<\/span> <span id=\"gts_text_59\" class=\"gts_text\">Sie h\u00f6ren durch zwei kleine L\u00f6cher, die am derselben Ort als unsere Ohren sich befinden.<\/span> <span id=\"gts_text_60\" class=\"gts_text\">Diese L\u00f6cher werden mit Federn umfa\u00dft.<\/span> <span id=\"gts_text_61\" class=\"gts_text\">Sie haben einen durchschnittlichen Geh\u00f6rsinn f\u00fcr V\u00f6gel.<\/span> <span id=\"gts_text_62\" class=\"gts_text\">Pinguine lokalisieren sich mit ihren Anrufen.<\/span><\/p>\n<figure id=\"attachment_1199\" aria-describedby=\"caption-attachment-1199\" style=\"width: 300px\" class=\"wp-caption alignleft\"><img loading=\"lazy\" decoding=\"async\" class=\"size-medium wp-image-1199\" title=\"Pinguine leben in den gro\u00dfen Gruppen\" src=\"http:\/\/www.big-animals.com\/wp-content\/uploads\/2011\/05\/LargeGroupOfAdeliePenguins-300x185.jpg\" alt=\"Pinguine leben in den gro\u00dfen Gruppen\" width=\"300\" height=\"185\" \/><figcaption id=\"caption-attachment-1199\" class=\"wp-caption-text\">Penguins Live in Large Groups<\/figcaption><\/figure>\n<p><span id=\"gts_text_64\" class=\"gts_text\">Sie z\u00fcchten in den gro\u00dfen Kolonien.<\/span> <span id=\"gts_text_65\" class=\"gts_text\">Diese Kolonien reichen m\u00f6glicherweise an Gr\u00f6\u00dfe von nur 100 Paaren f\u00fcr Gentoo-Pinguine bis zu einigen hundert tausend Paaren f\u00fcr Makkaroni-Pinguine.<\/span> <span id=\"gts_text_66\" class=\"gts_text\">Sobald ein Pinguin einen Kameraden findet, bleiben sie normalerweise zusammen f\u00fcr Jahre.<\/span> <span id=\"gts_text_67\" class=\"gts_text\">Die meisten Pinguine legen zwei Eier in einem Nest.<\/span> <span id=\"gts_text_68\" class=\"gts_text\">Die gr\u00f6\u00dferen Spezies wie die Kaiser-Pinguine und der K\u00f6nig Pinguine legen nur ein Ei.<\/span> <span id=\"gts_text_69\" class=\"gts_text\">Alle Pinguine teilen die Arbeit des Haltens ihrer Eier warm au\u00dfer dem Kaiser-Pinguin, in dem der Vater das Ei warm h\u00e4lt, bis es ausbr\u00fctet.<\/span> <span id=\"gts_text_70\" class=\"gts_text\">Die Mutter geht, nach Nahrung zu suchen.\u00a0<\/span><span id=\"gts_text_71\" class=\"gts_text\">Die Eier der<\/span> <span id=\"gts_text_70\" class=\"gts_text\">Pinguine<\/span> <span id=\"gts_text_71\" class=\"gts_text\">sind kleiner als die Eier anderer V\u00f6gel.<\/span> <span id=\"gts_text_72\" class=\"gts_text\">Die Eier haben starke Oberteile.<\/span><\/p>\n<p><span id=\"gts_text_73\" class=\"gts_text\">Wenn das K\u00fcken ausbr\u00fctet, es sofort der Anfang, der nennt, damit seine Eltern in der Lage sind, ihn inmitten der enormen Kolonie zu erkennen.<\/span> <span id=\"gts_text_74\" class=\"gts_text\">Wenn eine Mutter geschieht, ein K\u00fcken zu verlieren, versucht sie manchmal, das K\u00fcken einer anderen Mutter zu stehlen, aber f\u00e4llt normalerweise aus, weil die andere Mutter \u00fcber ihr eigenes K\u00fcken aufpasst.<\/span> <span id=\"gts_text_75\" class=\"gts_text\">Sobald das K\u00fcken gro\u00df und genug stark ist, gehen Mama und Vati zum Meer voran, um nach Nahrung an den selben zu suchen, anstatt sich abzuwechseln, zum nach der Nahrung zu suchen.<\/span> <span id=\"gts_text_76\" class=\"gts_text\">Die K\u00fcken werden in einer gro\u00dfen Gruppe gelassen, die eine Kinderkrippe angerufen wird.<\/span> <span id=\"gts_text_77\" class=\"gts_text\">Wenn die Pinguineltern mit Nahrung zur\u00fcckkommen, erkennen sie ihr K\u00fcken durch seine Stimme.<\/span><\/p>\n<p><span id=\"gts_text_78\" class=\"gts_text\">Sie scheinen nicht, vor Menschen Angst zu haben.<\/span> <span id=\"gts_text_79\" class=\"gts_text\">Dieses ist vermutlich, weil Pinguine keine Landfleischfresser in der Antarktis oder in den nahe gelegenen Offshoreinseln haben.<\/span> <span id=\"gts_text_80\" class=\"gts_text\">Sie haben Fleischfresser in Meer, zum Beispiel, die Leoparddichtung und die Schwertwale.<\/span> <span id=\"gts_text_81\" class=\"gts_text\">Jedoch werden Besucher zu den Live Platzpinguinen, geraten nicht zu den Pinguinen zu nah zu gehen, falls sie zu nerv\u00f6s erhalten.<\/span><\/p>\n<p><span id=\"gts_text_82\" class=\"gts_text\">\u00a0<\/span><\/p>\n","protected":false},"excerpt":{"rendered":"<p>Pinguine sind V\u00f6gel, aber sie sind nicht in der Lage zu fliegen. Sie geben die meisten ihrer suchenden Unterwassernahrung der Zeit wie Krill, Fische, Kalmar und andere kleine Seetiere aus. Es gibt einen Haken am Ende des Schnabels eines Pinguins, der f\u00fcr ergreifennahrung perfekt ist. Sie haben auch r\u00fcckw\u00e4rtige Einfassungshaare auf ihren Zungen, die glatte &hellip; <a href=\"https:\/\/www.big-animals.com\/de\/pinguine\/\" class=\"more-link\">Continue reading <span class=\"screen-reader-text\">Pinguine<\/span><\/a><\/p>\n","protected":false},"author":1,"featured_media":0,"parent":0,"menu_order":0,"comment_status":"closed","ping_status":"open","template":"","meta":{"_acf_changed":false,"footnotes":""},"acf":[],"_links":{"self":[{"href":"https:\/\/www.big-animals.com\/de\/wp-json\/wp\/v2\/pages\/88"}],"collection":[{"href":"https:\/\/www.big-animals.com\/de\/wp-json\/wp\/v2\/pages"}],"about":[{"href":"https:\/\/www.big-animals.com\/de\/wp-json\/wp\/v2\/types\/page"}],"author":[{"embeddable":true,"href":"https:\/\/www.big-animals.com\/de\/wp-json\/wp\/v2\/users\/1"}],"replies":[{"embeddable":true,"href":"https:\/\/www.big-animals.com\/de\/wp-json\/wp\/v2\/comments?post=88"}],"version-history":[{"count":0,"href":"https:\/\/www.big-animals.com\/de\/wp-json\/wp\/v2\/pages\/88\/revisions"}],"wp:attachment":[{"href":"https:\/\/www.big-animals.com\/de\/wp-json\/wp\/v2\/media?parent=88"}],"curies":[{"name":"wp","href":"https:\/\/api.w.org\/{rel}","templated":true}]}}