{"id":89,"date":"2011-05-29T09:47:57","date_gmt":"2011-05-29T09:47:57","guid":{"rendered":""},"modified":"2014-04-25T12:53:24","modified_gmt":"2014-04-25T12:53:24","slug":"kaiserpinguin","status":"publish","type":"page","link":"https:\/\/www.big-animals.com\/de\/kaiserpinguin\/","title":{"rendered":"Kaiser-Pinguin"},"content":{"rendered":"<p><span class=\"gts_text\" id=\"gts_text_1\">Der Kaiser-Pinguin ist die gr\u00f6\u00dfte lebende <a class=\" gts_attribute gts_attribute_5_title\" title=\"Pinguine\" href=\"http:\/\/www.big-animals.com\/de\/pinguine\/\">Pinguinspezies<\/a>.<\/span> <span class=\"gts_text\" id=\"gts_text_2\">Es wohnt in der Antarktis.<\/span> <span class=\"gts_text\" id=\"gts_text_3\">Die Temperatur dort kann wie -60C so niedrig gehen (- 76F).<\/span> <span class=\"gts_text\" id=\"gts_text_4\">Die M\u00e4nner wiegen mehr als die Frauen.<\/span> <span class=\"gts_text\" id=\"gts_text_5\">Sie sind ungef\u00e4hr 120cm (48in) hoch und wiegen zwischen 22 bis 45 Kilogramm (49 zu 99lb).<\/span> <span class=\"gts_text\" id=\"gts_text_6\">Ihr Kopf, Kinn, Kehle, R\u00fcckseite, hinteres Teil der Flipper und Endst\u00fcck sind schwarz.<\/span> <span class=\"gts_text\" id=\"gts_text_7\">Die Underparts ihrer Fl\u00fcgel und Bauches sind wei\u00df.<\/span> <span class=\"gts_text\" id=\"gts_text_8\">Ihre obere Brust ist blass-orange und ihre Ohrflecken sind helles Gelb.<\/span><\/p>\n<figure id=\"attachment_1203\" aria-describedby=\"caption-attachment-1203\" style=\"width: 300px\" class=\"wp-caption alignleft\"><a href=\"http:\/\/www.big-animals.com\/wp-content\/uploads\/2011\/05\/BabyEmperorPenguins.jpg\"><img loading=\"lazy\" decoding=\"async\" class=\"size-medium wp-image-1203 gts_attribute gts_attribute_1_alt gts_attribute_6_title\" title=\"Eine Gruppe Kaiser-Pinguin-K\u00fcken\" alt=\"Eine Gruppe Kaiser-Pinguin-K\u00fcken\" src=\"http:\/\/www.big-animals.com\/wp-content\/uploads\/2011\/05\/BabyEmperorPenguins-300x269.jpg\" width=\"300\" height=\"269\" \/><\/a><figcaption id=\"caption-attachment-1203\" class=\"wp-caption-text\">A Group of Emperor Penguin Chicks<\/figcaption><\/figure>\n<p><span class=\"gts_text\" id=\"gts_text_9\">Kaiser-Pinguink\u00fcken wird normalerweise mit Silber-grauen Federn bedeckt und einen schwarzen Kopf und eine wei\u00dfe Maske hat.<\/span> <span class=\"gts_text\" id=\"gts_text_10\">K\u00fcken wiegen um 315g (11 Unze) nachdem sie ausgebr\u00fctet haben.<\/span> <span class=\"gts_text\" id=\"gts_text_11\">Sie finden sich in den gro\u00dfen Kolonien mit ihren Anrufen.<\/span><\/p>\n<p><span class=\"gts_text\" id=\"gts_text_12\">Der Held des Films <a title=\"Happy Feet\" href=\"http:\/\/www.amazon.de\/Happy-Feet-Einzel-DVD-Rick-Kavanian\/dp\/B000MV8C20\/\" target=\"_blank\">Happy Feet<\/a> war ein Kaiser-Pinguin.<\/span><\/p>\n<p><span class=\"gts_text\" id=\"gts_text_13\">Kaiser-Pinguine sind V\u00f6gel, die nicht fliegen k\u00f6nnen, aber sie schwimmen sehr gut.<\/span> <span class=\"gts_text\" id=\"gts_text_14\">Sie haben einen stromlinienf\u00f6rmigen K\u00f6rper, Fl\u00fcgel, die steif und wie Flipper, gl\u00e4nzende, wasserdichte Federn flach sind, die ihre Haut trockene und vernetzte F\u00fc\u00dfe halten, die sie f\u00fcr das Schwimmen benutzen.<\/span> <span class=\"gts_text\" id=\"gts_text_15\">Sie verbringen ihre gesamten Leben in der eisigen K\u00e4lte des antarktischen Eises und der umgebenden Meere.<\/span><\/p>\n<p><span class=\"gts_text\" id=\"gts_text_16\">Die Zunge des Kaiser-Pinguins hat die Spitzen, die r\u00fcckw\u00e4rts gegen\u00fcberstellen, zum von Fischen von weg erhalten zu stoppen, sobald sie gefangen werden.<\/span> <span class=\"gts_text\" id=\"gts_text_17\">Sie essen haupts\u00e4chlich Fische, aber essen manchmal auch Krill und Kalmar.<\/span> <span class=\"gts_text\" id=\"gts_text_18\">Sie sind in der Lage, hohe 18 Minuten beim Suchen nach Nahrung im eisigen kalten Wasser unter Wasser anzustreben.<\/span> <span class=\"gts_text\" id=\"gts_text_19\">Sie tauchen ziemlich h\u00e4ufig zu einer Tiefe von 535 Metern (1.755 Fu\u00df).<\/span> <span class=\"gts_text\" id=\"gts_text_20\">Nicht ist das erstaunlich?<\/span> <span class=\"gts_text\" id=\"gts_text_21\">Sie sind die tiefsten und l\u00e4ngsten Taucher unter allen V\u00f6geln.<\/span><\/p>\n<figure id=\"attachment_1204\" aria-describedby=\"caption-attachment-1204\" style=\"width: 250px\" class=\"wp-caption alignright\"><a href=\"http:\/\/www.big-animals.com\/wp-content\/uploads\/2011\/05\/EmperorPenguinAndHuman.png\"><img loading=\"lazy\" decoding=\"async\" class=\"size-medium wp-image-1204 gts_attribute gts_attribute_2_alt gts_attribute_7_title\" title=\"Der Kaiser-Pinguin ist der gr\u00f6\u00dfte Pinguin der Welt\" alt=\"Der Kaiser-Pinguin ist der gr\u00f6\u00dfte Pinguin der Welt\" src=\"http:\/\/www.big-animals.com\/wp-content\/uploads\/2011\/05\/EmperorPenguinAndHuman-250x300.png\" width=\"250\" height=\"300\" \/><\/a><figcaption id=\"caption-attachment-1204\" class=\"wp-caption-text\">The Emperor Penguin is the World&#8217;s Biggest Penguin<\/figcaption><\/figure>\n<p><span class=\"gts_text\" id=\"gts_text_22\">Da sie gro\u00dfe Taucher sind, haben sie Knochen, die fest und nicht hohl sind, also k\u00f6nnen sie dem Druck unter dem Tiefsee widerstehen.<\/span> <span class=\"gts_text\" id=\"gts_text_23\">Beim Tauchen, sind sie in der Lage, weniger Sauerstoff zu benutzen.<\/span> <span class=\"gts_text\" id=\"gts_text_24\">Ihre Herzfrequenz ist so niedrig wie 15-20 Schl\u00e4ge pro Minute.<\/span> <span class=\"gts_text\" id=\"gts_text_25\">Dieses l\u00e4sst sie tauchen l\u00e4nger und tiefer.<\/span> <span class=\"gts_text\" id=\"gts_text_26\">Sie sind in der Lage, mit Geschwindigkeiten zwischen 6-9 Kilometer pro Stunde (4-6 MPH) zu schwimmen.<\/span> <span class=\"gts_text\" id=\"gts_text_27\">Auf dem Land wechseln sie zwischen dem Gehen mit beeinflussender Gangart und dem Schieben auf ihren Bauch ab.<\/span> <span class=\"gts_text\" id=\"gts_text_28\">Sie werden durch ihre kleinen F\u00fc\u00dfe und Fl\u00fcgel \u00e4hnlichen Flipper angetrieben.<\/span><\/p>\n<p><span class=\"gts_text\" id=\"gts_text_29\">Der Kaiser-Pinguin hat nur einen Kameraden jedes Jahr.<\/span> <span class=\"gts_text\" id=\"gts_text_30\">Sie sind sehr zuverl\u00e4ssig.<\/span> <span class=\"gts_text\" id=\"gts_text_31\">Anders als die meisten V\u00f6gel die ihre Eier w\u00e4hrend des Fr\u00fchlinges legen, beschlie\u00dft der Superheldin Kaiser-Pinguin, ihre Eier w\u00e4hrend der extremen K\u00e4lte des antarktischen Winters zu legen.<\/span> <span class=\"gts_text\" id=\"gts_text_32\">Sie sind die einzigen Vogelspezies, die das tun!<\/span> <span class=\"gts_text\" id=\"gts_text_33\">Nicht sind sie verr\u00fcckt?<\/span> <span class=\"gts_text\" id=\"gts_text_34\">Die Lufttemperatur kann -40C erreichen (- 40F) und Windgeschwindigkeiten k\u00f6nnen \u00fcber 140km\/h (90 MPH) erreichen.<\/span> <span class=\"gts_text\" id=\"gts_text_35\">Die Wassertemperatur ist \u00fcber -2C (31 F) das viel niedriger als die durchschnittliche K\u00f6rpertemperatur des Kaiser-Pinguins von 39C (102F) ist.<\/span> <span class=\"gts_text\" id=\"gts_text_36\">Wenn der Mutterpinguin ihr Ei auf ihren Ehemann \u00fcbertr\u00e4gt, um es warm zu halten, muss sie achtgeben, sehr dass nicht es fallenl\u00e4\u00dft.<\/span> <span class=\"gts_text\" id=\"gts_text_37\">Wenn sie tut, stirbt das K\u00fcken innerhalb des Eies, weil das Ei nicht in der Lage ist, den einfrierenden Temperaturen aus den eisigen Grund zu widerstehen, nicht einmal f\u00fcr kurze Zeit.<\/span><\/p>\n<p><span class=\"gts_text\" id=\"gts_text_38\">Die Federn des Kaiser-Pinguins liefern 80-90% seiner Isolierung.<\/span> <span class=\"gts_text\" id=\"gts_text_39\">Sie haben die h\u00f6chste Federdichte aller m\u00f6glicher Vogelspezies, ungef\u00e4hr 15 Federn pro Quadratzentimeter (100 pro Quadratzoll).<\/span> <span class=\"gts_text\" id=\"gts_text_40\">Abgesehen von dem gibt es eine Schicht Luft innerhalb der glatten Schicht von Federn, die hilft, sie sogar zu isolieren.<\/span> <span class=\"gts_text\" id=\"gts_text_41\">Sie haben 3 starke Schicht cm (1,2 Zoll) Fett unter ihrer Haut, die sie sogar warm und angenehm h\u00e4lt.<\/span><\/p>\n<p><span class=\"gts_text\" id=\"gts_text_42\">Auf dieses, Mama und Vati werden Sie m\u00fcssen Wanderung f\u00fcr 50 bis 120km (31-75 Meilen) \u00fcber dem Eis, zum nach eines passenden Platzes zu suchen, um ihr folgendes zu errichten, gesch\u00fctzt vom eisigen kalten Wind.<\/span> <span class=\"gts_text\" id=\"gts_text_43\">Der Mutter Kaiser-Pinguin legt ein einzelnes Ei auf einmal und dann l\u00e4sst sie das Ei, damit der Vater babysittet.<\/span> <span class=\"gts_text\" id=\"gts_text_44\">Sie geht dann weg auf einer Jagdreise voran.<\/span> <span class=\"gts_text\" id=\"gts_text_45\">Manchmal muss sie m\u00f6glicherweise zwischen 80-1,500 Kilometer (50-900 Meilen) pro Reise gerade reisen, um offenes Wasser zu erreichen.<\/span> <span class=\"gts_text\" id=\"gts_text_46\">Dort kann sie Fische, Kalmar und andere kleine Marinetiere finden, um zu essen.<\/span> <span class=\"gts_text\" id=\"gts_text_47\">Mittlerweile wird der Vati ein Aufenthalt-an-Hausvater, der um gerade ein Ei f\u00fcr ungef\u00e4hr zwei Monate sich k\u00fcmmert, nicht alles isst oder \u00fcberhaupt umzieht.<\/span> <span class=\"gts_text\" id=\"gts_text_48\">Anders als die meisten V\u00f6gel sitzt der Vati nicht auf seinem Ei, um es auszubr\u00fcten.<\/span> <span class=\"gts_text\" id=\"gts_text_49\">Es steht und balanciert das Ei auf seinen F\u00fc\u00dfen.<\/span> <span class=\"gts_text\" id=\"gts_text_50\">Es bedeckt auch sein Ei mit seiner warmen Schicht mit Federn versehener Haut, die den Brutbeutel genannt wird.<\/span> <span class=\"gts_text\" id=\"gts_text_51\">Der Mann steht im winterlichen k\u00fchlen Wetter f\u00fcr das Ganze 2 Monate, ohne zu essen, bis das Ei ausgebr\u00fctet ist.<\/span> <span class=\"gts_text\" id=\"gts_text_52\">Ein was f\u00fcr edler Vati!<\/span> <span class=\"gts_text\" id=\"gts_text_53\">Die Eier ist klein und es hat durchaus ein starkes Oberteil, zu \u00fcberpr\u00fcfen, ob es nicht leicht bricht.<\/span> <span class=\"gts_text\" id=\"gts_text_54\">Nach den Eiluken bleibt das junge K\u00fcken im Brutbeutel, bis es in der Lage ist, ohne Hilfe warm zu bleiben.<\/span><\/p>\n<figure id=\"attachment_1205\" aria-describedby=\"caption-attachment-1205\" style=\"width: 300px\" class=\"wp-caption alignleft\"><a href=\"http:\/\/www.big-animals.com\/wp-content\/uploads\/2011\/05\/EmperorPenguinSliding.jpg\"><img loading=\"lazy\" decoding=\"async\" class=\"size-medium wp-image-1205 gts_attribute gts_attribute_3_alt gts_attribute_8_title\" title=\"Kaiser-Pinguin-Schieben\" alt=\"Kaiser-Pinguin-Schieben\" src=\"http:\/\/www.big-animals.com\/wp-content\/uploads\/2011\/05\/EmperorPenguinSliding-300x170.jpg\" width=\"300\" height=\"170\" \/><\/a><figcaption id=\"caption-attachment-1205\" class=\"wp-caption-text\">Emperor Penguin Sliding<\/figcaption><\/figure>\n<p><span class=\"gts_text\" id=\"gts_text_55\">Bis Mutter von ihrer Jagdreise zur\u00fcckkommt, hat der Vater ungef\u00e4hr 12 Kilogramm (26lb) verloren.<\/span> <span class=\"gts_text\" id=\"gts_text_56\">Ich denke, dass der Vater Kaiser-Pinguin den Titel \u201edes Vaters des Jahres\u201c f\u00fcr das M\u00fcssen zugesprochen werden sollte noch stehen und alles f\u00fcr 2 Monate im rauen k\u00fchlen Wetter von der Antarktis nicht essen.<\/span> <span class=\"gts_text\" id=\"gts_text_57\">Wenn die Mutterr\u00fcckkehr sie sich heraus Nahrung f\u00fcr ihr Baby erbricht.\u00a0Die Nahrung ist in ihrem Magen gespeichert worden.<\/span> <span class=\"gts_text\" id=\"gts_text_58\">Der hungrige Vater gelangt dann seine M\u00f6glichkeit an Wanderung \u00fcber dem Eis, nach Nahrung zu suchen.<\/span> <span class=\"gts_text\" id=\"gts_text_59\">Mama und Vati wechseln, sich um f\u00fcr das ab K\u00fcken in der Kolonie zu jagen und sich zu interessieren.<\/span> <span class=\"gts_text\" id=\"gts_text_60\">Sie leben normalerweise zu ungef\u00e4hr 20 Jahren im wilden und zu einigem zu ungef\u00e4hr 50 Lebensjahren.<\/span><\/p>\n<p><span class=\"gts_text\" id=\"gts_text_61\">Die Kaiser-Pinguine sind genug intelligent, sich zu helfen, in der extremen K\u00e4lte zu \u00fcberleben, indem sie ganz zusammen, zum sich warm und angenehm zu halten die K\u00f6pfe zusammenstecken.<\/span> <span class=\"gts_text\" id=\"gts_text_62\">Es gibt ungef\u00e4hr zehn zu mehreren hundert Pinguinen mit jedem Vogel, der vorw\u00e4rts auf einem anderen Vogel sich lehnt.<\/span> <span class=\"gts_text\" id=\"gts_text_63\">Sie bilden einen Kreis und sie wechseln ab sich, mitten in dem Kreis zu stehen, um weg von der eisigen kalten Temperatur und dem Wind zu erhalten.<\/span><\/p>\n<p><span class=\"gts_text\" id=\"gts_text_64\">Ihre Fleischfresser sind V\u00f6gel und Wassers\u00e4ugetiere.<\/span> <span class=\"gts_text\" id=\"gts_text_65\">Der s\u00fcdliche Seevogel des riesigen Sturmvogels ist der Fleischfresser des allgemeinsten Landes f\u00fcr die Kaiser-Pinguink\u00fcken.<\/span> <span class=\"gts_text\" id=\"gts_text_66\">Zum Beispiel wird ein Drittel der K\u00fckentodesf\u00e4lle in einigen Kolonien durch den s\u00fcdlichen riesigen Sturmvogel verursacht.<\/span> <span class=\"gts_text\" id=\"gts_text_67\">Abgesehen von dem T\u00f6ten die Live, essen diese Seev\u00f6gel auch tote Kaiser-Pinguine.\u00a0Andere landen Fleischfresser ist der polare Raubm\u00f6wes\u00fcdseevogel.<\/span> <span class=\"gts_text\" id=\"gts_text_68\">Jedoch sucht es haupts\u00e4chlich nach toten K\u00fcken, weil die Livezu gro\u00df sind get\u00f6tet zu werden.<\/span><\/p>\n<p><span class=\"gts_text\" id=\"gts_text_69\">Einige Wassers\u00e4ugetiere, die Kaiser-Pinguine jagen, sind die Leopard-Robbe und der Schwertwal (Killerwal).<\/span> <span class=\"gts_text\" id=\"gts_text_70\">Wenn Mama oder Vati stirbt oder w\u00e4hrend der z\u00fcchtenden Jahreszeit get\u00f6tet wird, hat das \u00fcberlebende Elternteil traurig, keine Wahl aber verl\u00e4sst seine Eier oder K\u00fcken und geht f\u00fcr Nahrung im Meer auf die Jagd, bevor es verhungert.<\/span><\/p>\n<figure id=\"attachment_1206\" aria-describedby=\"caption-attachment-1206\" style=\"width: 300px\" class=\"wp-caption aligncenter\"><a href=\"http:\/\/www.big-animals.com\/wp-content\/uploads\/2011\/05\/EmperorPenguinBattalion.jpg\"><img loading=\"lazy\" decoding=\"async\" class=\"size-medium wp-image-1206 gts_attribute gts_attribute_4_alt gts_attribute_9_title\" title=\"Eine ausgezeichnete Truppe von Kaiser-Pinguinen\" alt=\"Eine ausgezeichnete Truppe von Kaiser-Pinguinen\" src=\"http:\/\/www.big-animals.com\/wp-content\/uploads\/2011\/05\/EmperorPenguinBattalion-300x251.jpg\" width=\"300\" height=\"251\" \/><\/a><figcaption id=\"caption-attachment-1206\" class=\"wp-caption-text\">A Magnificent Troupe of Emperor Penguins<\/figcaption><\/figure>\n","protected":false},"excerpt":{"rendered":"<p>Der Kaiser-Pinguin ist die gr\u00f6\u00dfte lebende Pinguinspezies. Es wohnt in der Antarktis. Die Temperatur dort kann wie -60C so niedrig gehen (- 76F). Die M\u00e4nner wiegen mehr als die Frauen. Sie sind ungef\u00e4hr 120cm (48in) hoch und wiegen zwischen 22 bis 45 Kilogramm (49 zu 99lb). Ihr Kopf, Kinn, Kehle, R\u00fcckseite, hinteres Teil der Flipper &hellip; <a href=\"https:\/\/www.big-animals.com\/de\/kaiserpinguin\/\" class=\"more-link\">Continue reading <span class=\"screen-reader-text\">Kaiser-Pinguin<\/span><\/a><\/p>\n","protected":false},"author":1,"featured_media":0,"parent":0,"menu_order":0,"comment_status":"closed","ping_status":"open","template":"","meta":{"_acf_changed":false,"footnotes":""},"acf":[],"_links":{"self":[{"href":"https:\/\/www.big-animals.com\/de\/wp-json\/wp\/v2\/pages\/89"}],"collection":[{"href":"https:\/\/www.big-animals.com\/de\/wp-json\/wp\/v2\/pages"}],"about":[{"href":"https:\/\/www.big-animals.com\/de\/wp-json\/wp\/v2\/types\/page"}],"author":[{"embeddable":true,"href":"https:\/\/www.big-animals.com\/de\/wp-json\/wp\/v2\/users\/1"}],"replies":[{"embeddable":true,"href":"https:\/\/www.big-animals.com\/de\/wp-json\/wp\/v2\/comments?post=89"}],"version-history":[{"count":2,"href":"https:\/\/www.big-animals.com\/de\/wp-json\/wp\/v2\/pages\/89\/revisions"}],"predecessor-version":[{"id":524,"href":"https:\/\/www.big-animals.com\/de\/wp-json\/wp\/v2\/pages\/89\/revisions\/524"}],"wp:attachment":[{"href":"https:\/\/www.big-animals.com\/de\/wp-json\/wp\/v2\/media?parent=89"}],"curies":[{"name":"wp","href":"https:\/\/api.w.org\/{rel}","templated":true}]}}