{"id":9,"date":"2011-05-09T08:56:44","date_gmt":"2011-05-09T08:56:44","guid":{"rendered":""},"modified":"2014-10-01T21:12:25","modified_gmt":"2014-10-01T21:12:25","slug":"der-blauwal-das-groesste-tier-ueberhaupt","status":"publish","type":"page","link":"https:\/\/www.big-animals.com\/de\/der-blauwal-das-groesste-tier-ueberhaupt\/","title":{"rendered":"Der Blauwal &#8211; das gr\u00f6\u00dfte Tier aller Zeiten"},"content":{"rendered":"<p>&nbsp;<\/p>\n<figure id=\"attachment_1051\" aria-describedby=\"caption-attachment-1051\" style=\"width: 259px\" class=\"wp-caption alignleft\"><a href=\"http:\/\/www.big-animals.com\/wp-content\/uploads\/2008\/04\/BlueWhaleFromAbove.jpg\"><img loading=\"lazy\" decoding=\"async\" class=\"size-large wp-image-1051\" title=\"Der Blauwal ist das gr\u00f6\u00dfte Tier \u00fcberhaupt\" src=\"http:\/\/www.big-animals.com\/wp-content\/uploads\/2008\/04\/BlueWhaleFromAbove-259x1024.jpg\" alt=\"Der Blauwal ist das gr\u00f6\u00dfte Tier \u00fcberhaupt\" width=\"259\" height=\"1024\" \/><\/a><figcaption id=\"caption-attachment-1051\" class=\"wp-caption-text\">Der Blauwal ist das gr\u00f6\u00dfte Tier \u00fcberhaupt<\/figcaption><\/figure>\n<p><span id=\"gts_text_2\" class=\"gts_text\"><strong>Blauwal-Gr\u00f6\u00dfe:<\/strong> Sogar gr\u00f6\u00dfer als der gr\u00f6\u00dfte Dinosaurier, w\u00e4chst der Blauwal bis zu ungef\u00e4hr 30 Meter lang.<\/span><span id=\"gts_text_5\" class=\"gts_text\">Es wird geglaubt, dass sie um die 180000 kg wiegen &#8211; ungef\u00e4hr das Gleiche wie eine Boeing 747-400 bereit f\u00fcr den Start &#8211; das Wiegen eines solch gro\u00dfen Tiers erweist sich als sehr schwer. Die meisten Abmessungen wurden w\u00e4hrend der \u00c4ra gemacht, in der sie gejagt wurden &#8211; J\u00e4ger schneideten den Wal in St\u00fccke und wogen jedes St\u00fcck einzeln. Das f\u00fchrt immer zu einer \u201ekleiner als in der Wirklichkeit\u201c im Bezug auf das Gewicht.<br \/>\n<\/span><\/p>\n<p><span id=\"gts_text_6\" class=\"gts_text\"><strong>Blauwal &#8211; erstaunliche Tatsachen: <\/strong>Seine Zunge ist so gro\u00df wie ein Elefant &#8211; weit und lang genug f\u00fcr 50 Menschen zum Draufstehen! Sein Herz ist von der Gr\u00f6\u00dfe eines Autos. Sogar von Geburat an, wiegen sie fast so viel wie 20 erwachsene Menschen. <\/span><span id=\"gts_text_8\" class=\"gts_text\"><\/span><\/p>\n<p><span id=\"gts_text_9\" class=\"gts_text\"><strong>Blauwal Informationen: <\/strong>Der Blauwal ist eine Art von Bartenwal &#8211; Bartenwale haben keine Z\u00e4hne in ihrem Oberkiefer, stattdessen haben sie ein <em>Fischbein &#8211;<\/em> so etwas wie ein Kamm &#8211; welchen sie dazu benutzen, ihr Fressen aus dem Wasser zu filtern. Eigentlich sind sie Finnwale, welche genauso wie Bartenwale bewegliche Hautfalten von ihren M\u00e4ulern bis zu ihren Bauchnabeln haben. Dies erlaubt ihnen, ihre M\u00e4uler sehr weit zu \u00f6ffnen und somit massive Mengen an Fressen mit jedem Happen zu sich zu nehmen.<\/span><\/p>\n<p><span id=\"gts_text_12\" class=\"gts_text\">Da Blauwale Bartenwale sind, l\u00e4sst sich neben dem Fakt, dass sie die gr\u00f6\u00dften\u00a0<a title=\"Die gr\u00f6\u00dften Tiere der Welt!\" href=\"http:\/\/www.big-animals.com\/de\/die-groessten-tiere-der-welt\/\">Tiere<\/a> der Welt sind schliessen,<br \/>\n<\/span><\/p>\n<ul>\n<li><span id=\"gts_text_13\" class=\"gts_text\">Der weltgr\u00f6\u00dften Furchenwal der Welt ist der Blauwal,<\/span><\/li>\n<li><span id=\"gts_text_14\" class=\"gts_text\">Der gr\u00f6\u00dfte Bartenwal der Welt ist der Blauwal,<\/span><\/li>\n<li><span id=\"gts_text_15\" class=\"gts_text\">Der gr\u00f6\u00dfte <a title=\"Wale\" href=\"http:\/\/www.big-animals.com\/de\/wale\/\">Wal<\/a> der Welt ist der Blauwal (die Waltiere enthalten Wale, T\u00fcmmler und Delfine),<br \/>\n<\/span><\/li>\n<li><span id=\"gts_text_16\" class=\"gts_text\">Das gr\u00f6\u00dfte <a title=\"Proboscidea\" href=\"http:\/\/www.big-animals.com\/de\/proboscidea\/\">S\u00e4ugetier<\/a> der Welt ist der Blauwal und<\/span><\/li>\n<li><span id=\"gts_text_17\" class=\"gts_text\">Das gr\u00f6\u00dfte <a title=\"Die gr\u00f6\u00dften Wirbeltiere der Welt!\" href=\"http:\/\/www.big-animals.com\/de\/die-groessten-wirbeltiere-der-welt\/\">Wirbeltier<\/a> der Welt ist der Blauwal.<\/span><\/li>\n<\/ul>\n<p><span id=\"gts_text_18\" class=\"gts_text\">Der wissenschaftliche Name f\u00fcr den Blauwal ist <em>Balaenoptera Musculus<\/em>.<\/span> <span id=\"gts_text_19\" class=\"gts_text\"><em>Balaenoptera<\/em> bedeutet \u201egefl\u00fcgelter Wal\u201c (das Wort <em>Optera<\/em> bedeutet <em>Fl\u00fcgel im<\/em> Latein).<\/span> <span id=\"gts_text_20\" class=\"gts_text\">Sie haben nicht wirklich Fl\u00fcgel!<\/span> <span id=\"gts_text_21\" class=\"gts_text\">Jedoch haben sie sehr gro\u00dfe Seitenflossen.<\/span> <span id=\"gts_text_22\" class=\"gts_text\">Was ist mit <em>Musculus<\/em>?<\/span> <span id=\"gts_text_23\" class=\"gts_text\">Es ist lateinisch f\u00fcr \u201emuskul\u00f6s\u201c und auch \u201eMaus\u201c &#8211; tats\u00e4chlich wurde das gr\u00f6\u00dfte Tier \u00fcberhaupt der <em>M\u00e4usewal<\/em> genannt, als Witz des Wissenschaftlers, der ihn benannte.<\/span><\/p>\n<p><span id=\"gts_text_24\" class=\"gts_text\"><strong>Blauwal-Lebensraum:<\/strong> Das ganze Meer ist deren Zuhause. Beachten Sie, dass Wale S\u00e4ugetiere sind, keine Fische! Also atmen sie Luft wir wir und geben ihren Babywalen Milch &#8211; um die 400 Liter jeden Tag. Der Blauwal, wie alle Wale, muss regeln\u00e4\u00dfig and die Oberfl\u00e4che um zu atmen. Sie k\u00f6nnen ihren Atem f\u00fcr ungef\u00e4hr eine halbe Stunde anhalten, aber sie schwimmen nie weit von der Oberfl\u00e4che. Im sp\u00e4ten 19ten und fr\u00fchen 20ten Jahrhundert (bis zu den 1970ern), zogen Menschen einen Vorteil daraus um diese Wale zu jagen. Es wird gesch\u00e4tzt, dass jetzt nur um die 5000 bis zu 12000 Blauwale in der ganzen Welt existieren. Bevor das Jagen began, waren es 100 mal mehr. Sogar jetzt, k\u00e4mpfen die Wale ums \u00dcberleben. Zu einer Zeit, konnte ein Wal einen Freund von der anderen Seite der Welt rufen h\u00f6ren. In der jetzigen Zeit haben moderne Schiffe den Ozean zu einem l\u00e4rmenden Ort gemacht und es wird jedes Jahr lauter und lauter. Das macht es den Walen schwerer, sich zu unterhalten und k\u00f6nnte der Grund sein, warum ihre Population nicht nach oben gegangen ist seit dem die Jagt aufgeh\u00f6rt hat.<\/span><span id=\"gts_text_35\" class=\"gts_text\"><\/span><\/p>\n<p>&nbsp;<\/p>\n<figure id=\"attachment_1052\" aria-describedby=\"caption-attachment-1052\" style=\"width: 300px\" class=\"wp-caption alignright\"><a href=\"http:\/\/www.big-animals.com\/wp-content\/uploads\/2008\/04\/BlueWhaleSkeleton.jpg\"><img loading=\"lazy\" decoding=\"async\" class=\"size-medium wp-image-1052\" title=\"Blauwal-Skelett in Santa Cruz\" src=\"http:\/\/www.big-animals.com\/wp-content\/uploads\/2008\/04\/BlueWhaleSkeleton-300x225.jpg\" alt=\"Blauwal-Skelett in Santa Cruz\" width=\"300\" height=\"225\" \/><\/a><figcaption id=\"caption-attachment-1052\" class=\"wp-caption-text\">Blauwalskelett in Santa Cruz<\/figcaption><\/figure>\n<p><span id=\"gts_text_37\" class=\"gts_text\"><strong>Blauwal-Di\u00e4t:<\/strong><\/span><span id=\"gts_text_41\" class=\"gts_text\"> Blauwale, abgesehen davon, dass sie so gro\u00df sind, essen jedes sehr kleine garnelenartige Tier, Krill genannt.<br \/>\nDiese wachsen typischerweise bis zu um die 1 oder 2 cm lang. Offensichtlich muss der Blauwal jeden Tag sehr viele Krills fressen, um zu \u00fcberleben! Er tut dies indem zu einem Ort mit vielen Krills schwimmt, einen gro\u00dfen Schluck Wasser nimmt und dann das Wasser aus seinem Mund durch die Barte dr\u00fcckt. Die Krills werden in seinem Mund gefangen und dann verschluckt.<br \/>\n<\/span><\/p>\n<p><span id=\"gts_text_42\" class=\"gts_text\">Blauwale k\u00f6nnen bei Geschwindigkeiten von bis zu 50 kmh schwimmen, tun dies jedoch normalerweise mit der H\u00e4lfte der Geschwindigkeit. Beim Fressen, schwimmen sie tats\u00e4chlich sehr langsam, nur um die 5 kmh. Normalerweise leben sie alleine oder in Paaren und es wird geglaubt, dass sie bis zu 80 Jahre leben k\u00f6nnen. <\/span><span id=\"gts_text_44\" class=\"gts_text\"><br \/>\n<\/span><\/p>\n<p><span id=\"gts_text_45\" class=\"gts_text\"><strong>Blauwal Bilder:<\/strong> Es ist schwer Fotografien von Blauwalen zu erhalten, da sie extrem seltene Gesch\u00f6pfe sind. Das Skelett in dem Foto oberhalb ist am Stand von einem Marineuntersuchungszentrum in Kalifornien, eine Meile oder so entfernt von wo der Wal ans Land gesp\u00fclt wurde. Man kann das Skelett sogar in Satellitfotografien sehen &#8211; schauen Sie unten und vergleichen sie die Gr\u00f6\u00dfe eines Skeletts mit den nebenan geparkten Autos!<\/span><span id=\"gts_text_47\" class=\"gts_text\"><\/span><\/p>\n<p style=\"text-align: center\"><span id=\"gts_text_48\" class=\"gts_text\">[map: http:\/\/maps.google.de\/?ie=UTF8&amp;ll=36.949179,-122.065393&amp;spn=0.000967,0.001591&amp;t=h&amp;z=20]<\/span><\/p>\n","protected":false},"excerpt":{"rendered":"<p>&nbsp; Blauwal-Gr\u00f6\u00dfe: Sogar gr\u00f6\u00dfer als der gr\u00f6\u00dfte Dinosaurier, w\u00e4chst der Blauwal bis zu ungef\u00e4hr 30 Meter lang.Es wird geglaubt, dass sie um die 180000 kg wiegen &#8211; ungef\u00e4hr das Gleiche wie eine Boeing 747-400 bereit f\u00fcr den Start &#8211; das Wiegen eines solch gro\u00dfen Tiers erweist sich als sehr schwer. Die meisten Abmessungen wurden w\u00e4hrend &hellip; <a href=\"https:\/\/www.big-animals.com\/de\/der-blauwal-das-groesste-tier-ueberhaupt\/\" class=\"more-link\">Continue reading <span class=\"screen-reader-text\">Der Blauwal &#8211; das gr\u00f6\u00dfte Tier aller Zeiten<\/span><\/a><\/p>\n","protected":false},"author":1,"featured_media":0,"parent":0,"menu_order":0,"comment_status":"closed","ping_status":"open","template":"","meta":{"_acf_changed":false,"footnotes":""},"acf":[],"_links":{"self":[{"href":"https:\/\/www.big-animals.com\/de\/wp-json\/wp\/v2\/pages\/9"}],"collection":[{"href":"https:\/\/www.big-animals.com\/de\/wp-json\/wp\/v2\/pages"}],"about":[{"href":"https:\/\/www.big-animals.com\/de\/wp-json\/wp\/v2\/types\/page"}],"author":[{"embeddable":true,"href":"https:\/\/www.big-animals.com\/de\/wp-json\/wp\/v2\/users\/1"}],"replies":[{"embeddable":true,"href":"https:\/\/www.big-animals.com\/de\/wp-json\/wp\/v2\/comments?post=9"}],"version-history":[{"count":8,"href":"https:\/\/www.big-animals.com\/de\/wp-json\/wp\/v2\/pages\/9\/revisions"}],"predecessor-version":[{"id":596,"href":"https:\/\/www.big-animals.com\/de\/wp-json\/wp\/v2\/pages\/9\/revisions\/596"}],"wp:attachment":[{"href":"https:\/\/www.big-animals.com\/de\/wp-json\/wp\/v2\/media?parent=9"}],"curies":[{"name":"wp","href":"https:\/\/api.w.org\/{rel}","templated":true}]}}