{"id":90,"date":"2011-06-04T03:34:49","date_gmt":"2011-06-04T03:34:49","guid":{"rendered":""},"modified":"2014-08-08T07:32:22","modified_gmt":"2014-08-08T07:32:22","slug":"anthropornis","status":"publish","type":"page","link":"https:\/\/www.big-animals.com\/de\/anthropornis\/","title":{"rendered":"Anthropornis"},"content":{"rendered":"<p><span id=\"gts_text_1\" class=\"gts_text\">Anthropornis ist eine Gattung zu der riesige <a title=\"Pinguine\" href=\"http:\/\/www.big-animals.com\/de\/pinguine\/\">Pinguine<\/a> geh\u00f6ren, die vor vielen Jahren lebten.<\/span> <span id=\"gts_text_2\" class=\"gts_text\">Sie waren ungef\u00e4hr 1,7 m hoch und wogen 90 kg und sind somit die gr\u00f6\u00dften Pinguine \u00fcberhaupt!<\/span> <span id=\"gts_text_3\" class=\"gts_text\">Ihre Fossilien wurden auf der Seymour-Insel, an der K\u00fcste der Antarktis und in Neuseeland gefunden.<\/span> <span id=\"gts_text_4\" class=\"gts_text\">Sie waren so gro\u00df wie einige erwachsene Menschen, daher ihr Name: (Anthropornis) &#8211; \u201eMenschenvogel\u201c.<\/span><\/p>\n<figure id=\"attachment_1234\" aria-describedby=\"caption-attachment-1234\" style=\"width: 300px\" class=\"wp-caption aligncenter\"><a href=\"http:\/\/www.big-animals.com\/wp-content\/uploads\/2011\/06\/Anthropornis_and_Human.png\"><img loading=\"lazy\" decoding=\"async\" class=\"wp-image-1234 size-medium\" title=\"Anthropornis und Mensch - \u00dcbernommen von einem Schema des Wikimedianutzers \u201ePhillip72\u201c\" src=\"http:\/\/www.big-animals.com\/wp-content\/uploads\/2011\/06\/Anthropornis_and_Human-300x259.png\" alt=\"Anthropornis und Mensch - \u00dcbernommen von einem Schema des Wikimedianutzers \u201ePhillip72\u201c\" width=\"300\" height=\"259\" \/><\/a><figcaption id=\"caption-attachment-1234\" class=\"wp-caption-text\">Anthropornis und Mensch &#8211; \u00dcbernommen von einem Schema des Wikimedianutzers \u201ePhillip72\u201c<\/figcaption><\/figure>\n","protected":false},"excerpt":{"rendered":"<p>Anthropornis ist eine Gattung zu der riesige Pinguine geh\u00f6ren, die vor vielen Jahren lebten. Sie waren ungef\u00e4hr 1,7 m hoch und wogen 90 kg und sind somit die gr\u00f6\u00dften Pinguine \u00fcberhaupt! Ihre Fossilien wurden auf der Seymour-Insel, an der K\u00fcste der Antarktis und in Neuseeland gefunden. Sie waren so gro\u00df wie einige erwachsene Menschen, daher &hellip; <a href=\"https:\/\/www.big-animals.com\/de\/anthropornis\/\" class=\"more-link\">Continue reading <span class=\"screen-reader-text\">Anthropornis<\/span><\/a><\/p>\n","protected":false},"author":1,"featured_media":0,"parent":0,"menu_order":0,"comment_status":"closed","ping_status":"open","template":"","meta":{"_acf_changed":false,"footnotes":""},"acf":[],"_links":{"self":[{"href":"https:\/\/www.big-animals.com\/de\/wp-json\/wp\/v2\/pages\/90"}],"collection":[{"href":"https:\/\/www.big-animals.com\/de\/wp-json\/wp\/v2\/pages"}],"about":[{"href":"https:\/\/www.big-animals.com\/de\/wp-json\/wp\/v2\/types\/page"}],"author":[{"embeddable":true,"href":"https:\/\/www.big-animals.com\/de\/wp-json\/wp\/v2\/users\/1"}],"replies":[{"embeddable":true,"href":"https:\/\/www.big-animals.com\/de\/wp-json\/wp\/v2\/comments?post=90"}],"version-history":[{"count":8,"href":"https:\/\/www.big-animals.com\/de\/wp-json\/wp\/v2\/pages\/90\/revisions"}],"predecessor-version":[{"id":549,"href":"https:\/\/www.big-animals.com\/de\/wp-json\/wp\/v2\/pages\/90\/revisions\/549"}],"wp:attachment":[{"href":"https:\/\/www.big-animals.com\/de\/wp-json\/wp\/v2\/media?parent=90"}],"curies":[{"name":"wp","href":"https:\/\/api.w.org\/{rel}","templated":true}]}}