{"id":92,"date":"2011-06-05T21:08:02","date_gmt":"2011-06-05T21:08:02","guid":{"rendered":""},"modified":"2014-04-02T11:10:03","modified_gmt":"2014-04-02T11:10:03","slug":"hyazinth-ara","status":"publish","type":"page","link":"https:\/\/www.big-animals.com\/de\/hyazinth-ara\/","title":{"rendered":"Hyazinth-Ara"},"content":{"rendered":"<figure id=\"attachment_1251\" aria-describedby=\"caption-attachment-1251\" style=\"width: 300px\" class=\"wp-caption alignright\"><img loading=\"lazy\" decoding=\"async\" class=\"size-medium wp-image-1251\" title=\"Der Hyazinthen-Keilschwanzsittich - fotografieren Sie durch Wikimedia-Benutzer BluesyPete\" alt=\"Der Hyazinthen-Keilschwanzsittich - fotografieren Sie durch Wikimedia-Benutzer BluesyPete\" src=\"http:\/\/www.big-animals.com\/wp-content\/uploads\/2011\/06\/Hyacinth_Macaw-300x237.jpg\" width=\"300\" height=\"237\" \/><figcaption id=\"caption-attachment-1251\" class=\"wp-caption-text\">Der Hyazinth-Ara &#8211; Fotografie von Wikimedia Nutzer BluesyPete<\/figcaption><\/figure>\n<p>Der Hyazinth-Ara kann im zentralen und \u00f6stlichen S\u00fcdamerika gefunden werden. Er liebt die Palmens\u00fcmpfe und Waldl\u00e4nder. Er mag keine feuchten W\u00e4lder. Er ist ein sehr sozialer und intelligenter Papagei. Das ist der Grund, warum alle Vogelliebhaber davon tr\u00e4umen einen Hyazinth-Ara zu haben. Ungl\u00fccklicherweise, ist seine Population aufgrund der hohen Nachfrage kritisch bedroht.<\/p>\n<p>Er ist der gr\u00f6\u00dfte Ara und die gr\u00f6\u00dfte fliegende Papageispezies auf der Welt. In Bezug auf die L\u00e4nge, ist er l\u00e4nger als jede andere Papageispezies. Seine Population sinkt aufgrund des Haustierhandels und dem Verlust des Lebensraums.<\/p>\n<p>Der Hyazinth-Ara ist von der Spitze seines Schwanzes bis zur Oberseite seines Kopfes 100cm lang. Er wieght um die 1,2 bis 1,7 Kilogramm. Seine Federn sind obenrum hellblau und an den Fl\u00fcgeln dunkler. Ausserdem hat er einen gro\u00dfen, schwarzen, gekr\u00fcmmten Schnabel. Er hat hellgelbe Haut an der Basis seines Unterschnabels und gelbe Haut um seine Augen herum. M\u00e4nnchen und Weibchen sehen gleich aus.<\/p>\n<figure id=\"attachment_1252\" aria-describedby=\"caption-attachment-1252\" style=\"width: 223px\" class=\"wp-caption alignleft\"><img loading=\"lazy\" decoding=\"async\" class=\"size-medium wp-image-1252\" title=\"der Hyazinthen-Keilschwanzsittich ist der l\u00e4ngste Papagei der Welt\" alt=\"der Hyazinthen-Keilschwanzsittich ist der l\u00e4ngste Papagei der Welt\" src=\"http:\/\/www.big-animals.com\/wp-content\/uploads\/2011\/06\/Hyacinth_Macaw_and_Human-223x300.png\" width=\"223\" height=\"300\" \/><figcaption id=\"caption-attachment-1252\" class=\"wp-caption-text\">Der Hyazinth-Ara ist der weltl\u00e4ngste Papagei<\/figcaption><\/figure>\n<p>Er hat einen sehr starken Schnabel f\u00fcrs Fressen. Dieser Schnabel kann sogar ein geschwei\u00dftes Eisengitter eines Vogelk\u00e4figs auseinanderbrechen! Er ern\u00e4hrt sich von den Kernen aus harten N\u00fcssen und Samen. Sein starker Schnabel ist dazu f\u00e4hig, Kokosn\u00fcsse , gro\u00dfe Paran\u00fcsse und Macadamian\u00fcsse aufzubrechen. Abgesehen davon, fressen sie auch Fr\u00fcchte und anderes Gem\u00fcse. Er liebt es, Pinienkerne zu fressen.<\/p>\n<p>Er errichtet sein Nest in L\u00f6chern, die sich in B\u00e4umen befinden. Die Mutter legt ein oder zwei Eier. Junge Hyazinth-Aras bleiben bei ihrer Mama und ihrem Papa, bis sie 3 Monate alt sind. Er hat eine sehr geringe Fortpflanzungsrate. Es muss nicht immer vorkommen, dass er jedes Jahr br\u00fctet. Rabenv\u00f6gel, Opossums, Nasenb\u00e4ren und Tukans fressen deren Eier. Gl\u00fccklicherweise haben die Erwachsenen keine Feinde ausser Menschen. Der Hyazinth-Ara ist eine gef\u00e4hrdete Papageispezies. Das Hyazinth-Ara Projekt wurde gestartet um diese unglaublich sch\u00f6nen Papageien vor dem Aussterben zu bewahren.<\/p>\n","protected":false},"excerpt":{"rendered":"<p>Der Hyazinth-Ara kann im zentralen und \u00f6stlichen S\u00fcdamerika gefunden werden. Er liebt die Palmens\u00fcmpfe und Waldl\u00e4nder. Er mag keine feuchten W\u00e4lder. Er ist ein sehr sozialer und intelligenter Papagei. Das ist der Grund, warum alle Vogelliebhaber davon tr\u00e4umen einen Hyazinth-Ara zu haben. Ungl\u00fccklicherweise, ist seine Population aufgrund der hohen Nachfrage kritisch bedroht. Er ist der &hellip; <a href=\"https:\/\/www.big-animals.com\/de\/hyazinth-ara\/\" class=\"more-link\">Continue reading <span class=\"screen-reader-text\">Hyazinth-Ara<\/span><\/a><\/p>\n","protected":false},"author":1,"featured_media":0,"parent":0,"menu_order":0,"comment_status":"closed","ping_status":"open","template":"","meta":{"_acf_changed":false,"footnotes":""},"acf":[],"_links":{"self":[{"href":"https:\/\/www.big-animals.com\/de\/wp-json\/wp\/v2\/pages\/92"}],"collection":[{"href":"https:\/\/www.big-animals.com\/de\/wp-json\/wp\/v2\/pages"}],"about":[{"href":"https:\/\/www.big-animals.com\/de\/wp-json\/wp\/v2\/types\/page"}],"author":[{"embeddable":true,"href":"https:\/\/www.big-animals.com\/de\/wp-json\/wp\/v2\/users\/1"}],"replies":[{"embeddable":true,"href":"https:\/\/www.big-animals.com\/de\/wp-json\/wp\/v2\/comments?post=92"}],"version-history":[{"count":2,"href":"https:\/\/www.big-animals.com\/de\/wp-json\/wp\/v2\/pages\/92\/revisions"}],"predecessor-version":[{"id":479,"href":"https:\/\/www.big-animals.com\/de\/wp-json\/wp\/v2\/pages\/92\/revisions\/479"}],"wp:attachment":[{"href":"https:\/\/www.big-animals.com\/de\/wp-json\/wp\/v2\/media?parent=92"}],"curies":[{"name":"wp","href":"https:\/\/api.w.org\/{rel}","templated":true}]}}