{"id":93,"date":"2011-06-05T22:43:35","date_gmt":"2011-06-05T22:43:35","guid":{"rendered":""},"modified":"2011-06-05T22:43:35","modified_gmt":"2011-06-05T22:43:35","slug":"flamingos","status":"publish","type":"page","link":"https:\/\/www.big-animals.com\/de\/flamingos\/","title":{"rendered":"Flamingos"},"content":{"rendered":"<p><span id=\"gts_text_1\" class=\"gts_text\">Flamingos sind eine Art <a title=\"Die gr\u00f6\u00dften V\u00f6gel der Welt!\" href=\"http:\/\/www.big-animals.com\/the-worlds-biggest-birds\/\">Vogel,<\/a> der nahe Seen, Mangrovens\u00fcmpfen und mudflats lebt.<\/span> <span id=\"gts_text_2\" class=\"gts_text\">Sie werden in den tropischen und subtropischen Regionen gefunden.<\/span> <span id=\"gts_text_3\" class=\"gts_text\">Es gibt 4 Flamingospezies in Amerika und 2 Spezies in Afrika, Asien und Europa.<\/span><\/p>\n<p><span id=\"gts_text_4\" class=\"gts_text\">Der Flamingo lebt in den Teilen von Afrika, von Europa und von Asien.<\/span> <span id=\"gts_text_5\" class=\"gts_text\">Wenig wohnt der Flamingo in Afrika und in Nordwestindien.<\/span> <span id=\"gts_text_6\" class=\"gts_text\">Der chilenische Flamingo werden im S\u00fcds\u00fcdamerika gefunden.<\/span> <span id=\"gts_text_7\" class=\"gts_text\">James Flamingo und der Anden-Flamingo werden in den hohen Anden-Bergen in Peru, in Chile, in Bolivien und in Argentinien gefunden.<\/span> <span id=\"gts_text_8\" class=\"gts_text\">Zuletzt werden der amerikanische Flamingo in den Karibischen Meeren und in den Galapagos-Inseln gefunden.<\/span><\/p>\n<p><span id=\"gts_text_9\" class=\"gts_text\">Flamingos haben lange Beine und vernetzte F\u00fc\u00dfe, eine gebogene Rechnung und ein langer gebogener Hals.<\/span> <span id=\"gts_text_10\" class=\"gts_text\">Die Beine sind l\u00e4nger als der K\u00f6rper und messen zwischen 80 bis 125cm (30 bis 50 Zoll) abh\u00e4ngig von den Spezies.<\/span> <span id=\"gts_text_11\" class=\"gts_text\">Ihre vernetzten F\u00fc\u00dfe helfen ihnen, um Nahrung von der Unterseite oben zu schwimmen und zu r\u00fchren.<\/span> <span id=\"gts_text_12\" class=\"gts_text\">Sie atmen Luft unter Verwendung ihrer Lungen.<\/span> <span id=\"gts_text_13\" class=\"gts_text\">Sie halten ihren Atem bei der F\u00fctterung unter Wasser.<\/span><\/p>\n<p><span id=\"gts_text_14\" class=\"gts_text\">Flamingos h\u00e4ufig stehen auf gerade einem Bein und verstauen das andere Bein unter seinem K\u00f6rper, um ihn warm zu halten.<\/span> <span id=\"gts_text_15\" class=\"gts_text\">Dieses hilft den Flamingos, K\u00f6rperhitze auch zu konservieren, da sie eine riesige Menge Zeit watend im kalten Wasser verbringen.<\/span><\/p>\n<p><span id=\"gts_text_16\" class=\"gts_text\">Der h\u00f6chste Flamingo ist der <a title=\"Flamingo\" href=\"http:\/\/www.big-animals.com\/greater-flamingo\/\">Flamingo<\/a>.<\/span> <span id=\"gts_text_17\" class=\"gts_text\">Sie sind 110 bis 130cm (43 bis 51 herein) hoch.<\/span> <span id=\"gts_text_18\" class=\"gts_text\">Sie wiegen bis zu 3.5kg (7.1lb).<\/span> <span id=\"gts_text_19\" class=\"gts_text\">Sind wenige Flamingos die kleinsten Flamingos.<\/span> <span id=\"gts_text_20\" class=\"gts_text\">Sie sind nur 80cm (31.5in) hoch und sie wiegen ungef\u00e4hr 2,5 Kilogramm (5.5lb) nur.<\/span> <span id=\"gts_text_21\" class=\"gts_text\">F\u00fcr die wenigen Flamingos reicht ihre Spannweite von 95 bis 100cm (37-39in).<\/span> <span id=\"gts_text_22\" class=\"gts_text\">Die Fl\u00fcgel der Flamingos dehnen heraus ungef\u00e4hr 140 bis 165cm (55-65in) von Ende zu Ende aus.\u00a0\u00a0Ein was f\u00fcr enormer Unterschied dort zwischen den Gr\u00f6\u00dfen dieser zwei Flamingos ist!<\/span> <span id=\"gts_text_23\" class=\"gts_text\">Mannesflamingos sind- etwas h\u00f6here und schwerer als weibliche Flamingos.<\/span><\/p>\n<figure id=\"attachment_1258\" aria-describedby=\"caption-attachment-1258\" style=\"width: 300px\" class=\"wp-caption alignleft\"><img loading=\"lazy\" decoding=\"async\" class=\"size-medium wp-image-1258\" title=\"Flamingos und ein K\u00fcken\" src=\"http:\/\/www.big-animals.com\/wp-content\/uploads\/2011\/06\/Flamingoes_And_Chick-300x181.jpg\" alt=\"Flamingos und ein K\u00fcken\" width=\"300\" height=\"181\" \/><figcaption id=\"caption-attachment-1258\" class=\"wp-caption-text\">Flamingos and a Chick<\/figcaption><\/figure>\n<p><span id=\"gts_text_25\" class=\"gts_text\">Ihre Augen sind auf beiden Seite des Kopfes.\u00a0Flamingo<\/span><span id=\"gts_text_26\" class=\"gts_text\">k\u00fcken haben graue Augen w\u00e4hrend ihres ersten Jahres des Lebens und wenn sie erwachsen sind, haben sie gelbe Augen.\u00a0<\/span><span id=\"gts_text_27\" class=\"gts_text\">Die curvy Rechnung eines erwachsenen Flamingos ist schwarz cremefarben, r\u00f6tlich oder, abh\u00e4ngig von den Spezies.<\/span> <span id=\"gts_text_28\" class=\"gts_text\">Ein eben ausgebr\u00fctetes K\u00fcken hat eine gerade rote Rechnung anstelle einer curvy Rechnung.<\/span><\/p>\n<p><span id=\"gts_text_29\" class=\"gts_text\">Sie essen Schalentiere, Algen und kleine Fische.<\/span> <span id=\"gts_text_30\" class=\"gts_text\">Ihre Rechnung wird besonders gemacht, um Schlamm von der Nahrung zu trennen, die sie essen.<\/span> <span id=\"gts_text_31\" class=\"gts_text\">Die Rechnung ist umgedreht, wenn sie f\u00fcr Nahrung jagen.<\/span> <span id=\"gts_text_32\" class=\"gts_text\">Innerhalb der Rechnung gibt es einige Arten haarige Strukturen entlang dem unteren Kiefer und ihrer gro\u00dfen rauen Zunge.<\/span> <span id=\"gts_text_33\" class=\"gts_text\">Diese helfen ihr, seine Nahrung aus dem Schlamm und dem Wasser heraus zu belasten.<\/span> <span id=\"gts_text_34\" class=\"gts_text\">Sie trinken S\u00fc\u00dfwasser.<\/span><\/p>\n<p><span id=\"gts_text_35\" class=\"gts_text\">Junge Flamingos haben Schichten graue Federn, aber die Erwachsenen haben Federn, die von hellrosa zum hellen Rot schwanken.<\/span> <span id=\"gts_text_36\" class=\"gts_text\">Ein gesunder Flamingo hat helle Farben &#8211; ein wei\u00dfer oder blasser Flamingo ist normalerweise krank oder unterern\u00e4hrt.<\/span> <span id=\"gts_text_37\" class=\"gts_text\">Sie haben einige schwarze Fl\u00fcgelfedern auch.<\/span><\/p>\n<p><span id=\"gts_text_38\" class=\"gts_text\">Flamingos leben in den Gruppen, die Kolonien angerufen werden.<\/span> <span id=\"gts_text_39\" class=\"gts_text\">Jede Kolonie kann bis zu den zehn Tausenden Flamingos haben.<\/span> <span id=\"gts_text_40\" class=\"gts_text\">Sie leben in den Kolonien wegen der Sicherheit, um mehr Nahrung zu fangen, und vollen Gebrauch von den begrenzten Nistpl\u00e4tzen zu machen.<\/span> <span id=\"gts_text_41\" class=\"gts_text\">Mama und Vati verteidigen ihr Nest.<\/span> <span id=\"gts_text_42\" class=\"gts_text\">Sie finden eine passende Stelle auf den mudflats, um ihr Nest zu errichten.<\/span> <span id=\"gts_text_43\" class=\"gts_text\">Der Standort wird normalerweise von der Mama ausgew\u00e4hlt.<\/span> <span id=\"gts_text_44\" class=\"gts_text\">Es gibt Zeiten, wenn andere Paare versuchen, den Nistplatz zu stehlen.<\/span> <span id=\"gts_text_45\" class=\"gts_text\">Jedoch sch\u00fctzen Flamingos ihre Nistpl\u00e4tze und Junge.<\/span><\/p>\n<p><span id=\"gts_text_46\" class=\"gts_text\">Flamingos legen normalerweise nur ein Ei.<\/span> <span id=\"gts_text_47\" class=\"gts_text\">Das Ei ist \u00fcber die Gr\u00f6\u00dfe des Eies eines Huhns.<\/span> <span id=\"gts_text_48\" class=\"gts_text\">Das Ei ist in der Form l\u00e4nglich.<\/span> <span id=\"gts_text_49\" class=\"gts_text\">Es ist kreideartiges Wei\u00df.<\/span> <span id=\"gts_text_50\" class=\"gts_text\">Die Eltern wechseln ab sich, auf dem Ei zu sitzen, um es warm zu halten.<\/span> <span id=\"gts_text_51\" class=\"gts_text\">Das Ei br\u00fctet nach 26 bis 31 Tagen aus.<\/span> <span id=\"gts_text_52\" class=\"gts_text\">Eben ausgebr\u00fctete K\u00fcken haben die grauen oder wei\u00dfen Federn.<\/span> <span id=\"gts_text_53\" class=\"gts_text\">\u00a0Ihre Eltern sind in der Lage, ihr eigenes K\u00fcken durch Anblick und Ton zu identifizieren.<\/span> <span id=\"gts_text_54\" class=\"gts_text\">Flamingos sind laute V\u00f6gel.<\/span><\/p>\n<p><span id=\"gts_text_55\" class=\"gts_text\">pflegen Mama und Vati ihr K\u00fcken.<\/span> <span id=\"gts_text_56\" class=\"gts_text\">Sie geben der K\u00fckenernte Milch von ihrem Mund.<\/span> <span id=\"gts_text_57\" class=\"gts_text\">An ungef\u00e4hr 7 bis 21 Tagen f\u00e4ngt das K\u00fcken an, aus seinem Nest heraus zu treten, aber es geht noch zur\u00fcck, um Fed. zu sein.<\/span> <span id=\"gts_text_58\" class=\"gts_text\">Nach zwei Wochen schlie\u00dfen sich die K\u00fcken einer Gruppe an, die eine Kinderkrippe angerufen wird und beginnen, f\u00fcr Nahrung zu jagen selbst.<\/span> <span id=\"gts_text_59\" class=\"gts_text\">Diese Kinderkrippe enth\u00e4lt Tausenden K\u00fcken.<\/span> <span id=\"gts_text_60\" class=\"gts_text\">Das Bleiben in einer Kinderkrippe h\u00e4lt die K\u00fcken, Safe von ihren Fleischfressern zu halten.<\/span> <span id=\"gts_text_61\" class=\"gts_text\">Das K\u00fcken versch\u00fcttet seine grauen Federn, wenn es zwischen zwei bis drei Jahren alt ist und es helle sch\u00f6ne rosa oder rote Federn wie Mama und Vati hat.<\/span><\/p>\n<p><span id=\"gts_text_62\" class=\"gts_text\">Die Eier und das K\u00fcken der Flamingos werden auf durch Adler, Geier, L\u00f6wen, Leoparden, Geparde, F\u00fcchse und Schakale erbeutet.<\/span> <span id=\"gts_text_63\" class=\"gts_text\">Abgesehen von dem haben Menschen auch ihren Lebensraum zerst\u00f6rt, indem sie Stra\u00dfen, Bew\u00e4sserung und das Bergbau aufbauten.<\/span> <span id=\"gts_text_64\" class=\"gts_text\">Sie werden auch f\u00fcr ihre Eier gejagt.<\/span> <span id=\"gts_text_65\" class=\"gts_text\">Gl\u00fccklicherweise werden sie nicht gef\u00e4hrdet.<\/span><\/p>\n<p><span id=\"gts_text_66\" class=\"gts_text\">\u00a0<\/span><\/p>\n","protected":false},"excerpt":{"rendered":"<p>Flamingos sind eine Art Vogel, der nahe Seen, Mangrovens\u00fcmpfen und mudflats lebt. Sie werden in den tropischen und subtropischen Regionen gefunden. Es gibt 4 Flamingospezies in Amerika und 2 Spezies in Afrika, Asien und Europa. Der Flamingo lebt in den Teilen von Afrika, von Europa und von Asien. Wenig wohnt der Flamingo in Afrika und &hellip; <a href=\"https:\/\/www.big-animals.com\/de\/flamingos\/\" class=\"more-link\">Continue reading <span class=\"screen-reader-text\">Flamingos<\/span><\/a><\/p>\n","protected":false},"author":1,"featured_media":0,"parent":0,"menu_order":0,"comment_status":"closed","ping_status":"open","template":"","meta":{"_acf_changed":false,"footnotes":""},"acf":[],"_links":{"self":[{"href":"https:\/\/www.big-animals.com\/de\/wp-json\/wp\/v2\/pages\/93"}],"collection":[{"href":"https:\/\/www.big-animals.com\/de\/wp-json\/wp\/v2\/pages"}],"about":[{"href":"https:\/\/www.big-animals.com\/de\/wp-json\/wp\/v2\/types\/page"}],"author":[{"embeddable":true,"href":"https:\/\/www.big-animals.com\/de\/wp-json\/wp\/v2\/users\/1"}],"replies":[{"embeddable":true,"href":"https:\/\/www.big-animals.com\/de\/wp-json\/wp\/v2\/comments?post=93"}],"version-history":[{"count":1,"href":"https:\/\/www.big-animals.com\/de\/wp-json\/wp\/v2\/pages\/93\/revisions"}],"predecessor-version":[{"id":462,"href":"https:\/\/www.big-animals.com\/de\/wp-json\/wp\/v2\/pages\/93\/revisions\/462"}],"wp:attachment":[{"href":"https:\/\/www.big-animals.com\/de\/wp-json\/wp\/v2\/media?parent=93"}],"curies":[{"name":"wp","href":"https:\/\/api.w.org\/{rel}","templated":true}]}}