{"id":94,"date":"2011-06-06T01:57:12","date_gmt":"2011-06-06T01:57:12","guid":{"rendered":""},"modified":"2014-03-28T10:34:00","modified_gmt":"2014-03-28T10:34:00","slug":"rosaflamingo","status":"publish","type":"page","link":"https:\/\/www.big-animals.com\/de\/rosaflamingo\/","title":{"rendered":"Rosaflamingo"},"content":{"rendered":"<figure id=\"attachment_1261\" aria-describedby=\"caption-attachment-1261\" style=\"width: 300px\" class=\"wp-caption alignleft\"><a href=\"http:\/\/www.big-animals.com\/wp-content\/uploads\/2011\/06\/GreaterFlamingoesUpClose.jpg\"><img loading=\"lazy\" decoding=\"async\" class=\"size-medium wp-image-1261 gts_attribute gts_attribute_1_alt gts_attribute_4_title\" title=\"Der Flamingo\" alt=\"Der Flamingo\" src=\"http:\/\/www.big-animals.com\/wp-content\/uploads\/2011\/06\/GreaterFlamingoesUpClose-300x220.jpg\" width=\"300\" height=\"220\" \/><\/a><figcaption id=\"caption-attachment-1261\" class=\"wp-caption-text\">Der Rosaflamingo<\/figcaption><\/figure>\n<p><span class=\"gts_text\" id=\"gts_text_1\">Der Rosaflamingo ist der weltgr\u00f6\u00dfte <a class=\" gts_attribute gts_attribute_5_title\" title=\"Flamingos\" href=\"http:\/\/www.big-animals.com\/flamingos\/\">Flamingo<\/a><span class=\" gts_attribute gts_attribute_5_title\"> der Welt. Sie sind ebenfalls die meist verbreitete Spezies der Flamingo Familie. Du kannst sie in S\u00fc\u00dfwasser- und Salzwassergebieten von Zentral- und S\u00fcdamerika, der Karibik, im S\u00fcdwesten Europas, S\u00fcdasien und Teilen von Afrika finden.<\/span> Sie leben in Seen, M\u00fcndungen und Lagunen. Die Rosaflamingos, welche ausserhalb der Tropen leben, ziehen w\u00e4hrend dem Winter oft in w\u00e4rmere Lebensr\u00e4ume. Sie bevorzugen warmes Wetter. Wie alle Flamingos, leben sie in Kolonien, die aus tausenden Flamingos bestehen, ausser auf den Galapagosinseln, wo es nur ein Dutzend gibt. Das Leben in Kolonien sch\u00fctzt sie vor ihren Feinden.<br \/>\n<\/span><\/p>\n<figure id=\"attachment_1262\" aria-describedby=\"caption-attachment-1262\" style=\"width: 213px\" class=\"wp-caption alignright\"><a href=\"http:\/\/www.big-animals.com\/wp-content\/uploads\/2011\/06\/GreaterFlamingo.jpg\"><img loading=\"lazy\" decoding=\"async\" class=\"size-medium wp-image-1262 gts_attribute gts_attribute_2_alt gts_attribute_6_title\" title=\"Seine Fl\u00fcgelfedern vorf\u00fchren\" alt=\"Seine Fl\u00fcgelfedern vorf\u00fchren\" src=\"http:\/\/www.big-animals.com\/wp-content\/uploads\/2011\/06\/GreaterFlamingo-213x300.jpg\" width=\"213\" height=\"300\" \/><\/a><figcaption id=\"caption-attachment-1262\" class=\"wp-caption-text\">Stellt seine Fl\u00fcgelfedern zur Schau<\/figcaption><\/figure>\n<p>Sie sind im Durchschnitt um die 110-150cm hoch und wiegen um die 2 bis 4 kg. Sie haben eine Fl\u00fcgelspannweite von 1,4-1,7m. Der gr\u00f6\u00dfte m\u00e4nnliche Flamingo war 187cm hoch und wog 4,5kg.<\/p>\n<p>Sind sind in der Farbe rosa-weiss, ihre K\u00fcken jedoch werden mit grauer Farbe geboren. Sie haben lange, d\u00fcnne, pinke Beine. Sie haben kleine schwimmh\u00e4utige F\u00fc\u00dfe, die ihnen dabei helfen, zu schwimmen und Nahrung aus ihrem Schlammboden zu ergattern. Sie haben ausserdem lange, d\u00fcnne, gekr\u00fcmmte H\u00e4lse mit einer schwarzen Spitze. Ihre Fl\u00fcgeln sind rot mit einigen schwarzen Federn. Sie geben ein lautes, tiefes, g\u00e4nse\u00e4hnliches Tr\u00f6ten von sich.<\/p>\n<p>Sie fressen Insekten, W\u00fcrmer, kleine Shrimps, Samen, Blaualgen und Mollusken. Sie ern\u00e4hren sich normalerweise am Tag. Sie tunken ihren Schnabel kopf\u00fcber in flaches Wasser und nehmen Futter auf. Ihr besonderer Schnabel ist dazu f\u00e4hig, Nahrung von Schlamm und Wasser zu trennen. Da die Flamingos sehr viele Shrimps und Betacarotin zu sich nehmen, sehen sie so rosa und sch\u00f6n aus.<\/p>\n<figure id=\"attachment_1263\" aria-describedby=\"caption-attachment-1263\" style=\"width: 216px\" class=\"wp-caption alignleft\"><a href=\"http:\/\/www.big-animals.com\/wp-content\/uploads\/2011\/06\/GreaterFlamingoAndHuman.png\"><img loading=\"lazy\" decoding=\"async\" class=\"size-medium wp-image-1263 gts_attribute gts_attribute_3_alt gts_attribute_7_title\" title=\"Ein typischer Flamingo und ein Mensch\" alt=\"Ein typischer Flamingo und ein Mensch\" src=\"http:\/\/www.big-animals.com\/wp-content\/uploads\/2011\/06\/GreaterFlamingoAndHuman-216x300.png\" width=\"216\" height=\"300\" \/><\/a><figcaption id=\"caption-attachment-1263\" class=\"wp-caption-text\">Ein typischer Rosaflamingo und ein Mensch<\/figcaption><\/figure>\n<p>Rosaflamingos br\u00fcten in Kolonien. Sie legen ein gipsartiges, weisses Ei auf einen Schlammh\u00fcgel in flachem Wasser. Sowohl Mama als auch Papa tun alles daf\u00fcr, ihr Ei warm zu halten. Es dauert um die 26 bis 31 Tage, bis die Eier schl\u00fcpfen. Sie sch\u00fctzen ihre Nester w\u00e4hrend der Brutsaison. Das K\u00fcken wird mit Kropfmilch gef\u00fcttert, welches aus dem oberen Verdauungstrakt der Eltern stammt. Beide, sowohl Mama als auch Papa produzieren Kropfmilch. Wenn das K\u00fcken alt genug ist zu gehen, wird es an eine Gruppe von K\u00fcken, auch Kinderkrippe genannt weitergegeben, wo ein paar erwachsene Flamingos auf das K\u00fcken aufpassen. Das K\u00fcken wirft seine grauen Federn ab und erh\u00e4lt die rosa und roten Federn wie seine Eltern, wenn es zwischen 2 und 3 Jahre alt ist.<\/p>\n<p>Auf das Ei des Rosaflamingos wird von Menschen und anderen V\u00f6geln wie dem Marabu, Jagd gemacht. Er ist ein gro\u00dfer Stelzvogel. Sie k\u00f6nnen in Gefangenschaft bis zu 50 Jahre alt werden und in der Wildnis durchschnittlich 20 Jahre.<\/p>\n<p><span class=\"gts_text\" id=\"gts_text_36\">\u00a0<\/span><\/p>\n","protected":false},"excerpt":{"rendered":"<p>Der Rosaflamingo ist der weltgr\u00f6\u00dfte Flamingo der Welt. Sie sind ebenfalls die meist verbreitete Spezies der Flamingo Familie. Du kannst sie in S\u00fc\u00dfwasser- und Salzwassergebieten von Zentral- und S\u00fcdamerika, der Karibik, im S\u00fcdwesten Europas, S\u00fcdasien und Teilen von Afrika finden. Sie leben in Seen, M\u00fcndungen und Lagunen. Die Rosaflamingos, welche ausserhalb der Tropen leben, ziehen &hellip; <a href=\"https:\/\/www.big-animals.com\/de\/rosaflamingo\/\" class=\"more-link\">Continue reading <span class=\"screen-reader-text\">Rosaflamingo<\/span><\/a><\/p>\n","protected":false},"author":1,"featured_media":0,"parent":0,"menu_order":0,"comment_status":"closed","ping_status":"open","template":"","meta":{"_acf_changed":false,"footnotes":""},"acf":[],"_links":{"self":[{"href":"https:\/\/www.big-animals.com\/de\/wp-json\/wp\/v2\/pages\/94"}],"collection":[{"href":"https:\/\/www.big-animals.com\/de\/wp-json\/wp\/v2\/pages"}],"about":[{"href":"https:\/\/www.big-animals.com\/de\/wp-json\/wp\/v2\/types\/page"}],"author":[{"embeddable":true,"href":"https:\/\/www.big-animals.com\/de\/wp-json\/wp\/v2\/users\/1"}],"replies":[{"embeddable":true,"href":"https:\/\/www.big-animals.com\/de\/wp-json\/wp\/v2\/comments?post=94"}],"version-history":[{"count":2,"href":"https:\/\/www.big-animals.com\/de\/wp-json\/wp\/v2\/pages\/94\/revisions"}],"predecessor-version":[{"id":461,"href":"https:\/\/www.big-animals.com\/de\/wp-json\/wp\/v2\/pages\/94\/revisions\/461"}],"wp:attachment":[{"href":"https:\/\/www.big-animals.com\/de\/wp-json\/wp\/v2\/media?parent=94"}],"curies":[{"name":"wp","href":"https:\/\/api.w.org\/{rel}","templated":true}]}}