{"id":95,"date":"2011-06-06T02:10:47","date_gmt":"2011-06-06T02:10:47","guid":{"rendered":""},"modified":"2014-04-28T10:47:29","modified_gmt":"2014-04-28T10:47:29","slug":"wasservoegel","status":"publish","type":"page","link":"https:\/\/www.big-animals.com\/de\/wasservoegel\/","title":{"rendered":"Wasserv\u00f6gel"},"content":{"rendered":"<figure id=\"attachment_1268\" aria-describedby=\"caption-attachment-1268\" style=\"width: 127px\" class=\"wp-caption alignleft\"><a href=\"http:\/\/www.big-animals.com\/wp-content\/uploads\/2011\/06\/Whistling_Duck.jpg\"><img loading=\"lazy\" decoding=\"async\" class=\"size-medium wp-image-1268 gts_attribute gts_attribute_1_alt gts_attribute_2_title\" title=\"Die pfeifende Ente ist typische Wasserv\u00f6gel\" alt=\"Die pfeifende Ente ist typische Wasserv\u00f6gel\" src=\"http:\/\/www.big-animals.com\/wp-content\/uploads\/2011\/06\/Whistling_Duck-127x300.jpg\" width=\"127\" height=\"300\" \/><\/a><figcaption id=\"caption-attachment-1268\" class=\"wp-caption-text\">Die Pfeifgans ist ein typischer Wasservogel<\/figcaption><\/figure>\n<p><span class=\"gts_text\" id=\"gts_text_1\">\u00a0Die Gruppe von\u00a0<a title=\"Die gr\u00f6\u00dften V\u00f6gel der Welt!\" href=\"http:\/\/www.big-animals.com\/de\/die-groessten-voegel-der-welt\/\">V\u00f6geln<\/a> namens Wasserv\u00f6gel beinhaltet Enten, G\u00e4nse und Schw\u00e4ne. Sie sind gute Schwimmer mit mittleren bis gro\u00dfen K\u00f6rpern. F\u00fcr Menschen sind sie eine Nahrungsquelle. Sie bieten Fleisch und Eier. Sie werden ausserdem zum Spass gejagt. Manchmal werden sie als Haustiere gehalten, besonders domestizierte Enten und G\u00e4nse. <\/span><span class=\"gts_text\" id=\"gts_text_6\"><\/span><\/p>\n<p><span class=\"gts_text\" id=\"gts_text_7\">\u00a0Der gr\u00f6\u00dfte Wasservogel ist der <a class=\" gts_attribute gts_attribute_4_title\" title=\"Trompeterschwan\" href=\"http:\/\/www.big-animals.com\/de\/trompeterschwan\/\">Trompeterschwan<\/a>.<\/span> Er ist ungef\u00e4hr 1,82m lang. Er hat eine Fl\u00fcgelspannweite von 3m und wiegt um die 17,3 kg. Ziemlich gro\u00df!<span class=\"gts_text\" id=\"gts_text_10\"><\/span><\/p>\n","protected":false},"excerpt":{"rendered":"<p>\u00a0Die Gruppe von\u00a0V\u00f6geln namens Wasserv\u00f6gel beinhaltet Enten, G\u00e4nse und Schw\u00e4ne. Sie sind gute Schwimmer mit mittleren bis gro\u00dfen K\u00f6rpern. F\u00fcr Menschen sind sie eine Nahrungsquelle. Sie bieten Fleisch und Eier. Sie werden ausserdem zum Spass gejagt. Manchmal werden sie als Haustiere gehalten, besonders domestizierte Enten und G\u00e4nse. \u00a0Der gr\u00f6\u00dfte Wasservogel ist der Trompeterschwan. Er ist &hellip; <a href=\"https:\/\/www.big-animals.com\/de\/wasservoegel\/\" class=\"more-link\">Continue reading <span class=\"screen-reader-text\">Wasserv\u00f6gel<\/span><\/a><\/p>\n","protected":false},"author":1,"featured_media":0,"parent":0,"menu_order":0,"comment_status":"closed","ping_status":"open","template":"","meta":{"_acf_changed":false,"footnotes":""},"acf":[],"_links":{"self":[{"href":"https:\/\/www.big-animals.com\/de\/wp-json\/wp\/v2\/pages\/95"}],"collection":[{"href":"https:\/\/www.big-animals.com\/de\/wp-json\/wp\/v2\/pages"}],"about":[{"href":"https:\/\/www.big-animals.com\/de\/wp-json\/wp\/v2\/types\/page"}],"author":[{"embeddable":true,"href":"https:\/\/www.big-animals.com\/de\/wp-json\/wp\/v2\/users\/1"}],"replies":[{"embeddable":true,"href":"https:\/\/www.big-animals.com\/de\/wp-json\/wp\/v2\/comments?post=95"}],"version-history":[{"count":2,"href":"https:\/\/www.big-animals.com\/de\/wp-json\/wp\/v2\/pages\/95\/revisions"}],"predecessor-version":[{"id":526,"href":"https:\/\/www.big-animals.com\/de\/wp-json\/wp\/v2\/pages\/95\/revisions\/526"}],"wp:attachment":[{"href":"https:\/\/www.big-animals.com\/de\/wp-json\/wp\/v2\/media?parent=95"}],"curies":[{"name":"wp","href":"https:\/\/api.w.org\/{rel}","templated":true}]}}