{"id":96,"date":"2011-06-06T03:02:06","date_gmt":"2011-06-06T03:02:06","guid":{"rendered":""},"modified":"2014-04-24T09:34:38","modified_gmt":"2014-04-24T09:34:38","slug":"trompeterschwan","status":"publish","type":"page","link":"https:\/\/www.big-animals.com\/de\/trompeterschwan\/","title":{"rendered":"Trompeterschwan"},"content":{"rendered":"<p><span class=\"gts_text\" id=\"gts_text_1\">Der Trompeterschwan ist der gr\u00f6\u00dfte, lebende <a title=\"Wasserv\u00f6gel\" href=\"http:\/\/www.big-animals.com\/waterfowl\/\">Wasservogel<\/a><\/span><span class=\"gts_text\" id=\"gts_text_3\"> der Welt. Somit ist er ebenfalls der gr\u00f6\u00dfte Schwan der Welt. Es wird auch vermutet, dass er der gr\u00f6\u00dfte nordamerikanische <a title=\"Die gr\u00f6\u00dften V\u00f6gel der Welt!\" href=\"http:\/\/www.big-animals.com\/the-worlds-biggest-birds\/\">Vogel<\/a> ist.<\/span> Er wird Trompeterschwan genannt, weil sein Ruf sich anh\u00f6rt wie eine Trompete.<\/p>\n<figure id=\"attachment_1271\" aria-describedby=\"caption-attachment-1271\" style=\"width: 295px\" class=\"wp-caption alignleft\"><img loading=\"lazy\" decoding=\"async\" class=\"size-medium wp-image-1271\" title=\"Trompeters-Schwan und Mensch\" alt=\"Trompeters-Schwan und Mensch\" src=\"http:\/\/www.big-animals.com\/wp-content\/uploads\/2011\/06\/Trumpeter_Swan_and_Human-295x300.png\" width=\"295\" height=\"300\" \/><figcaption id=\"caption-attachment-1271\" class=\"wp-caption-text\">Trompeterschwan und Mensch<\/figcaption><\/figure>\n<p>Die M\u00e4nnchen sind um die 145 bis 163 cm lang und wiegen ungef\u00e4hr 12kg. Die Weibchen sind kleiner. Sie messen ungef\u00e4hr 139 bis 150 cm und wiegen um die 10kg. Ihre durchschnittliche Fl\u00fcgelspannweite ist 2m. Ein sehr gro\u00dfes M\u00e4nnchen kann eine L\u00e4nge von 183 cm erreichen, mit einer Fl\u00fcgelspannweite von 3m und wiegt um die 17,2 kg. Ihr n\u00e4hester Verwandter ist der Singschwan aus Eurasien.<\/p>\n<p>Der junge Trompeterschwan ist in der Farbe grau. Die Farbe wird nach dem ersten Jahr weiss. Erwachsene haben weisse Federn, schwarze Beine und F\u00fc\u00dfe. Sie haben schwarze Schn\u00e4bel. Sie legen ihre Eier in gro\u00dfen, flachen Teichen und weiten, langsam flie\u00dfenden Fl\u00fcssen im Nordwesten und zentralen Nordamerika. Die gr\u00f6\u00dften Brutpaare k\u00f6nnen in Alaska gefunden werden. Sie neigen dazu, zur und von der pazifischen K\u00fcste und ebenfalls Teilen der vereinigten Staaten zu ziehen. Sie fliegen in V-f\u00f6rmigen Schw\u00e4rmen.<\/p>\n<p>Diese V\u00f6gel jagen, w\u00e4hrend sie schwimmen. Sie pl\u00e4tschern im Wasser, um nach Nahrung zu greifen. Sie fressen Meerespflanzen. Im Winter fressen sie ebenfalls Gr\u00e4ser und Getreide in Feldern. Die Jungtiere fressen zuerst Insekten, kleine Krebstiere sowie auch Pflanzen. Wenn sie erwachsen sind, werden sie Vegetarier.<\/p>\n<p>Ihre Feinde sind Kolkraben, Waschb\u00e4ren, Braunb\u00e4ren und Kojoten, die es lieben ihre Eier zu fressen. Der Steinadler kann sogar einen erwachsenen Trompeterschwan t\u00f6ten.<\/p>\n<p>Das Weibchen legt um die 3-12 Eier in einem Pflanzenh\u00fcgel auf einer kleinen Insel, einem alten Bieberbau oder einer schwimmenden Platform. Ihre Eier sind um die 73mm weit, 113,5mm lang und wiegen um die 320 Gramm. Die Inkubationszeit betr\u00e4gt 32 bis 37 Tage. Sie gehen mit ihren Partnern sehr vertrauensvoll um &#8211; \u201ebis das der Tod uns scheidet\u201c. Die V\u00e4ter sind ihren Familien gegen\u00fcber loyal. Er bleibt w\u00e4hrend seines ganzen Lebens bei seiner Frau und k\u00fcmmert sich um seine Kinder.<\/p>\n<figure id=\"attachment_1272\" aria-describedby=\"caption-attachment-1272\" style=\"width: 300px\" class=\"wp-caption alignright\"><img loading=\"lazy\" decoding=\"async\" class=\"size-medium wp-image-1272\" title=\"Der Trompeters-Schwan\" alt=\"Der Trompeters-Schwan\" src=\"http:\/\/www.big-animals.com\/wp-content\/uploads\/2011\/06\/Trumpeter_Swan-300x254.jpg\" width=\"300\" height=\"254\" \/><figcaption id=\"caption-attachment-1272\" class=\"wp-caption-text\">Der Trompeterschwan &#8211; Fotografie von Alan D. Wilson<\/figcaption><\/figure>\n<p>Sowohl die Mama als auch der Papa erziehen ihre Kinder gemeinsam. Die Mama h\u00e4lt ihre Eier warm, bis sie schl\u00fcpfen. Die Jungen sind in der Lage, innerhalb von 2 Tagen zu schwimmen und nach 2 Wochen sich selbst zu ern\u00e4hren. Sie sind nach 3 bis 4 Monaten bereit zu fliegen.<\/p>\n<p>Die Weibchen verlieren f\u00fcr kurze Zeit\u00a0 ihre Flugfedern, nachdem ihre Babys geschl\u00fcpft sind. Somit ist sie ungef\u00e4hr einen Monat lang unf\u00e4hig zu fliegen. Die M\u00e4nnchen durchleben den selben Prozess ungef\u00e4hr einen Monat sp\u00e4ter, wenn die Weibchen wieder in der Lage sind zu fliegen. Auf diesem Weg bleibt ein flugunf\u00e4higer Elternteil zur\u00fcck, um sich um die Jungen zu k\u00fcmmern.<\/p>\n<p>Im 19. und fr\u00fchen 20. Jahrhundert, wurde der arme Trompeterschwan fast bis zum Aussterben aufgrund seiner Federn gejagt. Ihre Federn geben gute Schreibfedern her. Sie wurden ausserdem wegen ihrem Fleisch, ihrer Eier und Haut gejagt. Sie waren zum fr\u00fchen 20. Jahrhundert in den meisten Teilen der vereinigten Staaten selten bzw. ausgestorben. Davon abgesehen waren sie ebenfalls von der Zerst\u00f6rung ihres Lebensraums und Bleivergiftung betroffen. Wie auch immer hat sich ihre Population seitdem wieder erholt und Konservationsma\u00dfnahmen wurden durchgef\u00fchrt, um diese V\u00f6gel in andere Teile ihrer Herkunft und anderswo\u00a0 wieder anzusiedeln. Sie k\u00f6nnen bis zu 35 Jahre in Gefangenschaft leben. Ihre Lebenszeit in der Wildnis betr\u00e4gt normalerweise 12 bis 15 Jahre.<\/p>\n","protected":false},"excerpt":{"rendered":"<p>Der Trompeterschwan ist der gr\u00f6\u00dfte, lebende Wasservogel der Welt. Somit ist er ebenfalls der gr\u00f6\u00dfte Schwan der Welt. Es wird auch vermutet, dass er der gr\u00f6\u00dfte nordamerikanische Vogel ist. Er wird Trompeterschwan genannt, weil sein Ruf sich anh\u00f6rt wie eine Trompete. Die M\u00e4nnchen sind um die 145 bis 163 cm lang und wiegen ungef\u00e4hr 12kg. &hellip; <a href=\"https:\/\/www.big-animals.com\/de\/trompeterschwan\/\" class=\"more-link\">Continue reading <span class=\"screen-reader-text\">Trompeterschwan<\/span><\/a><\/p>\n","protected":false},"author":1,"featured_media":0,"parent":0,"menu_order":0,"comment_status":"closed","ping_status":"open","template":"","meta":{"_acf_changed":false,"footnotes":""},"acf":[],"_links":{"self":[{"href":"https:\/\/www.big-animals.com\/de\/wp-json\/wp\/v2\/pages\/96"}],"collection":[{"href":"https:\/\/www.big-animals.com\/de\/wp-json\/wp\/v2\/pages"}],"about":[{"href":"https:\/\/www.big-animals.com\/de\/wp-json\/wp\/v2\/types\/page"}],"author":[{"embeddable":true,"href":"https:\/\/www.big-animals.com\/de\/wp-json\/wp\/v2\/users\/1"}],"replies":[{"embeddable":true,"href":"https:\/\/www.big-animals.com\/de\/wp-json\/wp\/v2\/comments?post=96"}],"version-history":[{"count":2,"href":"https:\/\/www.big-animals.com\/de\/wp-json\/wp\/v2\/pages\/96\/revisions"}],"predecessor-version":[{"id":496,"href":"https:\/\/www.big-animals.com\/de\/wp-json\/wp\/v2\/pages\/96\/revisions\/496"}],"wp:attachment":[{"href":"https:\/\/www.big-animals.com\/de\/wp-json\/wp\/v2\/media?parent=96"}],"curies":[{"name":"wp","href":"https:\/\/api.w.org\/{rel}","templated":true}]}}