{"id":97,"date":"2011-06-11T20:26:58","date_gmt":"2011-06-11T20:26:58","guid":{"rendered":""},"modified":"2014-03-24T13:48:06","modified_gmt":"2014-03-24T13:48:06","slug":"uhu","status":"publish","type":"page","link":"https:\/\/www.big-animals.com\/de\/uhu\/","title":{"rendered":"Uhu"},"content":{"rendered":"<p><span class=\"gts_text\" id=\"gts_text_1\">Eulenexperten sagen, dass die weltgr\u00f6\u00dfte <a class=\" gts_attribute gts_attribute_3_title\" title=\"Eulen\" href=\"http:\/\/www.big-animals.com\/owls\/\">Eule<\/a><span class=\" gts_attribute gts_attribute_3_title\"> der Uhu ist. Einige leute sagen, dass der Riesen-Fischuhu gr\u00f6\u00dfer ist, jedoch wurde dies nie bewiesen. Der Uhu hat eine Spannweite von 138-200cm und misst 58-75cm lang.<\/span> Weibchen wiegen 1,75-4,5kg und M\u00e4nnchen wiegen 1,5-3,2kg.<\/span><span class=\"gts_text\" id=\"gts_text_5\"><\/span><\/p>\n<figure id=\"attachment_1307\" aria-describedby=\"caption-attachment-1307\" style=\"width: 300px\" class=\"wp-caption alignleft\"><a href=\"http:\/\/www.big-animals.com\/wp-content\/uploads\/2011\/06\/EurasianEagleOwl.jpg\"><img loading=\"lazy\" decoding=\"async\" class=\"size-medium wp-image-1307 gts_attribute gts_attribute_1_alt gts_attribute_4_title\" title=\"Der eurasische Uhu - Fotografie durch Adam Kumiszcza\" alt=\"Der eurasische Uhu - Fotografie durch Adam Kumiszcza\" src=\"http:\/\/www.big-animals.com\/wp-content\/uploads\/2011\/06\/EurasianEagleOwl-300x200.jpg\" width=\"300\" height=\"200\" \/><\/a><figcaption id=\"caption-attachment-1307\" class=\"wp-caption-text\">Der Uhu &#8211; Fotografie von Adam Kumiszcza<\/figcaption><\/figure>\n<p><span class=\"gts_text\" id=\"gts_text_6\">Der Uhu ist eine gro\u00dfe Eule mit riesigen Ohrpinseln und hellen, orangenen Augen. Die Ohrpinsel der M\u00e4nnchen stehen mehr aufrecht als die der Weibchen. Das Kinn, die Kehle und die Brust ist weiss. Die Vorderseite der Eule hat ein dunkles, welliges Muster. In der Tat h\u00e4ngt die Farbe des Uhus sehr davon ab, welcher Unterart es angeh\u00f6rt. Sein Schnabel ist schwarz und sehr deutlich. Sie sind sehr kr\u00e4ftige V\u00f6gel. Sie k\u00f6nnen so energisch fliegen wie ein Falke. Sie haben gefederte Zehen, die lang und kraftvoll sind. Ihre Krallen sind gr\u00f6\u00dfer als die Klauen eines Leopards und sie sind schwarz. Der Uhu, wie viele andere Eulen, hat die F\u00e4higkeit, seine Krallen w\u00e4hrend der Jagd nach vorne oder nach hinten zu richten.<br \/>\n<\/span><\/p>\n<p><span class=\"gts_text\" id=\"gts_text_17\">Er ern\u00e4hrt sich von kleinen S\u00e4ugetieren wie W\u00fchlm\u00e4usen, Ratten, M\u00e4usen und Kaninchen. Nichtsdestotrotz sind sie sogar dazu in der Lage, Beute in der Gr\u00f6\u00dfe eines Fuchses oder eines jungen Rehs zu t\u00f6ten. Sie fressen auch andere V\u00f6gel wie Spechte, Enten, Seev\u00f6gel und G\u00e4nse.<br \/>\n<\/span><span class=\"gts_text\" id=\"gts_text_20\"><\/span><\/p>\n<p>Der m\u00e4nnliche Uhu gibt ein tiefes, monotones \u201eOoh-hu\u201c von sich. Der Ruf der Weibchen ist etwas h\u00f6her in der Tonlage. Es klingt wie \u201eUh-hu\u201c. Jeder Uhu kann anhand seines spezifischen Rufs identifiziert werden.<\/p>\n<figure id=\"attachment_1308\" aria-describedby=\"caption-attachment-1308\" style=\"width: 211px\" class=\"wp-caption alignright\"><a href=\"http:\/\/www.big-animals.com\/wp-content\/uploads\/2011\/06\/EurasianEagleOwlAndHuman.png\"><img loading=\"lazy\" decoding=\"async\" class=\"size-medium wp-image-1308 gts_attribute gts_attribute_2_alt gts_attribute_5_title\" title=\"Experten sagen, dass der eurasische Uhu die gr\u00f6\u00dfte Eule der Welt ist\" alt=\"Experten sagen, dass der eurasische Uhu die gr\u00f6\u00dfte Eule der Welt ist\" src=\"http:\/\/www.big-animals.com\/wp-content\/uploads\/2011\/06\/EurasianEagleOwlAndHuman-211x300.png\" width=\"211\" height=\"300\" \/><\/a><figcaption id=\"caption-attachment-1308\" class=\"wp-caption-text\">Experten sagen, dass der Uhu die weltgr\u00f6\u00dfte Eule ist!<\/figcaption><\/figure>\n<p><span class=\"gts_text\" id=\"gts_text_25\">Sie sind nachtaktiv. Sie nisten normalerweise an den Klippenr\u00e4ndern\u00a0 im sp\u00e4ten Winter. Die Weibchen legen ihre Eier nur einmal im Jahr. Sie legt um die 1 bis 4 weisse Eier. Die Eier sind um die 56-73mm lang und 44-53mm breit. Sie wiegen 75 &#8211; 80g. Sie legen die Eier im Abstand von 3 Tagen. Die Muttereule ist diejenige, die die Eier warm h\u00e4lt, bis sie schl\u00fcpfen. Es braucht um die 31-36 Tage, bis die Eier schl\u00fcpfen.W\u00e4hrend die Mutter ihre Eier warm h\u00e4lt, geht der Vater auf die Jagd, um ihr Nahrung zu beschaffen. Sobald die Eier schl\u00fcpfen, werden die K\u00fcken f\u00fcr ungef\u00e4hr 2 Wochen umsorgt. Die Mutter bringt das Futter zur\u00fcck und verteilt kleine St\u00fccke des Futters an ihre K\u00fcken. Ab 3 Wochen fangen die K\u00fcken an, unabh\u00e4ngig zu werden. Sie f\u00fcttern sich selbst und beginnen, Nahrung im Ganzen zu schlucken. Bei 5 Wochen fangen die K\u00fcken an, ums Nest zu gehen. Dann bei 52 Tagen, sind sie in der Lage ein paar Meter zu fliegen. Sie k\u00f6nnen die Brutnester bereits nach 3-4 Wochen verlassen. Liegt das Nest jedoch h\u00f6her, warten die K\u00fcken l\u00e4nger und verlassen das Nest erst nach 5-7 Wochen. Andernfalls fallen sie auf den Boden und k\u00f6nnen nicht mehr zur\u00fcck!<br \/>\n<\/span><span class=\"gts_text\" id=\"gts_text_43\"><\/span><\/p>\n<p><span class=\"gts_text\" id=\"gts_text_44\">Die jungen V\u00f6gel, welche Federn haben und gro\u00df genug sind um zu fliegen, werden von der Mutter und vom Vater f\u00fcr 20-24 Wochen umsorgt. Der Uhu kann bis zu 20 Jahre in der Wildnis werden, in Gefangenschaft jedoch k\u00f6nnen sie bis zu 60 Jahre alt werden. Sie haben keine Feinde au\u00dfer den Menschen.<\/span><span class=\"gts_text\" id=\"gts_text_46\"><\/span><\/p>\n<p><span class=\"gts_text\" id=\"gts_text_47\">Sie k\u00f6nnen in allen Teilen Europas und dem mittleren Osten und auch auf dem afrikanischen Kontinent gefunden werden. Sie sind sehr widerstandsf\u00e4hig und dazu f\u00e4hig in der extrem trockenen Saharaw\u00fcste zu br\u00fcten. Jedoch ziehen sie es vor in der N\u00e4he von W\u00e4ldern, Flusst\u00e4lern, Schluchten und steinigen Gebieten zu nisten.<br \/>\n<\/span><span class=\"gts_text\" id=\"gts_text_49\"><\/span><\/p>\n","protected":false},"excerpt":{"rendered":"<p>Eulenexperten sagen, dass die weltgr\u00f6\u00dfte Eule der Uhu ist. Einige leute sagen, dass der Riesen-Fischuhu gr\u00f6\u00dfer ist, jedoch wurde dies nie bewiesen. Der Uhu hat eine Spannweite von 138-200cm und misst 58-75cm lang. Weibchen wiegen 1,75-4,5kg und M\u00e4nnchen wiegen 1,5-3,2kg. Der Uhu ist eine gro\u00dfe Eule mit riesigen Ohrpinseln und hellen, orangenen Augen. Die Ohrpinsel &hellip; <a href=\"https:\/\/www.big-animals.com\/de\/uhu\/\" class=\"more-link\">Continue reading <span class=\"screen-reader-text\">Uhu<\/span><\/a><\/p>\n","protected":false},"author":1,"featured_media":0,"parent":0,"menu_order":0,"comment_status":"closed","ping_status":"open","template":"","meta":{"_acf_changed":false,"footnotes":""},"acf":[],"_links":{"self":[{"href":"https:\/\/www.big-animals.com\/de\/wp-json\/wp\/v2\/pages\/97"}],"collection":[{"href":"https:\/\/www.big-animals.com\/de\/wp-json\/wp\/v2\/pages"}],"about":[{"href":"https:\/\/www.big-animals.com\/de\/wp-json\/wp\/v2\/types\/page"}],"author":[{"embeddable":true,"href":"https:\/\/www.big-animals.com\/de\/wp-json\/wp\/v2\/users\/1"}],"replies":[{"embeddable":true,"href":"https:\/\/www.big-animals.com\/de\/wp-json\/wp\/v2\/comments?post=97"}],"version-history":[{"count":2,"href":"https:\/\/www.big-animals.com\/de\/wp-json\/wp\/v2\/pages\/97\/revisions"}],"predecessor-version":[{"id":456,"href":"https:\/\/www.big-animals.com\/de\/wp-json\/wp\/v2\/pages\/97\/revisions\/456"}],"wp:attachment":[{"href":"https:\/\/www.big-animals.com\/de\/wp-json\/wp\/v2\/media?parent=97"}],"curies":[{"name":"wp","href":"https:\/\/api.w.org\/{rel}","templated":true}]}}