{"id":98,"date":"2011-06-11T21:24:28","date_gmt":"2011-06-11T21:24:28","guid":{"rendered":""},"modified":"2014-08-08T09:38:42","modified_gmt":"2014-08-08T09:38:42","slug":"ornimegalonyx","status":"publish","type":"page","link":"https:\/\/www.big-animals.com\/de\/ornimegalonyx\/","title":{"rendered":"Ornimegalonyx"},"content":{"rendered":"<p>&nbsp;<\/p>\n<figure id=\"attachment_1316\" aria-describedby=\"caption-attachment-1316\" style=\"width: 265px\" class=\"wp-caption alignnone\"><a href=\"http:\/\/www.big-animals.com\/wp-content\/uploads\/2011\/06\/Cuban_Giant_Owl_And_Human.png\"><img loading=\"lazy\" decoding=\"async\" class=\"gts_attribute gts_attribute_1_alt gts_attribute_2_title wp-image-1316 size-medium\" title=\"Der Ornimegalonyx war die gr\u00f6\u00dfte Eule \u00fcberhaupt\" src=\"http:\/\/www.big-animals.com\/wp-content\/uploads\/2011\/06\/Cuban_Giant_Owl_And_Human-265x300.png\" alt=\"Der Ornimegalonyx war die gr\u00f6\u00dfte Eule \u00fcberhaupt\" width=\"265\" height=\"300\" \/><\/a><figcaption id=\"caption-attachment-1316\" class=\"wp-caption-text\">Der Ornimegalonyx war die gr\u00f6\u00dfte Eule \u00fcberhaupt<\/figcaption><\/figure>\n<p>Der Ornimegalonyx ist eine ausgestorbene Spezies von Rieseneulen. Sie ist vor etwa 9000 Jahren ausgestorben. Die Fossilien wurden auf den Inseln von Kuba entdeckt. Es ist die gr\u00f6\u00dfte Eule \u00fcberhaupt.<\/p>\n<p>Diese Rieseneule war um die 1,1m hoch. Sie konnte nur kurze Distanzen fliegen, so wie ein Truthuhn. Eventuell flog der Ornimegalonyx \u00fcberhaupt nicht. Er wog mehr als 9 kg. Er hatte lange, kraftvolle Beine, einen wuchtigen K\u00f6rper und einen kurzen Schwanz. Er war ein leistungsstarker L\u00e4ufer. Kurz gesagt bevorzugten diese Eulen zu rennen anstatt zu fliegen, au\u00dfer sie waren dazu gezwungen.<\/p>\n<p>Sie nisteten in H\u00f6hlen und jagten Nagetiere und Riesenfaultiere im Wald. Sie waren dazu in der Lage, Beute die mehr als 35 kg wiegt, zu t\u00f6ten.<\/p>\n","protected":false},"excerpt":{"rendered":"<p>&nbsp; Der Ornimegalonyx ist eine ausgestorbene Spezies von Rieseneulen. Sie ist vor etwa 9000 Jahren ausgestorben. Die Fossilien wurden auf den Inseln von Kuba entdeckt. Es ist die gr\u00f6\u00dfte Eule \u00fcberhaupt. Diese Rieseneule war um die 1,1m hoch. Sie konnte nur kurze Distanzen fliegen, so wie ein Truthuhn. Eventuell flog der Ornimegalonyx \u00fcberhaupt nicht. Er &hellip; <a href=\"https:\/\/www.big-animals.com\/de\/ornimegalonyx\/\" class=\"more-link\">Continue reading <span class=\"screen-reader-text\">Ornimegalonyx<\/span><\/a><\/p>\n","protected":false},"author":1,"featured_media":0,"parent":0,"menu_order":0,"comment_status":"closed","ping_status":"open","template":"","meta":{"_acf_changed":false,"footnotes":""},"acf":[],"_links":{"self":[{"href":"https:\/\/www.big-animals.com\/de\/wp-json\/wp\/v2\/pages\/98"}],"collection":[{"href":"https:\/\/www.big-animals.com\/de\/wp-json\/wp\/v2\/pages"}],"about":[{"href":"https:\/\/www.big-animals.com\/de\/wp-json\/wp\/v2\/types\/page"}],"author":[{"embeddable":true,"href":"https:\/\/www.big-animals.com\/de\/wp-json\/wp\/v2\/users\/1"}],"replies":[{"embeddable":true,"href":"https:\/\/www.big-animals.com\/de\/wp-json\/wp\/v2\/comments?post=98"}],"version-history":[{"count":3,"href":"https:\/\/www.big-animals.com\/de\/wp-json\/wp\/v2\/pages\/98\/revisions"}],"predecessor-version":[{"id":558,"href":"https:\/\/www.big-animals.com\/de\/wp-json\/wp\/v2\/pages\/98\/revisions\/558"}],"wp:attachment":[{"href":"https:\/\/www.big-animals.com\/de\/wp-json\/wp\/v2\/media?parent=98"}],"curies":[{"name":"wp","href":"https:\/\/api.w.org\/{rel}","templated":true}]}}