{"id":99,"date":"2011-06-11T21:30:57","date_gmt":"2011-06-11T21:30:57","guid":{"rendered":""},"modified":"2014-03-24T12:05:54","modified_gmt":"2014-03-24T12:05:54","slug":"eulen","status":"publish","type":"page","link":"https:\/\/www.big-animals.com\/de\/eulen\/","title":{"rendered":"Eulen"},"content":{"rendered":"<p>&nbsp;<\/p>\n<figure id=\"attachment_1303\" aria-describedby=\"caption-attachment-1303\" style=\"width: 156px\" class=\"wp-caption alignright\"><a href=\"http:\/\/www.big-animals.com\/wp-content\/uploads\/2011\/06\/Northern_Spotted_Owl.jpg\"><img loading=\"lazy\" decoding=\"async\" class=\"size-medium wp-image-1303 gts_attribute gts_attribute_1_alt gts_attribute_3_title\" title=\"Beschmutzte Nordeule\" alt=\"Beschmutzte Nordeule\" src=\"http:\/\/www.big-animals.com\/wp-content\/uploads\/2011\/06\/Northern_Spotted_Owl-156x300.jpg\" width=\"156\" height=\"300\" \/><\/a><figcaption id=\"caption-attachment-1303\" class=\"wp-caption-text\">Fleckenkauz<\/figcaption><\/figure>\n<p><span class=\"gts_text\" id=\"gts_text_1\">Es gibt 200 Eulenspezies auf der Welt. Sie haben einen guten Geh\u00f6rsinn und gutes Sehverm\u00f6gen.<\/span><span class=\"gts_text\" id=\"gts_text_8\"> Du kannst sie fast \u00fcberall auf der Welt finden, ausser der Antarktis, Gr\u00f6nland und einige abgeschottete Inseln. Ihre Eier sind weiss und kugelf\u00f6rmig. Sie legen ein paar bis zu einem Dutzend Eier, abh\u00e4ngig von der Spezies. Die Muttereule nimmt sich Zeit, um Eier zu legen. Die Eier werden in einem Abstand von 1 bis 3 Tagen gelegt und nicht auf einmal. Anders als andere <a class=\" gts_attribute gts_attribute_4_title\" title=\"Die gr\u00f6\u00dften V\u00f6gel der Welt!\" href=\"http:\/\/www.big-animals.com\/the-worlds-biggest-birds\/\">V\u00f6gel<\/a><span class=\" gts_attribute gts_attribute_4_title\">, bauen Eulen keine Nester. Sie suchen nach einem abgelegenen Nistplatz<\/span> oder nach einem zur\u00fcckgelassenen Nest in den B\u00e4umen, Untergrundgruben oder in Geb\u00e4uden, Scheunen und H\u00f6hlen.<\/span><span class=\"gts_text\" id=\"gts_text_9\"><\/span><\/p>\n<p><span class=\"gts_text\" id=\"gts_text_10\">Die meisten Eulen sind nachtaktiv und schlafen w\u00e4hrend des Tages, genauso wie Flederm\u00e4use. Manche Eulen sind w\u00e4hrend den D\u00e4mmerungsstunden zwischen Morgend\u00e4mmerung und Abendd\u00e4mmerung aktiv, zum Beispiel die Sperlingsk\u00e4uze. Eine Eulen sind w\u00e4hrend des Tages aktiv, zum Beispiel der Kaninchenkauz und die Sumpfohreule.<br \/>\n<\/span><span class=\"gts_text\" id=\"gts_text_12\"><\/span><\/p>\n<p><span class=\"gts_text\" id=\"gts_text_18\">Eulen sind in der Lage, leise zu jagen und ihre Beute sehr gut zu \u00fcberraschen. Das ist so, weil sie mit blassfarbigen Federn bedeckt sind, die dazu f\u00fchren, dass man sie kaum sieht. Eulen neigen dazu, die Farben ihrer Umgebung zu kopieren. Die Schnee-Eule zum Beispiel, welche bleichweiss ist passt perfekt in ihre Umgebung. Der Mangokauz, der braune, get\u00f6nte und schwarze Federn hat machen es unm\u00f6glich, ihn zwischen den B\u00e4umen im Wald zu entdecken. Die weltgr\u00f6\u00dfte Eule ist der <a class=\" gts_attribute gts_attribute_5_title\" title=\"Eurasischer Uhu\" href=\"http:\/\/www.big-animals.com\/eurasian-eagle-owl\/\">eurasische Uhu<\/a>.<\/span> Die gr\u00f6\u00dfte Eule \u00fcberhaupt war der<span class=\"gts_text\" id=\"gts_text_19\"> <a class=\" gts_attribute gts_attribute_6_title\" title=\"Kubanische riesige Eule\" href=\"http:\/\/www.big-animals.com\/cuban-giant-owl\/\">Ornimegalonyx<\/a>, welcher um die 1,1 Meter hoch war!<br \/>\n<\/span><\/p>\n<figure id=\"attachment_1304\" aria-describedby=\"caption-attachment-1304\" style=\"width: 257px\" class=\"wp-caption alignleft\"><a href=\"http:\/\/www.big-animals.com\/wp-content\/uploads\/2011\/06\/Snowy_owl.jpg\"><img loading=\"lazy\" decoding=\"async\" class=\"size-medium wp-image-1304 gts_attribute gts_attribute_2_alt gts_attribute_7_title\" title=\"Schneeeule\" alt=\"Schneeeule\" src=\"http:\/\/www.big-animals.com\/wp-content\/uploads\/2011\/06\/Snowy_owl-257x300.jpg\" width=\"257\" height=\"300\" \/><\/a><figcaption id=\"caption-attachment-1304\" class=\"wp-caption-text\">Schnee-Eule<\/figcaption><\/figure>\n<p><span class=\"gts_text\" id=\"gts_text_20\">Sie haben spezielle Fl\u00fcgel, welche ihnen erlauben, leise zu fliegen. Sie haben einen scharfe Schnabel und kr\u00e4ftige, scharfe Krallen, welche dazu benutzt werden ihre Beute zu t\u00f6ten. Dann verschlucken sie es im Ganzen, ausser die Beute ist zu gro\u00df. Ihr Schnabel ist kurz, gekr\u00fcmmt und zeigt nach unten. Da der Schnabel nach unten zeigt, blockiert er ihre Sicht nicht. Sie ern\u00e4hren sich von Insekten und kleinen Nagetieren wie M\u00e4usen, Ratten und Kaninchen. Manche fressen nur Fisch.<br \/>\n<\/span><span class=\"gts_text\" id=\"gts_text_26\"><\/span><\/p>\n<p><span class=\"gts_text\" id=\"gts_text_27\">Eulen sind unf\u00e4hig ihre Augen zu bewegen, aber k\u00f6nnen ihren Kopf um 270 Grad drehen! Ist das nicht super? Da sie umhersehen k\u00f6nnen ohne ihren K\u00f6rper zu bewegen, machen sie viel weniger Ger\u00e4usche bei der Jagd auf Beute. Die Augen von Eulen sind Seite an Seite platziert, nicht wie bei anderen V\u00f6geln. Also k\u00f6nnen sie beide\u00a0 Augen benutzen, um entfernte Gegenst\u00e4nde zu sehen. Sie sind jedoch weitsichtig und k\u00f6nnen keine Objekte sehen, die sich nur ein paar Zentimeter vor ihren Augen befinden.<br \/>\n<\/span><span class=\"gts_text\" id=\"gts_text_32\"><\/span><\/p>\n<p><span class=\"gts_text\" id=\"gts_text_33\">Eulen haben Ohren, die an verschiedenen Stellen auf dem Sch\u00e4del angebracht sind. Dies hilft den Eulen, herauszufinden, wo ihre Beute ist. Sie sind dazu f\u00e4hig, sogar das kleinste Ger\u00e4usch einer umherschleichenden Maus wahrzunehmen.<\/span><span class=\"gts_text\" id=\"gts_text_35\"><\/span><\/p>\n","protected":false},"excerpt":{"rendered":"<p>&nbsp; Es gibt 200 Eulenspezies auf der Welt. Sie haben einen guten Geh\u00f6rsinn und gutes Sehverm\u00f6gen. Du kannst sie fast \u00fcberall auf der Welt finden, ausser der Antarktis, Gr\u00f6nland und einige abgeschottete Inseln. Ihre Eier sind weiss und kugelf\u00f6rmig. Sie legen ein paar bis zu einem Dutzend Eier, abh\u00e4ngig von der Spezies. Die Muttereule nimmt &hellip; <a href=\"https:\/\/www.big-animals.com\/de\/eulen\/\" class=\"more-link\">Continue reading <span class=\"screen-reader-text\">Eulen<\/span><\/a><\/p>\n","protected":false},"author":1,"featured_media":0,"parent":0,"menu_order":0,"comment_status":"closed","ping_status":"open","template":"","meta":{"_acf_changed":false,"footnotes":""},"acf":[],"_links":{"self":[{"href":"https:\/\/www.big-animals.com\/de\/wp-json\/wp\/v2\/pages\/99"}],"collection":[{"href":"https:\/\/www.big-animals.com\/de\/wp-json\/wp\/v2\/pages"}],"about":[{"href":"https:\/\/www.big-animals.com\/de\/wp-json\/wp\/v2\/types\/page"}],"author":[{"embeddable":true,"href":"https:\/\/www.big-animals.com\/de\/wp-json\/wp\/v2\/users\/1"}],"replies":[{"embeddable":true,"href":"https:\/\/www.big-animals.com\/de\/wp-json\/wp\/v2\/comments?post=99"}],"version-history":[{"count":2,"href":"https:\/\/www.big-animals.com\/de\/wp-json\/wp\/v2\/pages\/99\/revisions"}],"predecessor-version":[{"id":454,"href":"https:\/\/www.big-animals.com\/de\/wp-json\/wp\/v2\/pages\/99\/revisions\/454"}],"wp:attachment":[{"href":"https:\/\/www.big-animals.com\/de\/wp-json\/wp\/v2\/media?parent=99"}],"curies":[{"name":"wp","href":"https:\/\/api.w.org\/{rel}","templated":true}]}}