{"id":244,"date":"2011-05-09T08:53:58","date_gmt":"2011-05-09T08:53:58","guid":{"rendered":""},"modified":"2014-03-25T22:30:17","modified_gmt":"2014-03-25T14:30:17","slug":"un-animal-mas-grande-cada-dia-en-su-pagina-de-inicio","status":"publish","type":"page","link":"https:\/\/www.big-animals.com\/es\/un-animal-mas-grande-cada-dia-en-su-pagina-de-inicio\/","title":{"rendered":"\u00a1Pon &#8220;El animal m\u00e1s grande&#8221; del d\u00eda en tu p\u00e1gina de inicio!"},"content":{"rendered":"<p><span class=\"gts_text\" id=\"gts_text_1\">Si te gusta este sitio web, esta p\u00e1gina te va a encantar.<\/span>\u00a0Con ella podr\u00e1s incluir en<span class=\"gts_text\" id=\"gts_text_2\">\u00a0tu p\u00e1gina de inicio\u00a0un <em>gadget<\/em> de Google que muestra una breve rese\u00f1a sobre uno de los animales m\u00e1s grandes del mundo.<\/span>\u00a0Su aspecto es el siguiente:<\/p>\n<h3><span class=\"gts_text\" id=\"gts_text_4\">\u00bfC\u00f3mo se usa?<\/span><\/h3>\n<p><span class=\"gts_text\" id=\"gts_text_5\">Al hacer clic sobre el bot\u00f3n \u00ab+Google\u00bb, el sistema te propondr\u00e1 insertar el <em>gadget<\/em> (caja mostrada arriba) en tu p\u00e1gina de inicio de iGoogle.<\/span>\u00a0As\u00ed,\u00a0<span class=\"gts_text\" id=\"gts_text_6\">cada vez que visites iGoogle, \u00a1el gadget aparecer\u00e1 all\u00ed con informaci\u00f3n sobre uno de los animales que figuran en este sitio web!<\/span><\/p>\n<h3><span class=\"gts_text\" id=\"gts_text_7\">\u00bfNo est\u00e1s seguro de lo qu\u00e9 es iGoogle?<\/span><\/h3>\n<p><span class=\"gts_text\" id=\"gts_text_8\">iGoogle te permite crear una p\u00e1gina de inicio de Google a tu medida.<\/span>\u00a0Al igual que el cuadro<span class=\"gts_text\" id=\"gts_text_9\"> de b\u00fasqueda de Google, se pueden a\u00f1adir toda clase de <em>gadgets<\/em>: el tiempo, la hora, titulares, juegos, bolsa y mucho m\u00e1s.<\/span><\/p>\n<h3><span class=\"gts_text\" id=\"gts_text_10\">\u00bfY si me gusta el <em>gadget<\/em> pero no iGoogle?<\/span><\/h3>\n<p><span class=\"gts_text\" id=\"gts_text_11\">\u00a1No pasa nada!<\/span>\u00a0Como <span class=\"gts_text\" id=\"gts_text_12\">puedes ver, el <em>gadget<\/em> se puede insertar en <strong>cualquier<\/strong>\u00a0p\u00e1gina web.<\/span>\u00a0Pronto incluir\u00e9\u00a0<span class=\"gts_text\" id=\"gts_text_13\">instrucciones aqu\u00ed mismo.<\/span> <span class=\"gts_text\" id=\"gts_text_14\">\u00a1Estate atento!<\/span><\/p>\n","protected":false},"excerpt":{"rendered":"<p>Si te gusta este sitio web, esta p\u00e1gina te va a encantar.\u00a0Con ella podr\u00e1s incluir en\u00a0tu p\u00e1gina de inicio\u00a0un gadget de Google que muestra una breve rese\u00f1a sobre uno de los animales m\u00e1s grandes del mundo.\u00a0Su aspecto es el siguiente: \u00bfC\u00f3mo se usa? Al hacer clic sobre el bot\u00f3n \u00ab+Google\u00bb, el sistema te propondr\u00e1 insertar &hellip; <a href=\"https:\/\/www.big-animals.com\/es\/un-animal-mas-grande-cada-dia-en-su-pagina-de-inicio\/\" class=\"more-link\">Continue reading <span class=\"screen-reader-text\">\u00a1Pon &#8220;El animal m\u00e1s grande&#8221; del d\u00eda en tu p\u00e1gina de inicio!<\/span><\/a><\/p>\n","protected":false},"author":1,"featured_media":0,"parent":0,"menu_order":0,"comment_status":"closed","ping_status":"open","template":"","meta":{"_acf_changed":false,"footnotes":""},"acf":[],"_links":{"self":[{"href":"https:\/\/www.big-animals.com\/es\/wp-json\/wp\/v2\/pages\/244"}],"collection":[{"href":"https:\/\/www.big-animals.com\/es\/wp-json\/wp\/v2\/pages"}],"about":[{"href":"https:\/\/www.big-animals.com\/es\/wp-json\/wp\/v2\/types\/page"}],"author":[{"embeddable":true,"href":"https:\/\/www.big-animals.com\/es\/wp-json\/wp\/v2\/users\/1"}],"replies":[{"embeddable":true,"href":"https:\/\/www.big-animals.com\/es\/wp-json\/wp\/v2\/comments?post=244"}],"version-history":[{"count":5,"href":"https:\/\/www.big-animals.com\/es\/wp-json\/wp\/v2\/pages\/244\/revisions"}],"predecessor-version":[{"id":891,"href":"https:\/\/www.big-animals.com\/es\/wp-json\/wp\/v2\/pages\/244\/revisions\/891"}],"wp:attachment":[{"href":"https:\/\/www.big-animals.com\/es\/wp-json\/wp\/v2\/media?parent=244"}],"curies":[{"name":"wp","href":"https:\/\/api.w.org\/{rel}","templated":true}]}}