{"id":246,"date":"2011-05-09T08:54:14","date_gmt":"2011-05-09T08:54:14","guid":{"rendered":""},"modified":"2014-04-24T13:20:53","modified_gmt":"2014-04-24T05:20:53","slug":"una-lista-alfabetica-lista-de-los-animales-mas-grandes-del-mundo","status":"publish","type":"page","link":"https:\/\/www.big-animals.com\/es\/una-lista-alfabetica-lista-de-los-animales-mas-grandes-del-mundo\/","title":{"rendered":"Lista alfab\u00e9tica de los animales m\u00e1s grandes del mundo"},"content":{"rendered":"<p><a name=\"top\"><\/a><\/p>\n<p><span class=\"gts_text\" id=\"gts_text_1\">Esta p\u00e1gina contiene una lista alfab\u00e9tica de todos los animales que aparecen en el sitio.<\/span> <span class=\"gts_text\" id=\"gts_text_2\">Busque su animal grande favorito y \u00a1vea qu\u00e9 lo hace tan especial!<\/span><\/p>\n<p><span class=\"gts_text\" id=\"gts_text_3\"><a href=\"#b\">A<\/a> <a href=\"#c\">B<\/a> <a href=\"#d\">C<\/a> <a href=\"#e\">D<\/a> <a href=\"#f\">E<\/a> <a href=\"#g\">F<\/a> <a href=\"#h\">G<\/a> <a href=\"#i\">H<\/a> <a href=\"#j\">I<\/a> <a href=\"#k\">J<\/a> <a href=\"#l\">K<\/a> <a href=\"#m\">L<\/a> <a href=\"#n\">M<\/a> <a href=\"#o\">N<\/a> <a href=\"#p\">O<\/a> <a href=\"#q\">P<\/a> <a href=\"#r\">Q<\/a> <a href=\"#s\">R<\/a> <a href=\"#t\">S<\/a> <a href=\"#u\">T<\/a> <a href=\"#v\">U<\/a> <a href=\"#w\">V<\/a> <a href=\"#x\">W<\/a> <a href=\"#y\">X<\/a> <a href=\"#z\">Y<\/a>\u00a0Z<\/span><\/p>\n<h3><span class=\"gts_text\" id=\"gts_text_4\"><a name=\"a\"><\/a>A<\/span><\/h3>\n<p><a title=\"El Albatros Errante: \u00a1El P\u00e1jaro con las Alas M\u00e1s Grandes!\" href=\"http:\/\/www.big-animals.com\/es\/albatros-errante\/\">Albatros errante<\/a>: el p\u00e1jaro volador m\u00e1s grande.<\/p>\n<p>Alcarav\u00e1n de playa: v\u00e9ase <a title=\"Alcarav\u00e1n Picogrueso Australiano\" href=\"http:\/\/www.big-animals.com\/es\/alcaravan-picogrueso-australiano\/\">Alcarav\u00e1n picogrueso australiano<\/a>.<\/p>\n<p><a title=\"Alcarav\u00e1n Picogrueso Australiano\" href=\"http:\/\/www.big-animals.com\/es\/alcaravan-picogrueso-australiano\/\">Alcarav\u00e1n picogrueso australiano<\/a>: el ave zancuda m\u00e1s pesada.<\/p>\n<p>Anaconda com\u00fan: v\u00e9ase <a title=\"Anaconda verde\" href=\"http:\/\/www.big-animals.com\/es\/verde-anaconda\/\">Anaconda verde<\/a>.<\/p>\n<p><a title=\"Anaconda verde\" href=\"http:\/\/www.big-animals.com\/es\/verde-anaconda\/\">Anaconda verde<\/a>: la serpiente m\u00e1s pesada.<\/p>\n<p>Anaconda: v\u00e9ase <a title=\"Anaconda verde\" href=\"http:\/\/www.big-animals.com\/es\/verde-anaconda\/\">Anaconda verde<\/a>.<\/p>\n<p><em><a title=\"Anthropornis\" href=\"http:\/\/www.big-animals.com\/es\/anthropornis\/\">Anthropornis<\/a><\/em>: el ping\u00fcino m\u00e1s grande que jam\u00e1s existi\u00f3.<\/p>\n<p><a title=\"Ave elefante\" href=\"http:\/\/www.big-animals.com\/es\/ave-elefante\/\">Ave elefante<\/a>: el ave m\u00e1s pesada que jam\u00e1s existi\u00f3.<\/p>\n<p><a title=\"El Avestruz: \u00a1El Ave m\u00e1s Grande del Mundo!\" href=\"http:\/\/www.big-animals.com\/es\/avestruz-mundo-grande-ave\/\">Avestruz<\/a>:\u00a0el p\u00e1jaro m\u00e1s grande.<\/p>\n<p>Avutarda Kori: el p\u00e1jaro volador m\u00e1s pesado.<\/p>\n<p><span class=\"gts_text\" id=\"gts_text_12\">~~ <a href=\"#top\">Arriba<\/a> ~~<\/span><\/p>\n<h3><\/h3>\n<h3><span class=\"gts_text\" id=\"gts_text_13\"><a name=\"b\"><\/a>B<\/span><\/h3>\n<p><a title=\"La ballena azul: \u00a1el animal m\u00e1s grande del mundo!\" href=\"http:\/\/www.big-animals.com\/es\/ballena-azul-animal-mas-grande-del-mundo\/\">Ballena azul<\/a>: el animal m\u00e1s grande.<\/p>\n<p>B\u00faho corredor gigante: v\u00e9ase <a title=\"B\u00faho Gigante Cubano\" href=\"http:\/\/www.big-animals.com\/es\/cubano-gigante-buho\/\">B\u00faho gigante cubano<\/a>.<\/p>\n<p><a title=\"B\u00faho Gigante Cubano\" href=\"http:\/\/www.big-animals.com\/es\/cubano-gigante-buho\/\">B\u00faho gigante cubano<\/a>: el b\u00faho m\u00e1s grande que jam\u00e1s existi\u00f3.<\/p>\n<p><a title=\"B\u00faho Real\" href=\"http:\/\/www.big-animals.com\/es\/buho-real\/\">B\u00faho real<\/a>: el b\u00faho m\u00e1s grande.<\/p>\n<p><span class=\"gts_text\" id=\"gts_text_17\">~~ <a href=\"#top\">Arriba<\/a> ~~<\/span><\/p>\n<h3><\/h3>\n<h3><span class=\"gts_text\" id=\"gts_text_18\"><a name=\"c\"><\/a>C<\/span><\/h3>\n<p><em><a title=\"Caecilian Thompsoni\" href=\"http:\/\/www.big-animals.com\/es\/caecilian-thompsoni\/\">Caecilian Thompsoni<\/a><\/em>: el <a title=\"Cec\u00edlidos\" href=\"http:\/\/www.big-animals.com\/es\/cecilidos\/\">cec\u00edlido<\/a> m\u00e1s grande del mundo.<\/p>\n<p><a title=\"Calamar Colosal\" href=\"http:\/\/www.big-animals.com\/es\/calamar-colosal\/\">Calamar colosal<\/a>: el molusco e invertebrado m\u00e1s grande.<\/p>\n<p>Cangrejo de los cocoteros: el artr\u00f3podo y el crust\u00e1ceo terrestre m\u00e1s grande.<\/p>\n<p><a title=\"El Cangrejo Gigante Japon\u00e9s\" href=\"http:\/\/www.big-animals.com\/es\/cangrejo-gigante-japones\/\">Cangrejo gigante japon\u00e9s<\/a>: el crust\u00e1ceo y artr\u00f3podo m\u00e1s grande.<\/p>\n<p><a title=\"El Canguro Rojo: \u00a1 El Marsupial m\u00e1s Grande del Mundo!\" href=\"http:\/\/www.big-animals.com\/es\/canguro-rojo-marsupial-mas-grande-del-mundo\/\">Canguro rojo<\/a>: el mam\u00edfero marsupial m\u00e1s grande.<\/p>\n<p><a title=\"Carpincho\" href=\"http:\/\/www.big-animals.com\/es\/carpincho\/\">Carpincho<\/a>: el roedor m\u00e1s grande del mundo.<\/p>\n<p>Cecilia de Thompson: v\u00e9ase <a title=\"Caecilian Thompsoni\" href=\"http:\/\/www.big-animals.com\/es\/caecilian-thompsoni\/\"><em>Caecilian Thompsoni<\/em><\/a>.<\/p>\n<p><em>Ceratotherium Simum<\/em>: v\u00e9ase <a title=\"Rinoceronte blanco\" href=\"http:\/\/www.big-animals.com\/es\/blanco-rinoceronte\/\">Rinoceronte blanco<\/a>.<\/p>\n<p><a title=\"Cisne trompetero\" href=\"http:\/\/www.big-animals.com\/es\/trompetero-cisne\/\">Cisne trompetero<\/a>: el ave acu\u00e1tica m\u00e1s grande.<\/p>\n<p><a title=\"La Cobra Real\" href=\"http:\/\/www.big-animals.com\/es\/cobra-rea\/\">Cobra real<\/a>: la serpiente venenosa m\u00e1s larga.<\/p>\n<p><a title=\"Cocodrilo marino: el r\u00e9ptil m\u00e1s grande del mundo\" href=\"http:\/\/www.big-animals.com\/es\/agua-cocodrilo-mundo-grande-reptil\/\">Cocodrilo marino<\/a>: el reptil m\u00e1s grande.<\/p>\n<p>Cranquiluria ant\u00e1rtica: v\u00e9ase <a title=\"Calamar Colosal\" href=\"http:\/\/www.big-animals.com\/es\/calamar-colosal\/\">Calamar colosal<\/a>.<\/p>\n<p><span class=\"gts_text\" id=\"gts_text_29\">~~ <a href=\"#top\">Arriba<\/a> ~~<\/span><\/p>\n<h3><\/h3>\n<h3><span class=\"gts_text\" id=\"gts_text_30\"><a name=\"d\"><\/a>D<\/span><\/h3>\n<p><a title=\"Diprotodon: \u00a1El Marsupial M\u00e1s Grande que ha Existido!\" href=\"http:\/\/www.big-animals.com\/es\/diprotodon-grande-marsupial\/\">Diprotodon<\/a>: el marsupial mam\u00edfero m\u00e1s grande que existi\u00f3.<\/p>\n<p><a title=\"Dodo\" href=\"http:\/\/www.big-animals.com\/es\/dodo\/\">Dodo<\/a>: la paloma m\u00e1s grande que existi\u00f3.<\/p>\n<p><a title=\"Drag\u00f3n de Komodo\" href=\"http:\/\/www.big-animals.com\/es\/komodo-dragon\/\">Drag\u00f3n de Komodo<\/a>: el lagarto m\u00e1s grande.<\/p>\n<p>D\u00facula de las Marquesas: el ave m\u00e1s grande.<\/p>\n<p><span class=\"gts_text\" id=\"gts_text_33\">~~ <a href=\"#top\">Arriba<\/a> ~~<\/span><\/p>\n<h3><\/h3>\n<h3><span class=\"gts_text\" id=\"gts_text_34\"><a name=\"e\"><\/a>E<\/span><\/h3>\n<p><a title=\"Elefante africano de sabana: \u00a1el animal terrestre m\u00e1s grande del mundo!\" href=\"http:\/\/www.big-animals.com\/es\/africano-elefante-mundo-grande-terrestre-animal\/\">Elefante africano de sabana<\/a>: el animal terrestre m\u00e1s pesado.<\/p>\n<p><a title=\"Elefante Marino del Sur\" href=\"http:\/\/www.big-animals.com\/es\/elefante-marino-del-sur\/\">Elefante marino del sur<\/a>: el carn\u00edvoro m\u00e1s grande.<\/p>\n<p>Escarabajos Goliat: el insecto m\u00e1s pesado.<\/p>\n<p><a title=\"El Onic\u00f3foro Gigante sin Nombre de Costa Rica\" href=\"http:\/\/www.big-animals.com\/es\/onicoforo-gigante-costa-ric\/\">Especie sin nombre de onic\u00f3foro<\/a>: el onic\u00f3foro m\u00e1s grande.<\/p>\n<p>Estrella de mar de Catala: el equinodermo y la estrella de mar m\u00e1s pesada.<\/p>\n<p><span class=\"gts_text\" id=\"gts_text_38\">~~ <a href=\"#top\">Arriba<\/a> ~~<\/span><\/p>\n<h3><\/h3>\n<h3><span class=\"gts_text\" id=\"gts_text_39\"><a name=\"f\"><\/a>F<\/span><\/h3>\n<p><a title=\"Mayor flamenco\" href=\"http:\/\/www.big-animals.com\/es\/grande-flamenco\/\">Flamenco com\u00fan<\/a>: el flamenco m\u00e1s grande.<\/p>\n<p><span class=\"gts_text\" id=\"gts_text_41\">~~ <a href=\"#top\">Arriba<\/a> ~~<\/span><\/p>\n<h3><\/h3>\n<h3><span class=\"gts_text\" id=\"gts_text_42\"><a name=\"g\"><\/a>G<\/span><\/h3>\n<p><em><a title=\"Gigantopithecus\" href=\"http:\/\/www.big-animals.com\/es\/gigantopithecus\/\">Gigantopithecus<\/a><\/em>: el primate m\u00e1s grande que jam\u00e1s existi\u00f3.<\/p>\n<p><a title=\"Gorila de monta\u00f1a\" href=\"http:\/\/www.big-animals.com\/es\/montana-gorila\/\">Gorila de monta\u00f1a<\/a>: el primate m\u00e1s grande.<\/p>\n<p><a title=\"Loros\" href=\"http:\/\/www.big-animals.com\/es\/loros\/\">Guacamayo azul<\/a>: el loro m\u00e1s largo y el loro volador m\u00e1s grande.<\/p>\n<p><a title=\"Guras\" href=\"http:\/\/www.big-animals.com\/es\/gura\/\">Guras<\/a>:\u00a0las aves m\u00e1s grandes que viven en \u00e1rboles.<\/p>\n<p><span class=\"gts_text\" id=\"gts_text_58\">~~ <a href=\"#top\">Arriba<\/a> ~~<\/span><\/p>\n<h3><\/h3>\n<h3><span class=\"gts_text\" id=\"gts_text_59\"><a name=\"h\"><\/a>H<\/span><\/h3>\n<p><a title=\"Hipop\u00f3tamo\" href=\"http:\/\/www.big-animals.com\/es\/hipopotamo\/\">Hipop\u00f3tamo<\/a>: el artiod\u00e1ctilo m\u00e1s pesado.<\/p>\n<p><span class=\"gts_text\" id=\"gts_text_62\">~~ <a href=\"#top\">Arriba<\/a> ~~<\/span><\/p>\n<h3><\/h3>\n<h3><span class=\"gts_text\" id=\"gts_text_63\"><a name=\"i\"><\/a>I<\/span><\/h3>\n<p><span class=\"gts_text\" id=\"gts_text_64\">~~ <a href=\"#top\">Arriba<\/a> ~~<\/span><\/p>\n<h3><\/h3>\n<h3><span class=\"gts_text\" id=\"gts_text_65\"><a name=\"j\"><\/a>J<\/span><\/h3>\n<p><a title=\"\u00a1La jirafa \u2013 el animal m\u00e1s alto del mundo!\" href=\"http:\/\/www.big-animals.com\/es\/jirafa-mundo-alto-animal\/\">Jirafa<\/a>: el animal terrestre m\u00e1s alto.<\/p>\n<p><a title=\"Josephoartigasia Monesi\" href=\"http:\/\/www.big-animals.com\/es\/josephoartigasia-monesi\/\"><em>Josephoartigasia monesi<\/em><\/a>: el roedor m\u00e1s grande que jam\u00e1s existi\u00f3.<\/p>\n<p><span class=\"gts_text\" id=\"gts_text_68\">~~ <a href=\"#top\">Arriba<\/a> ~~<\/span><\/p>\n<h3><\/h3>\n<h3><span class=\"gts_text\" id=\"gts_text_69\"><a name=\"k\"><\/a>K<\/span><\/h3>\n<p>Kakapo: el loro m\u00e1s pesado.<\/p>\n<p>K\u00e1kapu: v\u00e9ase Kakapo<\/p>\n<p><span class=\"gts_text\" id=\"gts_text_74\">~~ <a href=\"#top\">Arriba<\/a> ~~<\/span><\/p>\n<h3><\/h3>\n<h3><span class=\"gts_text\" id=\"gts_text_75\"><a name=\"l\"><\/a>L<\/span><\/h3>\n<p><a title=\"La Langosta Americana: El Artr\u00f3podo M\u00e1s Pesado del Mundo\" href=\"http:\/\/www.big-animals.com\/es\/americano-langosta-mundo-pesado-artropodo\/\">Langosta americana<\/a>: el crust\u00e1ceo y artr\u00f3podo m\u00e1s pesado.<\/p>\n<p><em><a title=\"Leedsichthys Problematicus: \u00a1el pez m\u00e1s grande que ha existido!\" href=\"http:\/\/www.big-animals.com\/es\/leedsichthys-problematicus-grande-pez\/\">Leedsichthys<\/a><\/em>: el pez m\u00e1s grande que existi\u00f3.<\/p>\n<p><span class=\"gts_text\" id=\"gts_text_79\">~~ <a href=\"#top\">Arriba<\/a> ~~<\/span><\/p>\n<h3><\/h3>\n<h3><span class=\"gts_text\" id=\"gts_text_80\"><a name=\"m\"><\/a>M<\/span><\/h3>\n<p><a title=\"Megalania\" href=\"http:\/\/www.big-animals.com\/es\/megalania\/\">Megalania<\/a>: el lagarto terrestre m\u00e1s grande que existi\u00f3.<\/p>\n<p><a title=\"La Mariposa Atlas: \u00a1La Mariposa M\u00e1s Grande Del Mundo!\" href=\"http:\/\/www.big-animals.com\/es\/mariposa-atlas\/\">Mariposa Atlas<\/a>: la mariposa m\u00e1s grande y el insecto con alas m\u00e1s grandes.<\/p>\n<p><a title=\"Megalod\u00f3n: \u00a1El Tibur\u00f3n M\u00e1s Grande Que Ha Existido!\" href=\"http:\/\/www.big-animals.com\/es\/megalodon-grande-tiburon-jamas\/\">Megalod\u00f3n<\/a>: el tibur\u00f3n m\u00e1s grande que existi\u00f3.<\/p>\n<p><em><a title=\"Midgardia Xandaros: la estrella de mar m\u00e1s grande del mundo\" href=\"http:\/\/www.big-animals.com\/es\/midgardia-xandaros-mundo-grande-estrellas-de-mar\/\">Midgardia Xandaros<\/a><\/em>: la estrella de mar y el equinodermo m\u00e1s grande (los brazos m\u00e1s largos, no el m\u00e1s pesado).<\/p>\n<p><a title=\"La Moa Gigante: \u00a1El Ave M\u00e1s Alta que Existi\u00f3!\" href=\"http:\/\/www.big-animals.com\/es\/moa-gigante-ave-mas-alta\/\">Moa gigante<\/a>: el ave m\u00e1s alta.<\/p>\n<p><span class=\"gts_text\" id=\"gts_text_87\">~~ <a href=\"#top\">Arriba<\/a> ~~<\/span><\/p>\n<h3><\/h3>\n<h3><span class=\"gts_text\" id=\"gts_text_88\"><a name=\"n\"><\/a>N<\/span><\/h3>\n<p><span class=\"gts_text\" id=\"gts_text_90\">~~ <a href=\"#top\">Arriba<\/a> ~~<\/span><\/p>\n<h3><\/h3>\n<h3><span class=\"gts_text\" id=\"gts_text_91\"><a name=\"o\"><\/a>O<\/span><\/h3>\n<p>Onic\u00f3foro gigante: v\u00e9ase <a title=\"El Onic\u00f3foro Gigante sin Nombre de Costa Rica\" href=\"http:\/\/www.big-animals.com\/es\/onicoforo-gigante-costa-ric\/\">Especies de onic\u00f3foros sin nombre<\/a>.<\/p>\n<p>Oso polar: el carn\u00edvoro terrestre m\u00e1s grande.<\/p>\n<p><span class=\"gts_text\" id=\"gts_text_94\">~~ <a href=\"#top\">Arriba<\/a> ~~<\/span><\/p>\n<h3><\/h3>\n<h3><span class=\"gts_text\" id=\"gts_text_95\"><a name=\"p\"><\/a>P<\/span><\/h3>\n<p><a title=\"Pavo Real Cuelliverde\" href=\"http:\/\/www.big-animals.com\/es\/pavo-real-cuelliverde\/\">Pavo real cuelliverde<\/a>: el galliforme de mayor envergadura.<\/p>\n<p><a title=\"Pavo Salvaje de Am\u00e9rica del Norte\" href=\"http:\/\/www.big-animals.com\/es\/norte-americano-salvaje-pavo\/\">Pavo salvaje de Norteam\u00e9rica<\/a>: el galliforme m\u00e1s grande.<\/p>\n<p><a title=\"Ping\u00fcino Emperador\" href=\"http:\/\/www.big-animals.com\/es\/pinguino-emperador\/\">Ping\u00fcino emperador<\/a>: el ping\u00fcino m\u00e1s grande.<\/p>\n<p><a title=\"La Pit\u00f3n Reticulada\" href=\"http:\/\/www.big-animals.com\/es\/piton-reticulada\/\">Pit\u00f3n reticulada<\/a>: la serpiente m\u00e1s larga.<\/p>\n<p>~~ <a href=\"#top\">Arriba<\/a> ~~<\/p>\n<h3><\/h3>\n<h3><span class=\"gts_text\" id=\"gts_text_98\"><a name=\"q\"><\/a>Q<\/span><\/h3>\n<p><span class=\"gts_text\" id=\"gts_text_99\">~~ <a href=\"#top\">Arriba<\/a> ~~<\/span><\/p>\n<h3><\/h3>\n<h3><span class=\"gts_text\" id=\"gts_text_100\"><a name=\"r\"><\/a>R<\/span><\/h3>\n<p><a title=\"Rana Goliat\" href=\"http:\/\/www.big-animals.com\/es\/rana-goliat\/\">Rana Goliat<\/a>: la rana m\u00e1s grande.<\/p>\n<p><a title=\"Rinoceronte blanco\" href=\"http:\/\/www.big-animals.com\/es\/blanco-rinoceronte\/\">Rinoceronte blanco<\/a>: el perisod\u00e1ctilo y el cuarto animal terrestre m\u00e1s grande.<\/p>\n<p><span class=\"gts_text\" id=\"gts_text_104\">~~ <a href=\"#top\">Arriba<\/a> ~~<\/span><\/p>\n<h3><\/h3>\n<h3><span class=\"gts_text\" id=\"gts_text_105\"><a name=\"s\"><\/a>S<\/span><\/h3>\n<p><a title=\"Salamandra gigante china\" href=\"http:\/\/www.big-animals.com\/es\/chino-gigante-salamandra\/\">Salamandra china gigante<\/a>: el anfibio m\u00e1s grande del mundo.<\/p>\n<p>Zagloso occidental: el monotrema m\u00e1s grande.<\/p>\n<p>Zarapito de Siberia: el ave zancuda m\u00e1s grande.<\/p>\n<p><span class=\"gts_text\" id=\"gts_text_109\">\u00a0~~\u00a0<a href=\"#top\">Arriba<\/a> ~~<\/span><\/p>\n<h3><\/h3>\n<h3><span class=\"gts_text\" id=\"gts_text_110\"><a name=\"t\"><\/a>T<\/span><\/h3>\n<p><a title=\"La Tar\u00e1ntula Goliat\" href=\"http:\/\/www.big-animals.com\/es\/trantula-goliat\/\">Tar\u00e1ntula Goliat<\/a>: la ara\u00f1a m\u00e1s grande.<\/p>\n<p><a title=\"El tibur\u00f3n de ballena\" href=\"http:\/\/www.big-animals.com\/es\/ballena-tiburon-mundo-grande-pescados\/\">Tibur\u00f3n ballena<\/a>: el pez m\u00e1s grande.<\/p>\n<p><em><a title=\"Titanoboa \u2013 nunca la serpiente m\u00e1s grande\" href=\"http:\/\/www.big-animals.com\/es\/titanoboa-grande-nunca-serpiente\/\">Titanoboa<\/a><\/em>: la serpiente m\u00e1s grande que jam\u00e1s existi\u00f3.<\/p>\n<p><a title=\"Tortuga de mar del Leatherback\" href=\"http:\/\/www.big-animals.com\/es\/leatherback-mar-tortuga\/\">Tortuga la\u00fad<\/a>: la tortuga m\u00e1s grande.<\/p>\n<p><a title=\"Tortuga de Gal\u00e1pagos\" href=\"http:\/\/www.big-animals.com\/es\/isla-tortuga\/\">Tortugas de los Gal\u00e1pagos<\/a> o Tortugas gigantes de las islas Gal\u00e1pagos: las tortugas m\u00e1s grandes.<\/p>\n<p><em><a title=\"Trichoplax Adhaerens \u2013 el mundo m\u00e1s grande \u2013 y solamente \u2013 Placozoan\" href=\"http:\/\/www.big-animals.com\/es\/trichoplax-adhaerens-mundo-grande-y-solamente-placozoan\/\">Trichoplax Adhaerens<\/a><\/em>: el placozoo m\u00e1s grande (y el \u00fanico).<\/p>\n<p><a title=\"Tuatara\" href=\"http:\/\/www.big-animals.com\/es\/tuatara\/\">Tu\u00e1taras del estrecho de Cook<\/a>: el tu\u00e1tara m\u00e1s grande.<\/p>\n<p><a title=\"Tylosaurus\" href=\"http:\/\/www.big-animals.com\/es\/tylosaurus\/\">Tylosaurus<\/a>: el lagarto y reptil marino m\u00e1s grande que existi\u00f3.<\/p>\n<p><span class=\"gts_text\" id=\"gts_text_116\">~~ <a href=\"#top\">Arriba<\/a> ~~<\/span><\/p>\n<h3><\/h3>\n<h3><span class=\"gts_text\" id=\"gts_text_117\"><a name=\"u\"><\/a>U<\/span><\/h3>\n<p><span class=\"gts_text\" id=\"gts_text_119\">~~ <a href=\"#top\">Arriba<\/a> ~~<\/span><\/p>\n<h3><\/h3>\n<h3><span class=\"gts_text\" id=\"gts_text_120\"><a name=\"v\"><\/a>V<\/span><\/h3>\n<p><span class=\"gts_text\" id=\"gts_text_121\">~~ <a href=\"#top\">Arriba<\/a> ~~<\/span><\/p>\n<h3><\/h3>\n<h3><span class=\"gts_text\" id=\"gts_text_122\"><a name=\"w\"><\/a>W<\/span><\/h3>\n<p><a title=\"Weta gigante de Little Barrier Island \" href=\"http:\/\/www.big-animals.com\/es\/weta-gigante-de-Little-Barrier-Island\" target=\"_blank\">Weta gigante<\/a>: el insecto adulto m\u00e1s grande.<\/p>\n<p><span class=\"gts_text\" id=\"gts_text_129\">~~ <a href=\"#top\">Arriba<\/a> ~~<\/span><\/p>\n<h3><\/h3>\n<h3><span class=\"gts_text\" id=\"gts_text_130\"><a name=\"x\"><\/a>X<\/span><\/h3>\n<p><span class=\"gts_text\" id=\"gts_text_131\">~~ <a href=\"#top\">Arriba<\/a> ~~<\/span><\/p>\n<h3><\/h3>\n<h3><span class=\"gts_text\" id=\"gts_text_132\"><a name=\"y\"><\/a>Y<\/span><\/h3>\n<p><span class=\"gts_text\" id=\"gts_text_133\">~~ <a href=\"#top\">Arriba<\/a> ~~<\/span><\/p>\n<h3><\/h3>\n<h3><span class=\"gts_text\" id=\"gts_text_134\"><a name=\"z\"><\/a>Z<\/span><\/h3>\n<p><a title=\"Zagloso Occidental\" href=\"http:\/\/www.big-animals.com\/es\/zagloso-occidental\/\">Zagloso occidental<\/a>: el monotrema m\u00e1s grande.<\/p>\n<p><a title=\"Zarapito de Extremo Oriente\" href=\"http:\/\/www.big-animals.com\/es\/lejos-del-este-zarapito\/\">Zarapito de Siberia<\/a>: el ave zancuda m\u00e1s grande.<\/p>\n<p><span class=\"gts_text\" id=\"gts_text_135\">~~ <a href=\"#top\">Arriba<\/a> ~~<\/span><\/p>\n","protected":false},"excerpt":{"rendered":"<p>Esta p\u00e1gina contiene una lista alfab\u00e9tica de todos los animales que aparecen en el sitio. Busque su animal grande favorito y \u00a1vea qu\u00e9 lo hace tan especial! A B C D E F G H I J K L M N O P Q R S T U V W X Y\u00a0Z A Albatros errante: &hellip; <a href=\"https:\/\/www.big-animals.com\/es\/una-lista-alfabetica-lista-de-los-animales-mas-grandes-del-mundo\/\" class=\"more-link\">Continue reading <span class=\"screen-reader-text\">Lista alfab\u00e9tica de los animales m\u00e1s grandes del mundo<\/span><\/a><\/p>\n","protected":false},"author":1,"featured_media":0,"parent":0,"menu_order":0,"comment_status":"closed","ping_status":"open","template":"","meta":{"_acf_changed":false,"footnotes":""},"acf":[],"_links":{"self":[{"href":"https:\/\/www.big-animals.com\/es\/wp-json\/wp\/v2\/pages\/246"}],"collection":[{"href":"https:\/\/www.big-animals.com\/es\/wp-json\/wp\/v2\/pages"}],"about":[{"href":"https:\/\/www.big-animals.com\/es\/wp-json\/wp\/v2\/types\/page"}],"author":[{"embeddable":true,"href":"https:\/\/www.big-animals.com\/es\/wp-json\/wp\/v2\/users\/1"}],"replies":[{"embeddable":true,"href":"https:\/\/www.big-animals.com\/es\/wp-json\/wp\/v2\/comments?post=246"}],"version-history":[{"count":25,"href":"https:\/\/www.big-animals.com\/es\/wp-json\/wp\/v2\/pages\/246\/revisions"}],"predecessor-version":[{"id":960,"href":"https:\/\/www.big-animals.com\/es\/wp-json\/wp\/v2\/pages\/246\/revisions\/960"}],"wp:attachment":[{"href":"https:\/\/www.big-animals.com\/es\/wp-json\/wp\/v2\/media?parent=246"}],"curies":[{"name":"wp","href":"https:\/\/api.w.org\/{rel}","templated":true}]}}