{"id":248,"date":"2011-05-09T08:54:34","date_gmt":"2011-05-09T08:54:34","guid":{"rendered":""},"modified":"2014-08-20T04:53:34","modified_gmt":"2014-08-19T20:53:34","slug":"lagartos","status":"publish","type":"page","link":"https:\/\/www.big-animals.com\/es\/lagartos\/","title":{"rendered":"Lagartos"},"content":{"rendered":"<p><span id=\"gts_text_1\" class=\"gts_text\">Los lagartos son <a title=\"\u00a1Los reptiles m\u00e1s grandes del mundo!\" href=\"http:\/\/www.big-animals.com\/es\/mundo-grande-reptiles\/\">reptiles<\/a>.<\/span> <span id=\"gts_text_2\" class=\"gts_text\">Hay casi 3800 tipos diferentes de lagarto en el mundo.<\/span> <span id=\"gts_text_3\" class=\"gts_text\">Puesto que son criaturas de sangre fr\u00eda, se les puede encontrar en todos los continentes, especialmente en los continentes de clima m\u00e1s c<span id=\"gts_text_3\" class=\"gts_text\">\u00e1<\/span>lido excepto en la Ant\u00e1rtida y la mayor\u00eda de las islas oce\u00e1nicas.<\/span><\/p>\n<p><span id=\"gts_text_4\" class=\"gts_text\">Los lagartos tienen piel escamosa que se muda a lo largo del a\u00f1o.<\/span> <span id=\"gts_text_5\" class=\"gts_text\">No mudan su piel de una sola vez como la serpiente.<\/span> <span id=\"gts_text_6\" class=\"gts_text\">Algunos lagartos comen solamente carne, otros comen solamente plantas y otros comen carne y plantas.<\/span> <span id=\"gts_text_7\" class=\"gts_text\">Tienen extremidades y o\u00eddos externos, pero las serpientes no tienen extremidades u o\u00eddos externos.<\/span> <span id=\"gts_text_8\" class=\"gts_text\">La mayor\u00eda de los lagartos se desprenden de\u00a0 sus colas cuando se les atrapa, as\u00ed que el lagarto se escapa mientras que el depredador consigue comerse solamente una cola.<\/span> <span id=\"gts_text_9\" class=\"gts_text\">Se comunican entre s<span id=\"gts_text_8\" class=\"gts_text\">\u00ed<\/span> usando lenguaje corporal o colores brillantes en sus cuerpos.<\/span><\/p>\n<p><span id=\"gts_text_10\" class=\"gts_text\">Existen lagartos de diversos tama\u00f1os.<\/span> L<span id=\"gts_text_11\" class=\"gts_text\">os m\u00e1s peque\u00f1os miden solamente algunos cent\u00edmetros (un par de pulgadas); por ejemplo, camaleones o salamandras.<\/span> <span id=\"gts_text_12\" class=\"gts_text\">\u00a1Los m\u00e1s largos pueden crecer hasta casi 3 metros (10 pies)!<\/span> <span id=\"gts_text_13\" class=\"gts_text\">El lagarto viviente m\u00e1s grande es el <a title=\"Drag\u00f3n de Komodo\" href=\"http:\/\/www.big-animals.com\/es\/komodo-dragon\/\">drag\u00f3n de Komodo<\/a>, que es carn\u00edvoro.<\/span> <span id=\"gts_text_14\" class=\"gts_text\">Hay incluso algunos lagartos extintos m\u00e1s grandes, tales como el <a title=\"Tylosaurus\" href=\"http:\/\/www.big-animals.com\/es\/tylosaurus\/\">Tylosaurus<\/a> marino, que med<span id=\"gts_text_13\" class=\"gts_text\">\u00ed<\/span>a cerca de 17 metros (56 pies) de largo y el <a title=\"Megalania\" href=\"http:\/\/www.big-animals.com\/es\/megalania\/\">Megalania<\/a>, un lagarto monitor gigante de casi 7 metros (23 pies) de largo.<\/span><\/p>\n<figure id=\"attachment_571\" aria-describedby=\"caption-attachment-571\" style=\"width: 300px\" class=\"wp-caption alignright\"><a href=\"http:\/\/www.big-animals.com\/wp-content\/uploads\/2011\/02\/Chamaleon.jpg\"><img loading=\"lazy\" decoding=\"async\" class=\"size-medium wp-image-571\" title=\"Los camaleones son famosos por su capacidad de cambiar color\" src=\"http:\/\/www.big-animals.com\/wp-content\/uploads\/2011\/02\/Chamaleon-300x194.jpg\" alt=\"Los camaleones son famosos por su capacidad de cambiar color\" width=\"300\" height=\"194\" \/><\/a><figcaption id=\"caption-attachment-571\" class=\"wp-caption-text\">Los camaleones son famosos por su capacidad de cambiar de color<\/figcaption><\/figure>\n<p><span id=\"gts_text_15\" class=\"gts_text\">La vista es muy importante para la mayor\u00eda de los lagartos.<\/span> <span id=\"gts_text_16\" class=\"gts_text\">Utilizan su vista para cazar para su presa y para comunicarse con otros lagartos.<\/span> <span id=\"gts_text_17\" class=\"gts_text\">La mayor\u00eda de los lagartos tienen muy buena visi\u00f3n crom<span id=\"gts_text_11\" class=\"gts_text\">\u00e1<\/span>tica.<\/span> <span id=\"gts_text_18\" class=\"gts_text\">Dependen mucho del lenguaje corporal.<\/span> <span id=\"gts_text_19\" class=\"gts_text\">Por ejemplo, utilizan posturas, gestos y movimientos espec\u00edficos para demarcar sus territorios y para resolver luchas entre ellos.<\/span> <span id=\"gts_text_20\" class=\"gts_text\">Algunos lagartos tienen piel de colores muy brillantes.<\/span> <span id=\"gts_text_21\" class=\"gts_text\">Algunos pueden cambiar el color de su piel &#8211; un lagarto de color claro colocado en rocas oscuras llegar\u00e1 a ser m\u00e1s oscuro.<\/span> <span id=\"gts_text_22\" class=\"gts_text\">\u00a1Algunos, como el lagarto de cerca occidental, incluso tienen piel que se ve diferente dependiendo del \u00e1ngulo del cual usted lo mira!<\/span><\/p>\n<p><span id=\"gts_text_23\" class=\"gts_text\">Cuando es necesaria una exhibici\u00f3n, algunos lagartos levantan cierto hueso en su garganta; entonces aparece maravillosamente una gran aleta vertical de piel de colores brillantes debajo de la cabeza, que se utiliza para la comunicaci\u00f3n.<\/span> Los a<span id=\"gts_text_24\" class=\"gts_text\">nolis o camaleones son famosos por esta exhibici\u00f3n hermosa.<\/span> <span id=\"gts_text_25\" class=\"gts_text\">Cada especie de camale\u00f3n tiene muchos colores distintos.<\/span> <span id=\"gts_text_26\" class=\"gts_text\">Incluso tienen patrones que se pueden ver solamente bajo luz ultravioleta, as\u00ed que los mismos lagartos pueden ver a menudo la luz ultravioleta.<\/span><\/p>\n<p><span id=\"gts_text_27\" class=\"gts_text\">La mayor\u00eda de los lagartos son inofensivos para el ser humano.<\/span> <span id=\"gts_text_28\" class=\"gts_text\">Solamente las especies m\u00e1s grandes de lagartos pueden ser peligrosas.<\/span> <span id=\"gts_text_29\" class=\"gts_text\">Por ejemplo, el drag\u00f3n de Komodo acecha, ataca y a veces termina matando personas.<\/span> <span id=\"gts_text_30\" class=\"gts_text\">El veneno de los lagartos monstruo de Gila\u00a0 y del lagarto enchaquirado no es generalmente mortal, pero tienen mand\u00edbulas potentes que pueden morder r\u00e1pidamente, y se aferran a sus v\u00edctimas firmemente.<\/span> <span id=\"gts_text_31\" class=\"gts_text\">Su mordedura es extremadamente dolorosa.<\/span><\/p>\n<p><span id=\"gts_text_32\" class=\"gts_text\">Muchos lagartos se cr\u00edan como mascotas debido a su belleza.<\/span> <span id=\"gts_text_33\" class=\"gts_text\">Por ejemplo, las iguanas verdes se cr\u00edan como mascotas ex\u00f3ticas.<\/span><\/p>\n","protected":false},"excerpt":{"rendered":"<p>Los lagartos son reptiles. Hay casi 3800 tipos diferentes de lagarto en el mundo. Puesto que son criaturas de sangre fr\u00eda, se les puede encontrar en todos los continentes, especialmente en los continentes de clima m\u00e1s c\u00e1lido excepto en la Ant\u00e1rtida y la mayor\u00eda de las islas oce\u00e1nicas. Los lagartos tienen piel escamosa que se &hellip; <a href=\"https:\/\/www.big-animals.com\/es\/lagartos\/\" class=\"more-link\">Continue reading <span class=\"screen-reader-text\">Lagartos<\/span><\/a><\/p>\n","protected":false},"author":1,"featured_media":0,"parent":0,"menu_order":0,"comment_status":"closed","ping_status":"open","template":"","meta":{"_acf_changed":false,"footnotes":""},"acf":[],"_links":{"self":[{"href":"https:\/\/www.big-animals.com\/es\/wp-json\/wp\/v2\/pages\/248"}],"collection":[{"href":"https:\/\/www.big-animals.com\/es\/wp-json\/wp\/v2\/pages"}],"about":[{"href":"https:\/\/www.big-animals.com\/es\/wp-json\/wp\/v2\/types\/page"}],"author":[{"embeddable":true,"href":"https:\/\/www.big-animals.com\/es\/wp-json\/wp\/v2\/users\/1"}],"replies":[{"embeddable":true,"href":"https:\/\/www.big-animals.com\/es\/wp-json\/wp\/v2\/comments?post=248"}],"version-history":[{"count":4,"href":"https:\/\/www.big-animals.com\/es\/wp-json\/wp\/v2\/pages\/248\/revisions"}],"predecessor-version":[{"id":987,"href":"https:\/\/www.big-animals.com\/es\/wp-json\/wp\/v2\/pages\/248\/revisions\/987"}],"wp:attachment":[{"href":"https:\/\/www.big-animals.com\/es\/wp-json\/wp\/v2\/media?parent=248"}],"curies":[{"name":"wp","href":"https:\/\/api.w.org\/{rel}","templated":true}]}}