{"id":251,"date":"2011-05-09T08:57:03","date_gmt":"2011-05-09T08:57:03","guid":{"rendered":""},"modified":"2014-09-23T03:33:41","modified_gmt":"2014-09-22T19:33:41","slug":"americano-langosta-mundo-pesado-artropodo","status":"publish","type":"page","link":"https:\/\/www.big-animals.com\/es\/americano-langosta-mundo-pesado-artropodo\/","title":{"rendered":"La Langosta Americana: El Artr\u00f3podo M\u00e1s Pesado del Mundo"},"content":{"rendered":"<h3><span id=\"gts_text_1\" class=\"gts_text\">Informaci\u00f3n sobre la Langosta Americana<\/span><\/h3>\n<p><span id=\"gts_text_2\" class=\"gts_text\">La langosta americana, denominada\u00a0<em>Homarus Americanusis<\/em>\u00a0por los cient\u00edficos, fue encontrada en la costa atl\u00e1ntica de Norteam\u00e9rica.<\/span> <span id=\"gts_text_3\" class=\"gts_text\">Vive en aguas fr\u00edas y poco profundas donde hay muchas rocas y otros lugares para ocultarse de sus depredadores.<\/span> <span id=\"gts_text_4\" class=\"gts_text\">Se alimenta de pescados, de peque\u00f1os crust\u00e1ceos, y moluscos.<\/span> <span id=\"gts_text_5\" class=\"gts_text\">Es activa durante la noche y duerme de d\u00eda.<\/span>\u00a0Por lo general,\u00a0<span id=\"gts_text_6\" class=\"gts_text\">su cuerpo mide entre 20 cm. y 60 cm. de largo y pesa entre 1\/2 kilogramo y 4 kgs.<\/span> <span id=\"gts_text_7\" class=\"gts_text\">Sin embargo, se han pescado varias langostas americanas que miden m\u00e1s de 1 m. de largo y pesan 22 kg. o m\u00e1s.<\/span> <span id=\"gts_text_8\" class=\"gts_text\">\u00a1Por eso, la langosta americana es el crust\u00e1ceo m\u00e1s pesado, de hecho, el <a href=\"\/Arthropods.html\">artr\u00f3podo<\/a> m\u00e1s pesado del mundo!<\/span><\/p>\n<p><span id=\"gts_text_9\" class=\"gts_text\">Las langostas americanas son crust\u00e1ceos.<\/span> <span id=\"gts_text_10\" class=\"gts_text\"><a href=\"\/Crustaceans.html\">Los crust\u00e1ceos<\/a> pertenecen a un grupo muy grande de animales, llamado\u00a0<span style=\"font-style: italic\">artr\u00f3podos<\/span>, que incluyen millones de diversas especies de insectos, as\u00ed como especies de ara\u00f1as, milpi\u00e9s, y crust\u00e1ceos &#8211; por lo tanto, \u00a1la langosta americana es la m\u00e1s pesada entre un grupo con millones de integrantes!<\/span> <span id=\"gts_text_11\" class=\"gts_text\">La langosta americana pertenece a un grupo de crust\u00e1ceos llamados <span style=\"font-style: italic\">Dec\u00e1podos<\/span>, que significa \u201cque tienen 10 patas\u201d, que tambi\u00e9n incluye a la mayor\u00eda de crust\u00e1ceos que conocemos &#8211; incluyendo cangrejos y camarones.<\/span> <span id=\"gts_text_12\" class=\"gts_text\">Dentro de los dec\u00e1podos, los aproximados 400 tipos de langosta y de cangrejos pertenecen a un grupo propio &#8211; los cient\u00edficos lo denominan\u00a0<span style=\"font-style: italic\">Astacidae<\/span> &#8211; para distinguirlos de cangrejos y camarones.<\/span> <span id=\"gts_text_13\" class=\"gts_text\">As\u00ed pues, la langosta americana, adem\u00e1s de ser el artr\u00f3podo m\u00e1s pesado del mundo, es<\/span><\/p>\n<ul>\n<li><span id=\"gts_text_14\" class=\"gts_text\">El crust\u00e1ceo m\u00e1s pesado del mundo<\/span><\/li>\n<li><span id=\"gts_text_15\" class=\"gts_text\">El dec\u00e1podo m\u00e1s pesado del mundo<\/span><\/li>\n<li><span id=\"gts_text_16\" class=\"gts_text\">La langosta m\u00e1s grande y m\u00e1s pesada del mundo<\/span><\/li>\n<\/ul>\n<p><span id=\"gts_text_17\" class=\"gts_text\">El dec\u00e1podo y el crust\u00e1ceo m\u00e1s grande es un cangrejo, el <a title=\"El Cangrejo Gigante Japon\u00e9s\" href=\"http:\/\/www.big-animals.com\/es\/cangrejo-gigante-japones\/\">cangrejo gigante japon\u00e9s<\/a>.<\/span> <span id=\"gts_text_18\" class=\"gts_text\">\u00a1Es m\u00e1s liviano que la langosta americana, pero sus patas largas lo hacen realmente gigante!<\/span><\/p>\n<h3><span id=\"gts_text_19\" class=\"gts_text\">C\u00f3mo Mudan sus Caparazones<\/span><\/h3>\n<p><img loading=\"lazy\" decoding=\"async\" src=\"http:\/\/ba.dr-mikes-maths.com\/\/wp-content\/themes\/twentyten\/images\/ba\/american-lobster.jpg\" alt=\"Langosta americana\" width=\"350\" height=\"230\" \/><br \/>\n<span style=\"width: 350px;float: right\"><span id=\"gts_text_20\" class=\"gts_text\"><strong>\u00a1La langosta americana es el artr\u00f3podo m\u00e1s pesado del mundo!<\/strong><\/span><\/span><\/p>\n<p>&nbsp;<\/p>\n<p>&nbsp;<\/p>\n<p><span id=\"gts_text_21\" class=\"gts_text\">A la langosta no le crece su caparaz\u00f3n r\u00edgida, as\u00ed que tiene que substituirla cuando va creciendo.<\/span>\u00a0E<span id=\"gts_text_22\" class=\"gts_text\">sto significa\u00a0<span style=\"font-style: italic\">mudar<\/span>.<\/span> <span id=\"gts_text_23\" class=\"gts_text\">Mudan de dos a tres veces por a\u00f1o cuando son j\u00f3venes y s\u00f3lo una vez al a\u00f1o o menos cuando son m\u00e1s adultas.<\/span>\u00a0Se las<span id=\"gts_text_24\" class=\"gts_text\">\u00a0considera adultas cuando tienen entre cuatro y siete a\u00f1os.<\/span> <span id=\"gts_text_25\" class=\"gts_text\">La manera en que mudan es la siguiente: primero, les crece una nueva y suave caparaz\u00f3n por debajo de su antigua caparaz\u00f3n.<\/span> <span id=\"gts_text_26\" class=\"gts_text\">Despu\u00e9s, esta \u00faltima se vuelve muy r\u00edgida y m\u00e1s oscura; finalmente, se parte en pedazos y se cae.<\/span>\u00a0Luego, l<span id=\"gts_text_27\" class=\"gts_text\">a langosta saca de sus garras y cola de su antigua caparaz\u00f3n.<\/span> <span id=\"gts_text_28\" class=\"gts_text\">Su nueva caparaz\u00f3n se expande, y despu\u00e9s se vuelve m\u00e1s r\u00edgida.<\/span><\/p>\n<h3><span id=\"gts_text_29\" class=\"gts_text\">Los Ojos, la Boca y las Patas de la Langosta Americana<\/span><\/h3>\n<p><span id=\"gts_text_30\" class=\"gts_text\">Tienen antenas potentes y largas que las ayudan a sentir lo que ocurre a su alrededor.<\/span> <span id=\"gts_text_31\" class=\"gts_text\">Tienen un \u00f3rgano sensorial especial que las ayuda a darse cuenta de donde proviene un olor.<\/span> <span id=\"gts_text_32\" class=\"gts_text\">Tambi\u00e9n, pueden medir la velocidad del agua.<\/span> <span id=\"gts_text_33\" class=\"gts_text\">Tienen ojos sorprendentes y una boca que cumple varias funciones.<\/span>\u00a0 No s\u00f3lo utiliza l<span id=\"gts_text_34\" class=\"gts_text\">a boca para alimentarse y cavar, \u00a0tambi\u00e9n puede transformarla en una cu\u00f1a para empujar piedras y arena o para transportar peque\u00f1as piedras.<\/span> <span id=\"gts_text_35\" class=\"gts_text\">\u00a1Su boca incluso puede ayudarlas a moverse cuando han perdido sus garras y todas sus patas durante una lucha!<\/span><\/p>\n<p><span id=\"gts_text_36\" class=\"gts_text\">Los primeros pares de las diez patas que tiene una langosta se denominan garras y se utilizan, generalmente, para cazar y luchar.<\/span> <span id=\"gts_text_37\" class=\"gts_text\">No se utilizan para moverse.<\/span> <span id=\"gts_text_38\" class=\"gts_text\">Las otras ocho piernas se utilizan para caminar.\u00a0<\/span><span id=\"gts_text_39\" class=\"gts_text\">Prefieren vivir solas.<\/span> <span id=\"gts_text_40\" class=\"gts_text\">Si dos langostas se encuentran, se miden sus respectivos tama\u00f1os.<\/span> <span id=\"gts_text_41\" class=\"gts_text\">Por lo general, la m\u00e1s d\u00e9bil y m\u00e1s peque\u00f1a se retira.<\/span> <span id=\"gts_text_42\" class=\"gts_text\">Si ambas langostas son igualmente fuertes y grandes, luchar\u00e1n hasta que una de ellas decida darse por vencida.<\/span> <span id=\"gts_text_43\" class=\"gts_text\">\u00a1Qu\u00e9 esp\u00edritu de lucha!<\/span><\/p>\n<p><span id=\"gts_text_44\" class=\"gts_text\">La langosta americana pone huevos y puede vivir hasta 50 a\u00f1os.<\/span><\/p>\n<h3><span id=\"gts_text_45\" class=\"gts_text\">Langostas como Alimento<\/span><\/h3>\n<p><span id=\"gts_text_46\" class=\"gts_text\">Los bacalaos aman alimentarse de este tipo de langosta, sin embargo, la criatura que m\u00e1s la consume es el hombre.<\/span> <span id=\"gts_text_47\" class=\"gts_text\">Las langostas americanas son una comida popular.<\/span> <span id=\"gts_text_48\" class=\"gts_text\">Pueden ser hervidas o cocidas al vapor &#8211; pero deben ser mantenidas vivas hasta que las cocinen, as\u00ed estar\u00e1n m\u00e1s frescas.<\/span> <span id=\"gts_text_49\" class=\"gts_text\">Sin embargo, tranquilamente, pueden ser congeladas y refrigeradas antes de comerlas.<\/span>\u00a0Por lo general, l<span id=\"gts_text_50\" class=\"gts_text\">as langostas est\u00e1n vivas cuando se las cocina.<\/span> <span id=\"gts_text_51\" class=\"gts_text\">Algunas personas creen que esto es demasiado cruel, as\u00ed que se niegan a comerlas.<\/span><\/p>\n","protected":false},"excerpt":{"rendered":"<p>Informaci\u00f3n sobre la Langosta Americana La langosta americana, denominada\u00a0Homarus Americanusis\u00a0por los cient\u00edficos, fue encontrada en la costa atl\u00e1ntica de Norteam\u00e9rica. Vive en aguas fr\u00edas y poco profundas donde hay muchas rocas y otros lugares para ocultarse de sus depredadores. Se alimenta de pescados, de peque\u00f1os crust\u00e1ceos, y moluscos. Es activa durante la noche y duerme &hellip; <a href=\"https:\/\/www.big-animals.com\/es\/americano-langosta-mundo-pesado-artropodo\/\" class=\"more-link\">Continue reading <span class=\"screen-reader-text\">La Langosta Americana: El Artr\u00f3podo M\u00e1s Pesado del Mundo<\/span><\/a><\/p>\n","protected":false},"author":1,"featured_media":0,"parent":0,"menu_order":0,"comment_status":"closed","ping_status":"open","template":"","meta":{"_acf_changed":false,"footnotes":""},"acf":[],"_links":{"self":[{"href":"https:\/\/www.big-animals.com\/es\/wp-json\/wp\/v2\/pages\/251"}],"collection":[{"href":"https:\/\/www.big-animals.com\/es\/wp-json\/wp\/v2\/pages"}],"about":[{"href":"https:\/\/www.big-animals.com\/es\/wp-json\/wp\/v2\/types\/page"}],"author":[{"embeddable":true,"href":"https:\/\/www.big-animals.com\/es\/wp-json\/wp\/v2\/users\/1"}],"replies":[{"embeddable":true,"href":"https:\/\/www.big-animals.com\/es\/wp-json\/wp\/v2\/comments?post=251"}],"version-history":[{"count":16,"href":"https:\/\/www.big-animals.com\/es\/wp-json\/wp\/v2\/pages\/251\/revisions"}],"predecessor-version":[{"id":1030,"href":"https:\/\/www.big-animals.com\/es\/wp-json\/wp\/v2\/pages\/251\/revisions\/1030"}],"wp:attachment":[{"href":"https:\/\/www.big-animals.com\/es\/wp-json\/wp\/v2\/media?parent=251"}],"curies":[{"name":"wp","href":"https:\/\/api.w.org\/{rel}","templated":true}]}}