{"id":252,"date":"2011-05-09T08:59:00","date_gmt":"2011-05-09T08:59:00","guid":{"rendered":""},"modified":"2014-02-03T08:11:37","modified_gmt":"2014-02-03T00:11:37","slug":"onicoforo-gigante-costa-ric","status":"publish","type":"page","link":"https:\/\/www.big-animals.com\/es\/onicoforo-gigante-costa-ric\/","title":{"rendered":"Peripatus solorzanoi: El Onic\u00f3foro Gigante de Costa Rica"},"content":{"rendered":"<p><span class=\"gts_text\" id=\"gts_text_1\">Los onic\u00f3foros son un grupo de animales tan diferentes a otros que los cient\u00edficos les han creado su propio filo (denominado Onychophora).\u00a0<\/span><span class=\"gts_text\" id=\"gts_text_2\">La mayor\u00eda miden alrededor de una pulgada o dos de largo (3-5 cm. de largo), pero el m\u00e1s grande de los onic\u00f3foros es un monstruo gigante &#8211; \u00a1crece hasta 22 cm. (9 pulgadas) de largo!<\/span> <span class=\"gts_text\" id=\"gts_text_3\">\u00a1Los beb\u00e9s de esta especie son m\u00e1s grandes que los adultos de la mayor\u00eda de los otros tipos de onic\u00f3foros!<\/span><\/p>\n<p><span class=\"gts_text\" id=\"gts_text_4\">Este onic\u00f3foro gigante vive en las selvas de Costa Rica y no pone huevos.<\/span> <span class=\"gts_text\" id=\"gts_text_5\">Se puede ver una imagen <a title=\"Imagen de Peripatus solorzanoi\" href=\"http:\/\/www.dicyt.com\/viewItem.php?itemId=28247\">aqu\u00ed<\/a>.<\/span> <span class=\"gts_text\" id=\"gts_text_6\">Fue descubierto por un bi\u00f3logo llamado Alejandro Sol\u00f3rzano.<\/span><\/p>\n<p><span class=\"gts_text\" id=\"gts_text_7\">Seguro se pregunta: \u00bfC\u00f3mo se llama este onic\u00f3foro gigante?<\/span>\u00a0Recientemente se ha asignado el nombre, en honor a su descubridor,\u00a0<em>Peripatus solorzanoi<\/em>.<\/p>\n","protected":false},"excerpt":{"rendered":"<p>Los onic\u00f3foros son un grupo de animales tan diferentes a otros que los cient\u00edficos les han creado su propio filo (denominado Onychophora).\u00a0La mayor\u00eda miden alrededor de una pulgada o dos de largo (3-5 cm. de largo), pero el m\u00e1s grande de los onic\u00f3foros es un monstruo gigante &#8211; \u00a1crece hasta 22 cm. (9 pulgadas) de &hellip; <a href=\"https:\/\/www.big-animals.com\/es\/onicoforo-gigante-costa-ric\/\" class=\"more-link\">Continue reading <span class=\"screen-reader-text\">Peripatus solorzanoi: El Onic\u00f3foro Gigante de Costa Rica<\/span><\/a><\/p>\n","protected":false},"author":1,"featured_media":0,"parent":0,"menu_order":0,"comment_status":"closed","ping_status":"open","template":"","meta":{"_acf_changed":false,"footnotes":""},"acf":[],"_links":{"self":[{"href":"https:\/\/www.big-animals.com\/es\/wp-json\/wp\/v2\/pages\/252"}],"collection":[{"href":"https:\/\/www.big-animals.com\/es\/wp-json\/wp\/v2\/pages"}],"about":[{"href":"https:\/\/www.big-animals.com\/es\/wp-json\/wp\/v2\/types\/page"}],"author":[{"embeddable":true,"href":"https:\/\/www.big-animals.com\/es\/wp-json\/wp\/v2\/users\/1"}],"replies":[{"embeddable":true,"href":"https:\/\/www.big-animals.com\/es\/wp-json\/wp\/v2\/comments?post=252"}],"version-history":[{"count":5,"href":"https:\/\/www.big-animals.com\/es\/wp-json\/wp\/v2\/pages\/252\/revisions"}],"predecessor-version":[{"id":860,"href":"https:\/\/www.big-animals.com\/es\/wp-json\/wp\/v2\/pages\/252\/revisions\/860"}],"wp:attachment":[{"href":"https:\/\/www.big-animals.com\/es\/wp-json\/wp\/v2\/media?parent=252"}],"curies":[{"name":"wp","href":"https:\/\/api.w.org\/{rel}","templated":true}]}}