{"id":253,"date":"2011-05-09T09:00:51","date_gmt":"2011-05-09T09:00:51","guid":{"rendered":""},"modified":"2014-10-03T20:42:32","modified_gmt":"2014-10-03T12:42:32","slug":"albatros-errante","status":"publish","type":"page","link":"https:\/\/www.big-animals.com\/es\/albatros-errante\/","title":{"rendered":"El albatros errante: \u00a1El p\u00e1jaro con las alas m\u00e1s grandes!"},"content":{"rendered":"<h3><span id=\"gts_text_1\" class=\"gts_text\">\u00bfQu\u00e9 tama\u00f1o tiene el albatros errante?<\/span><\/h3>\n<p><span id=\"gts_text_2\" class=\"gts_text\">El albatros errante es el albatros m\u00e1s grande del mundo y<\/span><span id=\"gts_text_3\" class=\"gts_text\">\u00a0el ave de mayor envergadura.<\/span>\u00a0S<span id=\"gts_text_4\" class=\"gts_text\">us alas, medidas de un extremo al otro, pueden llegar a medir \u00a1hasta 3,5 metros (11,5 pies)!<\/span> <span id=\"gts_text_5\" class=\"gts_text\">Ya que el albatros errante es tambi\u00e9n muy liviano para su tama\u00f1o (los adultos pesan cerca de 6-12 kg, o 13-26 libras) son excelentes aviadores. Pueden volar durante varias horas sin mover sus alas y tambi\u00e9n pueden\u00a0<\/span><span id=\"gts_text_7\" class=\"gts_text\">pasar semanas volando sobre el mar abierto sin pisar ti<\/span>erra.<\/p>\n<p><img loading=\"lazy\" decoding=\"async\" class=\"alignnone\" style=\"width: 260px;height: 500px\" title=\"un ser humano t\u00edpico al lado de una avestruz t\u00edpica\" src=\"http:\/\/ba.dr-mikes-maths.com\/\/wp-content\/themes\/twentyten\/images\/ba\/albatross-and-human.png\" alt=\"una imagen que muestra a los parientes tama\u00f1os de un ser humano y de una avestruz\" width=\"260\" height=\"500\" \/><\/p>\n<h3><span id=\"gts_text_8\" class=\"gts_text\">Leyendas sobre el Albatros<\/span><\/h3>\n<p><span id=\"gts_text_9\" class=\"gts_text\">Los albatros han capturado la imaginaci\u00f3n de marineros durante siglos.<\/span>\u00a0En el oc\u00e9ano Ant\u00e1rtico, l<span id=\"gts_text_10\" class=\"gts_text\">os exploradores se sienten m\u00e1s seguros si, de la nada, aparece un albatros en el medio de los mares solitarios.<\/span> <span id=\"gts_text_11\" class=\"gts_text\">Un famoso poema, &#8220;La balada del viejo<span style=\"font-style: italic\">\u00a0<\/span>marinero<span style=\"font-style: italic\">&#8220;<\/span>\u00a0escrito por Samuel Taylor Coleridge en 1798, relata la mala suerte que tuvo un barco cuando un miembro de la tripulaci\u00f3n le dispar\u00f3 a un albatros con una ballesta.<\/span><\/p>\n<h3><span id=\"gts_text_12\" class=\"gts_text\">Los albatros se encuentran en peligro<\/span><\/h3>\n<p><span id=\"gts_text_13\" class=\"gts_text\">Los albatros se alimentan de calamares y peque\u00f1os peces.<\/span> <span id=\"gts_text_14\" class=\"gts_text\">Tambi\u00e9n buscan peces\u00a0muertos en la superficie del mar.<\/span> <span id=\"gts_text_15\" class=\"gts_text\">Las hordas de albatros se agrupan detr\u00e1s de los buques atuneros, picoteando la carnada que haya sido desechada.<\/span> <span id=\"gts_text_16\" class=\"gts_text\">De vez en cuando, si un anzuelo con carnaza no se hunde, un albatros puede quedarse atrapado y ahogarse.<\/span> <span id=\"gts_text_17\" class=\"gts_text\">En los a\u00f1os 90, algunos cient\u00edficos ten\u00edan miedo de que todos los tipos de albatros se extinguieran.<\/span> <span id=\"gts_text_18\" class=\"gts_text\">Desde ese momento, se han intentado encontrar nuevas maneras de pescar at\u00fan, sin embargo, el albatros errante todav\u00eda se encuentra en peligro.<\/span><\/p>\n<h3><span id=\"gts_text_19\" class=\"gts_text\">Informaci\u00f3n sobre el albatros<\/span><\/h3>\n<p><span id=\"gts_text_20\" class=\"gts_text\">Cuando un par de albatros errantes se encuentran listos para poner un huevo, construyen un nido en forma de cono.<\/span> <span id=\"gts_text_21\" class=\"gts_text\">Dentro del mismo, la madre albatros pone un solo huevo.<\/span> <span id=\"gts_text_22\" class=\"gts_text\">\u00a1El albatros beb\u00e9 come aproximadamente 100 kilogramos (220 libras) de comida y llega a ser m\u00e1s pesado que sus padres!<\/span> <span id=\"gts_text_23\" class=\"gts_text\">Despu\u00e9s de 10 meses en el nido, al inicio de la primavera en el hemisferio sur, el albatros beb\u00e9 comienza a volar.<\/span> <span id=\"gts_text_24\" class=\"gts_text\">Tras 5 o 10 a\u00f1os, vuelve al lugar en el que naci\u00f3 para formar su propia familia.<\/span> <span id=\"gts_text_25\" class=\"gts_text\">Desgraciadamente, son los albatros j\u00f3venes los que, generalmente, se quedan atrapados en los hilos de pescar at\u00fan.<\/span><\/p>\n<div style=\"text-align: center\"><img decoding=\"async\" style=\"width: 450px;height: 330px\" title=\"Albatros que vaga\" src=\"http:\/\/ba.dr-mikes-maths.com\/\/wp-content\/themes\/twentyten\/images\/ba\/wandering-albatross.jpg\" alt=\"Albatros que vaga\" \/><\/div>\n","protected":false},"excerpt":{"rendered":"<p>\u00bfQu\u00e9 tama\u00f1o tiene el albatros errante? El albatros errante es el albatros m\u00e1s grande del mundo y\u00a0el ave de mayor envergadura.\u00a0Sus alas, medidas de un extremo al otro, pueden llegar a medir \u00a1hasta 3,5 metros (11,5 pies)! Ya que el albatros errante es tambi\u00e9n muy liviano para su tama\u00f1o (los adultos pesan cerca de 6-12 &hellip; <a href=\"https:\/\/www.big-animals.com\/es\/albatros-errante\/\" class=\"more-link\">Continue reading <span class=\"screen-reader-text\">El albatros errante: \u00a1El p\u00e1jaro con las alas m\u00e1s grandes!<\/span><\/a><\/p>\n","protected":false},"author":1,"featured_media":0,"parent":0,"menu_order":0,"comment_status":"closed","ping_status":"open","template":"","meta":{"_acf_changed":false,"footnotes":""},"acf":[],"_links":{"self":[{"href":"https:\/\/www.big-animals.com\/es\/wp-json\/wp\/v2\/pages\/253"}],"collection":[{"href":"https:\/\/www.big-animals.com\/es\/wp-json\/wp\/v2\/pages"}],"about":[{"href":"https:\/\/www.big-animals.com\/es\/wp-json\/wp\/v2\/types\/page"}],"author":[{"embeddable":true,"href":"https:\/\/www.big-animals.com\/es\/wp-json\/wp\/v2\/users\/1"}],"replies":[{"embeddable":true,"href":"https:\/\/www.big-animals.com\/es\/wp-json\/wp\/v2\/comments?post=253"}],"version-history":[{"count":11,"href":"https:\/\/www.big-animals.com\/es\/wp-json\/wp\/v2\/pages\/253\/revisions"}],"predecessor-version":[{"id":1042,"href":"https:\/\/www.big-animals.com\/es\/wp-json\/wp\/v2\/pages\/253\/revisions\/1042"}],"wp:attachment":[{"href":"https:\/\/www.big-animals.com\/es\/wp-json\/wp\/v2\/media?parent=253"}],"curies":[{"name":"wp","href":"https:\/\/api.w.org\/{rel}","templated":true}]}}