{"id":254,"date":"2011-05-09T09:01:51","date_gmt":"2011-05-09T09:01:51","guid":{"rendered":""},"modified":"2014-01-29T06:46:20","modified_gmt":"2014-01-28T22:46:20","slug":"mundo-grandes-cartilaginoso-peces","status":"publish","type":"page","link":"https:\/\/www.big-animals.com\/es\/mundo-grandes-cartilaginoso-peces\/","title":{"rendered":"\u00a1Los peces cartilaginosos m\u00e1s grandes del mundo!"},"content":{"rendered":"<p><span class=\"gts_text\" id=\"gts_text_1\"><strong>\u00bfQu\u00e9 es un pez cartilaginoso?<\/strong><\/span><\/p>\n<p><span class=\"gts_text\" id=\"gts_text_2\">Los peces cartilaginosos son <a title=\"\u00a1Los peces m\u00e1s grandes del mundo!\" href=\"http:\/\/www.big-animals.com\/es\/mundo-grande-peces\/\">peces<\/a> sin huesos.<\/span> <span class=\"gts_text\" id=\"gts_text_3\">En vez de huesos, tienen un tejido m\u00e1s suave denominado <strong>cart\u00edlago<\/strong>.<\/span>\u00a0Nuestros esqueletos est\u00e1n constituidos de huesos, pero tambi\u00e9n tenemos un poco de cart\u00edlago en nuestros cuerpos.\u00a0Por ejemplo, si te tomas la nariz y la mueves, ver\u00e1s que en el centro es un poco duro, pero no tanto como un hueso.\u00a0\u00a1Eso es cart\u00edlago!<\/p>\n<p>Si se te dificulta deletrear\u00a0<i>cartilaginoso<\/i>, solo recuerda que proviene de la palabra\u00a0<i>cart\u00edlago.<\/i>\u00a0\u00a1Por eso NO es Cartiligeniso, o Cartiliginoso, o Cartiluginoso o cualquier otra cosa!<\/p>\n<p>Los tipos m\u00e1s comunes de peces cartilaginosos son los tiburones y las rayas,\u00a0como la mayor parte de los otros peces, la mayor\u00eda de los peces cartilaginosos:<\/p>\n<ul>\n<li>Tienen branquias y respiran en el agua,<\/li>\n<li>Son animales de \u201csangre fr\u00eda;&#8221; la temperatura de su cuerpo es la misma que el agua circundante, y<\/li>\n<li>No pueden sobrevivir fuera del agua.<\/li>\n<\/ul>\n<p>Lo que hace a los peces cartilaginosos diferentes de otros\u00a0<a title=\"\u00a1Los peces m\u00e1s grandes del mundo!\" href=\"http:\/\/www.big-animals.com\/es\/mundo-grande-peces\/\">peces<\/a>:<\/p>\n<ul>\n<li>Tienen cart\u00edlagos, en vez de huesos.\u00a0Eso significa que de los peces cartilaginosos no se pueden hallar buenos f\u00f3siles.\u00a0Por ejemplo, los \u00fanicos f\u00f3siles que tenemos del\u00a0<a title=\"Megalod\u00f3n: \u00a1El Tibur\u00f3n M\u00e1s Grande Que Ha Existido!\" href=\"http:\/\/www.big-animals.com\/es\/megalodon-grande-tiburon-jamas\/\">Megalod\u00f3n<\/a>\u00a0\u00a1son sus dientes!<\/li>\n<li>En cuanto a los peces, los peces cartilaginosos tienen cerebros grandes, comparados con el tama\u00f1o de los cuerpos.\u00a0Hay algunas excepciones, pero \u00e9sa es la regla general.<\/li>\n<li>La mayor\u00eda de los vertebrados fabrican sus gl\u00f3bulos rojos en la m\u00e9dula.\u00a0Los peces cartilaginosos no tienen huesos, por tanto no tienen tu\u00e9tano.\u00a0Utilizan diversos \u00f3rganos para producir los gl\u00f3bulos rojos.<\/li>\n<\/ul>\n<p>El pez vivo m\u00e1s grande del mundo es un pez cartilaginoso; un tibur\u00f3n, de hecho, se denomina\u00a0<a title=\"El Tibur\u00f3n Ballena\" href=\"http:\/\/www.big-animals.com\/es\/ballena-tiburon-mundo-grande-pescados\/\">tibur\u00f3n ballena<\/a>.\u00a0El pez cartilaginoso m\u00e1s grande que ha habitado los mares es tambi\u00e9n un tibur\u00f3n: el\u00a0<a title=\"Megalod\u00f3n: \u00a1El Tibur\u00f3n M\u00e1s Grande Que Ha Existido!\" href=\"http:\/\/www.big-animals.com\/es\/megalodon-grande-tiburon-jamas\/\">Megalod\u00f3n<\/a>.<\/p>\n<p><b>\u00bfQu\u00e9 clase de peces cartilaginosos existen?<\/b><\/p>\n<p>El nombre cient\u00edfico para la clase de peces cartilaginosos es\u00a0<i>Chondrichthyes<\/i>, que significa \u201cpeces cartilaginosos\u201d.\u00a0Sin sorpresas hasta ahora, \u00bfno?\u00a0Dicha clase est\u00e1 dividida en tres grupos principales, que a su vez se dividen en 12 grupos m\u00e1s peque\u00f1os, denominados \u201c\u00f3rdenes\u201d.\u00a0Son los siguientes:<\/p>\n<ul>\n<li>Las\u00a0<i>Quimeras<\/i>\u00a0son el \u00fanico tipo de holoc\u00e9falos\u00a0<i>(Holocephali)<\/i>\u00a0que todav\u00eda est\u00e1n vivas.\u00a0Debido a su extra\u00f1o aspecto, en el que se aprecia una gran cabeza protuberante, una boca que se asemeja a la de un conejo y una larga cola que recuerda a la de una rata, las denominan quimeras, nombre del monstruo de la mitolog\u00eda griega formado por partes de diversos animales.\u00a0Viven en el fondo del mar y se defienden con una espina venenosa.<\/li>\n<li>Los\u00a0<i>Batoideos<\/i>\u00a0son las rayas y las mantarrayas.\u00a0Existen grupos (denominados \u201c\u00f3rdenes &#8220;) de batoideas.\n<ul>\n<li>Los\u00a0<i>Rajiformes<\/i>\u00a0son las rayas y las mantarrayas \u201cnormales\u201d.\u00a0Tienen cuerpos planos, y un poco de \u201cvuelo\u201d bajo las olas.<\/li>\n<li>Los\u00a0<i>Pristiformes<\/i>\u00a0son los \u201cpeces sierras\u201d.\u00a0La palabra griega\u00a0<i>Pristis<\/i>\u00a0significa &#8220;sierra&#8221;.\u00a0Los peces sierra tienen un hocico grande, que les ayuda a detectar d\u00f3nde su presa se est\u00e1 ocultando.\u00a0\u00a1No se los debe confundir con los peces espadas, que no son peces cartilaginosos en absoluto, o con los tiburones sierras mencionados abajo!<\/li>\n<li>Los\u00a0<i>Torpediniformes<\/i>\u00a0son las rayas el\u00e9ctricas.\u00a0Al igual que las anguilas el\u00e9ctricas, generan electricidad para dejar sin sentido o para matar a su presa.\u00a0\u00a1Cierta especies pueden generar bastante corriente para dejar sin sentido a un ser humano!<\/li>\n<\/ul>\n<\/li>\n<li>Los <em>selacimorfos<\/em> (<i>Selachimorphs<\/i>) son m\u00e1s conocidos como\u2026 \u00a1<a href=\"http:\/\/www.big-animals.com\/Sharks.html\">Tiburones<\/a>!\u00a0El cuerpo del tibur\u00f3n esta dise\u00f1ado a la perfecci\u00f3n para que puedan fluir por el agua.\u00a0La piel especial los ayuda y los defiende contra par\u00e1sitos.\u00a0\u00a1Los tiburones tienen dientes reemplazables!\u00a0Existen 8 diferentes grupos (\u00f3rdenes) de tiburones:\n<ul>\n<li>Los <em>hexanquiformes\u00a0<\/em><i>(Hexanchiformes)<\/i>\u00a0tienen seis o siete ranuras branquiales en cada lado.\u00a0La mayor\u00eda de los tiburones tienen solamente cinco.<\/li>\n<li>Los <em>escualiformes\u00a0<\/em><i>(Squaliformes)<\/i>\u00a0tienen una aleta adicional en la parte superior y dientes filosos en ambas mand\u00edbulas.<\/li>\n<li>Los <em>pristioforiformes\u00a0<\/em><i>(Pristiophoriformes)<\/i>\u00a0son los tiburones sierra, \u00a1no deben ser confundidos con los peces sierra mencionados anteriormente!\u00a0Los tiburones sierra utilizan su rostro dentado y alargado en forma de serrucho para cortar a los peces que comen.\u00a0Todas las especies de tiburones sierra est\u00e1n en peligro de extinci\u00f3n.<\/li>\n<li>Los\u00a0<i>Squatiniformes<\/i>\u00a0se parecen a las rayas.\u00a0Sin embargo, sus branquias est\u00e1n en los costados de sus cabezas, como el resto de los tiburones.\u00a0Tambi\u00e9n se los denomina tiburones \u00e1ngel.<\/li>\n<li><i>Heterodontiformes<\/i>\u00a0significa \u201cdiversas clases de dientes\u201d y, en efecto, estos tiburones tienen una variedad de dientes que utilizan para atrapar y machacar a los crust\u00e1ceos.<\/li>\n<li>Los\u00a0<i>Orectolobiformes<\/i>\u00a0son com\u00fanmente denominados \u201ctiburones alfombra\u201d porque su piel tiene agradables dise\u00f1os. El pez m\u00e1s grande del mundo, el\u00a0<a title=\"El Tibur\u00f3n Ballena\" href=\"http:\/\/www.big-animals.com\/es\/ballena-tiburon-mundo-grande-pescados\/\">tibur\u00f3n ballena<\/a>, pertenece a este grupo.<\/li>\n<li>Los <em>carcarriniformes\u00a0<\/em>son el grupo m\u00e1s diverso de tiburones, con aproximadamente 270 especies.\u00a0Cuentan con un &#8220;juego&#8221; adicional de p\u00e1rpados para proteger sus ojos.<\/li>\n<li>Los\u00a0<i>Lamniformes<\/i>, tambi\u00e9n denominados tiburones mackerel, incluyen a los peces cartilaginosos m\u00e1s grandes que hayan existido jam\u00e1s, el\u00a0<a title=\"Megalod\u00f3n: \u00a1El Tibur\u00f3n M\u00e1s Grande Que Ha Existido!\" href=\"http:\/\/www.big-animals.com\/es\/megalodon-grande-tiburon-jamas\/\">Megalod\u00f3n<\/a>, como tambi\u00e9n el tipo m\u00e1s famoso de tibur\u00f3n, el gran tibur\u00f3n blanco.\u00a0Dicho grupo tambi\u00e9n incluye al inofensivo y rar\u00edsimo tibur\u00f3n boquiancho.<\/li>\n<\/ul>\n<\/li>\n<\/ul>\n<p>Los rayas y las mantas (Batoideos) y los tiburones (selacimorfos) se agrupan en una subclase m\u00e1s grande llamado los elasmobranquios\u00a0<i>(Elasmobranchii)<\/i>.<\/p>\n<p><b>\u00bfCu\u00e1l es el pez cartilaginoso m\u00e1s grande del mundo?<\/b><\/p>\n<p>El pez cartilaginoso vivo m\u00e1s grande del mundo es un\u00a0<a href=\"http:\/\/www.big-animals.com\/Sharks.html\">tibur\u00f3n<\/a>\u00a0muy manso: el\u00a0<a title=\"El Tibur\u00f3n Ballena\" href=\"http:\/\/www.big-animals.com\/es\/ballena-tiburon-mundo-grande-pescados\/\">tibur\u00f3n ballena<\/a>.\u00a0Aunque es un tibur\u00f3n, es muy inofensivo; \u00a1a menos que seas un min\u00fasculo plancton o un calamar miniatura!\u00a0A pesar de que comen animalitos tan chiquititos, puede crecer hasta 12 metros (alrededor de 40 pies) de largo o m\u00e1s -\u00a1eso es el doble del tama\u00f1o de un gran tibur\u00f3n blanco!- y puede pesar alrededor de 12.000 Kilos (26000 libras)!<\/p>\n<p>El pez cartilaginoso m\u00e1s grande del mundo que haya existido\u00a0<i>jam\u00e1s<\/i>\u00a0tambi\u00e9n es\u00a0un\u00a0<a href=\"http:\/\/www.big-animals.com\/Sharks.html\">tibur\u00f3n<\/a>; \u00a1pero no uno con quien querr\u00edas compartir el agua!\u00a0El\u00a0<a title=\"Megalod\u00f3n: \u00a1El Tibur\u00f3n M\u00e1s Grande Que Ha Existido!\" href=\"http:\/\/www.big-animals.com\/es\/megalodon-grande-tiburon-jamas\/\">tibur\u00f3n Megalod\u00f3n<\/a>\u00a0era similar al famoso gran tibur\u00f3n blanco; \u00a1excepto que era tres veces m\u00e1s grande!\u00a0Con 18 metros (60 pies) de largo. Su alimento principal habr\u00eda sido las ballenas.<\/p>\n","protected":false},"excerpt":{"rendered":"<p>\u00bfQu\u00e9 es un pez cartilaginoso? Los peces cartilaginosos son peces sin huesos. En vez de huesos, tienen un tejido m\u00e1s suave denominado cart\u00edlago.\u00a0Nuestros esqueletos est\u00e1n constituidos de huesos, pero tambi\u00e9n tenemos un poco de cart\u00edlago en nuestros cuerpos.\u00a0Por ejemplo, si te tomas la nariz y la mueves, ver\u00e1s que en el centro es un poco &hellip; <a href=\"https:\/\/www.big-animals.com\/es\/mundo-grandes-cartilaginoso-peces\/\" class=\"more-link\">Continue reading <span class=\"screen-reader-text\">\u00a1Los peces cartilaginosos m\u00e1s grandes del mundo!<\/span><\/a><\/p>\n","protected":false},"author":1,"featured_media":0,"parent":0,"menu_order":0,"comment_status":"closed","ping_status":"closed","template":"","meta":{"_acf_changed":false,"footnotes":""},"acf":[],"_links":{"self":[{"href":"https:\/\/www.big-animals.com\/es\/wp-json\/wp\/v2\/pages\/254"}],"collection":[{"href":"https:\/\/www.big-animals.com\/es\/wp-json\/wp\/v2\/pages"}],"about":[{"href":"https:\/\/www.big-animals.com\/es\/wp-json\/wp\/v2\/types\/page"}],"author":[{"embeddable":true,"href":"https:\/\/www.big-animals.com\/es\/wp-json\/wp\/v2\/users\/1"}],"replies":[{"embeddable":true,"href":"https:\/\/www.big-animals.com\/es\/wp-json\/wp\/v2\/comments?post=254"}],"version-history":[{"count":4,"href":"https:\/\/www.big-animals.com\/es\/wp-json\/wp\/v2\/pages\/254\/revisions"}],"predecessor-version":[{"id":834,"href":"https:\/\/www.big-animals.com\/es\/wp-json\/wp\/v2\/pages\/254\/revisions\/834"}],"wp:attachment":[{"href":"https:\/\/www.big-animals.com\/es\/wp-json\/wp\/v2\/media?parent=254"}],"curies":[{"name":"wp","href":"https:\/\/api.w.org\/{rel}","templated":true}]}}