{"id":255,"date":"2011-05-09T09:04:07","date_gmt":"2011-05-09T09:04:07","guid":{"rendered":""},"modified":"2015-06-07T12:05:38","modified_gmt":"2015-06-07T04:05:38","slug":"tuatara","status":"publish","type":"page","link":"https:\/\/www.big-animals.com\/es\/tuatara\/","title":{"rendered":"Tu\u00e1tara"},"content":{"rendered":"<p><span id=\"gts_text_1\" class=\"gts_text\">El tu\u00e1tara es un <a href=\"http:\/\/www.big-animals.com\/the-worlds-biggest-reptiles\/\">reptil<\/a> nativo de Nueva Zelanda.<\/span> <span id=\"gts_text_2\" class=\"gts_text\">\u00a0Parece un lagarto, pero no lo es. <\/span>Esta especie es \u00fanica<span id=\"gts_text_3\" class=\"gts_text\"> porque son los \u00fanicos supervivientes de un grupo antiguo de reptiles que viv\u00eda en la Tierra al mismo tiempo que los dinosaurios.<\/span> <span id=\"gts_text_4\" class=\"gts_text\">La mayor parte de la especie murieron hace largo tiempo, quedando apenas algunos en Nueva Zelanda.<\/span> A los <span id=\"gts_text_5\" class=\"gts_text\">Tu\u00e1taras se los ha llamado <em>f\u00f3siles vivos<\/em>.<\/span> <span id=\"gts_text_6\" class=\"gts_text\">Pueden llegar a vivir m\u00e1s de 100 a\u00f1os.<\/span> <span id=\"gts_text_7\" class=\"gts_text\">La esperanza de vida promedio es de 60 a\u00f1os.<\/span><\/p>\n<p><span id=\"gts_text_8\" class=\"gts_text\">\u00a1S\u00f3lo hay dos especies de tu\u00e1taras en el mundo entero!<\/span> <span id=\"gts_text_9\" class=\"gts_text\">El Tu\u00e1tara de Cook Strait (los cient\u00edficos lo llaman <em>Sphenodon Punctatus<\/em>) es m\u00e1s grande que el Tu\u00e1tara de Brother Island, por lo cual tiene el privilegio de ser el tu\u00e1tara m\u00e1s grande del mundo.<\/span><\/p>\n<figure id=\"attachment_408\" aria-describedby=\"caption-attachment-408\" style=\"width: 300px\" class=\"wp-caption alignright\"><a href=\"http:\/\/www.big-animals.com\/wp-content\/uploads\/2011\/02\/Tuatara_And_Human1.png\"><img loading=\"lazy\" decoding=\"async\" class=\"size-medium wp-image-408\" title=\"Tuatara y ser humano\" src=\"http:\/\/www.big-animals.com\/wp-content\/uploads\/2011\/02\/Tuatara_And_Human1-300x159.png\" alt=\"Tuatara y ser humano\" width=\"300\" height=\"159\" \/><\/a><figcaption id=\"caption-attachment-408\" class=\"wp-caption-text\">Tu\u00e1tara y Humano<\/figcaption><\/figure>\n<h3><span id=\"gts_text_10\" class=\"gts_text\">H\u00e1bitat y dieta del Tu\u00e1tara<\/span><\/h3>\n<p><span id=\"gts_text_11\" class=\"gts_text\">Los tu\u00e1taras sobrevivieron bien en Nueva Zelanda debido al clima fr\u00edo.<\/span> <span id=\"gts_text_12\" class=\"gts_text\">No sobreviven bien cuando la temperatura pasa por encima de los 28 \u00baC .<\/span> <span id=\"gts_text_13\" class=\"gts_text\">Les agrada mantenerse debajo de los 5 \u00baC.<\/span> <span id=\"gts_text_14\" class=\"gts_text\">Sin embargo, suelen tomar sol para calentar sus cuerpos.<\/span> <span id=\"gts_text_15\" class=\"gts_text\">Los tu\u00e1taras beb\u00e9 suelen ocultarse debajo de troncos y piedras.<\/span> <span id=\"gts_text_16\" class=\"gts_text\">Los tu\u00e1taras adultos son activos durante la noche y duermen durante el d\u00eda.<\/span> <span id=\"gts_text_17\" class=\"gts_text\">Cazan en la noche, y comen insectos (especialmente wetas), gusanos, babosas, milpi\u00e9s &#8211; \u00a1y\u00a0 tu\u00e1taras j\u00f3venes!<\/span> <span id=\"gts_text_18\" class=\"gts_text\">Para evitar convertirse en bocado de alg\u00fan despiadado tu\u00e1tara adulto, los tu\u00e1taras j\u00f3venes se ocultan y descansan durante la noche, y salen s\u00f3lamente en el d\u00eda.<\/span><\/p>\n<p><span id=\"gts_text_19\" class=\"gts_text\">Los tu\u00e1taras pueden sobrevivir en temperaturas mucho m\u00e1s bajas que otros reptiles.<\/span> <span id=\"gts_text_20\" class=\"gts_text\">Hibernan durante el invierno, pero permanecen en actividad incluso si la temperatura cae a 5\u00ba C.<\/span> <span id=\"gts_text_21\" class=\"gts_text\">El tu\u00e1tara se siente m\u00e1s c\u00f3modo cuando la temperatura se mantiene entre los 16 \u00baC y 21 \u00baC.<\/span> <span id=\"gts_text_22\" class=\"gts_text\">\u00a1Esto es mucho m\u00e1s fr\u00edo que los dem\u00e1s reptiles soportan!<\/span> L<span id=\"gts_text_23\" class=\"gts_text\">a mayor\u00eda de los reptiles tienen temperaturas corporales de alrededor de 20 \u00baC, mientras que l<\/span><span id=\"gts_text_23\" class=\"gts_text\">a temperatura corporal del tu\u00e1tara se mantiene sobre los 5 \u00baC &#8211; 11 \u00baC .<\/span>\u00a0 <span id=\"gts_text_24\" class=\"gts_text\">Los tu\u00e1taras tienen temperatura corporal baja porque gastan energ\u00eda muy lentamente.<\/span><\/p>\n<h3><span id=\"gts_text_25\" class=\"gts_text\">Datos del Tu\u00e1tara<\/span><\/h3>\n<p><span id=\"gts_text_26\" class=\"gts_text\">Las tu\u00e1taras madre ponen sus huevos de c\u00e1scara blanda una vez cada 4 a\u00f1os.<\/span> <span id=\"gts_text_27\" class=\"gts_text\">Los huevos tardan de 12 a 15 meses en eclosionar.<\/span> <span id=\"gts_text_28\" class=\"gts_text\">Los huevos m\u00e1s calientes suelen convertirse en un tu\u00e1tara masculino, mientras que los huevos m\u00e1s frescos suelen convertise en un tu\u00e1tara femenino.<\/span> <span id=\"gts_text_29\" class=\"gts_text\">Debido al calentamiento del planeta, los cient\u00edficos pronostican que Nueva Zelanda tendr\u00e1 muchos m\u00e1s tu\u00e1taras masculinos que tu\u00e1taras femeninos en el futuro.<\/span> <span id=\"gts_text_30\" class=\"gts_text\">\u00a1Si no hay bastantes tu\u00e1taras femeninos, el tu\u00e1tara podr\u00eda extinguirse!<\/span><\/p>\n<p><span id=\"gts_text_31\" class=\"gts_text\">A veces, un tu\u00e1tara puede invadir la madriguera de un ave marina y comerse los huevos y los polluelos del ave marina.<\/span> <span id=\"gts_text_32\" class=\"gts_text\">A veces los mismos tu\u00e1taras hacen madrigueras para ellos mismos.<\/span> <span id=\"gts_text_33\" class=\"gts_text\">Su mordedura puede causar heridas serias.<\/span> <span id=\"gts_text_34\" class=\"gts_text\">\u00a1Cuidado!<\/span> Los t<span id=\"gts_text_35\" class=\"gts_text\">u\u00e1taras muerden si te acercas demasiado, y<\/span> p<span id=\"gts_text_36\" class=\"gts_text\">ueden que no te suelten f\u00e1cilmente.<\/span><\/p>\n<p><span id=\"gts_text_37\" class=\"gts_text\">Un tu\u00e1tara masculino puede medir cerca de 61 cm de largo y un tu\u00e1tara femenino cerca de 45 cm.<\/span> <span id=\"gts_text_38\" class=\"gts_text\">El Zool\u00f3gico de San Diego ha informado sobre tu\u00e1taras que crecieron los hasta 80 cm.<\/span> <span id=\"gts_text_39\" class=\"gts_text\">Un tu\u00e1tara masculino pesa cerca de 1 kilogramo y las hembras pesan m\u00e1s o menos la mitad.<\/span><\/p>\n<figure id=\"attachment_409\" aria-describedby=\"caption-attachment-409\" style=\"width: 300px\" class=\"wp-caption alignleft\"><a href=\"http:\/\/www.big-animals.com\/wp-content\/uploads\/2011\/02\/Tuatara.jpg\"><img loading=\"lazy\" decoding=\"async\" class=\"size-medium wp-image-409 \" title=\"Tuatara - no un lagarto\" src=\"http:\/\/www.big-animals.com\/wp-content\/uploads\/2011\/02\/Tuatara-300x211.jpg\" alt=\"Tuatara - no un lagarto\" width=\"300\" height=\"211\" \/><\/a><figcaption id=\"caption-attachment-409\" class=\"wp-caption-text\">Foto de un tu\u00e1tara &#8211; \u00a1No es un lagarto!<\/figcaption><\/figure>\n<p><span id=\"gts_text_40\" class=\"gts_text\">Los tu\u00e1taras tienen una cresta espinosa prominente a lo largo del cuello y la parte posterior.<\/span> <span id=\"gts_text_41\" class=\"gts_text\">Por eso los maor\u00edes los llamaron <em>tuatara,<\/em> que significa <em>espalda espinosa<\/em> en la lengua maor\u00ed.<\/span> Los machos utilizan es<span id=\"gts_text_42\" class=\"gts_text\">ta cresta espinosa para luchar entre ellos.<\/span> <span id=\"gts_text_43\" class=\"gts_text\">La cresta es triangular.<\/span> <span id=\"gts_text_44\" class=\"gts_text\">Los varones tienen crestas m\u00e1s grandes que las hembras.<\/span> <span id=\"gts_text_45\" class=\"gts_text\">La cresta se puede atiesar para que parezca m\u00e1s grande.<\/span><\/p>\n<p><span id=\"gts_text_46\" class=\"gts_text\">Los tu\u00e1taras tienen un arreglo muy interesante de dientes &#8211; dos filas en el maxilar superior y una fila en el maxilar inferior.<\/span> <span id=\"gts_text_47\" class=\"gts_text\">La punta de la mand\u00edbula superior es parecida a un pico.<\/span> <span id=\"gts_text_48\" class=\"gts_text\">Cuando la boca se cierra, l<\/span><span id=\"gts_text_48\" class=\"gts_text\">a fila de dientes inferior se acomoda entre las dos filas de dientes superiores.<\/span> <span id=\"gts_text_49\" class=\"gts_text\">Ning\u00fan otro reptil tiene e<\/span><span id=\"gts_text_49\" class=\"gts_text\">ste arreglo de dientes.<\/span> <span id=\"gts_text_50\" class=\"gts_text\">Aunque las serpientes tienen filas dobles de dientes en su mand\u00edbula superior, se acomodan de manera diferente de los dientes de los tu\u00e1tara.<\/span> <span id=\"gts_text_51\" class=\"gts_text\">Los maxilares superior e inferior se encuentran unidos por ligamentos.<\/span> <span id=\"gts_text_52\" class=\"gts_text\">Los tu\u00e1taras mastican movi\u00e9ndo la mand\u00edbula no s\u00f3lo hacia arriba y hacia abajo, sino que tambi\u00e9n hacia atr\u00e1s y hacia adelante .<\/span> <span id=\"gts_text_53\" class=\"gts_text\">Esto les ayuda a penetrar capas externas duras y los huesos de su presa con su mordedura fuerte.<\/span> <span id=\"gts_text_54\" class=\"gts_text\">Desafortunadamente sus dientes no son reemplazables.<\/span> <span id=\"gts_text_55\" class=\"gts_text\">A causa de eso, los tu\u00e1taras m\u00e1s viejos deben cambiar su dieta a presas m\u00e1s suaves como lombrices de tierra, larvas y babosas cuando sus dientes se desgastan.<\/span> <span id=\"gts_text_56\" class=\"gts_text\">Estos tu\u00e1taras viejos llegan a un punto donde deben masticar su comida con los huesos lisos de sus mand\u00edbulas.<\/span> <span id=\"gts_text_57\" class=\"gts_text\">\u00a1Hasta ahora nadie ha inventado dientes postizos para tu\u00e1taras!<\/span><\/p>\n<h3><span id=\"gts_text_58\" class=\"gts_text\">El tercer ojo del Tu\u00e1tara<\/span><\/h3>\n<p><span id=\"gts_text_59\" class=\"gts_text\">\u00a1Los tu\u00e1taras tienen 3 ojos!<\/span> <span id=\"gts_text_60\" class=\"gts_text\">El tercer ojo es diferente de los otros &#8211; es peque\u00f1o, se encuentra sobre la cabeza, debajo de la piel en los adultos &#8211; y s\u00f3lo es visible en tu\u00e1taras beb\u00e9.<\/span> <span id=\"gts_text_61\" class=\"gts_text\">No puede ver demasiado, apenas distingue la diferencia entre la oscuridad y la luz.<\/span> <span id=\"gts_text_62\" class=\"gts_text\">Aunque los tu\u00e1taras no tienen ning\u00fan t\u00edmpano y ning\u00fan agujero de o\u00eddo, pueden o\u00edr.<\/span><\/p>\n<h3><span id=\"gts_text_63\" class=\"gts_text\">Nombres cient\u00edficos de los Tu\u00e1taras<\/span><\/h3>\n<p><span id=\"gts_text_64\" class=\"gts_text\">Hay dos especies de tu\u00e1taras.<\/span> <span id=\"gts_text_65\" class=\"gts_text\">En primer lugar est\u00e1 el Tu\u00e1tara de Cook Strait (los cient\u00edficos lo llaman <em>Sphenodon Punctatus<\/em>).<\/span> <span id=\"gts_text_66\" class=\"gts_text\">\u00c9stos viven en la Isla Stephens.<\/span> <span id=\"gts_text_67\" class=\"gts_text\">Sus colores var\u00edan desde el verde oliva al gris, al rosa oscuro o al rojo ladrillo.<\/span> Tienen piel moteada<span id=\"gts_text_68\" class=\"gts_text\">, a menudo con puntos blancos, que es de donde proviene su nombre <em>Punctatus<\/em>, que en lat\u00edn significa \u201cmoteado\u201d.<\/span> <span id=\"gts_text_69\" class=\"gts_text\">En segundo lugar est\u00e1 el Tu\u00e1tara de\u00a0 Brother Island, llamado <em>Sphenodon Guntheri<\/em>.<\/span> <span id=\"gts_text_70\" class=\"gts_text\">\u00c9stos son mucho m\u00e1s raros.<\/span> <span id=\"gts_text_71\" class=\"gts_text\">Se encuentran en la Isla Brothers, en el Estrecho de Cook (Cook Strait).<\/span> <span id=\"gts_text_72\" class=\"gts_text\">El Estrecho de Cook es el pasaje entre la Isla Norte y la Isla Sur de Nueva Zelanda.<\/span> <span id=\"gts_text_73\" class=\"gts_text\">Hay menos de \u00e9stos y son m\u00e1s peque\u00f1os que el Tu\u00e1tara de Cook Strait.<\/span> <span id=\"gts_text_74\" class=\"gts_text\">Los Tu\u00e1taras de Brother Island tienen piel de color marr\u00f3n oliva con los motas amarillentas.<\/span><\/p>\n<p><span id=\"gts_text_75\" class=\"gts_text\">El mapa debajo muestra el Estrecho de Cook, al cual el tu\u00e1tara m\u00e1s grande debe su nombre.<\/span><\/p>\n<p style=\"text-align: center\"><span id=\"gts_text_76\" class=\"gts_text\">[mapa: http:\/\/maps.google.com.au\/maps?sll=-40.900557,174.885971&amp;sspn=12.151905,28.54248&amp;ll=-41.319076,174.671631&amp;spn=6.039254,14.27124&amp;t=h]<\/span><\/p>\n<p><span id=\"gts_text_77\" class=\"gts_text\">Los colores verde oliva y marr\u00f3n oliva les ayudan a coincidir con su entorno.<\/span> As\u00ed pueden<span id=\"gts_text_78\" class=\"gts_text\"> ocultarse de sus depredadores.<\/span> <span id=\"gts_text_79\" class=\"gts_text\">Pueden cambiar de color sobre el curso de su vida &#8211; mudan su piel de 3 a 4 veces por a\u00f1o cuando son j\u00f3venes , y por lo menos una vez al a\u00f1o cuando son adultos.<\/span><\/p>\n<p><span id=\"gts_text_80\" class=\"gts_text\">Los tu\u00e1taras viv\u00edan en la Isla Norte e Isla Sur de Nueva Zelanda, pero se extinguieron en aquellos lugares debido a la p\u00e9rdida de su h\u00e1bitat, y muchos fueron comidos por ratas del Pac\u00edfico.<\/span> <span id=\"gts_text_81\" class=\"gts_text\">Estas ratas del Pac\u00edfico (Kiore) fueron tra\u00eddas a Nueva Zelanda por humanos que llegaron a Nueva Zelanda en los a\u00f1os 1250-1300 d. C.<\/span> Hoy en d\u00eda<span id=\"gts_text_82\" class=\"gts_text\">, los tu\u00e1taras se pueden encontrar solamente en 32 islas costeras que no tienen ninguna rata, en el Estrecho de Cook y sobre la costa nordeste de la Isla Norte.<\/span> <span id=\"gts_text_83\" class=\"gts_text\">La poblaci\u00f3n total de las especies y de las subespecies de Tu\u00e1tara se encuentra entre los 60.000 a 100.000.<\/span><\/p>\n<p><span id=\"gts_text_84\" class=\"gts_text\">En 2005, 70 tu\u00e1taras adultos fueron trasladados al Santuario Natural de Karori en Wellington.<\/span> <span id=\"gts_text_85\" class=\"gts_text\">Hay varios programas de cr\u00eda del tu\u00e1tara en Nueva Zelanda.<\/span> <span id=\"gts_text_86\" class=\"gts_text\">Por ejemplo, el museo de Southland en Invercargill (Southland Museum and Art Gallery) fue el primero en realizar un programa de cr\u00eda del tu\u00e1tara.<\/span> <span id=\"gts_text_87\" class=\"gts_text\">Cr\u00edan el Sphenodon Punctatus.<\/span> <span id=\"gts_text_88\" class=\"gts_text\">Los zool\u00f3gicos de Hamilton y de Wellington tambi\u00e9n cr\u00edan tu\u00e1taras y para luego liberarlos en la naturaleza, cuando son capaces de cuidar de s\u00ed mismos.<\/span><\/p>\n","protected":false},"excerpt":{"rendered":"<p>El tu\u00e1tara es un reptil nativo de Nueva Zelanda. \u00a0Parece un lagarto, pero no lo es. Esta especie es \u00fanica porque son los \u00fanicos supervivientes de un grupo antiguo de reptiles que viv\u00eda en la Tierra al mismo tiempo que los dinosaurios. La mayor parte de la especie murieron hace largo tiempo, quedando apenas algunos &hellip; <a href=\"https:\/\/www.big-animals.com\/es\/tuatara\/\" class=\"more-link\">Continue reading <span class=\"screen-reader-text\">Tu\u00e1tara<\/span><\/a><\/p>\n","protected":false},"author":1,"featured_media":0,"parent":0,"menu_order":0,"comment_status":"closed","ping_status":"open","template":"","meta":{"_acf_changed":false,"footnotes":""},"acf":[],"_links":{"self":[{"href":"https:\/\/www.big-animals.com\/es\/wp-json\/wp\/v2\/pages\/255"}],"collection":[{"href":"https:\/\/www.big-animals.com\/es\/wp-json\/wp\/v2\/pages"}],"about":[{"href":"https:\/\/www.big-animals.com\/es\/wp-json\/wp\/v2\/types\/page"}],"author":[{"embeddable":true,"href":"https:\/\/www.big-animals.com\/es\/wp-json\/wp\/v2\/users\/1"}],"replies":[{"embeddable":true,"href":"https:\/\/www.big-animals.com\/es\/wp-json\/wp\/v2\/comments?post=255"}],"version-history":[{"count":3,"href":"https:\/\/www.big-animals.com\/es\/wp-json\/wp\/v2\/pages\/255\/revisions"}],"predecessor-version":[{"id":1064,"href":"https:\/\/www.big-animals.com\/es\/wp-json\/wp\/v2\/pages\/255\/revisions\/1064"}],"wp:attachment":[{"href":"https:\/\/www.big-animals.com\/es\/wp-json\/wp\/v2\/media?parent=255"}],"curies":[{"name":"wp","href":"https:\/\/api.w.org\/{rel}","templated":true}]}}