{"id":257,"date":"2011-05-09T09:04:41","date_gmt":"2011-05-09T09:04:41","guid":{"rendered":""},"modified":"2014-03-26T03:35:53","modified_gmt":"2014-03-25T19:35:53","slug":"404-2","status":"publish","type":"page","link":"https:\/\/www.big-animals.com\/es\/404-2\/","title":{"rendered":"404"},"content":{"rendered":"<h1><span class=\"gts_text\" id=\"gts_text_1\">\u00a1Oh, no!<\/span><\/h1>\n<h4><span class=\"gts_text\" id=\"gts_text_2\">Lo sentimos, la p\u00e1gina que ha solicitado no existe.<\/span><\/h4>\n<p><span class=\"gts_text\" id=\"gts_text_3\">Utilice los men\u00fas o el cuadro de b\u00fasqueda, y con algo de suerte encontrar\u00e1 lo que estaba buscando\u2026<\/span><\/p>\n<p>\/\/<br \/>\n<span class=\"gts_text\" id=\"gts_text_4\">\/\/ &lt;![CDATA[<\/p>\n<p>    <span id=\"gts_text_5\" class=\"gts_text\">src=&#8221;http:\/\/linkhelp.clients.google.com\/tbproxy\/lh\/wm\/fixurl.js&#8221;&gt;<\/span><br \/>\n\/\/ ]]&gt;<\/span><\/p>\n","protected":false},"excerpt":{"rendered":"<p>\u00a1Oh, no! Lo sentimos, la p\u00e1gina que ha solicitado no existe. Utilice los men\u00fas o el cuadro de b\u00fasqueda, y con algo de suerte encontrar\u00e1 lo que estaba buscando\u2026 \/\/ \/\/ &lt;![CDATA[ src=&#8221;http:\/\/linkhelp.clients.google.com\/tbproxy\/lh\/wm\/fixurl.js&#8221;&gt; \/\/ ]]&gt;<\/p>\n","protected":false},"author":1,"featured_media":0,"parent":0,"menu_order":0,"comment_status":"closed","ping_status":"open","template":"","meta":{"_acf_changed":false,"footnotes":""},"acf":[],"_links":{"self":[{"href":"https:\/\/www.big-animals.com\/es\/wp-json\/wp\/v2\/pages\/257"}],"collection":[{"href":"https:\/\/www.big-animals.com\/es\/wp-json\/wp\/v2\/pages"}],"about":[{"href":"https:\/\/www.big-animals.com\/es\/wp-json\/wp\/v2\/types\/page"}],"author":[{"embeddable":true,"href":"https:\/\/www.big-animals.com\/es\/wp-json\/wp\/v2\/users\/1"}],"replies":[{"embeddable":true,"href":"https:\/\/www.big-animals.com\/es\/wp-json\/wp\/v2\/comments?post=257"}],"version-history":[{"count":6,"href":"https:\/\/www.big-animals.com\/es\/wp-json\/wp\/v2\/pages\/257\/revisions"}],"predecessor-version":[{"id":966,"href":"https:\/\/www.big-animals.com\/es\/wp-json\/wp\/v2\/pages\/257\/revisions\/966"}],"wp:attachment":[{"href":"https:\/\/www.big-animals.com\/es\/wp-json\/wp\/v2\/media?parent=257"}],"curies":[{"name":"wp","href":"https:\/\/api.w.org\/{rel}","templated":true}]}}