{"id":258,"date":"2011-05-09T09:05:06","date_gmt":"2011-05-09T09:05:06","guid":{"rendered":""},"modified":"2014-01-25T09:34:34","modified_gmt":"2014-01-25T01:34:34","slug":"cetaceos","status":"publish","type":"page","link":"https:\/\/www.big-animals.com\/es\/cetaceos\/","title":{"rendered":"Cet\u00e1ceos"},"content":{"rendered":"<p><span class=\"gts_text\" id=\"gts_text_1\">Los cet\u00e1ceos incluyen a los animales m\u00e1s grandes que han vivido nunca, la <a title=\"La ballena azul: \u00a1el animal m\u00e1s grande del mundo!\" href=\"http:\/\/www.big-animals.com\/es\/ballena-azul-animal-mas-grande-del-mundo\/\">ballena azul<\/a> es un cet\u00e1ceo, est\u00e1n tambi\u00e9n los delfines y las marsopas inteligentes y amistosos.<\/span> <span class=\"gts_text\" id=\"gts_text_2\">Las marsopas son peque\u00f1os cet\u00e1ceos.<\/span> <span class=\"gts_text\" id=\"gts_text_3\">Los cet\u00e1ceos son mam\u00edferos marinos.<\/span> <span class=\"gts_text\" id=\"gts_text_4\">Est\u00e1n hechos para vivir en el mar.<\/span> <span class=\"gts_text\" id=\"gts_text_5\">Tienen cuerpos aerodin\u00e1micos que les ayudan a nadar r\u00e1pidamente.<\/span> <span class=\"gts_text\" id=\"gts_text_6\">Sus extremidades anteriores act\u00faan como aletas.<\/span> <span class=\"gts_text\" id=\"gts_text_7\">Sus miembros traseros son extremadamente peque\u00f1os.<\/span> <span class=\"gts_text\" id=\"gts_text_8\">Sus colas son planas y horizontales, en vez de verticales como la cola de los peces.<\/span><\/p>\n<figure id=\"attachment_1043\" aria-describedby=\"caption-attachment-1043\" style=\"width: 300px\" class=\"wp-caption alignright\"><a href=\"http:\/\/www.big-animals.com\/wp-content\/uploads\/2011\/05\/HumpbackWhaleUnderwater.jpg\"><img loading=\"lazy\" decoding=\"async\" class=\"size-medium wp-image-1043\" title=\"La ballena jorobada es un cet\u00e1ceo t\u00edpico\" alt=\"La ballena jorobada es un cet\u00e1ceo t\u00edpico\" src=\"http:\/\/www.big-animals.com\/wp-content\/uploads\/2011\/05\/HumpbackWhaleUnderwater-300x152.jpg\" width=\"300\" height=\"152\" \/><\/a><figcaption id=\"caption-attachment-1043\" class=\"wp-caption-text\">La yubarta es un cet\u00e1ceo t\u00edpico<\/figcaption><\/figure>\n<p><span class=\"gts_text\" id=\"gts_text_9\">Los cet\u00e1ceos est\u00e1n bien aislados por una capa gruesa de grasa que los mantiene calientes en la fresca agua marina.<\/span> <span class=\"gts_text\" id=\"gts_text_10\">Respiran el aire con sus pulmones.<\/span><span class=\"gts_text\" id=\"gts_text_11\">\u00a0Cuando se zambullen en el\u00a0<\/span>profundo\u00a0<span class=\"gts_text\">mar azul, sus espir\u00e1culos (que son sus orificios nasales, encima de sus cabezas) est\u00e1n cerrados.<\/span> <span class=\"gts_text\" id=\"gts_text_12\">Se abren solamente cuando los cet\u00e1ceos emergen de nuevo.<\/span> <span class=\"gts_text\" id=\"gts_text_13\">Respiran hacia fuera a trav\u00e9s de sus espir\u00e1culos produciendo una explosi\u00f3n.<\/span> <span class=\"gts_text\" id=\"gts_text_14\">Esto causa una corriente espesa de aire neblinoso y de vapor.<\/span> <span class=\"gts_text\" id=\"gts_text_15\">\u00a0El aire caliente es exhalado por los espir\u00e1culos.<\/span> <span class=\"gts_text\" id=\"gts_text_16\">Despu\u00e9s de exhalar, inhalan\u00a0<\/span>aire fresco\u00a0<span class=\"gts_text\">inmediatamente y los espir\u00e1culos se cierran otra vez.<\/span> <span class=\"gts_text\" id=\"gts_text_17\">Los espir\u00e1culos est\u00e1n cerrados cuando los cet\u00e1ceos se relajan, as\u00ed que pueden relajarse bajo el agua.<\/span>\u00a0A los peque\u00f1os cet\u00e1ceos como los delfines y las marsopas les lleva menos de un segundo respirar<span class=\"gts_text\" id=\"gts_text_18\">, pero a los cet\u00e1ceos m\u00e1s grandes como la ballena azul les puede llevar algunos segundos.<\/span><\/p>\n<p><span class=\"gts_text\" id=\"gts_text_19\">Los espir\u00e1culos est\u00e1n situados en la parte m\u00e1s alta de sus cabezas.<\/span> <span class=\"gts_text\" id=\"gts_text_20\">Los espir\u00e1culos est\u00e1n cubiertos por las aletas musculares que evitan que el agua entre cuando los cet\u00e1ceos est\u00e1n sumergidos.<\/span> <span class=\"gts_text\" id=\"gts_text_21\">No pueden respirar a trav\u00e9s de su boca.<\/span> <span class=\"gts_text\" id=\"gts_text_22\">Pueden respirar solamente a trav\u00e9s de sus espir\u00e1culos.<\/span><\/p>\n<figure id=\"attachment_1045\" aria-describedby=\"caption-attachment-1045\" style=\"width: 300px\" class=\"wp-caption alignleft\"><a href=\"http:\/\/www.big-animals.com\/wp-content\/uploads\/2011\/05\/Dolphin.jpg\"><img loading=\"lazy\" decoding=\"async\" class=\"size-medium wp-image-1045\" title=\"Los cet\u00e1ceos incluyen ballenas y delf\u00ednes\" alt=\"Los cet\u00e1ceos incluyen ballenas y delf\u00ednes\" src=\"http:\/\/www.big-animals.com\/wp-content\/uploads\/2011\/05\/Dolphin-300x131.jpg\" width=\"300\" height=\"131\" \/><\/a><figcaption id=\"caption-attachment-1045\" class=\"wp-caption-text\">Los cet\u00e1ceos incluyen a las ballenas y a los delfines<\/figcaption><\/figure>\n<p><span class=\"gts_text\" id=\"gts_text_23\">Los ojos de los cet\u00e1ceos est\u00e1n situados a los lados en vez de delante de la cabeza.<\/span> <span class=\"gts_text\" id=\"gts_text_24\">As\u00ed pues, solamente los cet\u00e1ceos con los \u201cmorros acentuados\u201d como delfines utilizan ambos ojos para ver hacia delante y\u00a0<\/span><span class=\"gts_text\" id=\"gts_text_25\">hacia abajo.<\/span>\u00a0Sus gl\u00e1ndulas lacrimales segregan l\u00e1grimas grasosas<span class=\"gts_text\" id=\"gts_text_26\">\u00a0que protegen sus ojos de la salada agua marina.<\/span> <span class=\"gts_text\" id=\"gts_text_27\">Sus pupilas tienen forma casi esf\u00e9rica.<\/span> <span class=\"gts_text\" id=\"gts_text_28\">Estas pupilas son capaces de conseguir una cantidad min\u00fascula de luz en las profundidades.<\/span><\/p>\n<p><span class=\"gts_text\" id=\"gts_text_29\">Tienen o\u00eddos peque\u00f1os, un simple agujero min\u00fasculo en la piel.<\/span> <span class=\"gts_text\" id=\"gts_text_30\">No tienen o\u00eddos externos para escuchar.<\/span> <span class=\"gts_text\" id=\"gts_text_31\">De todas formas, los o\u00eddos externos son innecesarios porque el agua conduce el sonido mejor que el aire.<\/span> <span class=\"gts_text\" id=\"gts_text_32\">Tienen un o\u00eddo interno altamente desarrollado para detectar sonidos de lejos.<\/span> <span class=\"gts_text\" id=\"gts_text_33\">Pueden tambi\u00e9n decir de d\u00f3nde ven\u00eda el sonido.<\/span> <span class=\"gts_text\" id=\"gts_text_34\">Son como seres humanos tambi\u00e9n.<\/span> <span class=\"gts_text\" id=\"gts_text_35\">Utilizan el sonido para comunicarse.<\/span> <span class=\"gts_text\" id=\"gts_text_36\">Gimen, gru\u00f1en, silban y chasquean.<\/span>\u00a0Lo creas o no<span class=\"gts_text\" id=\"gts_text_37\">, \u00a1la yubarta puede incluso cantar!<\/span><\/p>\n<p><span class=\"gts_text\" id=\"gts_text_38\">Hay dos grupos principales de cet\u00e1ceos.<\/span> <span class=\"gts_text\" id=\"gts_text_39\">Las ballenas dentadas, llamadas odontocetos, donde encontramos a los cachalotes, las belugas, los delfines y las marsopas.<\/span> <span class=\"gts_text\" id=\"gts_text_40\">Tienen dientes que utilizan para atrapar peces, calamares y otras criaturas marinas para alimentarse.<\/span> <span class=\"gts_text\" id=\"gts_text_41\">No mastican su comida, sino que se la tragan entera.<\/span> <span class=\"gts_text\" id=\"gts_text_42\">Cuando cogen una presa grande, como la foca, las trocean con los dientes y se tragan un cacho cada vez.<\/span> <span class=\"gts_text\" id=\"gts_text_43\">Tienen solamente una sopladura.<\/span><\/p>\n<figure id=\"attachment_1044\" aria-describedby=\"caption-attachment-1044\" style=\"width: 300px\" class=\"wp-caption alignright\"><a href=\"http:\/\/www.big-animals.com\/wp-content\/uploads\/2011\/05\/HumpbackWhaleTail.jpg\"><img loading=\"lazy\" decoding=\"async\" class=\"size-medium wp-image-1044\" title=\"Los cet\u00e1ceos tienen colas horizontales\" alt=\"Los cet\u00e1ceos tienen colas horizontales\" src=\"http:\/\/www.big-animals.com\/wp-content\/uploads\/2011\/05\/HumpbackWhaleTail-300x176.jpg\" width=\"300\" height=\"176\" \/><\/a><figcaption id=\"caption-attachment-1044\" class=\"wp-caption-text\">Los cet\u00e1ceos tienen colas horizontales<\/figcaption><\/figure>\n<p><span class=\"gts_text\" id=\"gts_text_44\">El grupo de los misticetos no tienen dientes cuando son adultos.<\/span> <span class=\"gts_text\" id=\"gts_text_45\">En lugar tienen barbas de ballena que parecen flecos que cuelgan de la mand\u00edbula superior.<\/span> <span class=\"gts_text\" id=\"gts_text_46\">Estas barbas separan peque\u00f1os animales como el camar\u00f3n ant\u00e1rtico y peces de tragos de agua marina.<\/span> <span class=\"gts_text\" id=\"gts_text_47\">Tienen dos espir\u00e1culos, situados uno al lado del otro.<\/span> <span class=\"gts_text\" id=\"gts_text_48\">Ejemplos de cet\u00e1ceos misticetos son la ballena azul, la yubarta, la ballena de Groenlandia y las ballenas enanas.<\/span><\/p>\n<p><span class=\"gts_text\" id=\"gts_text_49\">Los cet\u00e1ceos son mam\u00edferos.<\/span> <span class=\"gts_text\" id=\"gts_text_50\">Como son mam\u00edferos, son de sangre caliente, respiran el aire a trav\u00e9s de sus pulmones, dan la leche a sus cr\u00edas y finalmente incluso tienen pelo, aunque sea muy poco.<\/span><\/p>\n<p><span class=\"gts_text\" id=\"gts_text_51\">\u00a0<\/span><\/p>\n","protected":false},"excerpt":{"rendered":"<p>Los cet\u00e1ceos incluyen a los animales m\u00e1s grandes que han vivido nunca, la ballena azul es un cet\u00e1ceo, est\u00e1n tambi\u00e9n los delfines y las marsopas inteligentes y amistosos. Las marsopas son peque\u00f1os cet\u00e1ceos. Los cet\u00e1ceos son mam\u00edferos marinos. Est\u00e1n hechos para vivir en el mar. Tienen cuerpos aerodin\u00e1micos que les ayudan a nadar r\u00e1pidamente. Sus &hellip; <a href=\"https:\/\/www.big-animals.com\/es\/cetaceos\/\" class=\"more-link\">Continue reading <span class=\"screen-reader-text\">Cet\u00e1ceos<\/span><\/a><\/p>\n","protected":false},"author":1,"featured_media":0,"parent":0,"menu_order":0,"comment_status":"closed","ping_status":"open","template":"","meta":{"_acf_changed":false,"footnotes":""},"acf":[],"_links":{"self":[{"href":"https:\/\/www.big-animals.com\/es\/wp-json\/wp\/v2\/pages\/258"}],"collection":[{"href":"https:\/\/www.big-animals.com\/es\/wp-json\/wp\/v2\/pages"}],"about":[{"href":"https:\/\/www.big-animals.com\/es\/wp-json\/wp\/v2\/types\/page"}],"author":[{"embeddable":true,"href":"https:\/\/www.big-animals.com\/es\/wp-json\/wp\/v2\/users\/1"}],"replies":[{"embeddable":true,"href":"https:\/\/www.big-animals.com\/es\/wp-json\/wp\/v2\/comments?post=258"}],"version-history":[{"count":2,"href":"https:\/\/www.big-animals.com\/es\/wp-json\/wp\/v2\/pages\/258\/revisions"}],"predecessor-version":[{"id":789,"href":"https:\/\/www.big-animals.com\/es\/wp-json\/wp\/v2\/pages\/258\/revisions\/789"}],"wp:attachment":[{"href":"https:\/\/www.big-animals.com\/es\/wp-json\/wp\/v2\/media?parent=258"}],"curies":[{"name":"wp","href":"https:\/\/api.w.org\/{rel}","templated":true}]}}