{"id":259,"date":"2011-05-09T09:07:50","date_gmt":"2011-05-09T09:07:50","guid":{"rendered":""},"modified":"2014-01-07T02:44:07","modified_gmt":"2014-01-06T18:44:07","slug":"impar-tocar-con-la-punta-del-pie-ungulates","status":"publish","type":"page","link":"https:\/\/www.big-animals.com\/es\/impar-tocar-con-la-punta-del-pie-ungulates\/","title":{"rendered":"Mam\u00edferos ungulados impares"},"content":{"rendered":"<figure id=\"attachment_1081\" aria-describedby=\"caption-attachment-1081\" style=\"width: 244px\" class=\"wp-caption alignright\"><img loading=\"lazy\" decoding=\"async\" class=\"size-medium wp-image-1081 \" title=\"El tapir es un Ungulate Impar-Tocado con la punta del pie\" alt=\"El tapir es un Ungulate Impar-Tocado con la punta del pie\" src=\"http:\/\/www.big-animals.com\/wp-content\/uploads\/2011\/05\/Tapir-244x300.jpg\" width=\"244\" height=\"300\" \/><figcaption id=\"caption-attachment-1081\" class=\"wp-caption-text\">El tapir es un ungulado impar<\/figcaption><\/figure>\n<p>Los mam\u00edferos ungulados impares son herb\u00edvoros, la mayor\u00eda de ellos comen plantas. Este grupo incluye caballos, tapires y rinocerontes. Estos mam\u00edferos tienen pezu\u00f1as con un n\u00famero impar de dedos. El dedo central de cada pezu\u00f1a normalmente es m\u00e1s largo que el resto. Estos animales son relativamente grandes y tienen est\u00f3magos simples, comparados con los ungulados pares que tienen est\u00f3magos m\u00e1s complejos para la digesti\u00f3n de su alimentaci\u00f3n herb\u00edvora.<\/p>\n<p><span class=\"gts_text\" id=\"gts_text_2\"><span class=\"gts_text\" id=\"gts_text_9\">Hay un grupo diverso de estas especies. Todos los ungulados impares modernos son grandes, desde el m\u00e1s peque\u00f1o, el tapir monta\u00f1\u00e9s de 180 kilos hasta el m\u00e1s grande, el rinoceronte blanco que puede pesar 2.200 kilos o m\u00e1s. El en0rme peso de su cuerpo se carga sobre su dedo central, o el tercer dedo. Se pueden encontrar en \u00c1frica, Norte Am\u00e9rica, Sudam\u00e9rica y Asia.<\/span><\/span><\/p>\n<p><span class=\"gts_text\" id=\"gts_text_12\">Los caballos viven en manadas.<\/span>\u00a0A l<span class=\"gts_text\" id=\"gts_text_13\">os rinocerontes modernos de hoy les gusta vivir solos.<\/span> <span class=\"gts_text\" id=\"gts_text_14\">Son animales territoriales.<\/span> <span class=\"gts_text\" id=\"gts_text_15\">As\u00ed que habitualmente atacar\u00e1n a otro rinoceronte que intente invadir su espacio.<\/span> <span class=\"gts_text\" id=\"gts_text_16\">Los tapires tambi\u00e9n son animales solitarios pero no se defienden ni atacan a otros animales que invadan su territorio.<\/span> <span class=\"gts_text\" id=\"gts_text_17\">Son animales t\u00edmidos.<\/span><\/p>\n<figure id=\"attachment_1082\" aria-describedby=\"caption-attachment-1082\" style=\"width: 300px\" class=\"wp-caption alignleft\"><img loading=\"lazy\" decoding=\"async\" class=\"size-medium wp-image-1082\" title=\"Los rinocerontes son muy agresivos\" alt=\"Los rinocerontes son muy agresivos\" src=\"http:\/\/www.big-animals.com\/wp-content\/uploads\/2011\/05\/Rhinoceros-300x225.jpg\" width=\"300\" height=\"225\" \/><figcaption id=\"caption-attachment-1082\" class=\"wp-caption-text\">Los rinocerontes son muy agresivos<\/figcaption><\/figure>\n<p><span class=\"gts_text\" id=\"gts_text_19\">La hembra ungulada impar suele tener una cr\u00eda a la vez. R<\/span><span class=\"gts_text\" id=\"gts_text_20\">aramente tiene gemelos.<\/span> <span class=\"gts_text\" id=\"gts_text_21\">La cr\u00eda puede sostenerse solo muy pronto despu\u00e9s de nacer, pero<\/span><span class=\"gts_text\" id=\"gts_text_22\">\u00a0ser\u00e1 todav\u00eda muy dependiente en su madre.<\/span> <span class=\"gts_text\" id=\"gts_text_23\">El joven permanece con su madre incluso despu\u00e9s de dejar de tomar leche.<\/span> <span class=\"gts_text\" id=\"gts_text_24\">Dejar\u00e1 solamente a su madre cuando ella comienza a perseguirle para que se vaya.<\/span> <span class=\"gts_text\" id=\"gts_text_25\">Ella hace esto cuando ella est\u00e1 a punto de dar a luz a un nueva cr\u00eda.<\/span> <span class=\"gts_text\" id=\"gts_text_26\">En este momento, un caballo joven se unir\u00e1 a la manada.<\/span>\u00a0M\u00e1s tarde<span class=\"gts_text\" id=\"gts_text_27\">, los sementales jovenes se escapan lejos para estar con las manadas de los j\u00f3venes solteros.<\/span>\u00a0L<span class=\"gts_text\" id=\"gts_text_28\">os rinocerontes y los tapires vagar\u00e1n lejos buscando los nuevas tierras para alimentarse despu\u00e9s de haber sido destetado por sus madres.<\/span><\/p>\n<p><span class=\"gts_text\" id=\"gts_text_29\">Los caballos y los burros fueron domesticados hace muchos a\u00f1os.<\/span> <span class=\"gts_text\" id=\"gts_text_30\">Pero no se ha domesticado ning\u00fan rinoceronte.<\/span> <span class=\"gts_text\" id=\"gts_text_31\">\u00a1Son demasiado grandes y agresivos!<\/span> <span class=\"gts_text\" id=\"gts_text_32\">Algunos se han capturado y trasladado a parques zool\u00f3gicos.<\/span> <span class=\"gts_text\" id=\"gts_text_33\">La poblaci\u00f3n de ungulados impares est\u00e1 disminuyendo debido al cambio clim\u00e1tico, a los depredadores, a las enfermedades, a las plantas de hojas \u00e1speras y a la competencia de otros herb\u00edvoros tales como ungulados pares.<\/span> <span class=\"gts_text\" id=\"gts_text_34\">\u00a0La mayor\u00eda de las especies de ungulados impares se enumeran como especie amenazada, pero no se confirma que ninguna especie moderna vaya a extinguirse.<\/span> <span class=\"gts_text\" id=\"gts_text_35\">Tienden a vivir m\u00e1s tiempo en cautiverio.<\/span> <span class=\"gts_text\" id=\"gts_text_36\">Hay muchos programas de crianza que intentan mantener sus poblaciones en libertad.<\/span> <span class=\"gts_text\" id=\"gts_text_37\">Si <em>todos <\/em>los esfuerzos de protecci\u00f3n fallan, los \u00fanicos ungulados impares que queden ser\u00e1n el caballo y el burro domesticos.<\/span><\/p>\n<figure id=\"attachment_1083\" aria-describedby=\"caption-attachment-1083\" style=\"width: 300px\" class=\"wp-caption aligncenter\"><a href=\"http:\/\/www.big-animals.com\/wp-content\/uploads\/2011\/05\/Zebras.jpg\"><img loading=\"lazy\" decoding=\"async\" class=\"size-medium wp-image-1083\" title=\"Las cebras y los caballos son el tercer grupo de Ungulates Impar-Tocar con la punta del pie\" alt=\"Las cebras y los caballos son el tercer grupo de Ungulates Impar-Tocar con la punta del pie\" src=\"http:\/\/www.big-animals.com\/wp-content\/uploads\/2011\/05\/Zebras-300x188.jpg\" width=\"300\" height=\"188\" \/><\/a><figcaption id=\"caption-attachment-1083\" class=\"wp-caption-text\">Las cebras y los caballos son el tercer grupo de ungulados impares<\/figcaption><\/figure>\n<p><span class=\"gts_text\" id=\"gts_text_39\">\u00a0<\/span><\/p>\n","protected":false},"excerpt":{"rendered":"<p>Los mam\u00edferos ungulados impares son herb\u00edvoros, la mayor\u00eda de ellos comen plantas. Este grupo incluye caballos, tapires y rinocerontes. Estos mam\u00edferos tienen pezu\u00f1as con un n\u00famero impar de dedos. El dedo central de cada pezu\u00f1a normalmente es m\u00e1s largo que el resto. Estos animales son relativamente grandes y tienen est\u00f3magos simples, comparados con los ungulados &hellip; <a href=\"https:\/\/www.big-animals.com\/es\/impar-tocar-con-la-punta-del-pie-ungulates\/\" class=\"more-link\">Continue reading <span class=\"screen-reader-text\">Mam\u00edferos ungulados impares<\/span><\/a><\/p>\n","protected":false},"author":1,"featured_media":0,"parent":0,"menu_order":0,"comment_status":"closed","ping_status":"open","template":"","meta":{"_acf_changed":false,"footnotes":""},"acf":[],"_links":{"self":[{"href":"https:\/\/www.big-animals.com\/es\/wp-json\/wp\/v2\/pages\/259"}],"collection":[{"href":"https:\/\/www.big-animals.com\/es\/wp-json\/wp\/v2\/pages"}],"about":[{"href":"https:\/\/www.big-animals.com\/es\/wp-json\/wp\/v2\/types\/page"}],"author":[{"embeddable":true,"href":"https:\/\/www.big-animals.com\/es\/wp-json\/wp\/v2\/users\/1"}],"replies":[{"embeddable":true,"href":"https:\/\/www.big-animals.com\/es\/wp-json\/wp\/v2\/comments?post=259"}],"version-history":[{"count":3,"href":"https:\/\/www.big-animals.com\/es\/wp-json\/wp\/v2\/pages\/259\/revisions"}],"predecessor-version":[{"id":1000,"href":"https:\/\/www.big-animals.com\/es\/wp-json\/wp\/v2\/pages\/259\/revisions\/1000"}],"wp:attachment":[{"href":"https:\/\/www.big-animals.com\/es\/wp-json\/wp\/v2\/media?parent=259"}],"curies":[{"name":"wp","href":"https:\/\/api.w.org\/{rel}","templated":true}]}}