{"id":261,"date":"2011-05-09T09:08:48","date_gmt":"2011-05-09T09:08:48","guid":{"rendered":""},"modified":"2014-02-02T08:58:15","modified_gmt":"2014-02-02T00:58:15","slug":"leatherback-mar-tortuga","status":"publish","type":"page","link":"https:\/\/www.big-animals.com\/es\/leatherback-mar-tortuga\/","title":{"rendered":"Tortuga La\u00fad"},"content":{"rendered":"<p><span class=\"gts_text\" id=\"gts_text_1\">La tortuga la\u00fad es la m\u00e1s grande de todas las <a title=\"TortugasTerrestres y Tortugas Acu\u00e1ticas\" href=\"http:\/\/www.big-animals.com\/es\/?page_id=256&amp;preview=true&amp;preview_id=256&amp;preview_nonce=7ebaa244c7\">tortugas<\/a>\u00a0marinas y es el cuarto <a href=\"http:\/\/www.big-animals.com\/the-worlds-biggest-reptiles\/\">reptil<\/a>\u00a0vivo m\u00e1s grande despu\u00e9s de ciertos cocodrilos y caimanes.<\/span> <span class=\"gts_text\" id=\"gts_text_2\">La tortuga la\u00fad tiene una longitud media de 1 a 2 metros (6-12 pies) y pesa de 250 a 700kg (550-1500 libras).<\/span>\u00a0Esta tortuga es m\u00e1<span class=\"gts_text\" id=\"gts_text_3\">s larga que un hombre del altura media.\u00a0<\/span><span class=\"gts_text\" id=\"gts_text_4\">El\u00a0<\/span>esp\u00e9cimen\u00a0<span class=\"gts_text\">m\u00e1s grande jam\u00e1s encontrado superaba los 3 metros (18 pies) de pies a cabeza y pesaba 916 kilogramos (2019 libras).<\/span> <span class=\"gts_text\" id=\"gts_text_5\">Fue encontrado en una playa en la costa oeste de Gales.<\/span><\/p>\n<h3><span class=\"gts_text\" id=\"gts_text_6\">Datos sobre la tortuga La\u00fad<\/span><\/h3>\n<p><span class=\"gts_text\" id=\"gts_text_7\">Esta tortuga gigantesca se llama Tortuga La\u00fad porque su caparaz\u00f3n es como una piel cori\u00e1cea gruesa que se s<\/span><span class=\"gts_text\" id=\"gts_text_8\">iente como el caucho.<\/span> <span class=\"gts_text\" id=\"gts_text_9\">Esta piel cori\u00e1cea la diferencia de otras tortugas de mar, que tienen caparazones \u00f3seos.<\/span> <span class=\"gts_text\" id=\"gts_text_10\">Tiene siete quillas en la parte superior de su caparaz\u00f3n, que van desde\u00a0<\/span><span class=\"gts_text\" id=\"gts_text_11\">el frente hacia la parte posterior de las tortugas.<\/span> <span class=\"gts_text\" id=\"gts_text_12\">Estas crestas m\u00e1s su cuerpo en forma de l\u00e1grima ayudan a las tortugas a deslizarse suavemente a trav\u00e9s del agua.<\/span> <span class=\"gts_text\" id=\"gts_text_13\">La tortuga es gris oscura, casi negro, con muchos puntos blancos.<\/span><\/p>\n<figure id=\"attachment_342\" aria-describedby=\"caption-attachment-342\" style=\"width: 300px\" class=\"wp-caption alignleft\"><a href=\"http:\/\/www.big-animals.com\/wp-content\/uploads\/2011\/02\/Letherback-Laying-Eggs.jpg\"><img loading=\"lazy\" decoding=\"async\" class=\"size-medium wp-image-342 \" title=\"Tortuga de Leatherback que pone los huevos - la tortuga de mar del Leatherback es la tortuga m\u00e1s grande del mundo\" alt=\"Tortuga de Leatherback que pone los huevos - la tortuga de mar del Leatherback es la tortuga m\u00e1s grande del mundo\" src=\"http:\/\/www.big-animals.com\/wp-content\/uploads\/2011\/02\/Letherback-Laying-Eggs-300x204.jpg\" width=\"300\" height=\"204\" \/><\/a><figcaption id=\"caption-attachment-342\" class=\"wp-caption-text\">Una Tortuga La\u00fad desovando &#8211; Esta tortuga es la tortuga marina m\u00e1s grande del mundo &#8211; Foto por Steve Garvie, Escocia.<\/figcaption><\/figure>\n<p><span class=\"gts_text\" id=\"gts_text_14\">Las tortugas La\u00fad son los animales marinos que bucean m\u00e1s profundamente que cualquier otro.<\/span> <span class=\"gts_text\" id=\"gts_text_15\">Pueden zambullirse cerca de 1,28 kil\u00f3metros (0,8 millas) bajo la superficie.<\/span> <span class=\"gts_text\" id=\"gts_text_16\">Encima de eso, pueden permanecer debajo del agua durante bastante tiempo.<\/span> <span class=\"gts_text\" id=\"gts_text_17\">\u00a1Muestra que tienen pulmones fuertes!<\/span>\u00a0T<span class=\"gts_text\" id=\"gts_text_18\">ambi\u00e9n, son los reptiles m\u00e1s veloces.<\/span> <span class=\"gts_text\" id=\"gts_text_19\">Pueden nadar aproximadamente 35 km por hora (22 millas por hora) en el agua.<\/span><\/p>\n<h3><span class=\"gts_text\" id=\"gts_text_20\">H\u00e1bitat de la tortuga la\u00fad<\/span><\/h3>\n<p><span class=\"gts_text\" id=\"gts_text_21\">La tortuga la\u00fad es tan feliz en agua fr\u00eda como en agua caliente.<\/span> <span class=\"gts_text\" id=\"gts_text_22\">Se las puede encontrar tan al Norte como en Noruega y tan al Sur como en las costas de Chile y de Nueva Zelanda.<\/span> <span class=\"gts_text\" id=\"gts_text_23\">Por lo tanto las tortugas la\u00fad son las que recorren territorios m\u00e1s extensamente que cualquier otra especie de reptiles.<\/span>\u00a0Se las p<span class=\"gts_text\" id=\"gts_text_24\">ueden encontrar en todos los oc\u00e9anos tropicales y subtropicales, incluso en los mares fr\u00edos helados del \u00c1rtico.<\/span> <span class=\"gts_text\" id=\"gts_text_25\">Tienen un cuerpo ideal que les permite vivir en los oc\u00e9anos helados.<\/span> <span class=\"gts_text\" id=\"gts_text_26\">Pueden mantener una temperatura corporal alta en aguas fr\u00edas porque son grandes, tienen una gruesa capa de grasa debajo de la piel, consiguen mucho calor de sus m\u00fasculos cuando nadan y pueden cortar el flujo de sangre de sus fr\u00edas aletas.<\/span> <span class=\"gts_text\" id=\"gts_text_27\">El resto de las tortugas marianas est\u00e1n confinadas a las regiones m\u00e1s templadas de los oc\u00e9anos del mundo.<\/span>\u00a0Se ha encontrado <span class=\"gts_text\" id=\"gts_text_28\">tortugas la\u00fad adultas con temperaturas corporales de 18\u00baC (20F) por encima del agua circundante.<\/span><\/p>\n<p><span class=\"gts_text\" id=\"gts_text_29\">Las tortugas La\u00fad tienen un par de enormes aletas delanteras.<\/span> <span class=\"gts_text\" id=\"gts_text_30\">Estas aletas son planas, por lo que le ayuda para nadar en el mar abierto.<\/span> <span class=\"gts_text\" id=\"gts_text_31\">No posee garras ni escamas en estas aletas, las cuales son mucho m\u00e1s largas que las aletas de otras tortugas marinas.<\/span> <span class=\"gts_text\" id=\"gts_text_32\">Las aletas traseras de tienen forma de paleta.<\/span> <span class=\"gts_text\" id=\"gts_text_33\">Las aletas delanteras pueden crecer hasta los 2,7 metros (3 yardas) en las tortugas m\u00e1s grandes.<\/span> <span class=\"gts_text\" id=\"gts_text_34\">Con su caparaz\u00f3n surcado y sus enormes aletas, la tortuga la\u00fad puede viajar enormes distancias.<\/span> <span class=\"gts_text\" id=\"gts_text_35\">Viajan un promedio de 6.000 km (3.700 millas) cada tramo, desde el lugar donde ponen sus huevos hasta sus \u00e1reas de alimentaci\u00f3n.<\/span><\/p>\n<p><span class=\"gts_text\" id=\"gts_text_36\">Las Tortugas La\u00fad madre ponen cerca de 100 a 150 huevos en las playas tropicales.<\/span> <span class=\"gts_text\" id=\"gts_text_37\">Ponen sus huevos varias veces durante los per\u00edodos de desove.<\/span> <span class=\"gts_text\" id=\"gts_text_38\">Dos meses despu\u00e9s, las cr\u00edas, con rayas blancas a lo largo de sus quillas y aletas, cavan su camino a la superficie de la arena.<\/span> <span class=\"gts_text\" id=\"gts_text_39\">Las cr\u00edas miden cerca de 50-77 cent\u00edmetros (20-30 pulgadas) de largo y s<\/span><span class=\"gts_text\" id=\"gts_text_40\">us aletas delanteras son tan largas como sus cuerpos, pesando<\/span><span class=\"gts_text\" id=\"gts_text_41\">\u00a0cerca de 40-50 gramos (1.4-1.7 onzas).<\/span> <span class=\"gts_text\" id=\"gts_text_42\">Las tortugas la\u00fad madre vuelven a poner sus huevos en la misma playa donde ella naci\u00f3.<\/span><\/p>\n<h3><span class=\"gts_text\" id=\"gts_text_43\">\u00bfQu\u00e9 comen las Tortugas La\u00fad?<\/span><\/h3>\n<p><span class=\"gts_text\" id=\"gts_text_44\">La dieta principal de las tortugas La\u00fad son las medusas.<\/span> <span class=\"gts_text\" id=\"gts_text_45\">Tambi\u00e9n comen pescados, calamares y otras criaturas marinas no \u00f3seas.<\/span> <span class=\"gts_text\" id=\"gts_text_46\">Las Tortugas La\u00fad del Pac\u00edfico nadan a trav\u00e9s del Oc\u00e9ano Pac\u00edfico, desde Indonesia hasta California, para comer las medusas de esa zona.<\/span> <span class=\"gts_text\" id=\"gts_text_47\">\u00a1Qu\u00e9 nadadoras marat\u00f3nicas!<\/span> <span class=\"gts_text\" id=\"gts_text_48\">Una de las causas de la disminuci\u00f3n de estas tortugas son las bolsas de pl\u00e1stico flotando en el oc\u00e9ano.<\/span> <span class=\"gts_text\" id=\"gts_text_49\">Las tortugas confunden estas bolsas con medusas e intentan com\u00e9rselas.<\/span> <span class=\"gts_text\" id=\"gts_text_50\">Como resultado, un tercio de tortugas La\u00fad adultas ha comido una bolsa de pl\u00e1stico.<\/span> <span class=\"gts_text\" id=\"gts_text_51\">As\u00ed que\u00a0<\/span>realmente\u00a0<span class=\"gts_text\">deber\u00edamos dejar de usarlas y comenzar a hacer un h\u00e1bito el uso de bolsas reciclables que no sean de pl\u00e1stico.<\/span> <span class=\"gts_text\" id=\"gts_text_52\">Incluso una peque\u00f1a cantidad de pl\u00e1stico puede matar a una tortuga la\u00fad bloqueando su sistema digestivo.<\/span><\/p>\n<h3><span class=\"gts_text\" id=\"gts_text_53\">La tortuga La\u00fad se encuentra en peligro de extinci\u00f3n<\/span><\/h3>\n<p><span class=\"gts_text\" id=\"gts_text_54\">Adem\u00e1s de las bolsas de pl\u00e1stico, tambi\u00e9n enfrenan muchas otras amenazas.<\/span>\u00a0En algunos pa\u00edses, a l<span class=\"gts_text\" id=\"gts_text_55\">a gente le encanta comer huevos de tortugas la\u00fad.<\/span>\u00a0H<span class=\"gts_text\" id=\"gts_text_56\">an desenterrado tantos huevos de estas tortugas en pa\u00edses asi\u00e1ticos que el n\u00famero de tortugas la\u00fad ha ca\u00eddo en picada.<\/span> <span class=\"gts_text\" id=\"gts_text_57\">Por ejemplo, la playa de Rantau Abang en Terengganu, Malasia, era una vez el lugar de desove m\u00e1s grande de todo el mundo.<\/span> <span class=\"gts_text\" id=\"gts_text_58\">Ten\u00eda 10.000 nidos cada a\u00f1o.<\/span>\u00a0Sin embargo,<span class=\"gts_text\" id=\"gts_text_59\">\u00a0en el 2008 se encontraron dos miserables nidos de tortugas en Rantau Abang &#8211; y, para colmo, los huevos eran est\u00e9riles, sin la oportunidad de que nazcan tortugas del beb\u00e9.<\/span> <span class=\"gts_text\" id=\"gts_text_60\">La\u00a0<\/span>principal causa de la disminuci\u00f3n es la gran recolecci\u00f3n de huevos para ser vendidos como comida en el mercado.<\/p>\n<figure id=\"attachment_343\" aria-describedby=\"caption-attachment-343\" style=\"width: 300px\" class=\"wp-caption alignright\"><a href=\"http:\/\/www.big-animals.com\/wp-content\/uploads\/2011\/02\/Baby-Leatherback.jpg\"><img loading=\"lazy\" decoding=\"async\" class=\"size-medium wp-image-343 \" title=\"Una tortuga La\u00fad beb\u00e9 - solo un 1% de estas hermosas criaturas sobreviven hasta la madurez -Foto por Alejandro Linares Garc\u00eda.\" alt=\"Una tortuga La\u00fad beb\u00e9 - solo un 1% de estas hermosas criaturas sobreviven hasta la madurez -Foto por Alejandro Linares Garc\u00eda.\" src=\"http:\/\/www.big-animals.com\/wp-content\/uploads\/2011\/02\/Baby-Leatherback-300x198.jpg\" width=\"300\" height=\"198\" \/><\/a><figcaption id=\"caption-attachment-343\" class=\"wp-caption-text\">Una Tortuga La\u00fad bebe -solo un 1% de estas hermosas criaturas crece hasta la madurez -Foto por Alejandro Linares Garc\u00eda<\/figcaption><\/figure>\n<p><span class=\"gts_text\" id=\"gts_text_61\">No solo los seres humanos aman comer los huevos o las cr\u00edas de tortugas La\u00fad -la cr\u00eda de esta tortuga tiene muchos depredadores.<\/span>\u00a0A l<span class=\"gts_text\" id=\"gts_text_62\">as aves marinas y a los mapaches tambi\u00e9n les gusta.<\/span> <span class=\"gts_text\" id=\"gts_text_63\">As\u00ed pues, antes de que las cr\u00edas puedan alcanzar el mar mucha de ellas ser\u00e1n comidas por estos depredadores.<\/span> <span class=\"gts_text\" id=\"gts_text_64\">Los que logran entrar al mar ser\u00e1n comidos por los tiburones y los grandes\u00a0peces.<\/span> <span class=\"gts_text\" id=\"gts_text_65\">Solamente un 1% sobrevivir\u00e1 hasta la madurez.<\/span><\/p>\n<p><span class=\"gts_text\" id=\"gts_text_66\">En Indonesia, se pueden encontrar tiendas que venden toda clase de recuerdos de tortuga, como bolsos de piel de\u00a0tortuga, joyas hechas con el caparaz\u00f3n de tortugas y tortugas rellenas.<\/span> <span class=\"gts_text\" id=\"gts_text_67\">En Europa, hay una demanda creciente de las tortugas marinas porque a la gente le est\u00e1 comenzando a gustar cada vez m\u00e1s la sopa de tortuga.<\/span><\/p>\n<p><span class=\"gts_text\" id=\"gts_text_68\">Las playas de anidaci\u00f3n de las tortugas la\u00fad se han utilizado para construir hoteles y restaurantes.<\/span> <span class=\"gts_text\" id=\"gts_text_69\">Como resultado, muchas tortugas han perdido su h\u00e1bitat natural. Las tortugas tienen miedo de poner sus huevos en la playa y los huevos son pisados por la gente mientras toman sol, juegan y conducen por las playas.<\/span><\/p>\n<p><span class=\"gts_text\" id=\"gts_text_70\">Muchas tortugas caen enredadas en las l\u00edneas de los pescadores, como las redes flotantes.<\/span> <span class=\"gts_text\" id=\"gts_text_71\">Si las tortugas son atrapadas por estas redes y son incapaces de emerger para respirar, se ahogan.<\/span><\/p>\n<p><span class=\"gts_text\" id=\"gts_text_72\">Las tortugas la\u00fad viajan a lo largo y ancho de todo el oc\u00e9ano y entran en contacto con mucha gente en todo el mundo.<\/span> <span class=\"gts_text\" id=\"gts_text_73\">Por lo tanto, los esfuerzos para ayudarlas en un pa\u00eds pueden arruinarse por actividades en otro pa\u00eds.<\/span> <span class=\"gts_text\" id=\"gts_text_74\">Por ejemplo, proteger a las tortugas solo en las playas de desove y en las aguas de Estados Unidos no es suficiente para garantizar la seguridad y la poblaci\u00f3n de estas tortugas en el resto del planeta. La mala noticia<\/span>\u00a0<span class=\"gts_text\" id=\"gts_text_75\">es que, aunque se ha realizado un gran esfuerzo para salvar a estas hermosas criaturas marinas, todav\u00eda son ampliamente explotadas por la gente, especialmente por el mercado negro en las playas de anidaci\u00f3n.<\/span><\/p>\n","protected":false},"excerpt":{"rendered":"<p>La tortuga la\u00fad es la m\u00e1s grande de todas las tortugas\u00a0marinas y es el cuarto reptil\u00a0vivo m\u00e1s grande despu\u00e9s de ciertos cocodrilos y caimanes. La tortuga la\u00fad tiene una longitud media de 1 a 2 metros (6-12 pies) y pesa de 250 a 700kg (550-1500 libras).\u00a0Esta tortuga es m\u00e1s larga que un hombre del altura &hellip; <a href=\"https:\/\/www.big-animals.com\/es\/leatherback-mar-tortuga\/\" class=\"more-link\">Continue reading <span class=\"screen-reader-text\">Tortuga La\u00fad<\/span><\/a><\/p>\n","protected":false},"author":1,"featured_media":0,"parent":0,"menu_order":0,"comment_status":"closed","ping_status":"open","template":"","meta":{"_acf_changed":false,"footnotes":""},"acf":[],"_links":{"self":[{"href":"https:\/\/www.big-animals.com\/es\/wp-json\/wp\/v2\/pages\/261"}],"collection":[{"href":"https:\/\/www.big-animals.com\/es\/wp-json\/wp\/v2\/pages"}],"about":[{"href":"https:\/\/www.big-animals.com\/es\/wp-json\/wp\/v2\/types\/page"}],"author":[{"embeddable":true,"href":"https:\/\/www.big-animals.com\/es\/wp-json\/wp\/v2\/users\/1"}],"replies":[{"embeddable":true,"href":"https:\/\/www.big-animals.com\/es\/wp-json\/wp\/v2\/comments?post=261"}],"version-history":[{"count":3,"href":"https:\/\/www.big-animals.com\/es\/wp-json\/wp\/v2\/pages\/261\/revisions"}],"predecessor-version":[{"id":898,"href":"https:\/\/www.big-animals.com\/es\/wp-json\/wp\/v2\/pages\/261\/revisions\/898"}],"wp:attachment":[{"href":"https:\/\/www.big-animals.com\/es\/wp-json\/wp\/v2\/media?parent=261"}],"curies":[{"name":"wp","href":"https:\/\/api.w.org\/{rel}","templated":true}]}}