{"id":262,"date":"2011-05-09T09:08:54","date_gmt":"2011-05-09T09:08:54","guid":{"rendered":""},"modified":"2014-04-24T13:08:12","modified_gmt":"2014-04-24T05:08:12","slug":"weta-gigante-de-little-barrier-island","status":"publish","type":"page","link":"https:\/\/www.big-animals.com\/es\/weta-gigante-de-little-barrier-island\/","title":{"rendered":"Weta gigante de Little Barrier Island (wetapunga)"},"content":{"rendered":"<h3><span class=\"gts_text\">\u00bf<\/span>Qu\u00e9 es un weta<span class=\"gts_text\" id=\"gts_text_1\">?<\/span><\/h3>\n<p style=\"text-align: center\"><span style=\"width: 300px;float: right\"><strong><img loading=\"lazy\" decoding=\"async\" class=\"gts_attribute gts_attribute_1_alt alignright\" alt=\"el peque\u00f1o gigante Weta de la isla de la barrera es el insecto m\u00e1s grande del mundo.\" src=\"http:\/\/ba.dr-mikes-maths.com\/\/wp-content\/themes\/twentyten\/images\/ba\/giant-weta1.png\" width=\"285\" height=\"144\" \/><br \/>\n<span class=\"gts_text\">Un dibujo del weta gigante de Little Barrier Island<\/span><\/strong><\/span><\/p>\n<p>El weta gigante de Little Barrier Island es el insecto m\u00e1s grande del mundo. Los wetas gigantes son un grupo de <a href=\"http:\/\/www.big-animals.com\/the-worlds-biggest-insects\/\" target=\"_blank\">insectos <\/a>grandes que s\u00f3lo se pueden encontrar en islas en la costa de Nueva Zelanda. Hay 11 especies de weta gigante. Son insectos pesados. El m\u00e1s pesado de los wetas gigantes es el weta gigante de Little Barrier Island, tambi\u00e9n llamado wetapunga. Esta criatura tambi\u00e9n es el insecto m\u00e1s pesado que jam\u00e1s se haya conocido. \u00a1Este poseedor del r\u00e9cord mundial pes\u00f3 m\u00e1s de 70 g! \u00a1Es m\u00e1s pesado que un gorri\u00f3n! Los wetas gigantes son demasiado pesados para saltar. Miden unos 10 cm de largo&#8230; \u00a1sin incluir sus largas patas y antenas!<\/p>\n<h3><span class=\"gts_text\">\u00bf<\/span>Qu\u00e9 tipo de insecto es el wetapunga<span class=\"gts_text\" id=\"gts_text_14\">?<\/span><\/h3>\n<p>Los wetas gigantes pertenecen a una familia de grillos que tambi\u00e9n incluye el grillo sudafricano real. Por lo tanto el wetapunga no s\u00f3lo es el insecto m\u00e1s grande del mundo sino tambi\u00e9n el grillo m\u00e1s grande del mundo.<\/p>\n<h3><span class=\"gts_text\">\u00bf<\/span>Es peligroso el weta gigante de Little Barrier Island<span class=\"gts_text\" id=\"gts_text_17\">?<\/span><\/h3>\n<p>Los wetas gigantes en general tienen un car\u00e1cter pac\u00edfico. Cuando se sienten amenazados, alzan sus largas patas puntiagudas. Las patas del weta gigante de Little Barrier Island son m\u00e1s largas que su cuerpo, y si est\u00e1n alzadas \u00a1la criatura de veras parece muy aterradora! Sin embargo, este insecto en realidad es totalmente inofensivo.<\/p>\n<p>Desgraciadamente,\u00a0desde que plagas (como las ratas) fueron introducidas por los seres humanos, los wetas gigantes casi han sido eliminados en las islas cercanas a la costa -el weta gigante es demasiado lento para escapar de una rata hambrienta-. Afortunadamente para el wetapunga, Little Barrier Island ahora es una reserva natural, y se necesita un permiso especial para poder visitarla. Aqu\u00ed hay un mapa que muestra d\u00f3nde vive este weta:<\/p>\n<p>Acercar<\/p>\n<p>[mapa: http:\/\/maps.google.com\/?ie=UTF8&amp;t=h&amp;ll=-36.20162,175.082588&amp;spn=0.202795,0.445976&amp;z=12]<\/p>\n<p>Alejar, y ver\u00e1s a qu\u00e9 distancia la isla est\u00e1 de Auckland, Nueva Zelanda.<\/p>\n","protected":false},"excerpt":{"rendered":"<p>\u00bfQu\u00e9 es un weta? Un dibujo del weta gigante de Little Barrier Island El weta gigante de Little Barrier Island es el insecto m\u00e1s grande del mundo. Los wetas gigantes son un grupo de insectos grandes que s\u00f3lo se pueden encontrar en islas en la costa de Nueva Zelanda. Hay 11 especies de weta gigante. &hellip; <a href=\"https:\/\/www.big-animals.com\/es\/weta-gigante-de-little-barrier-island\/\" class=\"more-link\">Continue reading <span class=\"screen-reader-text\">Weta gigante de Little Barrier Island (wetapunga)<\/span><\/a><\/p>\n","protected":false},"author":1,"featured_media":0,"parent":0,"menu_order":0,"comment_status":"closed","ping_status":"open","template":"","meta":{"_acf_changed":false,"footnotes":""},"acf":[],"_links":{"self":[{"href":"https:\/\/www.big-animals.com\/es\/wp-json\/wp\/v2\/pages\/262"}],"collection":[{"href":"https:\/\/www.big-animals.com\/es\/wp-json\/wp\/v2\/pages"}],"about":[{"href":"https:\/\/www.big-animals.com\/es\/wp-json\/wp\/v2\/types\/page"}],"author":[{"embeddable":true,"href":"https:\/\/www.big-animals.com\/es\/wp-json\/wp\/v2\/users\/1"}],"replies":[{"embeddable":true,"href":"https:\/\/www.big-animals.com\/es\/wp-json\/wp\/v2\/comments?post=262"}],"version-history":[{"count":1,"href":"https:\/\/www.big-animals.com\/es\/wp-json\/wp\/v2\/pages\/262\/revisions"}],"predecessor-version":[{"id":958,"href":"https:\/\/www.big-animals.com\/es\/wp-json\/wp\/v2\/pages\/262\/revisions\/958"}],"wp:attachment":[{"href":"https:\/\/www.big-animals.com\/es\/wp-json\/wp\/v2\/media?parent=262"}],"curies":[{"name":"wp","href":"https:\/\/api.w.org\/{rel}","templated":true}]}}