{"id":264,"date":"2011-05-09T09:09:09","date_gmt":"2011-05-09T09:09:09","guid":{"rendered":""},"modified":"2014-08-20T10:34:49","modified_gmt":"2014-08-20T02:34:49","slug":"the-worlds-biggest-arthropods","status":"publish","type":"page","link":"https:\/\/www.big-animals.com\/es\/the-worlds-biggest-arthropods\/","title":{"rendered":"Los artr\u00f3podos m\u00e1s grandes del mundo"},"content":{"rendered":"<h3><span id=\"gts_text_1\" class=\"gts_text\">\u00bfQu\u00e9 son los artr\u00f3podos?<\/span><\/h3>\n<p style=\"text-align: left\"><span id=\"gts_text_2\" class=\"gts_text\">Los artr\u00f3podos no tienen espina dorsal, pero tienen<\/span> <span id=\"gts_text_3\" class=\"gts_text\">un<\/span><span style=\"font-style: italic\"><span id=\"gts_text_3\" class=\"gts_text\"> exoesqueleto<\/span><\/span> <span id=\"gts_text_4\" class=\"gts_text\">lo cual significa &#8220;esqueleto externo&#8221;. Este es duro y tiene segmentos intercalados que se llaman ap\u00e9ndices.<\/span> <span id=\"gts_text_5\" class=\"gts_text\">Los artr\u00f3podos tienen miembros con articulaciones que permiten el movimiento.\u00a0<\/span> <span id=\"gts_text_6\" class=\"gts_text\">La cavidad del cuerpo contiene al sistema nervioso, al sistema circulatorio, al reproductivo y al sistema digestivo.<\/span> <span id=\"gts_text_7\" class=\"gts_text\">Los diversos tipos de artr\u00f3podo son los siguientes:<\/span> <span style=\"width: 260px;float: right;text-align: center\"><br \/>\n<img loading=\"lazy\" decoding=\"async\" class=\" gts_attribute gts_attribute_1_alt\" src=\"http:\/\/ba.dr-mikes-maths.com\/\/wp-content\/themes\/twentyten\/images\/ba\/japanese-spider-crab-in-singapore-small.jpg\" alt=\"Cangrejo gigante japon\u00e9s en Singapur\" width=\"250\" height=\"203\" \/><br \/>\n<span id=\"gts_text_8\" class=\"gts_text\"><strong>El artr\u00f3podo m\u00e1s grande del mundo, el <a href=\"\/Japanese-Spider-Crab.html\">cangrejo gigante japon\u00e9s<\/a><\/strong><\/span><br \/>\n<\/span><\/p>\n<ul>\n<li><span id=\"gts_text_9\" class=\"gts_text\">Los trilobites: este es un grupo de animales marinos que se ha extinguido.<\/span><\/li>\n<li><span id=\"gts_text_10\" class=\"gts_text\"><\/span> <span style=\"font-style: italic\"><span id=\"gts_text_11\" class=\"gts_text\">Los quelicerados:<\/span><\/span> <span id=\"gts_text_12\" class=\"gts_text\">incluyen ara\u00f1as, \u00e1caros, escorpiones y otras criaturas similares.<\/span><\/li>\n<li><span id=\"gts_text_13\" class=\"gts_text\"><\/span> <span style=\"font-style: italic\"><span id=\"gts_text_14\" class=\"gts_text\">Los miri\u00e1podos (muchos pies):<\/span><\/span> <span id=\"gts_text_15\" class=\"gts_text\">comprenden a los milpi\u00e9s y a los ciempi\u00e9s.<\/span><\/li>\n<li><span id=\"gts_text_16\" class=\"gts_text\">Hex\u00e1podos (seis patas): el grupo m\u00e1s grande de artr\u00f3podos es el de los <\/span><span style=\"font-style: italic\"><span id=\"gts_text_17\" class=\"gts_text\">hex\u00e1podos<\/span><\/span> <span id=\"gts_text_18\" class=\"gts_text\">que incluye a los <a class=\" gts_attribute gts_attribute_3_title\" title=\"\u00a1Los insectos m\u00e1s grandes del mundo!\" href=\"http:\/\/www.big-animals.com\/the-worlds-biggest-insects\/\">insectos<\/a>.<\/span><\/li>\n<li><span id=\"gts_text_19\" class=\"gts_text\">Los crust\u00e1ceos en quinto lugar, la mayor\u00eda viven en el agua.<\/span> <span id=\"gts_text_20\" class=\"gts_text\">Estos consisten de langostas, cangrejos, cangrejos de r\u00edo, camarones y percebes.<\/span><\/li>\n<\/ul>\n<h3><span id=\"gts_text_21\" class=\"gts_text\">Trilobites<\/span><\/h3>\n<p><span id=\"gts_text_22\" class=\"gts_text\">El m\u00e1s grande de estos artr\u00f3podos marinos ya extintos es un esp\u00e9cimen <em>Isotelus rex<\/em> de Manitoba.<\/span> <span id=\"gts_text_23\" class=\"gts_text\">Ten\u00eda m\u00e1s de 70 cm de largo.<\/span><\/p>\n<h3><span id=\"gts_text_24\" class=\"gts_text\">Crust\u00e1ceos<\/span><\/h3>\n<p><span id=\"gts_text_25\" class=\"gts_text\"><a href=\"\/Japanese-Spider-Crab.html\">El cangrejo gigante japon\u00e9s<\/a>, un crust\u00e1ceo de la clase Malacostraca, es el artr\u00f3podo m\u00e1s grande del mundo.<\/span> <span id=\"gts_text_26\" class=\"gts_text\">Sin embargo, la <a href=\"\/American-Lobster.html\">langosta americana<\/a>, <em>Homarus americanus<\/em>, <\/span><span id=\"gts_text_27\" class=\"gts_text\">otro crust\u00e1ceo, es m\u00e1s pesada que el cangrejo gigante japon\u00e9s.<\/span> <span id=\"gts_text_28\" class=\"gts_text\">El cangrejo gigante japon\u00e9s pesa cerca de 20 kg y la langosta americana pesa hasta 22 kg.<\/span> <span id=\"gts_text_29\" class=\"gts_text\"><a href=\"\/Coconut-Crab.html\">El cangrejo de los cocoteros<\/a>, <em> Birgus latro<\/em>, tambi\u00e9n un crust\u00e1ceo, es el artr\u00f3podo e invertebrado terrestre m\u00e1s grande.<\/span><\/p>\n<h3><span id=\"gts_text_30\" class=\"gts_text\">Quelicerados<\/span><\/h3>\n<p style=\"text-align: left\"><span style=\"width: 360px;float: left\"><img loading=\"lazy\" decoding=\"async\" class=\" gts_attribute gts_attribute_2_alt\" src=\"http:\/\/ba.dr-mikes-maths.com\/\/wp-content\/themes\/twentyten\/images\/ba\/birdeater-spider.jpg\" alt=\"Ara\u00f1a de la P\u00e1jaro-Consumici\u00f3n de Goliat\" width=\"350\" height=\"263\" \/><br \/>\n<span id=\"gts_text_31\" class=\"gts_text\"><strong>La ara\u00f1a m\u00e1s grande del mundo, la <a class=\" gts_attribute gts_attribute_4_title\" title=\"\u00a1La Tar\u00e1ntula Goliat - la ara\u00f1a m\u00e1s grande del mundo!\" href=\"http:\/\/www.big-animals.com\/the-goliath-bird-eating-spider-the-worlds-biggest-spider\/\">Tar\u00e1ntula Goliat<\/a><\/strong><\/span> <\/span><span id=\"gts_text_32\" class=\"gts_text\">El quelicerado m\u00e1s grande fue un escorpi\u00f3n de mar gigantesco, tal vez un <em>Jaekelopterus rhenaniae <\/em> (o quiz\u00e1 un <em>Pterygotus<\/em>).<\/span> <span id=\"gts_text_33\" class=\"gts_text\">Los escorpiones de mar no eran realmente escorpiones y no viv\u00edan del todo en el mar.<\/span> <span id=\"gts_text_34\" class=\"gts_text\">Este<\/span> <span style=\"font-style: italic\"><span id=\"gts_text_35\" class=\"gts_text\">Jaekelopterus<\/span><\/span> <span id=\"gts_text_36\" class=\"gts_text\">puede haber sido el artr\u00f3podo m\u00e1s grande nunca visto: no est\u00e1 claro si era m\u00e1s grande que el miri\u00e1podo llamado <em>Arthropleura<\/em>, puesto que nunca se ha encontrado ning\u00fan f\u00f3sil completo.<\/span> <span id=\"gts_text_37\" class=\"gts_text\">El quelicerado vivo m\u00e1s grande es un tipo de ara\u00f1a de mar llamada<\/span> <span style=\"font-style: italic\"><span id=\"gts_text_38\" class=\"gts_text\">Colossendeis colossea<\/span><\/span> <span id=\"gts_text_39\" class=\"gts_text\">que tiene patas flacuchas muy largas con una envergadura de casi 2 pies (60 cm).<\/span> <span id=\"gts_text_40\" class=\"gts_text\">Las ara\u00f1as de mar no son verdaderas ara\u00f1as.<\/span> <span id=\"gts_text_41\" class=\"gts_text\">La ara\u00f1a m\u00e1s grande de todas es la <a class=\" gts_attribute gts_attribute_5_title\" title=\"\u00a1La ara\u00f1a de la P\u00e1jaro-Consumici\u00f3n de Goliat - la ara\u00f1a m\u00e1s grande del mundo!\" href=\"http:\/\/www.big-animals.com\/the-goliath-bird-eating-spider-the-worlds-biggest-spider\/\">tar\u00e1ntula Goliat<\/a> (Pajarera), <em>Theraphosa blondi<\/em>, y el escorpi\u00f3n m\u00e1s grande es\u00a0el <\/span><span style=\"font-style: italic\"><span id=\"gts_text_42\" class=\"gts_text\">Heterometrus swammerdami<\/span><\/span><span id=\"gts_text_43\" class=\"gts_text\">el, el cual vive en los bosques de la India y crece hasta los 22 cm de largo (8.5 pulgadas).<\/span><\/p>\n<h3><span id=\"gts_text_44\" class=\"gts_text\">Miri\u00e1podos<\/span><\/h3>\n<p><span id=\"gts_text_45\" class=\"gts_text\">Los miri\u00e1podos incluyen a los milpi\u00e9s y a los ciempi\u00e9s.<\/span> <span id=\"gts_text_46\" class=\"gts_text\">El ciempi\u00e9s m\u00e1s grande es el ciempi\u00e9s gigante del Amazonas, <em>Scolopendra gigantea<\/em>.<\/span> <span id=\"gts_text_47\" class=\"gts_text\">Tiene un tama\u00f1o de 33 cm (13 pulgadas).<\/span> <span id=\"gts_text_48\" class=\"gts_text\">El milpi\u00e9s es, sin embargo, mucho m\u00e1s grande: el milpi\u00e9s negro africano puede crecen hasta los 38,6 cm (15,2 pulgadas).<\/span> <span id=\"gts_text_49\" class=\"gts_text\">\u00a1Imag\u00ednese a uno de esos arrastr\u00e1ndose por su patio trasero!<\/span><\/p>\n<h3><span id=\"gts_text_50\" class=\"gts_text\">Hex\u00e1podos<\/span><\/h3>\n<p><span id=\"gts_text_51\" class=\"gts_text\">El insecto m\u00e1s pesado en la etapa de larva es el escarabajo Goliat,<\/span> <span style=\"font-style: italic\"><span id=\"gts_text_52\" class=\"gts_text\">Goliathus goliatus.<\/span> <\/span><span id=\"gts_text_53\" class=\"gts_text\">Pesa por lo menos 115 g.<\/span> <span id=\"gts_text_54\" class=\"gts_text\">El insecto adulto m\u00e1s grande es el <a href=\"\/Wetapunga.html\">weta gigante<\/a>, <em>Deinacrida heteracantha<\/em>.<\/span> <span id=\"gts_text_55\" class=\"gts_text\">El m\u00e1s voluminoso jam\u00e1s registrado fue una hembra pre\u00f1ada de m\u00e1s de 71 g (2,5 onzas).<\/span> <span id=\"gts_text_56\" class=\"gts_text\">Ambos son m\u00e1s cortos que el insecto de palillo <em>Phobaeticus chani<\/em> que vive en las selvas tropicales en la isla de Borneo.<\/span> <span id=\"gts_text_57\" class=\"gts_text\">El insecto m\u00e1s grande que ha existido jam\u00e1s es la lib\u00e9lula<\/span> <span style=\"font-style: italic\"><span id=\"gts_text_58\" class=\"gts_text\">Meganeura monyi,\u00a0<\/span><\/span><span id=\"gts_text_58\" class=\"gts_text\">la<\/span> <span id=\"gts_text_59\" class=\"gts_text\">cu\u00e1l muri\u00f3 hace mucho tiempo.<\/span> <span id=\"gts_text_60\" class=\"gts_text\">\u00a1Tiene una envergadura de m\u00e1s de 75cm &#8211; casi el tama\u00f1o de un cuervo!<\/span> <span id=\"gts_text_61\" class=\"gts_text\">\u00bfPuede usted imaginarse cogiendo esta lib\u00e9lula gigantesca con una red?<\/span> <span id=\"gts_text_62\" class=\"gts_text\">Sin embargo, la especie viva m\u00e1s grande de lib\u00e9lula es tambi\u00e9n muy grande &#8211;<\/span>\u00a0<span style=\"font-style: italic\"><span id=\"gts_text_63\" class=\"gts_text\"> Megaloprepus <span style=\"font-style: italic\"><span id=\"gts_text_63\" class=\"gts_text\">caeruleata<\/span><\/span><\/span><\/span><span id=\"gts_text_64\" class=\"gts_text\">, que mide 19cm con las alas extendidas, con una longitud corporal de sobre 12cm.<\/span> <span id=\"gts_text_65\" class=\"gts_text\">La cucaracha m\u00e1s grande es la cucaracha cavadora gigante, <em>Macropanesthia rhinoceros<\/em>.<\/span> <span id=\"gts_text_66\" class=\"gts_text\">Esta cucaracha mide 8,3 cm y pesa 36 g.<\/span> <span id=\"gts_text_67\" class=\"gts_text\">Las hormigas m\u00e1s grandes y m\u00e1s pesadas son las hembras de la hormiga <\/span><span style=\"font-style: italic\"><span id=\"gts_text_68\" class=\"gts_text\">Dorylus <span style=\"font-style: italic\"><span id=\"gts_text_68\" class=\"gts_text\">helvolus<\/span><\/span>.<\/span><\/span> <span id=\"gts_text_69\" class=\"gts_text\">Tiene una longitud de 5 cm.<\/span> <span id=\"gts_text_70\" class=\"gts_text\">La abeja m\u00e1s grande es la abeja indonesia de la resina,<\/span> <span style=\"font-style: italic\"><span id=\"gts_text_71\" class=\"gts_text\">Megachile pluto<\/span><\/span><span id=\"gts_text_72\" class=\"gts_text\">. La hembra de esta abeja puede medir 3.8cm de largo, con una envergadura de 6.3cm.<\/span> <span id=\"gts_text_73\" class=\"gts_text\">La avispa m\u00e1s grande es la avispa ara\u00f1a,<\/span> <span style=\"font-style: italic\"><span id=\"gts_text_74\" class=\"gts_text\">halc\u00f3n de tar\u00e1ntula.<\/span><\/span><span id=\"gts_text_74\" class=\"gts_text\"> <\/span>Mide<span id=\"gts_text_75\" class=\"gts_text\"> cerca de 6.8cm de largo con una envergadura del 11.6cm.<\/span><\/p>\n<p><span id=\"gts_text_76\" class=\"gts_text\">La termita m\u00e1s grande es la especie africana<\/span> <span style=\"font-style: italic\"><span id=\"gts_text_77\" class=\"gts_text\">Macrotermes bellicosus.<\/span> <\/span><br \/>\n<span id=\"gts_text_78\" class=\"gts_text\">Las larvas de esta termita pueden alcanzar los 10.6cm.\u00a0La mariposa m\u00e1s grande es la Reina Alejandra alas de p\u00e1jaro, <em>Ornithoptera <span id=\"gts_text_78\" class=\"gts_text\"><em>alexandrae<\/em><\/span><\/em>.<\/span> <span id=\"gts_text_79\" class=\"gts_text\">La polilla m\u00e1s grande es la polilla de atlas, <em>Attacus atlas.<\/em><\/span> <span id=\"gts_text_80\" class=\"gts_text\">Ambas especies tienen cuerpos de m\u00e1s de 8cm de largo, una envergadura de 28cm y pesan de 12g.\u00a0La mantis religiosa m\u00e1s grande es el predicador chino, <em>Tenodera <span id=\"gts_text_80\" class=\"gts_text\"><em>aridifolia<\/em><\/span>.<\/em><\/span> <span id=\"gts_text_81\" class=\"gts_text\">La mantis hembra puede medir hasta 10.6cm.<\/span> <span id=\"gts_text_82\" class=\"gts_text\">La pulga m\u00e1s grande es<\/span> <span style=\"font-style: italic\"><span id=\"gts_text_83\" class=\"gts_text\">Hystrichopsylla <span style=\"font-style: italic\"><span id=\"gts_text_83\" class=\"gts_text\">schefferi<\/span><\/span>,<\/span> <\/span>la <span id=\"gts_text_84\" class=\"gts_text\">cual puede alcanzar una longitud de 1.2cm.<\/span> <span id=\"gts_text_85\" class=\"gts_text\">Esta clase de pulga se puede encontrar en la piel del castor de monta\u00f1a.<\/span> <span id=\"gts_text_86\" class=\"gts_text\">\u00a1Qu\u00e9 castor tan desafortunado debe ser!<\/span><\/p>\n<h3><span id=\"gts_text_87\" class=\"gts_text\">Los artr\u00f3podos m\u00e1s grandes del mundo<\/span><\/h3>\n<p><span id=\"gts_text_88\" class=\"gts_text\">Como se mencion\u00f3 anteriormente,<\/span><\/p>\n<ul>\n<li><span id=\"gts_text_89\" class=\"gts_text\">El artr\u00f3podo m\u00e1s largo que ha existido probablemente sea el escorpi\u00f3n de mar, <em>Jaekelopterus <span id=\"gts_text_89\" class=\"gts_text\"><em>rhenaniae<\/em><\/span><\/em>, o si no, entonces el escorpi\u00f3n de mar <em>Pterygotus<\/em>, o posiblemente incluso el miri\u00e1podo <em>Arthropleura.<\/em><\/span> <span id=\"gts_text_90\" class=\"gts_text\">Este \u00faltimo era, en todo caso, el artr\u00f3podo m\u00e1s grande que ha vivido jam\u00e1s en tierra.<\/span><\/li>\n<li><span id=\"gts_text_91\" class=\"gts_text\">El artr\u00f3podo viviente m\u00e1s grande es el <a href=\"\/Japanese-Spider-Crab.html\">cangrejo gigante japon\u00e9s<\/a>, y el m\u00e1s pesado es la <a href=\"\/American-Lobster.html\">langosta americana<\/a> &#8211; ambos son crust\u00e1ceos.<\/span><\/li>\n<li><span id=\"gts_text_92\" class=\"gts_text\">El artr\u00f3podo terrestre viviente m\u00e1s grande es tambi\u00e9n un crust\u00e1ceo &#8211; el <a href=\"\/Coconut-Crab.html\">cangrejo de los cocoteros<\/a>.<\/span><\/li>\n<\/ul>\n","protected":false},"excerpt":{"rendered":"<p>\u00bfQu\u00e9 son los artr\u00f3podos? Los artr\u00f3podos no tienen espina dorsal, pero tienen un exoesqueleto lo cual significa &#8220;esqueleto externo&#8221;. Este es duro y tiene segmentos intercalados que se llaman ap\u00e9ndices. Los artr\u00f3podos tienen miembros con articulaciones que permiten el movimiento.\u00a0 La cavidad del cuerpo contiene al sistema nervioso, al sistema circulatorio, al reproductivo y al &hellip; <a href=\"https:\/\/www.big-animals.com\/es\/the-worlds-biggest-arthropods\/\" class=\"more-link\">Continue reading <span class=\"screen-reader-text\">Los artr\u00f3podos m\u00e1s grandes del mundo<\/span><\/a><\/p>\n","protected":false},"author":1,"featured_media":0,"parent":0,"menu_order":0,"comment_status":"closed","ping_status":"open","template":"","meta":{"_acf_changed":false,"footnotes":""},"acf":[],"_links":{"self":[{"href":"https:\/\/www.big-animals.com\/es\/wp-json\/wp\/v2\/pages\/264"}],"collection":[{"href":"https:\/\/www.big-animals.com\/es\/wp-json\/wp\/v2\/pages"}],"about":[{"href":"https:\/\/www.big-animals.com\/es\/wp-json\/wp\/v2\/types\/page"}],"author":[{"embeddable":true,"href":"https:\/\/www.big-animals.com\/es\/wp-json\/wp\/v2\/users\/1"}],"replies":[{"embeddable":true,"href":"https:\/\/www.big-animals.com\/es\/wp-json\/wp\/v2\/comments?post=264"}],"version-history":[{"count":4,"href":"https:\/\/www.big-animals.com\/es\/wp-json\/wp\/v2\/pages\/264\/revisions"}],"predecessor-version":[{"id":994,"href":"https:\/\/www.big-animals.com\/es\/wp-json\/wp\/v2\/pages\/264\/revisions\/994"}],"wp:attachment":[{"href":"https:\/\/www.big-animals.com\/es\/wp-json\/wp\/v2\/media?parent=264"}],"curies":[{"name":"wp","href":"https:\/\/api.w.org\/{rel}","templated":true}]}}