{"id":267,"date":"2011-05-09T09:09:29","date_gmt":"2011-05-09T09:09:29","guid":{"rendered":""},"modified":"2014-01-07T04:03:32","modified_gmt":"2014-01-06T20:03:32","slug":"trichoplax-adhaerens-mundo-grande-y-solamente-placozoan","status":"publish","type":"page","link":"https:\/\/www.big-animals.com\/es\/trichoplax-adhaerens-mundo-grande-y-solamente-placozoan\/","title":{"rendered":"Trichoplax Adhaerens -la \u00fanica y m\u00e1s grande Placozoa del mundo-"},"content":{"rendered":"<h3><span class=\"gts_text\" id=\"gts_text_1\">El Trichoplax<\/span><\/h3>\n<p><span class=\"gts_text\" id=\"gts_text_2\">Imagina una masa plana de gelatina color blanco-rosa pegada a la pared.<\/span> <span class=\"gts_text\" id=\"gts_text_3\">Ahora imagina que se expande a lo largo, cambiando su forma de manera continua.<\/span> <span class=\"gts_text\" id=\"gts_text_4\">Alcanza algo comestible, se arrastra sobre ella, la envuelve y digiere lentamente su presa. <img decoding=\"async\" style=\"width: 200px;height: 193px\" title=\"Un Trichoplax Adhaerens (un Placozoan).\" alt=\"Un Trichoplax Adhaerens (un Placozoan).\" src=\"http:\/\/ba.dr-mikes-maths.com\/\/wp-content\/themes\/twentyten\/images\/ba\/trichoplax-small.jpg\" \/> Finalmente, imagina que esta criatura gelatinosa hace todo el esto en la pared de tu acuario (no en tu habitaci\u00f3n), y en vez de ser un monstruo horrible, es ligeramente m\u00e1s grande que la cabeza de un alfiler.<\/span>\u00a0A<span class=\"gts_text\" id=\"gts_text_6\">cabas de imaginarte el asombroso\u00a0<span style=\"font-style: italic\">Trichoplax<\/span> <span style=\"font-style: italic\">Adhaerens<\/span>.<\/span>\u00a0A la derecha se muestra u<span class=\"gts_text\" id=\"gts_text_7\">na imagen de un Trichoplax &#8211; vista a trav\u00e9s un microscopio -.<\/span> <span class=\"gts_text\" id=\"gts_text_8\">Hay una versi\u00f3n m\u00e1s grande de esta imagen (tomada originalmente por Oliverio Voigt) en la parte inferior de la p\u00e1gina.<\/span><\/p>\n<p><span class=\"gts_text\" id=\"gts_text_9\">Ahora, \u00a0\u00bfque hace un animal min\u00fasculo como el Trichoplax en una Web site de los animales <span style=\"font-style: italic\">m\u00e1s grandes del<\/span> mundo?<\/span> <span class=\"gts_text\" id=\"gts_text_10\">Bien, el Trichoplax Adhaerens es un Placozoan, de hecho, es el \u00fanico Placozoan.<\/span> <span class=\"gts_text\" id=\"gts_text_11\">\u00a1Es m\u00e1s f\u00e1cil ser el m\u00e1s grande cuando se es el \u00fanico!<\/span> <span class=\"gts_text\" id=\"gts_text_12\">El Trichoplax fue descubierto en 1883, pero no fue hasta los a\u00f1os 70 que \u00a0los cient\u00edficos se dieron cuenta de que era un animal tan diferente a los otros tipos de animales que se merec\u00eda su propia categor\u00eda de f\u00edlum.<\/span> <span class=\"gts_text\" id=\"gts_text_13\">La llamaron Placozoa.<\/span> <span class=\"gts_text\" id=\"gts_text_14\">Los f\u00edlums son las agrupaciones m\u00e1s grandes de animales.<\/span>\u00a0P<span class=\"gts_text\" id=\"gts_text_15\">uedes ver una <a href=\"\/Animals.html\">lista de todos los f\u00edlums diferentes<\/a> en la p\u00e1gina sobre <a href=\"\/Animals.html\">animales<\/a>.<\/span><\/p>\n<p><span class=\"gts_text\" id=\"gts_text_16\">El nombre <span style=\"font-style: italic\">Trichoplax<\/span> viene de las palabras griegas que significan \u201cpelo\u201d y \u201cplato\u201d, y de <span style=\"font-style: italic\">Adhaerens<\/span>\u00a0el hecho de que se adhiere &#8211; se pega -a \u00a0la superficie sobre la que se est\u00e1 moviendo.<\/span> <span class=\"gts_text\" id=\"gts_text_17\">Primero fue descubierto sobre el cristal de un acuario de agua marina en Austria, siendo quiz\u00e1s la \u00fanica criatura descubierta en cautiverio.<\/span> <span class=\"gts_text\" id=\"gts_text_18\">De hecho, no fue hasta 1989 que una poblaci\u00f3n de Trichoplax fue descubierta en libertad, en los mares de Jap\u00f3n.<\/span><\/p>\n<h3><span class=\"gts_text\" id=\"gts_text_19\">\u00bfHay realmente solamente un Trichoplax?<\/span><\/h3>\n<p><span class=\"gts_text\" id=\"gts_text_20\">Bien, en 1896, se anunci\u00f3 otro Trichoplax, fue llamado\u00a0<span style=\"font-style: italic\">Trichoplax Reptans<\/span>.<\/span> <span class=\"gts_text\" id=\"gts_text_21\">Sin embargo, nadie ha vuelto a encontrar otro Trichoplax Reptans, as\u00ed que probablemente nunca existi\u00f3 en realidad.<\/span> <span class=\"gts_text\" id=\"gts_text_22\">Por otra parte, los cient\u00edficos han estudiado estos \u00faltimos a\u00f1os el ADN del Trichoplax Adhaerens, y encontraron que hay mucha m\u00e1s variedad que la que se esperaban de una sola especie.<\/span> <span class=\"gts_text\" id=\"gts_text_23\">Esto ha llevado algunos a preguntarse si el Trichoplax Adhaerens es en realidad muchas especies que resulta que se ven y actuan de la misma forma.<\/span><\/p>\n<p><span class=\"gts_text\" id=\"gts_text_24\">Hasta ahora, sin embargo, lo oficial es que Trichoplax Adhaerens es el \u00fanico tipo de Placozoan.<\/span> <span class=\"gts_text\" id=\"gts_text_25\">Por lo tanto, en 2,5 mil\u00edmetros (0,1 pulgadas), 1 mil\u00edmetro (0,04 pulgadas) de ancho, y 0,025 mil\u00edmetros (0,01 pulgadas) de grosor, \u00a1el Trichoplax Adhaerens pesa como el m\u00e1s grande!<\/span><\/p>\n<h3><span class=\"gts_text\" id=\"gts_text_26\">\u00bfComo es el Trichoplax?<\/span><\/h3>\n<p><span class=\"gts_text\" id=\"gts_text_27\">El Trichoplax Adhaerens tiene solamente 4 tipos de c\u00e9lulas diferentes (las personas tienen unas 200).<\/span> <span class=\"gts_text\" id=\"gts_text_28\">Por lo tanto presenta varios rompecabezas para los zoologistas.<\/span><\/p>\n<ul>\n<li><span class=\"gts_text\" id=\"gts_text_29\">\u00bfC\u00f3mo comunica a su cuerpo d\u00f3nde ir, si no tiene ninguna c\u00e9lula nerviosa?<\/span><\/li>\n<li><span class=\"gts_text\" id=\"gts_text_30\">Cu\u00e1ndo ha digerido su comida, \u00bfc\u00f3mo se comparte equitativamente entre todas las c\u00e9lulas?<\/span><\/li>\n<li><span class=\"gts_text\" id=\"gts_text_31\">\u00bfC\u00f3mo trabajan juntas las c\u00e9lulas, cuando su cuerpo no tiene ninguna forma fija?<\/span><\/li>\n<li><span class=\"gts_text\" id=\"gts_text_32\">Si el cuerpo de un Trichoplax est\u00e1 dividido en c\u00e9lulas individuales, ellas vuelven a juntarse de nuevo reconstruyendo el Trichoplax original.<\/span> <span class=\"gts_text\" id=\"gts_text_33\">\u00bfC\u00f3mo hacen este truco asombroso?<\/span><\/li>\n<li><span class=\"gts_text\" id=\"gts_text_34\">Si un Trichoplax se corta por la mitad, las dos mitades pueden crecer en dos nuevo Trichoplaxes.<\/span> <span class=\"gts_text\" id=\"gts_text_35\">\u00bfC\u00f3mo sucede esto?<\/span><\/li>\n<\/ul>\n<p><span class=\"gts_text\" id=\"gts_text_36\">Los cient\u00edficos saben que el Trichoplax vive en los mares m\u00e1s tropicales y subtropicales de todo el mundo.<\/span> <span class=\"gts_text\" id=\"gts_text_37\">Sospechan que come algas.<\/span> <span class=\"gts_text\" id=\"gts_text_38\">\u00a1Puede tambi\u00e9n comer las bacterias y otras peque\u00f1as part\u00edculas de la comida que tocan y se quedan pegadas en su parte posterior!<\/span><\/p>\n<h3><span class=\"gts_text\" id=\"gts_text_39\">En resumen<\/span><\/h3>\n<p><span class=\"gts_text\" id=\"gts_text_40\">El Trichoplax es una criatura absolutamente asombrosa.<\/span><\/p>\n<ul>\n<li><span class=\"gts_text\" id=\"gts_text_41\">Puede comer a trav\u00e9s de cualquier parte de su superficie del cuerpo,<\/span><\/li>\n<li><span class=\"gts_text\" id=\"gts_text_42\">Puede desformarse y aplastarse,<\/span><\/li>\n<li><span class=\"gts_text\" id=\"gts_text_43\">Si lo cortas por la mitad, consigues dos Trichoplaxes peque\u00f1os,<\/span><\/li>\n<li><span class=\"gts_text\" id=\"gts_text_44\">Incluso si se tritura, recobra su forma original,<\/span><\/li>\n<li><span class=\"gts_text\" id=\"gts_text_45\">Es muy dificil verlo &#8211; la luz atraviesa su cuerpo,<\/span><\/li>\n<li><span class=\"gts_text\" id=\"gts_text_46\">Es totalmente diferente a cualquier otro animal en el reino animal.<\/span><\/li>\n<\/ul>\n<p><span class=\"gts_text\" id=\"gts_text_47\">Si fuera, por ejemplo, 2000 veces m\u00e1s grande, ser\u00eda un monstruo perfecto para una pel\u00edcula de miedo.<\/span>\u00a0tal como es ahora, es el \u00fanico y m\u00e1s grande\u00a0<span class=\"gts_text\" id=\"gts_text_48\">Placozoan del mundo, y un miembro asombroso del reino animal, al que podr\u00edas encontrar en tu acuario del agua marina.<\/span><\/p>\n<div style=\"text-align: center\"><img decoding=\"async\" style=\"width: 519px;height: 500px\" title=\"Un Trichoplax Adhaerens (un Placozoan), con la escala a\u00f1adida para mostrar el tama\u00f1o.\" alt=\"Un trichoplax Adhaerens (un Placozoan), con la escala a\u00f1adida para mostrar el tama\u00f1o.\" src=\"http:\/\/ba.dr-mikes-maths.com\/\/wp-content\/themes\/twentyten\/images\/ba\/trichoplax-annotated.jpg\" \/><\/div>\n","protected":false},"excerpt":{"rendered":"<p>El Trichoplax Imagina una masa plana de gelatina color blanco-rosa pegada a la pared. Ahora imagina que se expande a lo largo, cambiando su forma de manera continua. Alcanza algo comestible, se arrastra sobre ella, la envuelve y digiere lentamente su presa. Finalmente, imagina que esta criatura gelatinosa hace todo el esto en la pared &hellip; <a href=\"https:\/\/www.big-animals.com\/es\/trichoplax-adhaerens-mundo-grande-y-solamente-placozoan\/\" class=\"more-link\">Continue reading <span class=\"screen-reader-text\">Trichoplax Adhaerens -la \u00fanica y m\u00e1s grande Placozoa del mundo-<\/span><\/a><\/p>\n","protected":false},"author":1,"featured_media":0,"parent":0,"menu_order":0,"comment_status":"closed","ping_status":"open","template":"","meta":{"_acf_changed":false,"footnotes":""},"acf":[],"_links":{"self":[{"href":"https:\/\/www.big-animals.com\/es\/wp-json\/wp\/v2\/pages\/267"}],"collection":[{"href":"https:\/\/www.big-animals.com\/es\/wp-json\/wp\/v2\/pages"}],"about":[{"href":"https:\/\/www.big-animals.com\/es\/wp-json\/wp\/v2\/types\/page"}],"author":[{"embeddable":true,"href":"https:\/\/www.big-animals.com\/es\/wp-json\/wp\/v2\/users\/1"}],"replies":[{"embeddable":true,"href":"https:\/\/www.big-animals.com\/es\/wp-json\/wp\/v2\/comments?post=267"}],"version-history":[{"count":2,"href":"https:\/\/www.big-animals.com\/es\/wp-json\/wp\/v2\/pages\/267\/revisions"}],"predecessor-version":[{"id":747,"href":"https:\/\/www.big-animals.com\/es\/wp-json\/wp\/v2\/pages\/267\/revisions\/747"}],"wp:attachment":[{"href":"https:\/\/www.big-animals.com\/es\/wp-json\/wp\/v2\/media?parent=267"}],"curies":[{"name":"wp","href":"https:\/\/api.w.org\/{rel}","templated":true}]}}